{"id":72,"date":"2024-11-21T03:26:50","date_gmt":"2024-11-21T03:26:50","guid":{"rendered":"https:\/\/volovape.com\/?post_type=product&#038;p=72"},"modified":"2025-08-06T07:46:36","modified_gmt":"2025-08-06T07:46:36","slug":"waspe-12000-zaciagniec","status":"publish","type":"product","link":"https:\/\/volovape.com\/pl\/product\/waspe-12000-puffs\/","title":{"rendered":"Vape jednorazowe WASPE 12000 Puffs - akumulator, cewka siatkowa, o\u015bwietlenie LED"},"content":{"rendered":"<p><iframe title=\"Odtwarzacz wideo VideoPress\" aria-label='Odtwarzacz wideo VideoPress' width='500' height='281' src='https:\/\/videopress.com\/embed\/XcRvhlS5?hd=0&amp;cover=1' frameborder='0' allowfullscreen allow='clipboard-write'><\/iframe><script src='https:\/\/v0.wordpress.com\/js\/next\/videopress-iframe.js?m=1739540970'><\/script><\/p>\n<p><strong>WASPE 12000 Puffs Jednorazowy akumulator Vape z o\u015bwietleniem LED<\/strong> - D\u0142ugotrwa\u0142e waporyzowanie z dodatkiem stylu.<\/p>\n<p>Ten <strong>WASPE 12000 zaci\u0105gni\u0119\u0107<\/strong> jednorazowe vape oferuje imponuj\u0105ce <strong>12 000 zaci\u0105gni\u0119\u0107<\/strong>, a <strong>Pojemno\u015b\u0107 e-liquidu 20 ml<\/strong>i <strong>Akumulator o pojemno\u015bci 650 mAh<\/strong> z <strong>\u0141adowanie typu C<\/strong> do d\u0142u\u017cszego u\u017cytkowania. The <strong>Cewka o oczkach 0,8\u03a9<\/strong> zapewnia sp\u00f3jn\u0105, g\u0142adk\u0105 i aromatyczn\u0105 par\u0119, a <strong>fajne \u015bwiat\u0142a LED<\/strong> u podstawy zapewniaj\u0105 wyj\u0105tkowe wra\u017cenia wizualne. Do wyboru <strong>Moc nikotyny 0%, 2%, 3% lub 5%<\/strong> i cieszy\u0107 si\u0119 <strong>12 orze\u017awiaj\u0105cych smak\u00f3w<\/strong>w tym Watermelon Ice i Strawberry Pitaya Lemonade. Idealny do u\u017cytku osobistego lub <strong>hurtownia vape jednorazowego u\u017cytku<\/strong>To urz\u0105dzenie \u0142\u0105czy w sobie wydajno\u015b\u0107 i styl. Dla <strong>zam\u00f3wienie zbiorcze<\/strong> zapytania, prosimy o kontakt.<\/p>\n<h3><strong>WASPE 12000 Cechy:<\/strong><\/h3>\n<ul>\n<li>Puffy: Do 12 000<\/li>\n<li>Pojemno\u015b\u0107 e-liquidu: 20 ml<\/li>\n<li>Bateria: 650 mAh (akumulator)<\/li>\n<li>\u0141adowanie: Typ-C<\/li>\n<li>Cewka: cewka siatkowa 0,8\u03a9<\/li>\n<li>O\u015bwietlenie: Ch\u0142odne \u015bwiat\u0142a LED<\/li>\n<li>Moc nikotyny: 0%, 2%, 3%, 5%<\/li>\n<li>12 opcji smakowych<\/li>\n<\/ul>\n<h4>Cz\u0119sto zadawane pytania<\/h4>\n<h5>W jaki spos\u00f3b o\u015bwietlenie LED poprawia wra\u017cenia z waporyzacji?<\/h5>\n<p>Ch\u0142odne \u015bwiat\u0142a LED u podstawy WASPE 12000 dodaj\u0105 stylowy i unikalny element wizualny do sesji waporyzacji. Tworz\u0105 one \u017cywy i przyci\u0105gaj\u0105cy wzrok efekt, dzi\u0119ki czemu vape wyr\u00f3\u017cnia si\u0119, podczas gdy ty cieszysz si\u0119 g\u0142adk\u0105, aromatyczn\u0105 par\u0105.<\/p>\n<h5>Jakie s\u0105 dost\u0119pne metody wysy\u0142ki?<\/h5>\n<p>Wsp\u00f3\u0142pracujemy z niezawodnymi przewo\u017anikami, takimi jak UPS, DHL, FedEx i DPD, aby dostarcza\u0107 zam\u00f3wienia. Najbardziej odpowiednia metoda wysy\u0142ki jest wybierana na podstawie lokalizacji klienta, aby zapewni\u0107 sprawn\u0105 i terminow\u0105 dostaw\u0119.<\/p>\n<h5>Jak d\u0142ugo zazwyczaj trwa wysy\u0142ka?<\/h5>\n<p>Wysy\u0142ka trwa zazwyczaj od 7 do 15 dni roboczych. W szczycie sezonu lub przy niekorzystnych warunkach pogodowych mo\u017ce to potrwa\u0107 do 20 dni roboczych.<\/p>\n<h5>Czy napotkam jakie\u015b problemy celne lub dodatkowe op\u0142aty?<\/h5>\n<p>Zajmujemy si\u0119 wszystkimi procedurami odprawy celnej, zapewniaj\u0105c, \u017ce przesy\u0142ka przejdzie bez \u017cadnych problem\u00f3w. Nie poniesiesz \u017cadnych dodatkowych podatk\u00f3w ani op\u0142at. Gwarantujemy odpraw\u0119 celn\u0105 100%.<\/p>\n<h5>Jak mog\u0119 by\u0107 pewny jako\u015bci i niezawodno\u015bci produktu?<\/h5>\n<p>Akceptujemy bezpieczne p\u0142atno\u015bci PayPal z ochron\u0105 kupuj\u0105cego. Mo\u017cesz r\u00f3wnie\u017c sprawdzi\u0107 opinie naszych klient\u00f3w na <a href=\"https:\/\/www.trustpilot.com\/review\/volovape.com?utm_medium=trustbox&amp;utm_source=TrustBoxReviewCollector\">TrustPilot<\/a> aby zapozna\u0107 si\u0119 z do\u015bwiadczeniami naszych zadowolonych klient\u00f3w.<\/p>","protected":false},"excerpt":{"rendered":"<p>Roz\u015bwietl swoje vape dzi\u0119ki WASPE 12000 Puffs. O\u015bwietlenie LED, oczko 0,8\u03a9, 20 ml, akumulator. Idealny do u\u017cytku osobistego lub hurtowego, oferuj\u0105cy trwa\u0142y smak i \u017cywy styl.<\/p>","protected":false},"featured_media":124,"comment_status":"open","ping_status":"closed","template":"","meta":[],"product_brand":[],"product_cat":[17,38,21,18,20,23,24,22,25,26,27,28,29,30,31,32,33,34,35,36],"product_tag":[],"class_list":{"0":"post-72","1":"product","2":"type-product","3":"status-publish","4":"has-post-thumbnail","6":"product_cat-waspe","7":"product_cat-12000-puffs-disposable-vape","8":"product_cat-big-puffs-vapes","9":"product_cat-different-puffs-of-disposable-vapes","10":"product_cat-disposable-vape-types","11":"product_cat-disposable-vapes-in-austria","12":"product_cat-disposable-vapes-in-belgium","13":"product_cat-disposable-vapes-in-europe","14":"product_cat-disposable-vapes-in-france","15":"product_cat-disposable-vapes-in-germany","16":"product_cat-disposable-vapes-in-hungary","17":"product_cat-disposable-vapes-in-ltaly","18":"product_cat-disposable-vapes-in-netherlands","19":"product_cat-disposable-vapes-in-norway","20":"product_cat-disposable-vapes-in-poland","21":"product_cat-disposable-vapes-in-portugal","22":"product_cat-disposable-vapes-in-spain","23":"product_cat-disposable-vapes-in-sweden","24":"product_cat-disposable-vapes-in-switzerland","25":"product_cat-rechargeable-vapes","27":"first","28":"instock","29":"shipping-taxable","30":"purchasable","31":"product-type-variable","32":"has-default-attributes"},"jetpack_sharing_enabled":true,"tiered_pricing_type":"fixed","tiered_pricing_fixed_rules":{"2000":4.13999999999999968025576890795491635799407958984375},"tiered_pricing_product_settings":{"layout":"default","base_unit_name":{"singular":null,"plural":null},"default_variation":null},"tiered_pricing_minimum_quantity":1000,"tiered_pricing_roles_data":[],"tiered_pricing_percentage_rules":[],"tiered_pricing_maximum_quantity":null,"tiered_pricing_quantity_step":"10","_links":{"self":[{"href":"https:\/\/volovape.com\/pl\/wp-json\/wp\/v2\/product\/72","targetHints":{"allow":["GET"]}}],"collection":[{"href":"https:\/\/volovape.com\/pl\/wp-json\/wp\/v2\/product"}],"about":[{"href":"https:\/\/volovape.com\/pl\/wp-json\/wp\/v2\/types\/product"}],"replies":[{"embeddable":true,"href":"https:\/\/volovape.com\/pl\/wp-json\/wp\/v2\/comments?post=72"}],"wp:featuredmedia":[{"embeddable":true,"href":"https:\/\/volovape.com\/pl\/wp-json\/wp\/v2\/media\/124"}],"wp:attachment":[{"href":"https:\/\/volovape.com\/pl\/wp-json\/wp\/v2\/media?parent=72"}],"wp:term":[{"taxonomy":"product_brand","embeddable":true,"href":"https:\/\/volovape.com\/pl\/wp-json\/wp\/v2\/product_brand?post=72"},{"taxonomy":"product_cat","embeddable":true,"href":"https:\/\/volovape.com\/pl\/wp-json\/wp\/v2\/product_cat?post=72"},{"taxonomy":"product_tag","embeddable":true,"href":"https:\/\/volovape.com\/pl\/wp-json\/wp\/v2\/product_tag?post=72"}],"curies":[{"name":"wp","href":"https:\/\/api.w.org\/{rel}","templated":true}]}}