{"id":70,"date":"2024-11-21T03:26:50","date_gmt":"2024-11-21T03:26:50","guid":{"rendered":"https:\/\/volovape.com\/?post_type=product&#038;p=70"},"modified":"2025-06-30T01:32:46","modified_gmt":"2025-06-30T01:32:46","slug":"waspe-8000-zaciagniec","status":"publish","type":"product","link":"https:\/\/volovape.com\/pl\/product\/waspe-8000-puffs\/","title":{"rendered":"Vape jednorazowe WASPE 8000 Puffs - akumulator, cewka siatkowa 0,8\u03a9"},"content":{"rendered":"<p><strong>WASPE 8000 Puffs jednorazowy Vape z mo\u017cliwo\u015bci\u0105 \u0142adowania<\/strong> - Do\u015bwiadcz rozszerzonego, aromatycznego wapowania.<\/p>\n<p>Ten <strong>WASPE 8000<\/strong> dostarcza do <strong>8000 zaci\u0105gni\u0119\u0107<\/strong> ze znacznym <strong>Pojemno\u015b\u0107 e-liquidu 16 ml<\/strong>zapewniaj\u0105c d\u0142ugotrwa\u0142\u0105 przyjemno\u015b\u0107 z u\u017cytkowania. Jego <strong>Akumulator o pojemno\u015bci 650 mAh<\/strong> I <strong>\u0141adowanie typu C<\/strong> zapewniaj\u0105 niezawodne zasilanie, podczas gdy <strong>Cewka o oczkach 0,8\u03a9<\/strong> poprawia smak i produkcj\u0119 pary. Do wyboru <strong>Moc nikotyny 0%, 2%, 3% lub 5%<\/strong>i cieszy\u0107 si\u0119 r\u00f3\u017cnorodno\u015bci\u0105 <strong>10 unikalnych smak\u00f3w<\/strong>od orze\u017awiaj\u0105cego Watermelon Ice po egzotyczny Lychee Ice. Idealny zar\u00f3wno do u\u017cytku osobistego, jak i <strong>hurtownia vape jednorazowego u\u017cytku<\/strong>Ka\u017cda jednostka oferuje wygod\u0119 i jako\u015b\u0107. Dla <strong>zam\u00f3wienie zbiorcze<\/strong> zapytania, skontaktuj si\u0119 z nami, aby uzyska\u0107 konkurencyjne ceny.<\/p>\n<h3><strong>WASPE 8000 Cechy:<\/strong><\/h3>\n<ul>\n<li>Puffy: Do 8000<\/li>\n<li>Pojemno\u015b\u0107 e-liquidu: 16 ml<\/li>\n<li>Bateria: 650 mAh (akumulator)<\/li>\n<li>\u0141adowanie: Typ-C<\/li>\n<li>Cewka: cewka siatkowa 0,8\u03a9<\/li>\n<li>Moc nikotyny: 0%, 2%, 3%, 5%<\/li>\n<li>10 opcji smakowych<\/li>\n<\/ul>\n<h4>Cz\u0119sto zadawane pytania<\/h4>\n<h5>W jaki spos\u00f3b akumulator poprawia moje wra\u017cenia z waporyzacji?<\/h5>\n<p>Akumulator o pojemno\u015bci 650 mAh, w po\u0142\u0105czeniu z \u0142adowaniem typu C, zapewnia mo\u017cliwo\u015b\u0107 wykorzystania pe\u0142nych 8000 zaci\u0105gni\u0119\u0107 bez obawy o przedwczesn\u0105 \u015bmier\u0107 urz\u0105dzenia. Ta cecha sprawia, \u017ce WASPE 8000 jest niezawodnym i trwa\u0142ym wyborem w por\u00f3wnaniu do standardowych jednorazowych urz\u0105dze\u0144, maksymalizuj\u0105c przyjemno\u015b\u0107 z 16 ml e-liquidu.<\/p>\n<h5>Jakie metody wysy\u0142ki s\u0105 stosowane?<\/h5>\n<p>Wsp\u00f3\u0142pracujemy z zaufanymi przewo\u017anikami, takimi jak UPS, DHL, FedEx i DPD, aby dostarcza\u0107 zam\u00f3wienia. Najbardziej odpowiednia metoda wysy\u0142ki jest wybierana na podstawie lokalizacji dostawy, aby zapewni\u0107 szybk\u0105 i niezawodn\u0105 dostaw\u0119.<\/p>\n<h5>Jak d\u0142ugo trwa wysy\u0142ka?<\/h5>\n<p>Zazwyczaj wysy\u0142ka trwa od 7 do 15 dni roboczych. Jednak w okresie \u015bwi\u0105tecznym lub z powodu niekorzystnych warunk\u00f3w pogodowych mo\u017ce to potrwa\u0107 do 20 dni roboczych.<\/p>\n<h5>Czy napotkam jakie\u015b problemy celne lub podatkowe?<\/h5>\n<p>Zajmujemy si\u0119 wszystkimi procedurami odprawy celnej, gwarantuj\u0105c, \u017ce przesy\u0142ka przejdzie bez \u017cadnych problem\u00f3w. Nie poniesiesz \u017cadnych dodatkowych podatk\u00f3w ani op\u0142at. Zapewniamy odpraw\u0119 celn\u0105 100%.<\/p>\n<h5>Czy mog\u0119 zaufa\u0107 jako\u015bci i niezawodno\u015bci WASPE 8000?<\/h5>\n<p>Obs\u0142ugujemy bezpieczne p\u0142atno\u015bci PayPal z ochron\u0105 kupuj\u0105cego. Mo\u017cesz r\u00f3wnie\u017c zobaczy\u0107 opinie naszych klient\u00f3w na <a href=\"https:\/\/www.trustpilot.com\/review\/volovape.com?utm_medium=trustbox&amp;utm_source=TrustBoxReviewCollector\">TrustPilot<\/a> aby zobaczy\u0107 pozytywne do\u015bwiadczenia naszych klient\u00f3w.<\/p>","protected":false},"excerpt":{"rendered":"<p>Delektuj si\u0119 rozszerzonym smakiem dzi\u0119ki WASPE 8000 Puffs. Siatka 0,8\u03a9, 16 ml, mo\u017cliwo\u015b\u0107 \u0142adowania. Idealny do u\u017cytku osobistego lub hurtowego, oferuj\u0105cy g\u0142adk\u0105 par\u0119 i r\u00f3\u017cnorodne opcje nikotyny.<\/p>","protected":false},"featured_media":103,"comment_status":"open","ping_status":"closed","template":"","meta":[],"product_brand":[],"product_cat":[17,37,21,18,20,23,24,22,25,26,27,28,29,30,31,32,33,34,35,36],"product_tag":[],"class_list":{"0":"post-70","1":"product","2":"type-product","3":"status-publish","4":"has-post-thumbnail","6":"product_cat-waspe","7":"product_cat-8000-puffs-disposable-vape","8":"product_cat-big-puffs-vapes","9":"product_cat-different-puffs-of-disposable-vapes","10":"product_cat-disposable-vape-types","11":"product_cat-disposable-vapes-in-austria","12":"product_cat-disposable-vapes-in-belgium","13":"product_cat-disposable-vapes-in-europe","14":"product_cat-disposable-vapes-in-france","15":"product_cat-disposable-vapes-in-germany","16":"product_cat-disposable-vapes-in-hungary","17":"product_cat-disposable-vapes-in-ltaly","18":"product_cat-disposable-vapes-in-netherlands","19":"product_cat-disposable-vapes-in-norway","20":"product_cat-disposable-vapes-in-poland","21":"product_cat-disposable-vapes-in-portugal","22":"product_cat-disposable-vapes-in-spain","23":"product_cat-disposable-vapes-in-sweden","24":"product_cat-disposable-vapes-in-switzerland","25":"product_cat-rechargeable-vapes","27":"first","28":"instock","29":"shipping-taxable","30":"purchasable","31":"product-type-variable","32":"has-default-attributes"},"jetpack_sharing_enabled":true,"tiered_pricing_type":"fixed","tiered_pricing_fixed_rules":{"2000":4.5999999999999996447286321199499070644378662109375},"tiered_pricing_product_settings":{"layout":"default","base_unit_name":{"singular":null,"plural":null},"default_variation":null},"tiered_pricing_minimum_quantity":1000,"tiered_pricing_roles_data":[],"tiered_pricing_percentage_rules":[],"tiered_pricing_maximum_quantity":null,"tiered_pricing_quantity_step":"100","_links":{"self":[{"href":"https:\/\/volovape.com\/pl\/wp-json\/wp\/v2\/product\/70","targetHints":{"allow":["GET"]}}],"collection":[{"href":"https:\/\/volovape.com\/pl\/wp-json\/wp\/v2\/product"}],"about":[{"href":"https:\/\/volovape.com\/pl\/wp-json\/wp\/v2\/types\/product"}],"replies":[{"embeddable":true,"href":"https:\/\/volovape.com\/pl\/wp-json\/wp\/v2\/comments?post=70"}],"wp:featuredmedia":[{"embeddable":true,"href":"https:\/\/volovape.com\/pl\/wp-json\/wp\/v2\/media\/103"}],"wp:attachment":[{"href":"https:\/\/volovape.com\/pl\/wp-json\/wp\/v2\/media?parent=70"}],"wp:term":[{"taxonomy":"product_brand","embeddable":true,"href":"https:\/\/volovape.com\/pl\/wp-json\/wp\/v2\/product_brand?post=70"},{"taxonomy":"product_cat","embeddable":true,"href":"https:\/\/volovape.com\/pl\/wp-json\/wp\/v2\/product_cat?post=70"},{"taxonomy":"product_tag","embeddable":true,"href":"https:\/\/volovape.com\/pl\/wp-json\/wp\/v2\/product_tag?post=70"}],"curies":[{"name":"wp","href":"https:\/\/api.w.org\/{rel}","templated":true}]}}