{"id":69,"date":"2024-11-21T03:26:50","date_gmt":"2024-11-21T03:26:50","guid":{"rendered":"https:\/\/volovape.com\/?post_type=product&#038;p=69"},"modified":"2025-07-01T01:20:11","modified_gmt":"2025-07-01T01:20:11","slug":"waspe-5000-zaciagniec","status":"publish","type":"product","link":"https:\/\/volovape.com\/pl\/product\/waspe-5000-puffs\/","title":{"rendered":"Vape jednorazowego u\u017cytku WASPE 5000 Puffs - akumulator, cewka siatkowa"},"content":{"rendered":"<p><strong>Vape jednorazowego u\u017cytku WASPE 5000 Puffs z mo\u017cliwo\u015bci\u0105 \u0142adowania<\/strong> - Rozszerzony smak i wygoda.<\/p>\n<p>Ten <strong>WASPE 5000<\/strong> na nowo definiuje waporyzacj\u0119 jednorazow\u0105 dzi\u0119ki imponuj\u0105cej <strong>5000 puff<\/strong> pojemno\u015b\u0107 i hojny <strong>13 ml e-liquidu<\/strong> zbiornik. Ciesz si\u0119 sp\u00f3jn\u0105, aromatyczn\u0105 par\u0105 dzi\u0119ki <strong>zaawansowana cewka siatkowa<\/strong>i wybierz preferowan\u0105 moc nikotyny spo\u015br\u00f3d <strong>0%, 2% lub 5%<\/strong>. The <strong>Akumulator o pojemno\u015bci 650 mAh<\/strong> z <strong>\u0141adowanie typu C<\/strong> pozwala cieszy\u0107 si\u0119 ka\u017cdym zaci\u0105gni\u0119ciem. Idealny do u\u017cytku osobistego lub <strong>hurtownia vape jednorazowego u\u017cytku<\/strong>To urz\u0105dzenie oferuje zar\u00f3wno wydajno\u015b\u0107, jak i przeno\u015bno\u015b\u0107. Eksploruj <strong>10 unikalnych smak\u00f3w<\/strong> i odkryj swojego nowego faworyta.<\/p>\n<h3><strong>WASPE 5000 Puffs Cechy:<\/strong><\/h3>\n<ul>\n<li>Puffy: Do 5000<\/li>\n<li>Pojemno\u015b\u0107 e-liquidu: 13 ml<\/li>\n<li>Bateria: 650 mAh (akumulator)<\/li>\n<li>\u0141adowanie: Typ-C<\/li>\n<li>Cewka: Siatkowa cewka<\/li>\n<li>Moc nikotyny: 0%, 2%, 5%<\/li>\n<li>Smaki: Mi\u0119ta, Jagoda Ice, Cola Ice, Truskawka Mango, Truskawka Arbuz, Mieszane Jagody, Liczi Ice, Arbuz Ice, Winogrono Ice<\/li>\n<\/ul>\n<h4>Cz\u0119sto zadawane pytania<\/h4>\n<h5>W jaki spos\u00f3b funkcja \u0142adowania usprawnia dzia\u0142anie WASPE 5000?<\/h5>\n<p>Akumulator o pojemno\u015bci 650 mAh, w po\u0142\u0105czeniu z \u0142adowaniem typu C, pozwala w pe\u0142ni wykorzysta\u0107 13 ml e-cieczy, zapewniaj\u0105c maksymalne 5000 zaci\u0105gni\u0119\u0107. Eliminuje to powszechny problem jednorazowych waporyzator\u00f3w, w kt\u00f3rych bateria wyczerpuje si\u0119 przed wyczerpaniem e-cieczy, zapewniaj\u0105c bardziej zr\u00f3wnowa\u017cone i satysfakcjonuj\u0105ce wra\u017cenia z waporyzacji.<\/p>\n<h5>Jakie metody wysy\u0142ki s\u0105 stosowane?<\/h5>\n<p>Wsp\u00f3\u0142pracujemy z UPS\/DHL\/FEDEX\/DPD itp. Wybierzemy odpowiedni\u0105 opcj\u0119 wysy\u0142ki w zale\u017cno\u015bci od kraju dostawy, aby zapewni\u0107 jak najszybsze otrzymanie produkt\u00f3w.<\/p>\n<h5>Jak d\u0142ugo trwa dostawa?<\/h5>\n<p>Zwykle trwa to od 7 do 15 dni roboczych, a w dni wolne od pracy lub w z\u0142ych warunkach pogodowych mo\u017ce trwa\u0107 do 20 dni roboczych.<\/p>\n<h5>Czy mo\u017ce przej\u015b\u0107 przez odpraw\u0119 celn\u0105 i czy sprawi mi jakie\u015b problemy?<\/h5>\n<p>Gwarantujemy, \u017ce nie b\u0119dziesz mia\u0142 \u017cadnych k\u0142opot\u00f3w, poniewa\u017c zajmiemy si\u0119 odpraw\u0105 celn\u0105 i nie b\u0119dzie \u017cadnych podatk\u00f3w ani op\u0142at. Gwarantujemy, \u017ce 100% naszych produkt\u00f3w przejdzie odpraw\u0119 celn\u0105.<\/p>\n<h5>Czy mog\u0119 mu zaufa\u0107?<\/h5>\n<p>Obs\u0142ugujemy p\u0142atno\u015bci PayPal i us\u0142ug\u0119 ochrony kupuj\u0105cych. Mo\u017cesz r\u00f3wnie\u017c sprawdzi\u0107 nasze recenzje na <a href=\"https:\/\/www.trustpilot.com\/review\/volovape.com?utm_medium=trustbox&amp;utm_source=TrustBoxReviewCollector\">TrustPilot<\/a>.<\/p>","protected":false},"excerpt":{"rendered":"<p>Uzyskaj wygodn\u0105, aromatyczn\u0105 waporyzacj\u0119 dzi\u0119ki WASPE 5000 Puffs. Siatkowa cewka, 13 ml, mo\u017cliwo\u015b\u0107 \u0142adowania. Idealny do u\u017cytku osobistego lub hurtowego, oferuj\u0105cy g\u0142adk\u0105 par\u0119 i zr\u00f3\u017cnicowan\u0105 moc nikotyny.<\/p>","protected":false},"featured_media":99,"comment_status":"open","ping_status":"closed","template":"","meta":[],"product_brand":[],"product_cat":[19,21,18,20,23,24,22,25,26,27,28,29,30,31,32,33,34,35,36,17],"product_tag":[],"class_list":{"0":"post-69","1":"product","2":"type-product","3":"status-publish","4":"has-post-thumbnail","6":"product_cat-5000-puffs-disposable-vape","7":"product_cat-big-puffs-vapes","8":"product_cat-different-puffs-of-disposable-vapes","9":"product_cat-disposable-vape-types","10":"product_cat-disposable-vapes-in-austria","11":"product_cat-disposable-vapes-in-belgium","12":"product_cat-disposable-vapes-in-europe","13":"product_cat-disposable-vapes-in-france","14":"product_cat-disposable-vapes-in-germany","15":"product_cat-disposable-vapes-in-hungary","16":"product_cat-disposable-vapes-in-ltaly","17":"product_cat-disposable-vapes-in-netherlands","18":"product_cat-disposable-vapes-in-norway","19":"product_cat-disposable-vapes-in-poland","20":"product_cat-disposable-vapes-in-portugal","21":"product_cat-disposable-vapes-in-spain","22":"product_cat-disposable-vapes-in-sweden","23":"product_cat-disposable-vapes-in-switzerland","24":"product_cat-rechargeable-vapes","25":"product_cat-waspe","27":"first","28":"instock","29":"shipping-taxable","30":"purchasable","31":"product-type-variable","32":"has-default-attributes"},"jetpack_sharing_enabled":true,"tiered_pricing_type":"fixed","tiered_pricing_fixed_rules":{"2000":3.79999999999999982236431605997495353221893310546875},"tiered_pricing_product_settings":{"layout":"default","base_unit_name":{"singular":null,"plural":null},"default_variation":null},"tiered_pricing_minimum_quantity":1000,"tiered_pricing_roles_data":[],"tiered_pricing_percentage_rules":[],"tiered_pricing_maximum_quantity":null,"tiered_pricing_quantity_step":"10","_links":{"self":[{"href":"https:\/\/volovape.com\/pl\/wp-json\/wp\/v2\/product\/69","targetHints":{"allow":["GET"]}}],"collection":[{"href":"https:\/\/volovape.com\/pl\/wp-json\/wp\/v2\/product"}],"about":[{"href":"https:\/\/volovape.com\/pl\/wp-json\/wp\/v2\/types\/product"}],"replies":[{"embeddable":true,"href":"https:\/\/volovape.com\/pl\/wp-json\/wp\/v2\/comments?post=69"}],"wp:featuredmedia":[{"embeddable":true,"href":"https:\/\/volovape.com\/pl\/wp-json\/wp\/v2\/media\/99"}],"wp:attachment":[{"href":"https:\/\/volovape.com\/pl\/wp-json\/wp\/v2\/media?parent=69"}],"wp:term":[{"taxonomy":"product_brand","embeddable":true,"href":"https:\/\/volovape.com\/pl\/wp-json\/wp\/v2\/product_brand?post=69"},{"taxonomy":"product_cat","embeddable":true,"href":"https:\/\/volovape.com\/pl\/wp-json\/wp\/v2\/product_cat?post=69"},{"taxonomy":"product_tag","embeddable":true,"href":"https:\/\/volovape.com\/pl\/wp-json\/wp\/v2\/product_tag?post=69"}],"curies":[{"name":"wp","href":"https:\/\/api.w.org\/{rel}","templated":true}]}}