{"id":660,"date":"2024-11-21T03:31:46","date_gmt":"2024-11-21T03:31:46","guid":{"rendered":"https:\/\/volovape.com\/?post_type=product&#038;p=660"},"modified":"2025-07-11T04:40:21","modified_gmt":"2025-07-11T04:40:21","slug":"aivono-aim-xxl-9000-zaciagniec","status":"publish","type":"product","link":"https:\/\/volovape.com\/pl\/product\/aivono-aim-xxl-9000-puffs\/","title":{"rendered":"AIVONO AIM XXL 9000 Puffs jednorazowy Vape - cewka siatkowa, wy\u015bwietlacz LCD, blokada przed dzie\u0107mi"},"content":{"rendered":"<p><strong>AIVONO AIM XXL 9000 Puffs Mesh Coil LCD Child Lock Jednorazowy Vape<\/strong> - Do\u015bwiadcz d\u0142u\u017cszego wapowania z dodatkowymi funkcjami bezpiecze\u0144stwa dzi\u0119ki AIVONO AIM XXL 9000. Ten jednorazowy waporyzator oferuje do 9000 zaci\u0105gni\u0119\u0107 i jest wyposa\u017cony w zbiornik e-liquidu o pojemno\u015bci 19 ml oraz akumulator o pojemno\u015bci 650 mAh. Siatkowa cewka 1,2\u03a9 zapewnia g\u0142adk\u0105 i aromatyczn\u0105 par\u0119, a wy\u015bwietlacz LCD i blokada przed dzie\u0107mi zwi\u0119kszaj\u0105 bezpiecze\u0144stwo i wygod\u0119. Idealne do u\u017cytku osobistego i jednorazowych hurtowych zam\u00f3wie\u0144 vape, urz\u0105dzenie to oferuje moc nikotyny 0%, 2%, 3% lub 5% oraz wyb\u00f3r 10 pysznych smak\u00f3w.<\/p>\n<h3><strong>AIVONO AIM XXL 9000 Puffs Cechy:<\/strong><\/h3>\n<ul>\n<li>Puffy: 9000 puff\u00f3w<\/li>\n<li>Pojemno\u015b\u0107 e-liquidu: 19 ml<\/li>\n<li>Bateria: 650 mAh (akumulator)<\/li>\n<li>\u0141adowanie: Typ-C<\/li>\n<li>Cewka: cewka siatkowa 1,2\u03a9<\/li>\n<li>Wy\u015bwietlacz: LCD (bateria i liczba zaci\u0105gni\u0119\u0107)<\/li>\n<li>Funkcje bezpiecze\u0144stwa: Blokada przed dzie\u0107mi<\/li>\n<li>Moc nikotyny: 0%, 2%, 3%, 5%<\/li>\n<li>Opcje smakowe: Truskawka Arbuz, Ananas Kokos L\u00f3d, Mi\u0119ta Mojito, Winogrono Czarna Porzeczka, Mieszane Jagody, Mango Ananas Brzoskwinia, Arbuz L\u00f3d, Blue Razz L\u00f3d, Jagoda L\u00f3d, Wi\u015bnia Kantalupa.<\/li>\n<\/ul>\n<h4>Cz\u0119sto zadawane pytania<\/h4>\n<h5>W jaki spos\u00f3b blokada przed dzie\u0107mi zwi\u0119ksza bezpiecze\u0144stwo?<\/h5>\n<p>Funkcja blokady przed dzie\u0107mi zapobiega przypadkowemu uruchomieniu, zapewniaj\u0105c dodatkowe bezpiecze\u0144stwo i spok\u00f3j ducha, szczeg\u00f3lnie w przypadku gospodarstw domowych z dzie\u0107mi lub zwierz\u0119tami. Dzi\u0119ki tej funkcji urz\u0105dzenie pozostaje bezpieczne, gdy nie jest u\u017cywane.<\/p>\n<h5>Jakie metody wysy\u0142ki s\u0105 stosowane?<\/h5>\n<p>Wsp\u00f3\u0142pracujemy z niezawodnymi przewo\u017anikami, w tym UPS, DHL, FedEx i DPD, aby oferowa\u0107 wydajn\u0105 i niezawodn\u0105 wysy\u0142k\u0119. Najbardziej odpowiednia metoda wysy\u0142ki jest wybierana na podstawie lokalizacji dostawy.<\/p>\n<h5>Jak d\u0142ugo zazwyczaj trwa wysy\u0142ka?<\/h5>\n<p>Wysy\u0142ka trwa zwykle od 7 do 15 dni roboczych, ale w okresie \u015bwi\u0105tecznym lub w przypadku niekorzystnych warunk\u00f3w pogodowych czas dostawy mo\u017ce wyd\u0142u\u017cy\u0107 si\u0119 do 20 dni roboczych.<\/p>\n<h5>Czy ponios\u0119 jakiekolwiek op\u0142aty celne lub podatki?<\/h5>\n<p>Zajmujemy si\u0119 wszystkimi odprawami celnymi, gwarantuj\u0105c, \u017ce nie poniesiesz \u017cadnych dodatkowych podatk\u00f3w ani op\u0142at. 100% naszych produkt\u00f3w przechodzi odpraw\u0119 celn\u0105 bez \u017cadnych problem\u00f3w.<\/p>\n<h5>Czy m\u00f3j zakup jest bezpieczny i godny zaufania?<\/h5>\n<p>Oferujemy bezpieczne transakcje dzi\u0119ki ochronie kupuj\u0105cych w systemie PayPal. Mo\u017cesz r\u00f3wnie\u017c zweryfikowa\u0107 nasz\u0105 niezawodno\u015b\u0107, sprawdzaj\u0105c opinie klient\u00f3w na stronie <a href=\"https:\/\/www.trustpilot.com\/review\/volovape.com?utm_medium=trustbox&amp;utm_source=TrustBoxReviewCollector\">TrustPilot<\/a>.<\/p>","protected":false},"excerpt":{"rendered":"<p>Do\u015bwiadcz bezpiecznej, przed\u0142u\u017conej waporyzacji z AIVONO AIM XXL 9000 Puffs. Blokada przed dzie\u0107mi, wy\u015bwietlacz LCD, siatka 1,2\u03a9, 19 ml, akumulator. Idealny do u\u017cytku osobistego lub hurtowego.<\/p>","protected":false},"featured_media":1028,"comment_status":"open","ping_status":"closed","template":"","meta":[],"product_brand":[],"product_cat":[67,48,21,18,20,23,24,22,25,26,27,28,29,30,31,32,33,34,35,36],"product_tag":[],"class_list":{"0":"post-660","1":"product","2":"type-product","3":"status-publish","4":"has-post-thumbnail","6":"product_cat-aivono","7":"product_cat-9000-puffs-disposable-vape","8":"product_cat-big-puffs-vapes","9":"product_cat-different-puffs-of-disposable-vapes","10":"product_cat-disposable-vape-types","11":"product_cat-disposable-vapes-in-austria","12":"product_cat-disposable-vapes-in-belgium","13":"product_cat-disposable-vapes-in-europe","14":"product_cat-disposable-vapes-in-france","15":"product_cat-disposable-vapes-in-germany","16":"product_cat-disposable-vapes-in-hungary","17":"product_cat-disposable-vapes-in-ltaly","18":"product_cat-disposable-vapes-in-netherlands","19":"product_cat-disposable-vapes-in-norway","20":"product_cat-disposable-vapes-in-poland","21":"product_cat-disposable-vapes-in-portugal","22":"product_cat-disposable-vapes-in-spain","23":"product_cat-disposable-vapes-in-sweden","24":"product_cat-disposable-vapes-in-switzerland","25":"product_cat-rechargeable-vapes","27":"first","28":"instock","29":"shipping-taxable","30":"purchasable","31":"product-type-variable","32":"has-default-attributes"},"jetpack_sharing_enabled":true,"tiered_pricing_type":"fixed","tiered_pricing_fixed_rules":{"2000":5.9900000000000002131628207280300557613372802734375},"tiered_pricing_product_settings":{"layout":"default","base_unit_name":{"singular":null,"plural":null},"default_variation":null},"tiered_pricing_minimum_quantity":1000,"tiered_pricing_roles_data":[],"tiered_pricing_percentage_rules":[],"tiered_pricing_maximum_quantity":null,"tiered_pricing_quantity_step":"10","_links":{"self":[{"href":"https:\/\/volovape.com\/pl\/wp-json\/wp\/v2\/product\/660","targetHints":{"allow":["GET"]}}],"collection":[{"href":"https:\/\/volovape.com\/pl\/wp-json\/wp\/v2\/product"}],"about":[{"href":"https:\/\/volovape.com\/pl\/wp-json\/wp\/v2\/types\/product"}],"replies":[{"embeddable":true,"href":"https:\/\/volovape.com\/pl\/wp-json\/wp\/v2\/comments?post=660"}],"wp:featuredmedia":[{"embeddable":true,"href":"https:\/\/volovape.com\/pl\/wp-json\/wp\/v2\/media\/1028"}],"wp:attachment":[{"href":"https:\/\/volovape.com\/pl\/wp-json\/wp\/v2\/media?parent=660"}],"wp:term":[{"taxonomy":"product_brand","embeddable":true,"href":"https:\/\/volovape.com\/pl\/wp-json\/wp\/v2\/product_brand?post=660"},{"taxonomy":"product_cat","embeddable":true,"href":"https:\/\/volovape.com\/pl\/wp-json\/wp\/v2\/product_cat?post=660"},{"taxonomy":"product_tag","embeddable":true,"href":"https:\/\/volovape.com\/pl\/wp-json\/wp\/v2\/product_tag?post=660"}],"curies":[{"name":"wp","href":"https:\/\/api.w.org\/{rel}","templated":true}]}}