{"id":6250,"date":"2024-11-29T04:36:13","date_gmt":"2024-11-29T04:36:13","guid":{"rendered":"https:\/\/volovape.com\/?post_type=product&#038;p=6250"},"modified":"2025-08-07T08:19:53","modified_gmt":"2025-08-07T08:19:53","slug":"jnr-shisha-max-22000-22k-zaciagniec","status":"publish","type":"product","link":"https:\/\/volovape.com\/pl\/product\/jnr-shisha-max-22000-22k-puffs\/","title":{"rendered":"JNR Shisha Max 22000 Puffs Hookah Edition Vape jednorazowego u\u017cytku - potr\u00f3jna siatka, regulowany przep\u0142yw powietrza"},"content":{"rendered":"<p><iframe title=\"Odtwarzacz wideo VideoPress\" aria-label='Odtwarzacz wideo VideoPress' width='421' height='750' src='https:\/\/videopress.com\/embed\/WoXrFsri?hd=0&amp;cover=1' frameborder='0' allowfullscreen allow='clipboard-write'><\/iframe><script src='https:\/\/v0.wordpress.com\/js\/next\/videopress-iframe.js?m=1739540970'><\/script><\/p>\n<p><strong>JNR Shisha Max 22000 puff\u00f3w jednorazowego u\u017cytku Vape<\/strong> - Do\u015bwiadcz waporyzacji inspirowanej szisz\u0105 dzi\u0119ki technologii cewki Triple Mesh.<\/p>\n<p>Ten <strong>JNR Shisha Max 22000 zaci\u0105gni\u0119\u0107<\/strong> przenosi bogate, aromatyczne doznania tradycyjnej fajki wodnej do nowoczesnej, wygodnej jednorazowej fajki wodnej. Oferuj\u0105c imponuj\u0105c\u0105 <strong>22 000 zaci\u0105gni\u0119\u0107<\/strong> i hojny <strong>Pojemno\u015b\u0107 e-liquidu 29 ml<\/strong>To urz\u0105dzenie zapewnia d\u0142ugotrwa\u0142e i satysfakcjonuj\u0105ce wra\u017cenia. Zasilany przez solidny <strong>Akumulator o pojemno\u015bci 1100 mAh<\/strong> z <strong>\u0141adowanie typu C<\/strong>, zapewnia d\u0142u\u017csze u\u017cytkowanie i szybkie \u0142adowanie. Innowacyjny <strong>potr\u00f3jna cewka siatkowa<\/strong> System zapewnia intensywny smak i g\u0119st\u0105 par\u0119, odtwarzaj\u0105c g\u0142\u0119bok\u0105 satysfakcj\u0119 z sesji fajki wodnej. Z <strong>regulowany przep\u0142yw powietrza<\/strong> i wyra\u017any <strong>bateria i wy\u015bwietlacz ciek\u0142y<\/strong>pozwala dostosowa\u0107 i monitorowa\u0107 wra\u017cenia z waporyzacji. Dost\u0119pne w <strong>15 unikalnych smak\u00f3w<\/strong>, ten <strong>JNR Shisha Max 22000 zaci\u0105gni\u0119\u0107<\/strong> jest idealny dla os\u00f3b poszukuj\u0105cych wysokiej jako\u015bci waporyzatora inspirowanego fajk\u0105 wodn\u0105, idealnego zar\u00f3wno do osobistej przyjemno\u015bci, jak i <strong>hurtownia vape jednorazowego u\u017cytku<\/strong>.<\/p>\n<h3><strong>JNR Shisha Max 22000 Puffs Cechy:<\/strong><\/h3>\n<ul>\n<li>Puffy: Do 22 000<\/li>\n<li>Pojemno\u015b\u0107 e-liquidu: 29 ml<\/li>\n<li>Bateria: 1100 mAh (akumulator)<\/li>\n<li>\u0141adowanie: Typ-C<\/li>\n<li>Cewka: Potr\u00f3jna cewka siatkowa<\/li>\n<li>Przep\u0142yw powietrza: Regulowany<\/li>\n<li>Wy\u015bwietlacz: Bateria i wy\u015bwietlacz ciek\u0142y<\/li>\n<li>Moc nikotyny: 2%<\/li>\n<\/ul>\n<h4>Cz\u0119sto zadawane pytania<\/h4>\n<h5>W jaki spos\u00f3b potr\u00f3jna cewka siatkowa poprawia wra\u017cenia z waporyzacji?<\/h5>\n<p>System cewek z potr\u00f3jn\u0105 siatk\u0105 w JNR Shisha Max 22000 Puffs zosta\u0142 zaprojektowany w celu maksymalizacji smaku i produkcji pary. Zapewnia on r\u00f3wnomierne ogrzewanie i wi\u0119ksz\u0105 powierzchni\u0119 do odparowywania e-cieczy, dostarczaj\u0105c bogaty, intensywny smak i g\u0119st\u0105, g\u0142adk\u0105 par\u0119, przypominaj\u0105c\u0105 tradycyjn\u0105 sesj\u0119 sziszy.<\/p>\n<h5>Czy naprawd\u0119 mog\u0119 uzyska\u0107 22 000 zaci\u0105gni\u0119\u0107 z jednego urz\u0105dzenia?<\/h5>\n<p>Tak! Model JNR Shisha Max 22000 Puffs zosta\u0142 zaprojektowany z my\u015bl\u0105 o d\u0142u\u017cszym u\u017cytkowaniu, oferuj\u0105c do 22 000 zaci\u0105gni\u0119\u0107. Ta wysoka pojemno\u015b\u0107, w po\u0142\u0105czeniu ze zbiornikiem e-liquidu o pojemno\u015bci 29 ml i pot\u0119\u017cnym akumulatorem 1100 mAh, sprawia, \u017ce jest to d\u0142ugotrwa\u0142y i niezawodny wyb\u00f3r, idealny do <strong>zam\u00f3wienie zbiorcze<\/strong> potrzeby.<\/p>\n<h5>Co sprawia, \u017ce bateria i ciek\u0142y wy\u015bwietlacz s\u0105 tak przydatne?<\/h5>\n<p>Zintegrowany wy\u015bwietlacz baterii i p\u0142ynu dostarcza w czasie rzeczywistym informacji o poziomie na\u0142adowania baterii i zu\u017cyciu e-cieczy. Funkcja ta pozwala monitorowa\u0107 urz\u0105dzenie i zapewnia, \u017ce nigdy nie zostaniesz zaskoczony, zwi\u0119kszaj\u0105c og\u00f3ln\u0105 wygod\u0119 i komfort u\u017cytkowania.<\/p>\n<h5>Jak mog\u0119 by\u0107 pewny jako\u015bci produktu i obs\u0142ugi klienta?<\/h5>\n<p>Obs\u0142ugujemy p\u0142atno\u015bci PayPal i us\u0142ug\u0119 ochrony kupuj\u0105cych. Mo\u017cesz r\u00f3wnie\u017c sprawdzi\u0107 nasze recenzje na <a href=\"https:\/\/www.trustpilot.com\/review\/volovape.com?utm_medium=trustbox&amp;utm_source=TrustBoxReviewCollector\">TrustPilot<\/a>.<\/p>","protected":false},"excerpt":{"rendered":"<p>JNR Shisha Max 22000 Puffs Disposable Vape, urz\u0105dzenie inspirowane szisz\u0105 z 29 ml e-liquidu, bateri\u0105 1100 mAh, potr\u00f3jnymi cewkami siatkowymi, nikotyn\u0105 2%. Sprzeda\u017c hurtowa, 15 smak\u00f3w, \u0142adowanie typu C.<\/p>","protected":false},"featured_media":6342,"comment_status":"open","ping_status":"closed","template":"","meta":[],"product_brand":[],"product_cat":[79,63,21,18,20,23,24,22,25,26,27,28,29,30,31,32,33,34,35,36,47,40],"product_tag":[],"class_list":{"0":"post-6250","1":"product","2":"type-product","3":"status-publish","4":"has-post-thumbnail","6":"product_cat-jnr","7":"product_cat-30000-puffs-disposable-vape","8":"product_cat-big-puffs-vapes","9":"product_cat-different-puffs-of-disposable-vapes","10":"product_cat-disposable-vape-types","11":"product_cat-disposable-vapes-in-austria","12":"product_cat-disposable-vapes-in-belgium","13":"product_cat-disposable-vapes-in-europe","14":"product_cat-disposable-vapes-in-france","15":"product_cat-disposable-vapes-in-germany","16":"product_cat-disposable-vapes-in-hungary","17":"product_cat-disposable-vapes-in-ltaly","18":"product_cat-disposable-vapes-in-netherlands","19":"product_cat-disposable-vapes-in-norway","20":"product_cat-disposable-vapes-in-poland","21":"product_cat-disposable-vapes-in-portugal","22":"product_cat-disposable-vapes-in-spain","23":"product_cat-disposable-vapes-in-sweden","24":"product_cat-disposable-vapes-in-switzerland","25":"product_cat-rechargeable-vapes","26":"product_cat-shisha-hookah-vapes","27":"product_cat-smart-screen-vapes","29":"first","30":"instock","31":"shipping-taxable","32":"purchasable","33":"product-type-variable","34":"has-default-attributes"},"jetpack_sharing_enabled":true,"tiered_pricing_type":"fixed","tiered_pricing_fixed_rules":{"2000":6.8499999999999996447286321199499070644378662109375},"tiered_pricing_product_settings":{"layout":"default","base_unit_name":{"singular":null,"plural":null},"default_variation":null},"tiered_pricing_minimum_quantity":1000,"tiered_pricing_roles_data":[],"tiered_pricing_percentage_rules":[],"tiered_pricing_maximum_quantity":null,"tiered_pricing_quantity_step":"10","_links":{"self":[{"href":"https:\/\/volovape.com\/pl\/wp-json\/wp\/v2\/product\/6250","targetHints":{"allow":["GET"]}}],"collection":[{"href":"https:\/\/volovape.com\/pl\/wp-json\/wp\/v2\/product"}],"about":[{"href":"https:\/\/volovape.com\/pl\/wp-json\/wp\/v2\/types\/product"}],"replies":[{"embeddable":true,"href":"https:\/\/volovape.com\/pl\/wp-json\/wp\/v2\/comments?post=6250"}],"wp:featuredmedia":[{"embeddable":true,"href":"https:\/\/volovape.com\/pl\/wp-json\/wp\/v2\/media\/6342"}],"wp:attachment":[{"href":"https:\/\/volovape.com\/pl\/wp-json\/wp\/v2\/media?parent=6250"}],"wp:term":[{"taxonomy":"product_brand","embeddable":true,"href":"https:\/\/volovape.com\/pl\/wp-json\/wp\/v2\/product_brand?post=6250"},{"taxonomy":"product_cat","embeddable":true,"href":"https:\/\/volovape.com\/pl\/wp-json\/wp\/v2\/product_cat?post=6250"},{"taxonomy":"product_tag","embeddable":true,"href":"https:\/\/volovape.com\/pl\/wp-json\/wp\/v2\/product_tag?post=6250"}],"curies":[{"name":"wp","href":"https:\/\/api.w.org\/{rel}","templated":true}]}}