{"id":6249,"date":"2024-11-29T04:36:13","date_gmt":"2024-11-29T04:36:13","guid":{"rendered":"https:\/\/volovape.com\/?post_type=product&#038;p=6249"},"modified":"2025-08-07T08:19:52","modified_gmt":"2025-08-07T08:19:52","slug":"zegarek-jnr-vape-30000-30-tys-zaciagniec","status":"publish","type":"product","link":"https:\/\/volovape.com\/pl\/product\/jnr-vape-watch-30000-30k-puffs\/","title":{"rendered":"JNR Vape Watch 30000 Puffs - Smartwatch i jednorazowy Vape (podw\u00f3jny tryb)"},"content":{"rendered":"<p><iframe title=\"Odtwarzacz wideo VideoPress\" aria-label='Odtwarzacz wideo VideoPress' width='500' height='281' src='https:\/\/videopress.com\/embed\/3s6S9iWa?hd=0&amp;cover=1' frameborder='0' allowfullscreen allow='clipboard-write'><\/iframe><script src='https:\/\/v0.wordpress.com\/js\/next\/videopress-iframe.js?m=1739540970'><\/script><\/p>\n<p><strong>JNR Vape Watch 30000 Puffs<\/strong> - Rewolucyjny smartwatch i jednorazowa hybryda Vape.<\/p>\n<p>Poznaj przysz\u0142o\u015b\u0107 waporyzacji dzi\u0119ki <strong>JNR Vape Watch 30000 Puffs<\/strong>to prze\u0142omowe urz\u0105dzenie, kt\u00f3re p\u0142ynnie integruje wysokowydajny jednorazowy vape z funkcjonalno\u015bci\u0105 smartwatcha. Ta innowacyjna konstrukcja oferuje niezr\u00f3wnan\u0105 wygod\u0119, pozwalaj\u0105c cieszy\u0107 si\u0119 nawet 30 000 zaci\u0105gni\u0119\u0107 w trybie zwyk\u0142ym lub 18 000 zaci\u0105gni\u0119\u0107 w trybie pulsacyjnym. Urz\u0105dzenie posiada znaczn\u0105 pojemno\u015b\u0107 19 ml e-liquidu, trwa\u0142y akumulator 1000 mAh z \u0142adowaniem typu C oraz podw\u00f3jne cewki siatkowe dla lepszego smaku i produkcji pary. Unikalna konstrukcja zdejmowanego zegarka pozwala od\u0142\u0105czy\u0107 vape do tradycyjnego u\u017cytku lub nosi\u0107 go jako smartwatch, wraz z funkcjami po\u0142\u0105cze\u0144, wiadomo\u015bci tekstowych, zdalnego sterowania kamer\u0105, znajdowania telefonu i prywatnej blokady. Dost\u0119pny w 10 smakowitych smakach, JNR Vape Watch 30000 Puffs na nowo definiuje doznania zwi\u0105zane z wapowaniem, idealne do osobistej przyjemno\u015bci i <strong>hurtownia vape jednorazowego u\u017cytku<\/strong>.<\/p>\n<h3><strong>JNR Vape Watch 30000 Puffs Cechy:<\/strong><\/h3>\n<ul>\n<li>Dwa tryby waporyzacji: Tryb zwyk\u0142y (do 30 000 zaci\u0105gni\u0119\u0107) \/ Tryb pulsacyjny (do 18 000 zaci\u0105gni\u0119\u0107)<\/li>\n<li>Pojemno\u015b\u0107 e-liquidu: 19 ml<\/li>\n<li>Bateria: 1000 mAh (akumulator)<\/li>\n<li>\u0141adowanie: Typ-C<\/li>\n<li>Cewka: Podw\u00f3jne cewki siatkowe<\/li>\n<li>Moc nikotyny: 2% (20 mg)<\/li>\n<li>Funkcje smartwatcha: Po\u0142\u0105czenia, SMS, Zdalna kamera, Znajd\u017a telefon, Prywatna blokada, Responsywna aplikacja<\/li>\n<li>Design: Zdejmowany zegarek<\/li>\n<\/ul>\n<h4>Cz\u0119sto zadawane pytania<\/h4>\n<h5>W jaki spos\u00f3b zdejmowany zegarek zwi\u0119ksza u\u017cyteczno\u015b\u0107?<\/h5>\n<p>JNR Vape Watch 30000 Puffs oferuje unikaln\u0105 zdejmowan\u0105 konstrukcj\u0119 zegarka, umo\u017cliwiaj\u0105c\u0105 od\u0142\u0105czenie cz\u0119\u015bci vape do tradycyjnego u\u017cytku lub noszenie go jako smartwatcha. Taka konstrukcja zapewnia najwy\u017csz\u0105 elastyczno\u015b\u0107 i wygod\u0119 podczas wapowania w ruchu oraz inteligentn\u0105 funkcjonalno\u015b\u0107.<\/p>\n<h5>Jakie s\u0105 korzy\u015bci z posiadania dw\u00f3ch tryb\u00f3w waporyzacji?<\/h5>\n<p>JNR Vape Watch 30000 Puffs oferuje dwa tryby waporyzacji: Tryb Regularny (do 30 000 zaci\u0105gni\u0119\u0107) i Tryb Pulsacyjny (do 18 000 zaci\u0105gni\u0119\u0107). Pozwala to na dostosowanie wra\u017ce\u0144 z waporyzacji w oparciu o w\u0142asne preferencje, niezale\u017cnie od tego, czy wolisz d\u0142u\u017csz\u0105 waporyzacj\u0119, czy te\u017c bardziej intensywny smak i produkcj\u0119 pary.<\/p>\n<h5>Czy naprawd\u0119 mog\u0119 wykonywa\u0107 po\u0142\u0105czenia i wysy\u0142a\u0107 SMS-y z tego urz\u0105dzenia?<\/h5>\n<p>Tak! JNR Vape Watch 30000 Puffs integruje funkcje smartwatcha, umo\u017cliwiaj\u0105c wykonywanie i odbieranie po\u0142\u0105cze\u0144, wysy\u0142anie i odbieranie wiadomo\u015bci tekstowych, zdalne sterowanie kamer\u0105 telefonu, znajdowanie telefonu, a nawet zabezpieczanie urz\u0105dzenia za pomoc\u0105 prywatnej blokady. Wszystkie te funkcje s\u0105 dost\u0119pne za po\u015brednictwem responsywnej aplikacji, co czyni go prawdziwie rewolucyjnym urz\u0105dzeniem.<\/p>\n<h5>Jak mog\u0119 by\u0107 pewny jako\u015bci produktu i obs\u0142ugi klienta?<\/h5>\n<p>Obs\u0142ugujemy p\u0142atno\u015bci PayPal i us\u0142ug\u0119 ochrony kupuj\u0105cych. Mo\u017cesz r\u00f3wnie\u017c sprawdzi\u0107 nasze recenzje na <a href=\"https:\/\/www.trustpilot.com\/review\/volovape.com?utm_medium=trustbox&amp;utm_source=TrustBoxReviewCollector\">TrustPilot<\/a>.<\/p>","protected":false},"excerpt":{"rendered":"<p>Poznaj JNR Vape Watch 30000 Puffs, hybryd\u0119 smartwatcha i waporyzatora. Oferuje 19 ml e-liquidu, bateri\u0119 1000 mAh, podw\u00f3jne cewki siatkowe, inteligentne funkcje, nikotyn\u0119 2%. Dost\u0119pna hurtowa sprzeda\u017c, 10 smak\u00f3w, \u0142adowanie typu C.<\/p>","protected":false},"featured_media":6330,"comment_status":"open","ping_status":"closed","template":"","meta":[],"product_brand":[],"product_cat":[79,63,21,18,39,20,23,24,22,25,26,27,28,29,30,31,32,33,34,35,36,40],"product_tag":[],"class_list":{"0":"post-6249","1":"product","2":"type-product","3":"status-publish","4":"has-post-thumbnail","6":"product_cat-jnr","7":"product_cat-30000-puffs-disposable-vape","8":"product_cat-big-puffs-vapes","9":"product_cat-different-puffs-of-disposable-vapes","10":"product_cat-digital-box-vapes","11":"product_cat-disposable-vape-types","12":"product_cat-disposable-vapes-in-austria","13":"product_cat-disposable-vapes-in-belgium","14":"product_cat-disposable-vapes-in-europe","15":"product_cat-disposable-vapes-in-france","16":"product_cat-disposable-vapes-in-germany","17":"product_cat-disposable-vapes-in-hungary","18":"product_cat-disposable-vapes-in-ltaly","19":"product_cat-disposable-vapes-in-netherlands","20":"product_cat-disposable-vapes-in-norway","21":"product_cat-disposable-vapes-in-poland","22":"product_cat-disposable-vapes-in-portugal","23":"product_cat-disposable-vapes-in-spain","24":"product_cat-disposable-vapes-in-sweden","25":"product_cat-disposable-vapes-in-switzerland","26":"product_cat-rechargeable-vapes","27":"product_cat-smart-screen-vapes","29":"first","30":"instock","31":"shipping-taxable","32":"purchasable","33":"product-type-variable","34":"has-default-attributes"},"jetpack_sharing_enabled":true,"tiered_pricing_type":"fixed","tiered_pricing_fixed_rules":{"2000":9.75},"tiered_pricing_product_settings":{"layout":"default","base_unit_name":{"singular":null,"plural":null},"default_variation":null},"tiered_pricing_minimum_quantity":1000,"tiered_pricing_roles_data":[],"tiered_pricing_percentage_rules":[],"tiered_pricing_maximum_quantity":null,"tiered_pricing_quantity_step":"10","_links":{"self":[{"href":"https:\/\/volovape.com\/pl\/wp-json\/wp\/v2\/product\/6249","targetHints":{"allow":["GET"]}}],"collection":[{"href":"https:\/\/volovape.com\/pl\/wp-json\/wp\/v2\/product"}],"about":[{"href":"https:\/\/volovape.com\/pl\/wp-json\/wp\/v2\/types\/product"}],"replies":[{"embeddable":true,"href":"https:\/\/volovape.com\/pl\/wp-json\/wp\/v2\/comments?post=6249"}],"wp:featuredmedia":[{"embeddable":true,"href":"https:\/\/volovape.com\/pl\/wp-json\/wp\/v2\/media\/6330"}],"wp:attachment":[{"href":"https:\/\/volovape.com\/pl\/wp-json\/wp\/v2\/media?parent=6249"}],"wp:term":[{"taxonomy":"product_brand","embeddable":true,"href":"https:\/\/volovape.com\/pl\/wp-json\/wp\/v2\/product_brand?post=6249"},{"taxonomy":"product_cat","embeddable":true,"href":"https:\/\/volovape.com\/pl\/wp-json\/wp\/v2\/product_cat?post=6249"},{"taxonomy":"product_tag","embeddable":true,"href":"https:\/\/volovape.com\/pl\/wp-json\/wp\/v2\/product_tag?post=6249"}],"curies":[{"name":"wp","href":"https:\/\/api.w.org\/{rel}","templated":true}]}}