{"id":6248,"date":"2024-11-29T04:36:13","date_gmt":"2024-11-29T04:36:13","guid":{"rendered":"https:\/\/volovape.com\/?post_type=product&#038;p=6248"},"modified":"2025-08-07T08:19:51","modified_gmt":"2025-08-07T08:19:51","slug":"jnr-telefon-vape-30000-30k-zaciagniec","status":"publish","type":"product","link":"https:\/\/volovape.com\/pl\/product\/jnr-phone-vape-30000-30k-puffs\/","title":{"rendered":"JNR Phone Vape 30000 Puffs - inteligentny jednorazowy Vape z ekranem dotykowym (po\u0142\u0105czenia, SMS-y, kamera)"},"content":{"rendered":"<p><iframe title=\"Odtwarzacz wideo VideoPress\" aria-label='Odtwarzacz wideo VideoPress' width='500' height='281' src='https:\/\/videopress.com\/embed\/tgY6TILp?hd=0&amp;cover=1' frameborder='0' allowfullscreen allow='clipboard-write'><\/iframe><script src='https:\/\/v0.wordpress.com\/js\/next\/videopress-iframe.js?m=1739540970'><\/script><\/p>\n<p><strong>JNR Telefon Vape 30000 zaci\u0105gni\u0119\u0107<\/strong> - Pierwszy na \u015bwiecie inteligentny jednorazowy waporyzator z ekranem dotykowym.<\/p>\n<p>Poznaj przysz\u0142o\u015b\u0107 waporyzacji dzi\u0119ki <strong>JNR Telefon Vape 30000 zaci\u0105gni\u0119\u0107<\/strong>to rewolucyjne urz\u0105dzenie, kt\u00f3re p\u0142ynnie \u0142\u0105czy najnowocze\u015bniejsz\u0105 technologi\u0119 waporyzacji z wygod\u0105 smartfona. To nie jest tylko jednorazowy vape; to inteligentny towarzysz oferuj\u0105cy wyj\u0105tkow\u0105 waporyzacj\u0119 i \u0142\u0105czno\u015b\u0107. Wybierz pomi\u0119dzy trybem zwyk\u0142ym (do 30 000 zaci\u0105gni\u0119\u0107) i trybem pulsacyjnym (do 18 000 zaci\u0105gni\u0119\u0107), aby uzyska\u0107 spersonalizowane wra\u017cenia. Wyposa\u017cony w przyjazny dla u\u017cytkownika ekran dotykowy, funkcje po\u0142\u0105cze\u0144 i wiadomo\u015bci tekstowych, zdalne sterowanie kamer\u0105 i funkcj\u0119 znajdowania telefonu, to urz\u0105dzenie zapewnia \u0142\u0105czno\u015b\u0107, zapewniaj\u0105c jednocze\u015bnie doskona\u0142\u0105 wydajno\u015b\u0107. Dzi\u0119ki pojemno\u015bci 19 ml e-liquidu, akumulatorowi 850 mAh i regulowanemu przep\u0142ywowi powietrza, JNR Phone Vape zosta\u0142 zaprojektowany z my\u015bl\u0105 zar\u00f3wno o wygodzie, jak i satysfakcji. Dost\u0119pne w 10 pysznych smakach, urz\u0105dzenie to jest idealne do osobistej przyjemno\u015bci i <strong>hurtownia vape jednorazowego u\u017cytku<\/strong>.<\/p>\n<h3><strong>JNR Phone Vape 30000 Puffs Cechy:<\/strong><\/h3>\n<ul>\n<li>Dwa tryby waporyzacji: Tryb zwyk\u0142y (do 30 000 zaci\u0105gni\u0119\u0107) \/ Tryb pulsacyjny (do 18 000 zaci\u0105gni\u0119\u0107)<\/li>\n<li>Pojemno\u015b\u0107 e-liquidu: 19 ml<\/li>\n<li>Bateria: 850 mAh (akumulator)<\/li>\n<li>\u0141adowanie: Typ-C<\/li>\n<li>Moc nikotyny: 2% (20 mg)<\/li>\n<li>Operacja: Aktywowana przez rysowanie<\/li>\n<li>Wy\u015bwietlacz: Ekran dotykowy<\/li>\n<li>Przep\u0142yw powietrza: Regulowany<\/li>\n<li>Inteligentne funkcje: Po\u0142\u0105czenia, SMS, Zdalna kamera, Znajd\u017a telefon, Prywatna blokada, P\u0142ynna aplikacja<\/li>\n<\/ul>\n<h4>Cz\u0119sto zadawane pytania<\/h4>\n<h5>W jaki spos\u00f3b ekran dotykowy poprawia wra\u017cenia z waporyzacji?<\/h5>\n<p>JNR Phone Vape 30000 Puffs posiada przyjazny dla u\u017cytkownika ekran dotykowy, zapewniaj\u0105cy intuicyjn\u0105 kontrol\u0119 nad inteligentnymi funkcjami urz\u0105dzenia i ustawieniami waporyzacji. Sprawia to, \u017ce nawigacja po po\u0142\u0105czeniach, wiadomo\u015bciach tekstowych, zdalnej kamerze i innych funkcjach jest p\u0142ynna i prosta, co odr\u00f3\u017cnia j\u0105 od innych jednorazowych waporyzator\u00f3w.<\/p>\n<h5>Jakie s\u0105 zalety posiadania dw\u00f3ch tryb\u00f3w waporyzacji?<\/h5>\n<p>JNR Phone Vape 30000 Puffs oferuje dwa tryby waporyzacji: Regular Mode (do 30 000 zaci\u0105gni\u0119\u0107) i Pulse Mode (do 18 000 zaci\u0105gni\u0119\u0107). Pozwala to na dostosowanie wra\u017ce\u0144 z waporyzacji w oparciu o w\u0142asne preferencje, niezale\u017cnie od tego, czy priorytetem jest d\u0142ugowieczno\u015b\u0107, czy te\u017c ulepszony smak i produkcja pary. Ta wszechstronno\u015b\u0107 sprawia, \u017ce jest to idealne rozwi\u0105zanie dla <strong>zam\u00f3wienie zbiorcze<\/strong> potrzeby.<\/p>\n<h5>Czy naprawd\u0119 mog\u0119 dzwoni\u0107 i wysy\u0142a\u0107 SMS-y z tego vape?<\/h5>\n<p>Tak! JNR Phone Vape 30000 Puffs integruje funkcje smartfona, umo\u017cliwiaj\u0105c wykonywanie i odbieranie po\u0142\u0105cze\u0144, wysy\u0142anie i odbieranie wiadomo\u015bci tekstowych, zdalne sterowanie aparatem telefonu, a nawet lokalizowanie zgubionego smartfona. Funkcje te, w po\u0142\u0105czeniu z p\u0142ynnym interfejsem aplikacji, sprawiaj\u0105, \u017ce jest to naprawd\u0119 innowacyjne urz\u0105dzenie.<\/p>\n<h5>Jak mog\u0119 by\u0107 pewny jako\u015bci produktu i obs\u0142ugi klienta?<\/h5>\n<p>Obs\u0142ugujemy p\u0142atno\u015bci PayPal i us\u0142ug\u0119 ochrony kupuj\u0105cych. Mo\u017cesz r\u00f3wnie\u017c sprawdzi\u0107 nasze recenzje na <a href=\"https:\/\/www.trustpilot.com\/review\/volovape.com?utm_medium=trustbox&amp;utm_source=TrustBoxReviewCollector\">TrustPilot<\/a>.<\/p>","protected":false},"excerpt":{"rendered":"<p>Odkryj JNR Phone Vape 30000 Puffs, pierwsze po\u0142\u0105czenie smartfona i waporyzatora. Posiada 19 ml e-liquidu, bateri\u0119 850 mAh, ekran dotykowy, inteligentne funkcje, nikotyn\u0119 2%. Sklep hurtowy, 10 smak\u00f3w, \u0142adowanie typu C.<\/p>","protected":false},"featured_media":6318,"comment_status":"open","ping_status":"closed","template":"","meta":[],"product_brand":[],"product_cat":[79,63,21,18,39,20,23,24,22,25,26,27,28,29,30,31,32,33,34,35,36,40],"product_tag":[],"class_list":{"0":"post-6248","1":"product","2":"type-product","3":"status-publish","4":"has-post-thumbnail","6":"product_cat-jnr","7":"product_cat-30000-puffs-disposable-vape","8":"product_cat-big-puffs-vapes","9":"product_cat-different-puffs-of-disposable-vapes","10":"product_cat-digital-box-vapes","11":"product_cat-disposable-vape-types","12":"product_cat-disposable-vapes-in-austria","13":"product_cat-disposable-vapes-in-belgium","14":"product_cat-disposable-vapes-in-europe","15":"product_cat-disposable-vapes-in-france","16":"product_cat-disposable-vapes-in-germany","17":"product_cat-disposable-vapes-in-hungary","18":"product_cat-disposable-vapes-in-ltaly","19":"product_cat-disposable-vapes-in-netherlands","20":"product_cat-disposable-vapes-in-norway","21":"product_cat-disposable-vapes-in-poland","22":"product_cat-disposable-vapes-in-portugal","23":"product_cat-disposable-vapes-in-spain","24":"product_cat-disposable-vapes-in-sweden","25":"product_cat-disposable-vapes-in-switzerland","26":"product_cat-rechargeable-vapes","27":"product_cat-smart-screen-vapes","29":"first","30":"instock","31":"shipping-taxable","32":"purchasable","33":"product-type-variable","34":"has-default-attributes"},"jetpack_sharing_enabled":true,"tiered_pricing_type":"fixed","tiered_pricing_fixed_rules":{"2000":12.589999999999999857891452847979962825775146484375},"tiered_pricing_product_settings":{"layout":"default","base_unit_name":{"singular":null,"plural":null},"default_variation":null},"tiered_pricing_minimum_quantity":1000,"tiered_pricing_roles_data":[],"tiered_pricing_percentage_rules":[],"tiered_pricing_maximum_quantity":null,"tiered_pricing_quantity_step":"10","_links":{"self":[{"href":"https:\/\/volovape.com\/pl\/wp-json\/wp\/v2\/product\/6248","targetHints":{"allow":["GET"]}}],"collection":[{"href":"https:\/\/volovape.com\/pl\/wp-json\/wp\/v2\/product"}],"about":[{"href":"https:\/\/volovape.com\/pl\/wp-json\/wp\/v2\/types\/product"}],"replies":[{"embeddable":true,"href":"https:\/\/volovape.com\/pl\/wp-json\/wp\/v2\/comments?post=6248"}],"wp:featuredmedia":[{"embeddable":true,"href":"https:\/\/volovape.com\/pl\/wp-json\/wp\/v2\/media\/6318"}],"wp:attachment":[{"href":"https:\/\/volovape.com\/pl\/wp-json\/wp\/v2\/media?parent=6248"}],"wp:term":[{"taxonomy":"product_brand","embeddable":true,"href":"https:\/\/volovape.com\/pl\/wp-json\/wp\/v2\/product_brand?post=6248"},{"taxonomy":"product_cat","embeddable":true,"href":"https:\/\/volovape.com\/pl\/wp-json\/wp\/v2\/product_cat?post=6248"},{"taxonomy":"product_tag","embeddable":true,"href":"https:\/\/volovape.com\/pl\/wp-json\/wp\/v2\/product_tag?post=6248"}],"curies":[{"name":"wp","href":"https:\/\/api.w.org\/{rel}","templated":true}]}}