{"id":6247,"date":"2024-11-29T04:36:13","date_gmt":"2024-11-29T04:36:13","guid":{"rendered":"https:\/\/volovape.com\/?post_type=product&#038;p=6247"},"modified":"2025-08-07T08:19:50","modified_gmt":"2025-08-07T08:19:50","slug":"jnr-media-max-40000-40k-puffow","status":"publish","type":"product","link":"https:\/\/volovape.com\/pl\/product\/jnr-media-max-40000-40k-puffs\/","title":{"rendered":"JNR Media Max 40000 Puffs Smart Vape jednorazowego u\u017cytku - po\u0142\u0105czenia, SMS-y, sterowanie kamer\u0105"},"content":{"rendered":"<p><strong>JNR Media Max 40000 zaci\u0105gni\u0119\u0107<\/strong> - Inteligentny jednorazowy Vape z niezr\u00f3wnanymi funkcjami.<\/p>\n<p>Ten <strong>JNR Media Max 40000 zaci\u0105gni\u0119\u0107<\/strong> na nowo definiuje waporyzacj\u0119 jednorazow\u0105, integruj\u0105c funkcje podobne do smartfon\u00f3w w urz\u0105dzeniu o du\u017cej pojemno\u015bci. Oferuj\u0105c zdumiewaj\u0105c\u0105 <strong>40 000 zaci\u0105gni\u0119\u0107<\/strong> i znacz\u0105cy <strong>Pojemno\u015b\u0107 e-liquidu 21 ml<\/strong>Ten waporyzator zosta\u0142 stworzony z my\u015bl\u0105 o d\u0142u\u017cszej przyjemno\u015bci. Zasilany przez solidny <strong>Akumulator 1000mAh<\/strong> z <strong>\u0141adowanie typu C<\/strong>Zapewnia to niezawodne dzia\u0142anie. Zaawansowany <strong>Technologia podw\u00f3jnej cewki siatkowej<\/strong> zapewnia wyj\u0105tkowy smak i produkcj\u0119 pary. Unikalne, inteligentne funkcje, takie jak mo\u017cliwo\u015b\u0107 nawi\u0105zywania po\u0142\u0105cze\u0144 i wysy\u0142ania wiadomo\u015bci tekstowych, zdalne sterowanie kamer\u0105 oraz funkcja wyszukiwania telefonu\/vape, dost\u0119pne za po\u015brednictwem du\u017cego przycisku. <strong>Wy\u015bwietlacz HD 2,4\u201d<\/strong>wyr\u00f3\u017cniaj\u0105 to urz\u0105dzenie. Dost\u0119pne w <strong>10 pysznych smak\u00f3w<\/strong>, ten <strong>JNR Media Max 40000 zaci\u0105gni\u0119\u0107<\/strong> jest idealna dla u\u017cytkownik\u00f3w poszukuj\u0105cych wielofunkcyjnego, wysokowydajnego urz\u0105dzenia do waporyzacji, idealnego zar\u00f3wno do u\u017cytku osobistego, jak i na co dzie\u0144. <strong>hurtownia vape jednorazowego u\u017cytku<\/strong>.<\/p>\n<h3><strong>JNR Media Max 40000 Puffs Cechy:<\/strong><\/h3>\n<ul>\n<li>Inteligentne funkcje: Po\u0142\u0105czenia, SMS, Zdalna kamera, Znajd\u017a telefon\/aparat<\/li>\n<li>Puffy: Do 40 000 zaci\u0105gni\u0119\u0107<\/li>\n<li>Pojemno\u015b\u0107 e-liquidu: 21 ml<\/li>\n<li>Bateria: 1000 mAh (akumulator)<\/li>\n<li>\u0141adowanie: Typ-C<\/li>\n<li>Cewka: Podw\u00f3jna cewka siatkowa<\/li>\n<li>Przep\u0142yw powietrza: Regulowany<\/li>\n<li>Wy\u015bwietlacz: 2,4\u2033 wy\u015bwietlacz HD<\/li>\n<li>Moc nikotyny: 5%<\/li>\n<\/ul>\n<h4>Cz\u0119sto zadawane pytania<\/h4>\n<h5>W jaki spos\u00f3b inteligentne funkcje poprawiaj\u0105 moje wra\u017cenia z waporyzacji?<\/h5>\n<p>JNR Media Max 40000 Puffs wykracza poza typowe wapowanie, oferuj\u0105c zintegrowane inteligentne funkcje, takie jak wykonywanie po\u0142\u0105cze\u0144, wysy\u0142anie wiadomo\u015bci tekstowych i zdalne sterowanie aparatem telefonu. Przekszta\u0142ca to waporyzator w wielofunkcyjny gad\u017cet, zwi\u0119kszaj\u0105cy wygod\u0119 codziennego \u017cycia. Funkcja \"znajd\u017a telefon\/vape\" jest szczeg\u00f3lnie przydatna, aby zapobiec zgubieniu.<\/p>\n<h5>Czy naprawd\u0119 mog\u0119 uzyska\u0107 40 000 zaci\u0105gni\u0119\u0107 z jednego urz\u0105dzenia?<\/h5>\n<p>Tak! JNR Media Max 40000 Puffs zosta\u0142 zaprojektowany z my\u015bl\u0105 o d\u0142ugowieczno\u015bci, zapewniaj\u0105c do 40 000 zaci\u0105gni\u0119\u0107. Ta wysoka pojemno\u015b\u0107, w po\u0142\u0105czeniu ze zbiornikiem e-liquidu o pojemno\u015bci 21 ml i pot\u0119\u017cnym akumulatorem 1000 mAh, zapewnia d\u0142u\u017csze u\u017cytkowanie, co czyni go doskona\u0142ym wyborem dla <strong>zam\u00f3wienie zbiorcze<\/strong> potrzeby.<\/p>\n<h5>Co sprawia, \u017ce 2,4-calowy wy\u015bwietlacz HD jest tak wyj\u0105tkowy?<\/h5>\n<p>Du\u017cy wy\u015bwietlacz HD o przek\u0105tnej 2,4 cala pozwala na \u0142atw\u0105 nawigacj\u0119 po inteligentnych funkcjach i zapewnia przejrzyste informacje o ustawieniach waporyzacji, liczbie zaci\u0105gni\u0119\u0107 i \u017cywotno\u015bci baterii. Ten przyjazny dla u\u017cytkownika interfejs sprawia, \u017ce JNR Media Max 40000 Puffs wyr\u00f3\u017cnia si\u0119 na rynku waporyzator\u00f3w jednorazowych.<\/p>\n<h5>Sk\u0105d mog\u0119 mie\u0107 pewno\u015b\u0107 co do jako\u015bci produktu i obs\u0142ugi klienta?<\/h5>\n<p>Obs\u0142ugujemy p\u0142atno\u015bci PayPal i us\u0142ug\u0119 ochrony kupuj\u0105cych. Mo\u017cesz r\u00f3wnie\u017c sprawdzi\u0107 nasze recenzje na <a href=\"https:\/\/www.trustpilot.com\/review\/volovape.com?utm_medium=trustbox&amp;utm_source=TrustBoxReviewCollector\">TrustPilot<\/a>.<\/p>","protected":false},"excerpt":{"rendered":"<p>Zmie\u0144 vaping dzi\u0119ki JNR Media Max 40000 Puffs Smart Vape. Ciesz si\u0119 21 ml e-liquidu, bateri\u0105 1000 mAh, wy\u015bwietlaczem HD 2,4\u2033, inteligentnymi funkcjami, nikotyn\u0105 5% i 10 smakami. \u0141adowanie typu C.<\/p>","protected":false},"featured_media":6306,"comment_status":"open","ping_status":"closed","template":"","meta":[],"product_brand":[],"product_cat":[79,74,21,18,39,20,23,24,22,25,26,27,28,29,30,31,32,33,34,35,36,40],"product_tag":[],"class_list":{"0":"post-6247","1":"product","2":"type-product","3":"status-publish","4":"has-post-thumbnail","6":"product_cat-jnr","7":"product_cat-40000-puffs-disposable-vape","8":"product_cat-big-puffs-vapes","9":"product_cat-different-puffs-of-disposable-vapes","10":"product_cat-digital-box-vapes","11":"product_cat-disposable-vape-types","12":"product_cat-disposable-vapes-in-austria","13":"product_cat-disposable-vapes-in-belgium","14":"product_cat-disposable-vapes-in-europe","15":"product_cat-disposable-vapes-in-france","16":"product_cat-disposable-vapes-in-germany","17":"product_cat-disposable-vapes-in-hungary","18":"product_cat-disposable-vapes-in-ltaly","19":"product_cat-disposable-vapes-in-netherlands","20":"product_cat-disposable-vapes-in-norway","21":"product_cat-disposable-vapes-in-poland","22":"product_cat-disposable-vapes-in-portugal","23":"product_cat-disposable-vapes-in-spain","24":"product_cat-disposable-vapes-in-sweden","25":"product_cat-disposable-vapes-in-switzerland","26":"product_cat-rechargeable-vapes","27":"product_cat-smart-screen-vapes","29":"first","30":"instock","31":"shipping-taxable","32":"purchasable","33":"product-type-variable","34":"has-default-attributes"},"jetpack_sharing_enabled":true,"tiered_pricing_type":"fixed","tiered_pricing_fixed_rules":{"2000":10.25},"tiered_pricing_product_settings":{"layout":"default","base_unit_name":{"singular":null,"plural":null},"default_variation":null},"tiered_pricing_minimum_quantity":1000,"tiered_pricing_roles_data":[],"tiered_pricing_percentage_rules":[],"tiered_pricing_maximum_quantity":null,"tiered_pricing_quantity_step":"10","_links":{"self":[{"href":"https:\/\/volovape.com\/pl\/wp-json\/wp\/v2\/product\/6247","targetHints":{"allow":["GET"]}}],"collection":[{"href":"https:\/\/volovape.com\/pl\/wp-json\/wp\/v2\/product"}],"about":[{"href":"https:\/\/volovape.com\/pl\/wp-json\/wp\/v2\/types\/product"}],"replies":[{"embeddable":true,"href":"https:\/\/volovape.com\/pl\/wp-json\/wp\/v2\/comments?post=6247"}],"wp:featuredmedia":[{"embeddable":true,"href":"https:\/\/volovape.com\/pl\/wp-json\/wp\/v2\/media\/6306"}],"wp:attachment":[{"href":"https:\/\/volovape.com\/pl\/wp-json\/wp\/v2\/media?parent=6247"}],"wp:term":[{"taxonomy":"product_brand","embeddable":true,"href":"https:\/\/volovape.com\/pl\/wp-json\/wp\/v2\/product_brand?post=6247"},{"taxonomy":"product_cat","embeddable":true,"href":"https:\/\/volovape.com\/pl\/wp-json\/wp\/v2\/product_cat?post=6247"},{"taxonomy":"product_tag","embeddable":true,"href":"https:\/\/volovape.com\/pl\/wp-json\/wp\/v2\/product_tag?post=6247"}],"curies":[{"name":"wp","href":"https:\/\/api.w.org\/{rel}","templated":true}]}}