{"id":6246,"date":"2024-11-29T04:36:13","date_gmt":"2024-11-29T04:36:13","guid":{"rendered":"https:\/\/volovape.com\/?post_type=product&#038;p=6246"},"modified":"2025-11-11T04:40:40","modified_gmt":"2025-11-11T04:40:40","slug":"jnr-falcon-x-18000-18k-bufkow","status":"publish","type":"product","link":"https:\/\/volovape.com\/pl\/product\/jnr-falcon-x-18000-18k-puffs\/","title":{"rendered":"JNR FALCON X 18000 puff\u00f3w jednorazowy vape - podw\u00f3jna siatka, regulowany przep\u0142yw powietrza, cyfrowy wy\u015bwietlacz"},"content":{"rendered":"<p><iframe title=\"Odtwarzacz wideo VideoPress\" aria-label='Odtwarzacz wideo VideoPress' width='421' height='750' src='https:\/\/videopress.com\/embed\/l1yxRMAO?hd=0&amp;cover=1' frameborder='0' allowfullscreen allow='clipboard-write'><\/iframe><script src='https:\/\/v0.wordpress.com\/js\/next\/videopress-iframe.js?m=1739540970'><\/script><\/p>\n<p><strong>JNR FALCON X 18000 puff\u00f3w jednorazowych Vape<\/strong> - Vaping na wy\u017cszym poziomie dzi\u0119ki dwurdzeniowej innowacji.<\/p>\n<p>Poznaj najnowocze\u015bniejsze <strong>JNR FALCON X 18000<\/strong>, wyposa\u017cony w zaawansowan\u0105 technologi\u0119 dwurdzeniow\u0105 zapewniaj\u0105c\u0105 niezr\u00f3wnan\u0105 wydajno\u015b\u0107. Z ogromnym <strong>18 000 puff<\/strong> pojemno\u015b\u0107 i <strong>Zbiornik e-liquidu o pojemno\u015bci 24 ml<\/strong>To urz\u0105dzenie zapewnia d\u0142u\u017csz\u0105 przyjemno\u015b\u0107 z u\u017cytkowania. W zestawie <strong>Akumulator o pojemno\u015bci 950 mAh<\/strong> I <strong>\u0141adowanie typu C<\/strong> zapewniaj\u0105 niezawodne zasilanie i szybkie \u0142adowanie. W zestawie <strong>Podw\u00f3jne cewki 0,6\u03a9<\/strong>w po\u0142\u0105czeniu z dwurdzeniow\u0105 technologi\u0105, zapewniaj\u0105 bogaty smak i g\u0119st\u0105 par\u0119. Dostosuj swoje doznania dzi\u0119ki <strong>regulowany przep\u0142yw powietrza<\/strong> i monitoruj swoje u\u017cycie za pomoc\u0105 <strong>cyfrowy wy\u015bwietlacz LED<\/strong> pokazuj\u0105cy liczb\u0119 zaci\u0105gni\u0119\u0107, poziom na\u0142adowania baterii i poziom e-liquidu. Dost\u0119pne w <strong>29 unikalnych smak\u00f3w<\/strong>FALCON X jest idealny zar\u00f3wno do u\u017cytku osobistego, jak i <strong>hurtownia vape jednorazowego u\u017cytku<\/strong>zapewniaj\u0105c najwy\u017cszej jako\u015bci doznania z waporyzacji dla ka\u017cdego <strong>zam\u00f3wienie zbiorcze<\/strong>.<\/p>\n<h3><strong>JNR FALCON X 18000 Cechy:<\/strong><\/h3>\n<ul>\n<li>Puffy: Do 18 000<\/li>\n<li>Pojemno\u015b\u0107 e-liquidu: 24 ml<\/li>\n<li>Bateria: 950 mAh (akumulator)<\/li>\n<li>\u0141adowanie: Typ-C<\/li>\n<li>Cewka: podw\u00f3jna cewka siatkowa 0,6\u03a9 i podw\u00f3jny rdze\u0144<\/li>\n<li>Przep\u0142yw powietrza: Regulowany<\/li>\n<li>Wy\u015bwietlacz: Cyfrowa dioda LED (liczba zaci\u0105gni\u0119\u0107, bateria, poziom e-cieczy)<\/li>\n<li>Moc nikotyny: 2%<\/li>\n<\/ul>\n<h4>Cz\u0119sto zadawane pytania<\/h4>\n<h5>W jaki spos\u00f3b technologia dwurdzeniowa poprawia moje wra\u017cenia z waporyzacji?<\/h5>\n<p>Dwurdzeniowy system JNR FALCON X 18000 zapewnia r\u00f3wnomierne ogrzewanie i lepsz\u0105 produkcj\u0119 aromatu, zapewniaj\u0105c bogatsz\u0105 i bardziej sp\u00f3jn\u0105 waporyzacj\u0119 z ka\u017cdym zaci\u0105gni\u0119ciem. Maksymalizuje on g\u0119sto\u015b\u0107 pary i intensywno\u015b\u0107 smaku, odr\u00f3\u017cniaj\u0105c go od standardowych waporyzator\u00f3w jednorazowych.<\/p>\n<h5>Czy naprawd\u0119 mog\u0119 monitorowa\u0107 poziom e-liquidu na wy\u015bwietlaczu cyfrowym?<\/h5>\n<p>Tak! JNR FALCON X 18000 jest wyposa\u017cony w cyfrowy wy\u015bwietlacz LED, kt\u00f3ry zapewnia aktualizacje w czasie rzeczywistym na temat poziomu e-cieczy, liczby zaci\u0105gni\u0119\u0107 i \u017cywotno\u015bci baterii. Pozwala to skutecznie zarz\u0105dza\u0107 do\u015bwiadczeniem waporyzacji i zapewnia, \u017ce nigdy nie zostaniesz zaskoczony.<\/p>\n<h5>Co sprawia, \u017ce 29 opcji smakowych jest tak wyj\u0105tkowych?<\/h5>\n<p>Ka\u017cdy z 29 smak\u00f3w JNR FALCON X 18000 zosta\u0142 starannie opracowany, aby zapewni\u0107 wyra\u017any i satysfakcjonuj\u0105cy smak. Od klasycznych mieszanek owocowych po innowacyjne miksy, takie jak Cherry Cola i Watermelon Lychee, ka\u017cdy znajdzie smak dla siebie. Idealny dla <strong>zam\u00f3wienie zbiorcze<\/strong> Ka\u017cdy smak zosta\u0142 zaprojektowany z my\u015bl\u0105 o sta\u0142ej przyjemno\u015bci.<\/p>\n<h5>Jak mog\u0119 by\u0107 pewny jako\u015bci i niezawodno\u015bci produktu?<\/h5>\n<p>Obs\u0142ugujemy p\u0142atno\u015bci PayPal i us\u0142ug\u0119 ochrony kupuj\u0105cych. Mo\u017cesz r\u00f3wnie\u017c sprawdzi\u0107 nasze recenzje na <a href=\"https:\/\/www.trustpilot.com\/review\/volovape.com?utm_medium=trustbox&amp;utm_source=TrustBoxReviewCollector\">TrustPilot<\/a>.<\/p>","protected":false},"excerpt":{"rendered":"<p>Uwolnij doskona\u0142o\u015b\u0107 waporyzacji dzi\u0119ki JNR Falcon X 18000 Puffs Vape. Posiada 24 ml e-liquidu, bateri\u0119 950 mAh, podw\u00f3jne cewki siatkowe, wy\u015bwietlacz LED, nikotyn\u0119 2% i 29 smak\u00f3w. \u0141adowanie typu C.<\/p>","protected":false},"featured_media":6280,"comment_status":"open","ping_status":"closed","template":"","meta":[],"product_brand":[],"product_cat":[79,50,21,43,18,39,20,23,24,22,25,26,27,28,29,30,31,32,33,34,35,44,36,40],"product_tag":[],"class_list":{"0":"post-6246","1":"product","2":"type-product","3":"status-publish","4":"has-post-thumbnail","6":"product_cat-jnr","7":"product_cat-18000-puffs-disposable-vape","8":"product_cat-big-puffs-vapes","9":"product_cat-crystal-vapes","10":"product_cat-different-puffs-of-disposable-vapes","11":"product_cat-digital-box-vapes","12":"product_cat-disposable-vape-types","13":"product_cat-disposable-vapes-in-austria","14":"product_cat-disposable-vapes-in-belgium","15":"product_cat-disposable-vapes-in-europe","16":"product_cat-disposable-vapes-in-france","17":"product_cat-disposable-vapes-in-germany","18":"product_cat-disposable-vapes-in-hungary","19":"product_cat-disposable-vapes-in-ltaly","20":"product_cat-disposable-vapes-in-netherlands","21":"product_cat-disposable-vapes-in-norway","22":"product_cat-disposable-vapes-in-poland","23":"product_cat-disposable-vapes-in-portugal","24":"product_cat-disposable-vapes-in-spain","25":"product_cat-disposable-vapes-in-sweden","26":"product_cat-disposable-vapes-in-switzerland","27":"product_cat-dual-mesh-vapes","28":"product_cat-rechargeable-vapes","29":"product_cat-smart-screen-vapes","31":"first","32":"instock","33":"shipping-taxable","34":"purchasable","35":"product-type-variable","36":"has-default-attributes"},"jetpack_sharing_enabled":true,"tiered_pricing_type":"fixed","tiered_pricing_fixed_rules":{"30":8.17999999999999971578290569595992565155029296875,"50":7.78000000000000024868995751603506505489349365234375,"100":7.04000000000000003552713678800500929355621337890625,"200":6.6699999999999999289457264239899814128875732421875,"400":6.11000000000000031974423109204508364200592041015625},"tiered_pricing_product_settings":{"layout":"default","base_unit_name":{"singular":null,"plural":null},"default_variation":null},"tiered_pricing_minimum_quantity":null,"tiered_pricing_roles_data":[],"tiered_pricing_percentage_rules":[],"tiered_pricing_maximum_quantity":"10","tiered_pricing_quantity_step":"10","_links":{"self":[{"href":"https:\/\/volovape.com\/pl\/wp-json\/wp\/v2\/product\/6246","targetHints":{"allow":["GET"]}}],"collection":[{"href":"https:\/\/volovape.com\/pl\/wp-json\/wp\/v2\/product"}],"about":[{"href":"https:\/\/volovape.com\/pl\/wp-json\/wp\/v2\/types\/product"}],"replies":[{"embeddable":true,"href":"https:\/\/volovape.com\/pl\/wp-json\/wp\/v2\/comments?post=6246"}],"wp:featuredmedia":[{"embeddable":true,"href":"https:\/\/volovape.com\/pl\/wp-json\/wp\/v2\/media\/6280"}],"wp:attachment":[{"href":"https:\/\/volovape.com\/pl\/wp-json\/wp\/v2\/media?parent=6246"}],"wp:term":[{"taxonomy":"product_brand","embeddable":true,"href":"https:\/\/volovape.com\/pl\/wp-json\/wp\/v2\/product_brand?post=6246"},{"taxonomy":"product_cat","embeddable":true,"href":"https:\/\/volovape.com\/pl\/wp-json\/wp\/v2\/product_cat?post=6246"},{"taxonomy":"product_tag","embeddable":true,"href":"https:\/\/volovape.com\/pl\/wp-json\/wp\/v2\/product_tag?post=6246"}],"curies":[{"name":"wp","href":"https:\/\/api.w.org\/{rel}","templated":true}]}}