{"id":6245,"date":"2024-11-29T04:36:13","date_gmt":"2024-11-29T04:36:13","guid":{"rendered":"https:\/\/volovape.com\/?post_type=product&#038;p=6245"},"modified":"2025-11-04T06:54:05","modified_gmt":"2025-11-04T06:54:05","slug":"jnr-falon-16000-16k-buchow","status":"publish","type":"product","link":"https:\/\/volovape.com\/pl\/product\/jnr-falon-16000-16k-puffs\/","title":{"rendered":"JNR Falcon 16000 Puffs jednorazowy Vape - podw\u00f3jna siatka, regulowany przep\u0142yw powietrza, kryszta\u0142owa konstrukcja"},"content":{"rendered":"<p><iframe title=\"Odtwarzacz wideo VideoPress\" aria-label='Odtwarzacz wideo VideoPress' width='500' height='281' src='https:\/\/videopress.com\/embed\/IW3jjut3?hd=0&amp;cover=1' frameborder='0' allowfullscreen allow='clipboard-write'><\/iframe><script src='https:\/\/v0.wordpress.com\/js\/next\/videopress-iframe.js?m=1739540970'><\/script><\/p>\n<p><strong>JNR Falcon 16000 Puffs Original Edition Jednorazowy Vape<\/strong> - Niezr\u00f3wnany styl i wydajno\u015b\u0107.<\/p>\n<p>Ten <strong>JNR Falcon 16000 zaci\u0105gni\u0119\u0107<\/strong> wyznacza nowy standard dla jednorazowych waporyzator\u00f3w, \u0142\u0105cz\u0105c wyrafinowany kryszta\u0142owy design z wyj\u0105tkow\u0105 wydajno\u015bci\u0105. Ciesz si\u0119 nawet <strong>16 000 zaci\u0105gni\u0119\u0107<\/strong> od hojnego <strong>Pojemno\u015b\u0107 e-liquidu 22 ml<\/strong>zapewniaj\u0105c d\u0142ugotrwa\u0142e i satysfakcjonuj\u0105ce wra\u017cenia. Zaawansowany <strong>Cewka o podw\u00f3jnej siatce 1\u03a9<\/strong> zapewnia bogaty, sp\u00f3jny smak, podczas gdy <strong>regulowany przep\u0142yw powietrza<\/strong> pozwala na spersonalizowane losowanie. Z <strong>28 opcji smakowych<\/strong> i <strong>Moc nikotyny 2%<\/strong>To urz\u0105dzenie zaspokaja r\u00f3\u017cnorodne preferencje. Zasilany przez <strong>Akumulator 850mAh<\/strong> z <strong>Szybkie \u0142adowanie typu C<\/strong>Falcon 16000 oferuje niezawodno\u015b\u0107 i wygod\u0119. Idealny do osobistej przyjemno\u015bci lub <strong>hurtownia vape jednorazowego u\u017cytku<\/strong>zapoznaj si\u0119 z nasz\u0105 <strong>zam\u00f3wienie zbiorcze<\/strong> opcje zapewniaj\u0105ce du\u017ce oszcz\u0119dno\u015bci.<\/p>\n<h3><strong>JNR Falcon 16000 Puffs Cechy:<\/strong><\/h3>\n<ul>\n<li>Nikotyna: 2%<\/li>\n<li>Puffy: 16000<\/li>\n<li>Pojemno\u015b\u0107 e-liquidu: 22 ml<\/li>\n<li>Bateria: 850 mAh (akumulator)<\/li>\n<li>Cewka: podw\u00f3jna cewka siatkowa 1\u03a9<\/li>\n<li>Projekt: Crystal Craft Exterior<\/li>\n<li>Przep\u0142yw powietrza: Regulowany<\/li>\n<li>Smaki: 28 opcji<\/li>\n<li>\u0141adowanie: Typ-C<\/li>\n<\/ul>\n<h4>Cz\u0119sto zadawane pytania<\/h4>\n<h5>W jaki spos\u00f3b regulowany przep\u0142yw powietrza poprawia moje wra\u017cenia z waporyzacji?<\/h5>\n<p>Regulowany przep\u0142yw powietrza pozwala na dostosowanie oporu zaci\u0105gania, umo\u017cliwiaj\u0105c prze\u0142\u0105czanie mi\u0119dzy g\u0119stym, skoncentrowanym smakiem lub lu\u017aniejsz\u0105, przewiewn\u0105 produkcj\u0105 pary, dostosowuj\u0105c waporyzacj\u0119 do w\u0142asnych preferencji.<\/p>\n<h5>Jakie metody wysy\u0142ki s\u0105 stosowane?<\/h5>\n<p>Wsp\u00f3\u0142pracujemy z zaufanymi przewo\u017anikami, takimi jak UPS, DHL, FedEx i DPD, aby zapewni\u0107 najbardziej efektywn\u0105 opcj\u0119 wysy\u0142ki w zale\u017cno\u015bci od lokalizacji, zapewniaj\u0105c szybk\u0105 i niezawodn\u0105 dostaw\u0119.<\/p>\n<h5>Jak d\u0142ugo potrwa dostawa mojego zam\u00f3wienia?<\/h5>\n<p>Dostawa trwa zazwyczaj od 7 do 15 dni roboczych. Jednak w okresie \u015bwi\u0105tecznym lub przy niekorzystnych warunkach pogodowych dostawa mo\u017ce potrwa\u0107 do 20 dni roboczych.<\/p>\n<h5>Czy napotkam jakie\u015b problemy z c\u0142em lub podatkami?<\/h5>\n<p>Obs\u0142ugujemy wszystkie procedury odprawy celnej, gwarantuj\u0105c, \u017ce nie b\u0119dzie \u017cadnych dodatkowych podatk\u00f3w ani op\u0142at. Zapewniamy odpraw\u0119 celn\u0105 100% dla wszystkich naszych produkt\u00f3w.<\/p>\n<h5>Czy m\u00f3j zakup jest chroniony?<\/h5>\n<p>Tak, oferujemy bezpieczne opcje p\u0142atno\u015bci, w tym PayPal z ochron\u0105 kupuj\u0105cego. Mo\u017cesz r\u00f3wnie\u017c zweryfikowa\u0107 nasz\u0105 wiarygodno\u015b\u0107, sprawdzaj\u0105c opinie naszych klient\u00f3w na stronie <a href=\"https:\/\/www.trustpilot.com\/review\/volovape.com?utm_medium=trustbox&amp;utm_source=TrustBoxReviewCollector\">TrustPilot<\/a>.<\/p>","protected":false},"excerpt":{"rendered":"<p>Odkryj JNR Falcon 16000 Puffs Disposable Vape z 22 ml e-liquidu, bateri\u0105 850 mAh, podw\u00f3jnymi cewkami siatkowymi, regulowanym przep\u0142ywem powietrza i nikotyn\u0105 2%. Elegancki, kryszta\u0142owy design, 28 smak\u00f3w, \u0142adowanie typu C.<\/p>","protected":false},"featured_media":6263,"comment_status":"open","ping_status":"closed","template":"","meta":[],"product_brand":[],"product_cat":[79,51,21,43,18,39,20,23,24,22,25,26,27,28,29,30,31,32,33,34,35,44,36,40],"product_tag":[],"class_list":{"0":"post-6245","1":"product","2":"type-product","3":"status-publish","4":"has-post-thumbnail","6":"product_cat-jnr","7":"product_cat-16000-puffs-disposable-vape","8":"product_cat-big-puffs-vapes","9":"product_cat-crystal-vapes","10":"product_cat-different-puffs-of-disposable-vapes","11":"product_cat-digital-box-vapes","12":"product_cat-disposable-vape-types","13":"product_cat-disposable-vapes-in-austria","14":"product_cat-disposable-vapes-in-belgium","15":"product_cat-disposable-vapes-in-europe","16":"product_cat-disposable-vapes-in-france","17":"product_cat-disposable-vapes-in-germany","18":"product_cat-disposable-vapes-in-hungary","19":"product_cat-disposable-vapes-in-ltaly","20":"product_cat-disposable-vapes-in-netherlands","21":"product_cat-disposable-vapes-in-norway","22":"product_cat-disposable-vapes-in-poland","23":"product_cat-disposable-vapes-in-portugal","24":"product_cat-disposable-vapes-in-spain","25":"product_cat-disposable-vapes-in-sweden","26":"product_cat-disposable-vapes-in-switzerland","27":"product_cat-dual-mesh-vapes","28":"product_cat-rechargeable-vapes","29":"product_cat-smart-screen-vapes","31":"first","32":"instock","33":"shipping-taxable","34":"purchasable","35":"product-type-variable","36":"has-default-attributes"},"jetpack_sharing_enabled":true,"tiered_pricing_type":"fixed","tiered_pricing_fixed_rules":{"30":8,"50":7.589999999999999857891452847979962825775146484375,"100":6.8499999999999996447286321199499070644378662109375,"200":6.480000000000000426325641456060111522674560546875,"400":5.92999999999999971578290569595992565155029296875},"tiered_pricing_product_settings":{"layout":"default","base_unit_name":{"singular":null,"plural":null},"default_variation":null},"tiered_pricing_minimum_quantity":10,"tiered_pricing_roles_data":[],"tiered_pricing_percentage_rules":[],"tiered_pricing_maximum_quantity":null,"tiered_pricing_quantity_step":"10","_links":{"self":[{"href":"https:\/\/volovape.com\/pl\/wp-json\/wp\/v2\/product\/6245","targetHints":{"allow":["GET"]}}],"collection":[{"href":"https:\/\/volovape.com\/pl\/wp-json\/wp\/v2\/product"}],"about":[{"href":"https:\/\/volovape.com\/pl\/wp-json\/wp\/v2\/types\/product"}],"replies":[{"embeddable":true,"href":"https:\/\/volovape.com\/pl\/wp-json\/wp\/v2\/comments?post=6245"}],"wp:featuredmedia":[{"embeddable":true,"href":"https:\/\/volovape.com\/pl\/wp-json\/wp\/v2\/media\/6263"}],"wp:attachment":[{"href":"https:\/\/volovape.com\/pl\/wp-json\/wp\/v2\/media?parent=6245"}],"wp:term":[{"taxonomy":"product_brand","embeddable":true,"href":"https:\/\/volovape.com\/pl\/wp-json\/wp\/v2\/product_brand?post=6245"},{"taxonomy":"product_cat","embeddable":true,"href":"https:\/\/volovape.com\/pl\/wp-json\/wp\/v2\/product_cat?post=6245"},{"taxonomy":"product_tag","embeddable":true,"href":"https:\/\/volovape.com\/pl\/wp-json\/wp\/v2\/product_tag?post=6245"}],"curies":[{"name":"wp","href":"https:\/\/api.w.org\/{rel}","templated":true}]}}