{"id":600,"date":"2024-11-21T03:31:02","date_gmt":"2024-11-21T03:31:02","guid":{"rendered":"https:\/\/volovape.com\/?post_type=product&#038;p=600"},"modified":"2025-08-20T02:44:43","modified_gmt":"2025-08-20T02:44:43","slug":"aivono-boom-patriot-edition-25000-zaciagniec","status":"publish","type":"product","link":"https:\/\/volovape.com\/pl\/product\/aivono-boom-patriot-edition-25000-puffs\/","title":{"rendered":"Jednorazowy vape AIVONO Boom Patriot Edition 25000 zaci\u0105gni\u0119\u0107 - podw\u00f3jna siatka z wy\u015bwietlaczem LCD"},"content":{"rendered":"<p><strong>AIVONO BOOM PATRIOT EDITION 25000 Puff Podw\u00f3jna siatka LCD Jednorazowy Vape<\/strong> - Poka\u017c swojego patriotycznego ducha dzi\u0119ki AIVONO BOOM PATRIOT EDITION, zapewniaj\u0105cemu wyj\u0105tkowe 25 000 zaci\u0105gni\u0119\u0107. Ten jednorazowy waporyzator o du\u017cej pojemno\u015bci posiada zbiornik na e-liquid o pojemno\u015bci 28 ml, akumulator o pojemno\u015bci 650 mAh oraz zaawansowan\u0105 technologi\u0119 podw\u00f3jnej cewki siatkowej, kt\u00f3ra zapewnia niezmiennie bogat\u0105 i aromatyczn\u0105 par\u0119. Zintegrowany wy\u015bwietlacz LCD zapewnia informacje o stanie baterii i liczbie zaci\u0105gni\u0119\u0107 w czasie rzeczywistym. Idealne do u\u017cytku osobistego i jednorazowych hurtowych zam\u00f3wie\u0144 vape, urz\u0105dzenie to oferuje moc nikotyny 0%, 2%, 3% lub 5% oraz wyb\u00f3r 8 pysznych smak\u00f3w.<\/p>\n<h3><strong>AIVONO BOOM PATRIOT EDITION 25000 Puff Cechy:<\/strong><\/h3>\n<ul>\n<li>Puffy: 25000 puff\u00f3w<\/li>\n<li>Pojemno\u015b\u0107 e-liquidu: 28 ml<\/li>\n<li>Bateria: 650 mAh (akumulator)<\/li>\n<li>\u0141adowanie: Typ-C<\/li>\n<li>Cewka: Podw\u00f3jne cewki siatkowe<\/li>\n<li>Wy\u015bwietlacz: Wy\u015bwietlacz LCD (bateria i liczba zaci\u0105gni\u0119\u0107)<\/li>\n<li>Moc nikotyny: 0%, 2%, 3%, 5%<\/li>\n<li>Opcje smakowe: Iced Watermelon Cherry, Raspberry Peach Lime, Watermelon Ice, Melon Lemon, Blue Razz Ice, Sour Mango Pineapple, Green Apple Grape, Miami Mint.<\/li>\n<\/ul>\n<h4>Cz\u0119sto zadawane pytania<\/h4>\n<h5>W jaki spos\u00f3b technologia podw\u00f3jnej cewki siatkowej poprawia wra\u017cenia z waporyzacji?<\/h5>\n<p>Konstrukcja z podw\u00f3jn\u0105 cewk\u0105 siatkow\u0105 zapewnia wi\u0119ksz\u0105 powierzchni\u0119 grzewcz\u0105, co skutkuje bardziej r\u00f3wnomiernym ogrzewaniem i znacznie lepsz\u0105 produkcj\u0105 smaku i pary. Technologia ta zapewnia niezmiennie p\u0142ynne i satysfakcjonuj\u0105ce doznania podczas waporyzacji.<\/p>\n<h5>Jakie metody wysy\u0142ki s\u0105 dost\u0119pne?<\/h5>\n<p>Wsp\u00f3\u0142pracujemy z niezawodnymi przewo\u017anikami, w tym UPS, DHL, FedEx i DPD, aby oferowa\u0107 wydajn\u0105 i niezawodn\u0105 wysy\u0142k\u0119. Najbardziej odpowiednia metoda wysy\u0142ki jest wybierana na podstawie lokalizacji dostawy.<\/p>\n<h5>Jak d\u0142ugo zazwyczaj trwa wysy\u0142ka?<\/h5>\n<p>Wysy\u0142ka trwa zwykle od 7 do 15 dni roboczych, ale w okresie \u015bwi\u0105tecznym lub w przypadku niekorzystnych warunk\u00f3w pogodowych czas dostawy mo\u017ce wyd\u0142u\u017cy\u0107 si\u0119 do 20 dni roboczych.<\/p>\n<h5>Czy ponios\u0119 jakiekolwiek op\u0142aty celne lub podatki?<\/h5>\n<p>Zajmujemy si\u0119 wszystkimi odprawami celnymi, gwarantuj\u0105c, \u017ce nie poniesiesz \u017cadnych dodatkowych podatk\u00f3w ani op\u0142at. 100% naszych produkt\u00f3w przechodzi odpraw\u0119 celn\u0105 bez \u017cadnych problem\u00f3w.<\/p>\n<h5>Czy m\u00f3j zakup jest bezpieczny i godny zaufania?<\/h5>\n<p>Oferujemy bezpieczne transakcje dzi\u0119ki ochronie kupuj\u0105cych w systemie PayPal. Mo\u017cesz r\u00f3wnie\u017c zweryfikowa\u0107 nasz\u0105 niezawodno\u015b\u0107, sprawdzaj\u0105c opinie klient\u00f3w na stronie <a href=\"https:\/\/www.trustpilot.com\/review\/volovape.com?utm_medium=trustbox&amp;utm_source=TrustBoxReviewCollector\">TrustPilot<\/a>.<\/p>","protected":false},"excerpt":{"rendered":"<p>Zdob\u0105d\u017a entuzjast\u00f3w vape z AIVONO BOOM PATRIOT EDITION 25000 Puffs hurtowo! Podw\u00f3jne cewki siatkowe, wy\u015bwietlacz LCD, 28 ml, akumulator. Patriotyczne waporyzatory o wysokiej mocy z zaawansowanymi funkcjami.<\/p>","protected":false},"featured_media":969,"comment_status":"open","ping_status":"closed","template":"","meta":[],"product_brand":[],"product_cat":[67,45,63,21,18,39,20,23,24,22,25,26,27,28,29,30,31,32,33,34,35,44,36,40],"product_tag":[],"class_list":{"0":"post-600","1":"product","2":"type-product","3":"status-publish","4":"has-post-thumbnail","6":"product_cat-aivono","7":"product_cat-25000-puffs-disposable-vape","8":"product_cat-30000-puffs-disposable-vape","9":"product_cat-big-puffs-vapes","10":"product_cat-different-puffs-of-disposable-vapes","11":"product_cat-digital-box-vapes","12":"product_cat-disposable-vape-types","13":"product_cat-disposable-vapes-in-austria","14":"product_cat-disposable-vapes-in-belgium","15":"product_cat-disposable-vapes-in-europe","16":"product_cat-disposable-vapes-in-france","17":"product_cat-disposable-vapes-in-germany","18":"product_cat-disposable-vapes-in-hungary","19":"product_cat-disposable-vapes-in-ltaly","20":"product_cat-disposable-vapes-in-netherlands","21":"product_cat-disposable-vapes-in-norway","22":"product_cat-disposable-vapes-in-poland","23":"product_cat-disposable-vapes-in-portugal","24":"product_cat-disposable-vapes-in-spain","25":"product_cat-disposable-vapes-in-sweden","26":"product_cat-disposable-vapes-in-switzerland","27":"product_cat-dual-mesh-vapes","28":"product_cat-rechargeable-vapes","29":"product_cat-smart-screen-vapes","31":"first","32":"instock","33":"shipping-taxable","34":"purchasable","35":"product-type-variable","36":"has-default-attributes"},"jetpack_sharing_enabled":true,"tiered_pricing_type":"fixed","tiered_pricing_fixed_rules":{"30":9.1899999999999995026200849679298698902130126953125,"50":9.0099999999999997868371792719699442386627197265625,"100":8.3800000000000007815970093361102044582366943359375,"200":7.69000000000000039079850466805510222911834716796875,"400":7.480000000000000426325641456060111522674560546875},"tiered_pricing_product_settings":{"layout":"default","base_unit_name":{"singular":null,"plural":null},"default_variation":null},"tiered_pricing_minimum_quantity":10,"tiered_pricing_roles_data":[],"tiered_pricing_percentage_rules":[],"tiered_pricing_maximum_quantity":null,"tiered_pricing_quantity_step":"10","_links":{"self":[{"href":"https:\/\/volovape.com\/pl\/wp-json\/wp\/v2\/product\/600","targetHints":{"allow":["GET"]}}],"collection":[{"href":"https:\/\/volovape.com\/pl\/wp-json\/wp\/v2\/product"}],"about":[{"href":"https:\/\/volovape.com\/pl\/wp-json\/wp\/v2\/types\/product"}],"replies":[{"embeddable":true,"href":"https:\/\/volovape.com\/pl\/wp-json\/wp\/v2\/comments?post=600"}],"wp:featuredmedia":[{"embeddable":true,"href":"https:\/\/volovape.com\/pl\/wp-json\/wp\/v2\/media\/969"}],"wp:attachment":[{"href":"https:\/\/volovape.com\/pl\/wp-json\/wp\/v2\/media?parent=600"}],"wp:term":[{"taxonomy":"product_brand","embeddable":true,"href":"https:\/\/volovape.com\/pl\/wp-json\/wp\/v2\/product_brand?post=600"},{"taxonomy":"product_cat","embeddable":true,"href":"https:\/\/volovape.com\/pl\/wp-json\/wp\/v2\/product_cat?post=600"},{"taxonomy":"product_tag","embeddable":true,"href":"https:\/\/volovape.com\/pl\/wp-json\/wp\/v2\/product_tag?post=600"}],"curies":[{"name":"wp","href":"https:\/\/api.w.org\/{rel}","templated":true}]}}