{"id":599,"date":"2024-11-21T03:31:02","date_gmt":"2024-11-21T03:31:02","guid":{"rendered":"https:\/\/volovape.com\/?post_type=product&#038;p=599"},"modified":"2025-08-06T08:03:18","modified_gmt":"2025-08-06T08:03:18","slug":"bang-box-12000-zaciagniec","status":"publish","type":"product","link":"https:\/\/volovape.com\/pl\/product\/bang-box-12000-puffs\/","title":{"rendered":"Bang Box 12000 Puffs jednorazowy Vape - akumulator, cewka siatkowa"},"content":{"rendered":"<p><strong>Bang Box 12000 Puffs jednorazowy akumulator Vape<\/strong> - Ciesz si\u0119 sp\u00f3jnym i aromatycznym wapowaniem z Bang Box 12000. Ten jednorazowy waporyzator oferuje do 12 000 zaci\u0105gni\u0119\u0107, zbiornik e-liquidu o pojemno\u015bci 20 ml i akumulator o pojemno\u015bci 650 mAh. Zaawansowana cewka siatkowa zapewnia p\u0142ynn\u0105 i bogat\u0105 produkcj\u0119 pary, idealn\u0105 do u\u017cytku osobistego i jednorazowych hurtowych zam\u00f3wie\u0144 vape. Do wyboru s\u0105 modele o mocy nikotyny 0%, 2%, 3% lub 5% oraz 11 pysznych smak\u00f3w.<\/p>\n<h3><strong>Bang Box 12000 Puffs Cechy:<\/strong><\/h3>\n<ul>\n<li>Puffy: 12000 puff\u00f3w<\/li>\n<li>Pojemno\u015b\u0107 e-liquidu: 20 ml<\/li>\n<li>Bateria: 650 mAh (akumulator)<\/li>\n<li>\u0141adowanie: Typ-C<\/li>\n<li>Cewka: Siatkowa cewka<\/li>\n<li>Moc nikotyny: 0%, 2%, 3%, 5%<\/li>\n<li>Opcje smakowe: Strawberry Banana, Kiwi Passion Fruit Guava, Strawberry Kiwi, Blue Razz Ice, Sour Apple Raspberry, Watermelon Bubble Gum, Strawberry Watermelon, Strawberry Juice, Watermelon Ice, Peach Mango Watermelon, Blueberry Ice.<\/li>\n<\/ul>\n<h4>Cz\u0119sto zadawane pytania<\/h4>\n<h5>W jaki spos\u00f3b cewka siatkowa poprawia wra\u017cenia z waporyzacji?<\/h5>\n<p>Siatkowa konstrukcja cewki zapewnia wi\u0119ksz\u0105 powierzchni\u0119 grzewcz\u0105, co skutkuje bardziej r\u00f3wnomiernym ogrzewaniem oraz lepsz\u0105 produkcj\u0105 smaku i pary. Technologia ta zapewnia niezmiennie p\u0142ynne i satysfakcjonuj\u0105ce doznania podczas waporyzacji.<\/p>\n<h5>Jakie metody wysy\u0142ki s\u0105 dost\u0119pne?<\/h5>\n<p>Wsp\u00f3\u0142pracujemy z niezawodnymi przewo\u017anikami, w tym UPS, DHL, FedEx i DPD, aby oferowa\u0107 wydajn\u0105 i niezawodn\u0105 wysy\u0142k\u0119. Najbardziej odpowiednia metoda wysy\u0142ki jest wybierana na podstawie lokalizacji dostawy.<\/p>\n<h5>Jak d\u0142ugo zazwyczaj trwa wysy\u0142ka?<\/h5>\n<p>Wysy\u0142ka trwa zwykle od 7 do 15 dni roboczych, ale w okresie \u015bwi\u0105tecznym lub w przypadku niekorzystnych warunk\u00f3w pogodowych czas dostawy mo\u017ce wyd\u0142u\u017cy\u0107 si\u0119 do 20 dni roboczych.<\/p>\n<h5>Czy s\u0105 jakie\u015b op\u0142aty celne lub podatki?<\/h5>\n<p>Zajmujemy si\u0119 wszystkimi odprawami celnymi, gwarantuj\u0105c, \u017ce nie poniesiesz \u017cadnych dodatkowych podatk\u00f3w ani op\u0142at. 100% naszych produkt\u00f3w przechodzi odpraw\u0119 celn\u0105 bez \u017cadnych problem\u00f3w.<\/p>","protected":false},"excerpt":{"rendered":"<p>Poszerz swoj\u0105 ofert\u0119 vape o Bang Box 12000 Puffs hurtowo! Siatkowa cewka, 20 ml, akumulator. Niezawodne, aromatyczne waporyzatory z r\u00f3\u017cnymi opcjami nikotyny.<\/p>","protected":false},"featured_media":954,"comment_status":"open","ping_status":"closed","template":"","meta":[],"product_brand":[],"product_cat":[61,38,21,18,20,23,24,22,25,26,27,28,29,30,31,32,33,34,35,36],"product_tag":[],"class_list":{"0":"post-599","1":"product","2":"type-product","3":"status-publish","4":"has-post-thumbnail","6":"product_cat-bang","7":"product_cat-12000-puffs-disposable-vape","8":"product_cat-big-puffs-vapes","9":"product_cat-different-puffs-of-disposable-vapes","10":"product_cat-disposable-vape-types","11":"product_cat-disposable-vapes-in-austria","12":"product_cat-disposable-vapes-in-belgium","13":"product_cat-disposable-vapes-in-europe","14":"product_cat-disposable-vapes-in-france","15":"product_cat-disposable-vapes-in-germany","16":"product_cat-disposable-vapes-in-hungary","17":"product_cat-disposable-vapes-in-ltaly","18":"product_cat-disposable-vapes-in-netherlands","19":"product_cat-disposable-vapes-in-norway","20":"product_cat-disposable-vapes-in-poland","21":"product_cat-disposable-vapes-in-portugal","22":"product_cat-disposable-vapes-in-spain","23":"product_cat-disposable-vapes-in-sweden","24":"product_cat-disposable-vapes-in-switzerland","25":"product_cat-rechargeable-vapes","27":"first","28":"instock","29":"shipping-taxable","30":"purchasable","31":"product-type-variable","32":"has-default-attributes"},"jetpack_sharing_enabled":true,"tiered_pricing_type":"fixed","tiered_pricing_fixed_rules":{"2000":4.13999999999999968025576890795491635799407958984375},"tiered_pricing_product_settings":{"layout":"default","base_unit_name":{"singular":null,"plural":null},"default_variation":null},"tiered_pricing_minimum_quantity":1000,"tiered_pricing_roles_data":[],"tiered_pricing_percentage_rules":[],"tiered_pricing_maximum_quantity":null,"tiered_pricing_quantity_step":"10","_links":{"self":[{"href":"https:\/\/volovape.com\/pl\/wp-json\/wp\/v2\/product\/599","targetHints":{"allow":["GET"]}}],"collection":[{"href":"https:\/\/volovape.com\/pl\/wp-json\/wp\/v2\/product"}],"about":[{"href":"https:\/\/volovape.com\/pl\/wp-json\/wp\/v2\/types\/product"}],"replies":[{"embeddable":true,"href":"https:\/\/volovape.com\/pl\/wp-json\/wp\/v2\/comments?post=599"}],"wp:featuredmedia":[{"embeddable":true,"href":"https:\/\/volovape.com\/pl\/wp-json\/wp\/v2\/media\/954"}],"wp:attachment":[{"href":"https:\/\/volovape.com\/pl\/wp-json\/wp\/v2\/media?parent=599"}],"wp:term":[{"taxonomy":"product_brand","embeddable":true,"href":"https:\/\/volovape.com\/pl\/wp-json\/wp\/v2\/product_brand?post=599"},{"taxonomy":"product_cat","embeddable":true,"href":"https:\/\/volovape.com\/pl\/wp-json\/wp\/v2\/product_cat?post=599"},{"taxonomy":"product_tag","embeddable":true,"href":"https:\/\/volovape.com\/pl\/wp-json\/wp\/v2\/product_tag?post=599"}],"curies":[{"name":"wp","href":"https:\/\/api.w.org\/{rel}","templated":true}]}}