{"id":5798,"date":"2024-11-21T03:49:18","date_gmt":"2024-11-21T03:49:18","guid":{"rendered":"https:\/\/volovape.com\/?post_type=product&#038;p=5798"},"modified":"2025-11-04T06:53:58","modified_gmt":"2025-11-04T06:53:58","slug":"vapme-20k-krysztal-podwojny-smak-20000-zaciagniec","status":"publish","type":"product","link":"https:\/\/volovape.com\/pl\/product\/vapme-20k-crystal-double-flavor-20000-puffs\/","title":{"rendered":"VAPME 20K Crystal jednorazowy vape o podw\u00f3jnym smaku - 20000 zaci\u0105gni\u0119\u0107, cewka siatkowa"},"content":{"rendered":"<p><strong>VAPME 20K Crystal Double Flavor Vape jednorazowego u\u017cytku<\/strong> - Do\u015bwiadcz dw\u00f3ch smak\u00f3w i 20 000 zaci\u0105gni\u0119\u0107 w jednym urz\u0105dzeniu.<\/p>\n<p>Ten <strong>VAPME 20K Crystal Double Flavor<\/strong> redefiniuje jednorazow\u0105 waporyzacj\u0119 dzi\u0119ki unikalnemu systemowi dw\u00f3ch smak\u00f3w, umo\u017cliwiaj\u0105c prze\u0142\u0105czanie si\u0119 mi\u0119dzy dwoma profesjonalnie po\u0142\u0105czonymi smakami bez wysi\u0142ku. Ciesz si\u0119 nawet <strong>20 000 zaci\u0105gni\u0119\u0107<\/strong> z hojnym <strong>Pojemno\u015b\u0107 20 ml e-liquidu<\/strong> i solidny <strong>Akumulator o pojemno\u015bci 700 mAh<\/strong>. Wyposa\u017cony w <strong>cewka siatkowa<\/strong> dla doskona\u0142ego dostarczania smaku i <strong>Moc nikotyny 2%<\/strong>Urz\u0105dzenie to zapewnia p\u0142ynn\u0105 i satysfakcjonuj\u0105c\u0105 waporyzacj\u0119. Idealne zar\u00f3wno do u\u017cytku osobistego, jak i <strong>hurtownia vape jednorazowego u\u017cytku<\/strong>To urz\u0105dzenie zapewnia wygod\u0119 i trwa\u0142o\u015b\u0107. Idealne dla os\u00f3b szukaj\u0105cych <strong>zam\u00f3wienie zbiorcze<\/strong> materia\u0142\u00f3w jednorazowych o du\u017cej pojemno\u015bci.<\/p>\n<h3><strong>Cechy VAPME 20K Crystal Double Flavor:<\/strong><\/h3>\n<ul>\n<li>Puffy: Do 20 000<\/li>\n<li>Pojemno\u015b\u0107 e-liquidu: 20 ml<\/li>\n<li>Bateria: 700 mAh (akumulator)<\/li>\n<li>\u0141adowanie: Typ-C<\/li>\n<li>Cewka: Siatkowa cewka<\/li>\n<li>Moc nikotyny: 2%<\/li>\n<li>System podw\u00f3jnego smaku<\/li>\n<\/ul>\n<h4>Cz\u0119sto zadawane pytania<\/h4>\n<h5>Jak dzia\u0142a system podw\u00f3jnego smaku?<\/h5>\n<p>VAPME 20K Crystal Double Flavor zosta\u0142 zaprojektowany z dwoma oddzielnymi komorami na e-ciecz i mechanizmem prze\u0142\u0105czaj\u0105cym. Pozwala to na \u0142atwe prze\u0142\u0105czanie mi\u0119dzy dwoma r\u00f3\u017cnymi smakami, zapewniaj\u0105c wszechstronne i przyjemne doznania podczas waporyzacji bez konieczno\u015bci korzystania z wielu urz\u0105dze\u0144.<\/p>\n<h5>Jakie metody wysy\u0142ki s\u0105 stosowane?<\/h5>\n<p>Wsp\u00f3\u0142pracujemy z wiod\u0105cymi przewo\u017anikami, takimi jak UPS, DHL, FedEx i DPD, aby zapewni\u0107 niezawodn\u0105 i skuteczn\u0105 dostaw\u0119. Najlepsza metoda wysy\u0142ki zostanie wybrana na podstawie Twojej lokalizacji, aby zagwarantowa\u0107 szybkie przybycie.<\/p>\n<h5>Jak d\u0142ugo trwa dostawa?<\/h5>\n<p>Dostawa trwa zazwyczaj od 7 do 15 dni roboczych. Jednak w okresie \u015bwi\u0105tecznym lub w przypadku niekorzystnych warunk\u00f3w pogodowych dostawa mo\u017ce potrwa\u0107 do 20 dni roboczych.<\/p>\n<h5>Czy napotkam jakie\u015b problemy celne lub podatkowe?<\/h5>\n<p>Zajmujemy si\u0119 wszystkimi procedurami odprawy celnej i gwarantujemy, \u017ce nie b\u0119dzie \u017cadnych dodatkowych podatk\u00f3w ani op\u0142at. Mo\u017cesz mie\u0107 pewno\u015b\u0107, \u017ce 100% naszych przesy\u0142ek przejdzie odpraw\u0119 celn\u0105 bez problem\u00f3w.<\/p>\n<h5>Czy m\u00f3j zakup jest bezpieczny?<\/h5>\n<p>Tak, oferujemy bezpieczne opcje p\u0142atno\u015bci, w tym PayPal z ochron\u0105 kupuj\u0105cego. Mo\u017cesz r\u00f3wnie\u017c zweryfikowa\u0107 nasz\u0105 wiarygodno\u015b\u0107, sprawdzaj\u0105c opinie naszych klient\u00f3w na stronie <a href=\"https:\/\/www.trustpilot.com\/review\/volovape.com?utm_medium=trustbox&amp;utm_source=TrustBoxReviewCollector\">TrustPilot<\/a>.<\/p>","protected":false},"excerpt":{"rendered":"<p>Ciesz si\u0119 podw\u00f3jnymi smakami dzi\u0119ki VAPME 20K Crystal Double Flavor Vape. Oferuje 20 ml e-liquidu, bateri\u0119 700 mAh, cewki siatkowe, nikotyn\u0119 2%, do 20 000 zaci\u0105gni\u0119\u0107. Sprzeda\u017c hurtowa, \u0142adowanie typu C.<\/p>","protected":false},"featured_media":5814,"comment_status":"open","ping_status":"closed","template":"","meta":[],"product_brand":[],"product_cat":[49,42,21,43,18,39,20,23,24,22,25,26,27,28,29,30,31,32,33,34,35,64,36,40],"product_tag":[],"class_list":{"0":"post-5798","1":"product","2":"type-product","3":"status-publish","4":"has-post-thumbnail","6":"product_cat-vapme","7":"product_cat-20000-puffs-disposable-vape","8":"product_cat-big-puffs-vapes","9":"product_cat-crystal-vapes","10":"product_cat-different-puffs-of-disposable-vapes","11":"product_cat-digital-box-vapes","12":"product_cat-disposable-vape-types","13":"product_cat-disposable-vapes-in-austria","14":"product_cat-disposable-vapes-in-belgium","15":"product_cat-disposable-vapes-in-europe","16":"product_cat-disposable-vapes-in-france","17":"product_cat-disposable-vapes-in-germany","18":"product_cat-disposable-vapes-in-hungary","19":"product_cat-disposable-vapes-in-ltaly","20":"product_cat-disposable-vapes-in-netherlands","21":"product_cat-disposable-vapes-in-norway","22":"product_cat-disposable-vapes-in-poland","23":"product_cat-disposable-vapes-in-portugal","24":"product_cat-disposable-vapes-in-spain","25":"product_cat-disposable-vapes-in-sweden","26":"product_cat-disposable-vapes-in-switzerland","27":"product_cat-dual-flavor-vapes","28":"product_cat-rechargeable-vapes","29":"product_cat-smart-screen-vapes","31":"first","32":"instock","33":"shipping-taxable","34":"purchasable","35":"product-type-variable","36":"has-default-attributes"},"jetpack_sharing_enabled":true,"tiered_pricing_type":"fixed","tiered_pricing_fixed_rules":{"30":8.28999999999999914734871708787977695465087890625,"50":7.28000000000000024868995751603506505489349365234375,"100":6.6699999999999999289457264239899814128875732421875,"200":6.29999999999999982236431605997495353221893310546875},"tiered_pricing_product_settings":{"layout":"default","base_unit_name":{"singular":null,"plural":null},"default_variation":null},"tiered_pricing_minimum_quantity":10,"tiered_pricing_roles_data":[],"tiered_pricing_percentage_rules":[],"tiered_pricing_maximum_quantity":null,"tiered_pricing_quantity_step":"10","_links":{"self":[{"href":"https:\/\/volovape.com\/pl\/wp-json\/wp\/v2\/product\/5798","targetHints":{"allow":["GET"]}}],"collection":[{"href":"https:\/\/volovape.com\/pl\/wp-json\/wp\/v2\/product"}],"about":[{"href":"https:\/\/volovape.com\/pl\/wp-json\/wp\/v2\/types\/product"}],"replies":[{"embeddable":true,"href":"https:\/\/volovape.com\/pl\/wp-json\/wp\/v2\/comments?post=5798"}],"wp:featuredmedia":[{"embeddable":true,"href":"https:\/\/volovape.com\/pl\/wp-json\/wp\/v2\/media\/5814"}],"wp:attachment":[{"href":"https:\/\/volovape.com\/pl\/wp-json\/wp\/v2\/media?parent=5798"}],"wp:term":[{"taxonomy":"product_brand","embeddable":true,"href":"https:\/\/volovape.com\/pl\/wp-json\/wp\/v2\/product_brand?post=5798"},{"taxonomy":"product_cat","embeddable":true,"href":"https:\/\/volovape.com\/pl\/wp-json\/wp\/v2\/product_cat?post=5798"},{"taxonomy":"product_tag","embeddable":true,"href":"https:\/\/volovape.com\/pl\/wp-json\/wp\/v2\/product_tag?post=5798"}],"curies":[{"name":"wp","href":"https:\/\/api.w.org\/{rel}","templated":true}]}}