{"id":5765,"date":"2024-11-21T03:49:10","date_gmt":"2024-11-21T03:49:10","guid":{"rendered":"https:\/\/volovape.com\/?post_type=product&#038;p=5765"},"modified":"2026-04-08T01:50:47","modified_gmt":"2026-04-08T01:50:47","slug":"mrvi-25000-buleczek-hurtowo","status":"publish","type":"product","link":"https:\/\/volovape.com\/pl\/product\/mrvi-25000-puffs-wholesale\/","title":{"rendered":"MRVI 25000 puff\u00f3w z podw\u00f3jn\u0105 cewk\u0105 jednorazowego u\u017cytku - elastyczno\u015b\u0107 MTL i DTL, hurtowy zakup hurtowy"},"content":{"rendered":"<p><strong>Vape jednorazowego u\u017cytku MRVI 25000 Puffs Dual Coil<\/strong> - Do\u015bwiadcz najwy\u017cszej elastyczno\u015bci waporyzacji.<\/p>\n<p>Odkryj niezr\u00f3wnan\u0105 wszechstronno\u015b\u0107 waporyzacji dzi\u0119ki <strong>MRVI 25000<\/strong> jednorazowy vape. Zaprojektowane zar\u00f3wno dla entuzjast\u00f3w MTL, jak i DTL, urz\u0105dzenie to mo\u017ce pochwali\u0107 si\u0119 niezwyk\u0142\u0105 pojemno\u015bci\u0105 25 000 zaci\u0105gni\u0119\u0107, zasilan\u0105 przez ogromny zbiornik e-liquidu o pojemno\u015bci 30 ml i solidny akumulator o pojemno\u015bci 1000 mAh. Innowacyjny system podw\u00f3jnej cewki pozwala bez wysi\u0142ku prze\u0142\u0105cza\u0107 si\u0119 mi\u0119dzy stylami waporyzacji, zapewniaj\u0105c spersonalizowane doznania. Dzi\u0119ki zawarto\u015bci nikotyny 2% lub 5% i wyborowi 10 pysznych smak\u00f3w, MRVI 25000 jest idealny do osobistej przyjemno\u015bci i jednorazowych hurtowych zam\u00f3wie\u0144 vape. Ciesz si\u0119 g\u0142adk\u0105, aromatyczn\u0105 par\u0105 i wyj\u0105tkow\u0105 trwa\u0142o\u015bci\u0105 w jednym wygodnym, przeno\u015bnym urz\u0105dzeniu.<\/p>\n<h3><strong>Funkcje MRVI 25000\uff1a<\/strong><\/h3>\n<ul>\n<li>Zaci\u0105gni\u0119cia: Do 25 000 zaci\u0105gni\u0119\u0107<\/li>\n<li>Pojemno\u015b\u0107 e-liquidu: 30 ml<\/li>\n<li>Bateria: 1000 mAh (akumulator)<\/li>\n<li>\u0141adowanie: Typ-C<\/li>\n<li>Cewka: Podw\u00f3jne cewki (MTL i DTL)<\/li>\n<li>Si\u0142a nikotyny: 2%, 5%<\/li>\n<li>10 unikalnych smak\u00f3w<\/li>\n<li>Urz\u0105dzenie jednorazowego u\u017cytku<\/li>\n<\/ul>\n<h4>Cz\u0119sto zadawane pytania<\/h4>\n<h5>Jakie metody wysy\u0142ki s\u0105 stosowane?<\/h5>\n<p>Wsp\u00f3\u0142pracujemy z UPS\/DHL\/FEDEX\/DPD itp. Wybierzemy odpowiedni\u0105 opcj\u0119 wysy\u0142ki w zale\u017cno\u015bci od kraju dostawy, aby zapewni\u0107 jak najszybsze otrzymanie produkt\u00f3w.<\/p>\n<h5>Jak d\u0142ugo trwa dostawa?<\/h5>\n<p>Zwykle trwa to od 7 do 15 dni roboczych, a w dni wolne od pracy lub w z\u0142ych warunkach pogodowych mo\u017ce trwa\u0107 do 20 dni roboczych.<\/p>\n<h5>Czy mo\u017ce przej\u015b\u0107 przez odpraw\u0119 celn\u0105 i czy sprawi mi jakie\u015b problemy?<\/h5>\n<p>Gwarantujemy, \u017ce nie b\u0119dziesz mia\u0142 \u017cadnych k\u0142opot\u00f3w, poniewa\u017c zajmiemy si\u0119 odpraw\u0105 celn\u0105 i nie b\u0119dzie \u017cadnych podatk\u00f3w ani op\u0142at. Gwarantujemy, \u017ce 100% naszych produkt\u00f3w przejdzie odpraw\u0119 celn\u0105.<\/p>\n<h5>Jaka jest zaleta systemu podw\u00f3jnej cewki?<\/h5>\n<p>System podw\u00f3jnej cewki w MRVI 25000 pozwala na wszechstronn\u0105 waporyzacj\u0119, umo\u017cliwiaj\u0105c u\u017cytkownikom prze\u0142\u0105czanie si\u0119 mi\u0119dzy stylami waporyzacji usta-p\u0142uca (MTL) i bezpo\u015brednio-p\u0142uca (DTL), zaspokajaj\u0105c r\u00f3\u017cne preferencje i poprawiaj\u0105c og\u00f3lne wra\u017cenia z waporyzacji.<\/p>\n<h5>Czy mog\u0119 mu zaufa\u0107?<\/h5>\n<p>Obs\u0142ugujemy p\u0142atno\u015bci PayPal i us\u0142ug\u0119 ochrony kupuj\u0105cych.<br \/>\nMo\u017cesz r\u00f3wnie\u017c sprawdzi\u0107 nasze recenzje na <a href=\"https:\/\/www.trustpilot.com\/review\/volovape.com?utm_medium=trustbox&amp;utm_source=TrustBoxReviewCollector\">TrustPilot<\/a><\/p>","protected":false},"excerpt":{"rendered":"<p>Odkryj MRVI 25000 Puffs Disposable Vape z 30 ml e-liquidu, bateri\u0105 1000 mAh, podw\u00f3jnymi cewkami do MTL\/DTL i nikotyn\u0105 2%\/5%. Dost\u0119pna hurtowa sprzeda\u017c, wiele smak\u00f3w, \u0142adowanie typu C.<\/p>","protected":false},"featured_media":5775,"comment_status":"open","ping_status":"closed","template":"","meta":[],"product_brand":[],"product_cat":[55,45,21,43,18,39,20,23,24,22,25,26,27,28,29,30,31,32,33,34,35,44,36,40],"product_tag":[],"class_list":{"0":"post-5765","1":"product","2":"type-product","3":"status-publish","4":"has-post-thumbnail","6":"product_cat-mrvi","7":"product_cat-25000-puffs-disposable-vape","8":"product_cat-big-puffs-vapes","9":"product_cat-crystal-vapes","10":"product_cat-different-puffs-of-disposable-vapes","11":"product_cat-digital-box-vapes","12":"product_cat-disposable-vape-types","13":"product_cat-disposable-vapes-in-austria","14":"product_cat-disposable-vapes-in-belgium","15":"product_cat-disposable-vapes-in-europe","16":"product_cat-disposable-vapes-in-france","17":"product_cat-disposable-vapes-in-germany","18":"product_cat-disposable-vapes-in-hungary","19":"product_cat-disposable-vapes-in-ltaly","20":"product_cat-disposable-vapes-in-netherlands","21":"product_cat-disposable-vapes-in-norway","22":"product_cat-disposable-vapes-in-poland","23":"product_cat-disposable-vapes-in-portugal","24":"product_cat-disposable-vapes-in-spain","25":"product_cat-disposable-vapes-in-sweden","26":"product_cat-disposable-vapes-in-switzerland","27":"product_cat-dual-mesh-vapes","28":"product_cat-rechargeable-vapes","29":"product_cat-smart-screen-vapes","31":"first","32":"instock","33":"shipping-taxable","34":"purchasable","35":"product-type-variable","36":"has-default-attributes"},"jetpack_sharing_enabled":true,"tiered_pricing_type":"fixed","tiered_pricing_fixed_rules":{"100":6.36000000000000031974423109204508364200592041015625,"200":5.7400000000000002131628207280300557613372802734375,"400":5.42999999999999971578290569595992565155029296875},"tiered_pricing_product_settings":{"layout":"default","base_unit_name":{"singular":null,"plural":null},"default_variation":null},"tiered_pricing_minimum_quantity":50,"tiered_pricing_roles_data":[],"tiered_pricing_percentage_rules":[],"tiered_pricing_maximum_quantity":null,"tiered_pricing_quantity_step":"10","_links":{"self":[{"href":"https:\/\/volovape.com\/pl\/wp-json\/wp\/v2\/product\/5765","targetHints":{"allow":["GET"]}}],"collection":[{"href":"https:\/\/volovape.com\/pl\/wp-json\/wp\/v2\/product"}],"about":[{"href":"https:\/\/volovape.com\/pl\/wp-json\/wp\/v2\/types\/product"}],"replies":[{"embeddable":true,"href":"https:\/\/volovape.com\/pl\/wp-json\/wp\/v2\/comments?post=5765"}],"wp:featuredmedia":[{"embeddable":true,"href":"https:\/\/volovape.com\/pl\/wp-json\/wp\/v2\/media\/5775"}],"wp:attachment":[{"href":"https:\/\/volovape.com\/pl\/wp-json\/wp\/v2\/media?parent=5765"}],"wp:term":[{"taxonomy":"product_brand","embeddable":true,"href":"https:\/\/volovape.com\/pl\/wp-json\/wp\/v2\/product_brand?post=5765"},{"taxonomy":"product_cat","embeddable":true,"href":"https:\/\/volovape.com\/pl\/wp-json\/wp\/v2\/product_cat?post=5765"},{"taxonomy":"product_tag","embeddable":true,"href":"https:\/\/volovape.com\/pl\/wp-json\/wp\/v2\/product_tag?post=5765"}],"curies":[{"name":"wp","href":"https:\/\/api.w.org\/{rel}","templated":true}]}}