{"id":535,"date":"2024-11-21T03:30:33","date_gmt":"2024-11-21T03:30:33","guid":{"rendered":"https:\/\/volovape.com\/?post_type=product&#038;p=535"},"modified":"2025-08-06T07:58:39","modified_gmt":"2025-08-06T07:58:39","slug":"bang-smart-screen-crown-bar-18000-zaciagniec","status":"publish","type":"product","link":"https:\/\/volovape.com\/pl\/product\/bang-smart-screen-crown-bar-18000-puffs\/","title":{"rendered":"Vape jednorazowe Bang Crown Bar 18000 Puffs Smart Screen - cewka siatkowa 0,6\u03a9, z mo\u017cliwo\u015bci\u0105 \u0142adowania"},"content":{"rendered":"<p><strong>Bang Crown Bar 18000 Puffs Smart Screen Vape jednorazowego u\u017cytku<\/strong> - Do\u015bwiadcz doskona\u0142ej waporyzacji z Bang Crown Bar 18000. Ten jednorazowy waporyzator o du\u017cej pojemno\u015bci zapewnia do 18 000 zaci\u0105gni\u0119\u0107 i jest wyposa\u017cony w zbiornik e-cieczy o pojemno\u015bci 24 ml oraz akumulator o pojemno\u015bci 650 mAh. Inteligentny ekran pozwala na \u0142atwe monitorowanie poziomu baterii i e-cieczy, podczas gdy cewka siatkowa 0,6\u03a9 zapewnia g\u0119ste chmury i bogaty smak. Idealne do u\u017cytku osobistego i jednorazowych hurtowych zam\u00f3wie\u0144 vape, urz\u0105dzenie to oferuje moc nikotyny 0%, 2%, 3% lub 5% oraz szerok\u0105 gam\u0119 11 pysznych smak\u00f3w.<\/p>\n<h3><strong>Bang Crown Bar 18000 Puffs Cechy:<\/strong><\/h3>\n<ul>\n<li>Puffy: 18000 puff\u00f3w<\/li>\n<li>Pojemno\u015b\u0107 e-liquidu: 24 ml<\/li>\n<li>Bateria: 650 mAh (akumulator)<\/li>\n<li>\u0141adowanie: Typ-C<\/li>\n<li>Cewka: cewka siatkowa 0,6\u03a9<\/li>\n<li>Wy\u015bwietlacz: Inteligentny ekran (poziom baterii i e-cieczy)<\/li>\n<li>Moc nikotyny: 0%, 2%, 3%, 5%<\/li>\n<li>Opcje smakowe: Watermelon Ice, Strawberry Watermelon, Blueberry Raspberry, Blueberry Ice, Strawberry Kiwi, Peach Ice, Mixed Fruits, Cherry Cola, Double Apple, Blueberry Lemon, Grape Ice.<\/li>\n<\/ul>\n<h4>Cz\u0119sto zadawane pytania<\/h4>\n<h5>W jaki spos\u00f3b cewka mesh 0,6\u03a9 zwi\u0119ksza produkcj\u0119 pary?<\/h5>\n<p>Siatkowa cewka 0,6\u03a9 zosta\u0142a zaprojektowana w celu bardziej wydajnego podgrzewania e-cieczy, co skutkuje g\u0119stszymi chmurami i bogatszymi profilami smakowymi. Zapewnia to bardziej intensywne i satysfakcjonuj\u0105ce doznania podczas waporyzacji.<\/p>\n<h5>Jakie metody wysy\u0142ki s\u0105 dost\u0119pne?<\/h5>\n<p>Wsp\u00f3\u0142pracujemy z niezawodnymi przewo\u017anikami, takimi jak UPS, DHL, FedEx i DPD, aby zapewni\u0107 wydajn\u0105 i niezawodn\u0105 wysy\u0142k\u0119. Najbardziej odpowiednia metoda wysy\u0142ki jest wybierana na podstawie lokalizacji dostawy.<\/p>\n<h5>Jak d\u0142ugo zazwyczaj trwa wysy\u0142ka?<\/h5>\n<p>Wysy\u0142ka trwa zwykle od 7 do 15 dni roboczych, ale czas dostawy mo\u017ce wyd\u0142u\u017cy\u0107 si\u0119 do 20 dni roboczych podczas \u015bwi\u0105t lub niekorzystnych warunk\u00f3w pogodowych.<\/p>\n<h5>Czy napotkam jakie\u015b op\u0142aty celne lub podatki?<\/h5>\n<p>Zajmujemy si\u0119 wszystkimi odprawami celnymi, gwarantuj\u0105c, \u017ce nie poniesiesz \u017cadnych dodatkowych podatk\u00f3w ani op\u0142at. 100% naszych produkt\u00f3w przechodzi odpraw\u0119 celn\u0105 bez \u017cadnych problem\u00f3w.<\/p>\n<h5>Jak bezpieczny jest m\u00f3j zakup?<\/h5>\n<p>Oferujemy bezpieczne transakcje dzi\u0119ki ochronie kupuj\u0105cych w systemie PayPal. Mo\u017cesz r\u00f3wnie\u017c zweryfikowa\u0107 nasz\u0105 wiarygodno\u015b\u0107, sprawdzaj\u0105c opinie klient\u00f3w na stronie <a href=\"https:\/\/www.trustpilot.com\/review\/volovape.com?utm_medium=trustbox&amp;utm_source=TrustBoxReviewCollector\">TrustPilot<\/a>.<\/p>","protected":false},"excerpt":{"rendered":"<p>Zrewolucjonizuj swoj\u0105 ofert\u0119 vape dzi\u0119ki Bang Crown Bar 18000 Puffs hurtowo! Inteligentna technologia ekranu, oczko 0,6\u03a9, 24 ml, akumulator. Zaopatrz si\u0119 w jednorazowe produkty nowej generacji dla wymagaj\u0105cych klient\u00f3w.<\/p>","protected":false},"featured_media":905,"comment_status":"open","ping_status":"closed","template":"","meta":[],"product_brand":[],"product_cat":[61,50,21,18,20,23,24,22,25,26,27,28,29,30,31,32,33,34,35,36,47,40],"product_tag":[],"class_list":{"0":"post-535","1":"product","2":"type-product","3":"status-publish","4":"has-post-thumbnail","6":"product_cat-bang","7":"product_cat-18000-puffs-disposable-vape","8":"product_cat-big-puffs-vapes","9":"product_cat-different-puffs-of-disposable-vapes","10":"product_cat-disposable-vape-types","11":"product_cat-disposable-vapes-in-austria","12":"product_cat-disposable-vapes-in-belgium","13":"product_cat-disposable-vapes-in-europe","14":"product_cat-disposable-vapes-in-france","15":"product_cat-disposable-vapes-in-germany","16":"product_cat-disposable-vapes-in-hungary","17":"product_cat-disposable-vapes-in-ltaly","18":"product_cat-disposable-vapes-in-netherlands","19":"product_cat-disposable-vapes-in-norway","20":"product_cat-disposable-vapes-in-poland","21":"product_cat-disposable-vapes-in-portugal","22":"product_cat-disposable-vapes-in-spain","23":"product_cat-disposable-vapes-in-sweden","24":"product_cat-disposable-vapes-in-switzerland","25":"product_cat-rechargeable-vapes","26":"product_cat-shisha-hookah-vapes","27":"product_cat-smart-screen-vapes","29":"first","30":"instock","31":"shipping-taxable","32":"purchasable","33":"product-type-variable","34":"has-default-attributes"},"jetpack_sharing_enabled":true,"tiered_pricing_type":"fixed","tiered_pricing_fixed_rules":{"2000":3.890000000000000124344978758017532527446746826171875},"tiered_pricing_product_settings":{"layout":"default","base_unit_name":{"singular":null,"plural":null},"default_variation":null},"tiered_pricing_minimum_quantity":1000,"tiered_pricing_roles_data":[],"tiered_pricing_percentage_rules":[],"tiered_pricing_maximum_quantity":null,"tiered_pricing_quantity_step":"10","_links":{"self":[{"href":"https:\/\/volovape.com\/pl\/wp-json\/wp\/v2\/product\/535","targetHints":{"allow":["GET"]}}],"collection":[{"href":"https:\/\/volovape.com\/pl\/wp-json\/wp\/v2\/product"}],"about":[{"href":"https:\/\/volovape.com\/pl\/wp-json\/wp\/v2\/types\/product"}],"replies":[{"embeddable":true,"href":"https:\/\/volovape.com\/pl\/wp-json\/wp\/v2\/comments?post=535"}],"wp:featuredmedia":[{"embeddable":true,"href":"https:\/\/volovape.com\/pl\/wp-json\/wp\/v2\/media\/905"}],"wp:attachment":[{"href":"https:\/\/volovape.com\/pl\/wp-json\/wp\/v2\/media?parent=535"}],"wp:term":[{"taxonomy":"product_brand","embeddable":true,"href":"https:\/\/volovape.com\/pl\/wp-json\/wp\/v2\/product_brand?post=535"},{"taxonomy":"product_cat","embeddable":true,"href":"https:\/\/volovape.com\/pl\/wp-json\/wp\/v2\/product_cat?post=535"},{"taxonomy":"product_tag","embeddable":true,"href":"https:\/\/volovape.com\/pl\/wp-json\/wp\/v2\/product_tag?post=535"}],"curies":[{"name":"wp","href":"https:\/\/api.w.org\/{rel}","templated":true}]}}