{"id":533,"date":"2024-11-21T03:30:33","date_gmt":"2024-11-21T03:30:33","guid":{"rendered":"https:\/\/volovape.com\/?post_type=product&#038;p=533"},"modified":"2025-08-06T08:11:38","modified_gmt":"2025-08-06T08:11:38","slug":"rakieta-bang-box-18000-zaciagniec","status":"publish","type":"product","link":"https:\/\/volovape.com\/pl\/product\/bang-box-rocket-18000-puffs\/","title":{"rendered":"Vape jednorazowe Bang Box Rocket 18000 Puffs - cewka siatkowa 1,0\u03a9, inteligentny wy\u015bwietlacz, mo\u017cliwo\u015b\u0107 \u0142adowania"},"content":{"rendered":"<p><strong>Bang Box Rocket 18000 Puffs Smart Vape jednorazowego u\u017cytku<\/strong> - Poznaj przysz\u0142o\u015b\u0107 waporyzacji dzi\u0119ki Bang Box Rocket 18000. Ten innowacyjny jednorazowy waporyzator oferuje 18 000 zaci\u0105gni\u0119\u0107, pojemno\u015b\u0107 28 ml e-liquidu oraz inteligentny wy\u015bwietlacz do monitorowania poziomu baterii i e-liquidu. Wyposa\u017cony w cewk\u0119 siatkow\u0105 1,0 \u03a9 zapewniaj\u0105c\u0105 g\u0142adk\u0105, aromatyczn\u0105 par\u0119 i akumulator 650 mAh z \u0142adowaniem typu C, urz\u0105dzenie to jest idealne zar\u00f3wno do u\u017cytku osobistego, jak i jednorazowych hurtowych zam\u00f3wie\u0144 vape. Wybierz moc nikotyny 0%, 2%, 3% lub 5% i ciesz si\u0119 szerok\u0105 gam\u0105 12 pysznych smak\u00f3w.<\/p>\n<h3><strong>Bang Box Rocket 18000 Puffs Cechy:<\/strong><\/h3>\n<ul>\n<li>Puffy: 18000 puff\u00f3w<\/li>\n<li>Pojemno\u015b\u0107 e-liquidu: 28 ml<\/li>\n<li>Bateria: 650 mAh (akumulator)<\/li>\n<li>\u0141adowanie: Typ-C<\/li>\n<li>Cewka: cewka siatkowa 1,0\u03a9<\/li>\n<li>Wy\u015bwietlacz: Inteligentny wy\u015bwietlacz (poziom baterii i e-cieczy)<\/li>\n<li>Moc nikotyny: 0%, 2%, 3%, 5%<\/li>\n<li>Opcje smakowe: Strawberry Banana, Watermelon Ice, Strawberry Kiwi, Strawberry Mango, Blueberry Ice, Mexico Mango, Juicy Peach Ice, Sour Apple Ice, Blue Razz Ice, Tropical Rainbow Blast.<\/li>\n<\/ul>\n<h4>Cz\u0119sto zadawane pytania<\/h4>\n<h5>W jaki spos\u00f3b inteligentny wy\u015bwietlacz poprawia wra\u017cenia z waporyzacji?<\/h5>\n<p>Zintegrowany inteligentny wy\u015bwietlacz zapewnia aktualizacje w czasie rzeczywistym na temat \u017cywotno\u015bci baterii i poziomu e-cieczy, eliminuj\u0105c zgadywanie i zapewniaj\u0105c, \u017ce zawsze jeste\u015b przygotowany. Funkcja ta pozwala na bardziej kontrolowan\u0105 i przyjemniejsz\u0105 waporyzacj\u0119.<\/p>\n<h5>Jakie metody wysy\u0142ki s\u0105 stosowane?<\/h5>\n<p>Wsp\u00f3\u0142pracujemy z zaufanymi przewo\u017anikami, takimi jak UPS, DHL, FedEx i DPD, aby oferowa\u0107 niezawodn\u0105 i wydajn\u0105 wysy\u0142k\u0119. Najlepsza opcja wysy\u0142ki jest wybierana na podstawie Twojej lokalizacji, aby zapewni\u0107 terminow\u0105 dostaw\u0119.<\/p>\n<h5>Jak d\u0142ugo zazwyczaj trwa wysy\u0142ka?<\/h5>\n<p>Wysy\u0142ka trwa zwykle od 7 do 15 dni roboczych, ale mo\u017ce wyd\u0142u\u017cy\u0107 si\u0119 do 20 dni roboczych w okresie \u015bwi\u0105t lub niekorzystnych warunk\u00f3w pogodowych.<\/p>\n<h5>Czy s\u0105 jakie\u015b op\u0142aty celne lub podatkowe?<\/h5>\n<p>Zajmujemy si\u0119 wszystkimi odprawami celnymi, gwarantuj\u0105c, \u017ce nie poniesiesz \u017cadnych dodatkowych podatk\u00f3w ani op\u0142at. 100% naszych produkt\u00f3w przechodzi odpraw\u0119 celn\u0105 bez \u017cadnych problem\u00f3w.<\/p>\n<h5>Czy m\u00f3j zakup jest bezpieczny i godny zaufania?<\/h5>\n<p>Obs\u0142ugujemy bezpieczne transakcje za po\u015brednictwem ochrony kupuj\u0105cych PayPal. Mo\u017cesz r\u00f3wnie\u017c zapozna\u0107 si\u0119 z opiniami naszych klient\u00f3w na <a href=\"https:\/\/www.trustpilot.com\/review\/volovape.com?utm_medium=trustbox&amp;utm_source=TrustBoxReviewCollector\">TrustPilot<\/a> aby zweryfikowa\u0107 nasz\u0105 wiarygodno\u015b\u0107.<\/p>","protected":false},"excerpt":{"rendered":"<p>Zdominuj rynek vape z Bang Box Rocket 18000 Puffs hurtowo! Inteligentny wy\u015bwietlacz, oczko 1,0\u03a9, 28 ml, akumulator. Zaoferuj swoim klientom najnowocze\u015bniejsze waporyzatory o du\u017cej pojemno\u015bci.<\/p>","protected":false},"featured_media":879,"comment_status":"open","ping_status":"closed","template":"","meta":[],"product_brand":[],"product_cat":[61,50,21,18,39,20,23,24,22,25,26,27,28,29,30,31,32,33,34,35,44,36,40],"product_tag":[],"class_list":{"0":"post-533","1":"product","2":"type-product","3":"status-publish","4":"has-post-thumbnail","6":"product_cat-bang","7":"product_cat-18000-puffs-disposable-vape","8":"product_cat-big-puffs-vapes","9":"product_cat-different-puffs-of-disposable-vapes","10":"product_cat-digital-box-vapes","11":"product_cat-disposable-vape-types","12":"product_cat-disposable-vapes-in-austria","13":"product_cat-disposable-vapes-in-belgium","14":"product_cat-disposable-vapes-in-europe","15":"product_cat-disposable-vapes-in-france","16":"product_cat-disposable-vapes-in-germany","17":"product_cat-disposable-vapes-in-hungary","18":"product_cat-disposable-vapes-in-ltaly","19":"product_cat-disposable-vapes-in-netherlands","20":"product_cat-disposable-vapes-in-norway","21":"product_cat-disposable-vapes-in-poland","22":"product_cat-disposable-vapes-in-portugal","23":"product_cat-disposable-vapes-in-spain","24":"product_cat-disposable-vapes-in-sweden","25":"product_cat-disposable-vapes-in-switzerland","26":"product_cat-dual-mesh-vapes","27":"product_cat-rechargeable-vapes","28":"product_cat-smart-screen-vapes","30":"first","31":"instock","32":"shipping-taxable","33":"purchasable","34":"product-type-variable","35":"has-default-attributes"},"jetpack_sharing_enabled":true,"tiered_pricing_type":"fixed","tiered_pricing_fixed_rules":{"2000":6.20999999999999996447286321199499070644378662109375},"tiered_pricing_product_settings":{"layout":"default","base_unit_name":{"singular":null,"plural":null},"default_variation":null},"tiered_pricing_minimum_quantity":1000,"tiered_pricing_roles_data":[],"tiered_pricing_percentage_rules":[],"tiered_pricing_maximum_quantity":null,"tiered_pricing_quantity_step":"10","_links":{"self":[{"href":"https:\/\/volovape.com\/pl\/wp-json\/wp\/v2\/product\/533","targetHints":{"allow":["GET"]}}],"collection":[{"href":"https:\/\/volovape.com\/pl\/wp-json\/wp\/v2\/product"}],"about":[{"href":"https:\/\/volovape.com\/pl\/wp-json\/wp\/v2\/types\/product"}],"replies":[{"embeddable":true,"href":"https:\/\/volovape.com\/pl\/wp-json\/wp\/v2\/comments?post=533"}],"wp:featuredmedia":[{"embeddable":true,"href":"https:\/\/volovape.com\/pl\/wp-json\/wp\/v2\/media\/879"}],"wp:attachment":[{"href":"https:\/\/volovape.com\/pl\/wp-json\/wp\/v2\/media?parent=533"}],"wp:term":[{"taxonomy":"product_brand","embeddable":true,"href":"https:\/\/volovape.com\/pl\/wp-json\/wp\/v2\/product_brand?post=533"},{"taxonomy":"product_cat","embeddable":true,"href":"https:\/\/volovape.com\/pl\/wp-json\/wp\/v2\/product_cat?post=533"},{"taxonomy":"product_tag","embeddable":true,"href":"https:\/\/volovape.com\/pl\/wp-json\/wp\/v2\/product_tag?post=533"}],"curies":[{"name":"wp","href":"https:\/\/api.w.org\/{rel}","templated":true}]}}