{"id":501,"date":"2024-11-21T03:30:08","date_gmt":"2024-11-21T03:30:08","guid":{"rendered":"https:\/\/volovape.com\/?post_type=product&#038;p=501"},"modified":"2025-09-08T03:35:07","modified_gmt":"2025-09-08T03:35:07","slug":"bang-king-podwojny-krysztal-20000-zaciagniec","status":"publish","type":"product","link":"https:\/\/volovape.com\/pl\/product\/bang-king-double-crystal-20000-puffs\/","title":{"rendered":"Bang King Double Crystal 20000 Puffs Jednorazowy akumulator Vape (0-5% Nikotyna) - Sprzeda\u017c hurtowa"},"content":{"rendered":"<p><iframe title=\"Odtwarzacz wideo VideoPress\" aria-label='Odtwarzacz wideo VideoPress' width='425' height='750' src='https:\/\/videopress.com\/embed\/UidYNEY0?hd=0&amp;cover=1' frameborder='0' allowfullscreen allow='clipboard-write'><\/iframe><script src='https:\/\/v0.wordpress.com\/js\/next\/videopress-iframe.js?m=1739540970'><\/script><\/p>\n<p><strong>Bang King Double Crystal 20000 Puffs Jednorazowy Vape<\/strong> - Do\u015bwiadcz niezr\u00f3wnanej trwa\u0142o\u015bci i smaku dzi\u0119ki Bang King Double Crystal 20000. Oferuj\u0105c ogromn\u0105 pojemno\u015b\u0107 20 000 zaci\u0105gni\u0119\u0107 i 25 ml e-liquidu, ten jednorazowy vape z mo\u017cliwo\u015bci\u0105 \u0142adowania jest idealny zar\u00f3wno do u\u017cytku osobistego, jak i hurtowych zam\u00f3wie\u0144 jednorazowych vape. Wybierz moc nikotyny spo\u015br\u00f3d 0%, 2%, 3% lub 5% i ciesz si\u0119 konfigurowalnym do\u015bwiadczeniem waporyzacji z regulowanym przep\u0142ywem powietrza i cewk\u0105 siatkow\u0105 1,0 \u03a9 zapewniaj\u0105c\u0105 g\u0142adk\u0105, bogat\u0105 par\u0119. Akumulator o pojemno\u015bci 650 mAh pozwala cieszy\u0107 si\u0119 ka\u017cdym zaci\u0105gni\u0119ciem, a szeroka gama 12 unikalnych smak\u00f3w gwarantuje satysfakcjonuj\u0105c\u0105 waporyzacj\u0119 za ka\u017cdym razem.<\/p>\n<h3><strong>Bang King Double Crystal 20000 Puffs Cechy:<\/strong><\/h3>\n<ul>\n<li>Puffy: 20000 puff\u00f3w<\/li>\n<li>Pojemno\u015b\u0107 e-liquidu: 25 ml<\/li>\n<li>Bateria: 650 mAh (akumulator)<\/li>\n<li>\u0141adowanie: Typ-C<\/li>\n<li>Cewka: cewka siatkowa 1,0\u03a9<\/li>\n<li>Moc nikotyny: 0%, 2%, 3%, 5%<\/li>\n<li>Przep\u0142yw powietrza: Regulowany<\/li>\n<li>Opcje smaku: Sour Apple Raspberry, Peach Ice, Tropical Fruit, Strawberry Watermelon, Watermelon Ice, Grape Ice, Blueberry Ice, Blue Razz Ice, Strawberry Mango, Kiwi Pomegranate, Energy Drink, Strawberry Kiwi.<\/li>\n<\/ul>\n<h4>Cz\u0119sto zadawane pytania<\/h4>\n<h5>W jaki spos\u00f3b regulowany przep\u0142yw powietrza poprawia moje wra\u017cenia z waporyzacji?<\/h5>\n<p>Funkcja regulowanego przep\u0142ywu powietrza pozwala na precyzyjne dostrojenie zaci\u0105gania si\u0119, umo\u017cliwiaj\u0105c prze\u0142\u0105czanie mi\u0119dzy ciasnym, ograniczonym uderzeniem a lu\u017anym, przewiewnym vape. Takie dostosowanie zapewnia spersonalizowane wra\u017cenia, dostosowane do r\u00f3\u017cnych styl\u00f3w i preferencji waporyzacji.<\/p>\n<h5>Jakie metody wysy\u0142ki s\u0105 stosowane?<\/h5>\n<p>Wsp\u00f3\u0142pracujemy z wiod\u0105cymi przewo\u017anikami, takimi jak UPS, DHL, FedEx i DPD, aby zapewni\u0107 szybk\u0105 i niezawodn\u0105 dostaw\u0119. Najbardziej odpowiednia metoda wysy\u0142ki jest wybierana na podstawie lokalizacji dostawy.<\/p>\n<h5>Jak d\u0142ugo zazwyczaj trwa wysy\u0142ka?<\/h5>\n<p>Spodziewaj si\u0119, \u017ce Twoje zam\u00f3wienie dotrze w ci\u0105gu 7-15 dni roboczych, chocia\u017c dostawa mo\u017ce wyd\u0142u\u017cy\u0107 si\u0119 do 20 dni roboczych w okresie \u015bwi\u0105tecznym lub przy niekorzystnych warunkach pogodowych.<\/p>\n<h5>Czy napotkam jakie\u015b problemy celne lub dodatkowe op\u0142aty?<\/h5>\n<p>Gwarantujemy sprawn\u0105 odpraw\u0119 celn\u0105 wszystkich naszych przesy\u0142ek, bez dodatkowych podatk\u00f3w i op\u0142at. Zapewniamy, \u017ce 100% naszych produkt\u00f3w jest zaprojektowanych do odprawy celnej bez komplikacji.<\/p>\n<h5>Czy m\u00f3j zakup jest bezpieczny?<\/h5>\n<p>Akceptujemy p\u0142atno\u015bci PayPal, oferuj\u0105c ochron\u0119 kupuj\u0105cego dla bezpiecznych transakcji. Mo\u017cesz r\u00f3wnie\u017c zweryfikowa\u0107 nasz\u0105 wiarygodno\u015b\u0107, sprawdzaj\u0105c opinie naszych klient\u00f3w na stronie <a href=\"https:\/\/www.trustpilot.com\/review\/volovape.com?utm_medium=trustbox&amp;utm_source=TrustBoxReviewCollector\">TrustPilot<\/a>.<\/p>","protected":false},"excerpt":{"rendered":"<p>Poszerz swoj\u0105 ofert\u0119 waporyzator\u00f3w dzi\u0119ki Bang King Double Crystal 20000 Puffs hurtowo! 20 000 zaci\u0105gni\u0119\u0107, 25 ml, regulowany przep\u0142yw powietrza, cewka siatkowa 1,0 \u03a9. Zapasowe waporyzatory o du\u017cej pojemno\u015bci, kt\u00f3re mo\u017cna \u0142adowa\u0107.<\/p>","protected":false},"featured_media":868,"comment_status":"open","ping_status":"closed","template":"","meta":[],"product_brand":[],"product_cat":[61,42,21,43,18,39,20,23,24,22,25,26,27,28,29,30,31,32,33,34,35,44,36,40],"product_tag":[],"class_list":{"0":"post-501","1":"product","2":"type-product","3":"status-publish","4":"has-post-thumbnail","6":"product_cat-bang","7":"product_cat-20000-puffs-disposable-vape","8":"product_cat-big-puffs-vapes","9":"product_cat-crystal-vapes","10":"product_cat-different-puffs-of-disposable-vapes","11":"product_cat-digital-box-vapes","12":"product_cat-disposable-vape-types","13":"product_cat-disposable-vapes-in-austria","14":"product_cat-disposable-vapes-in-belgium","15":"product_cat-disposable-vapes-in-europe","16":"product_cat-disposable-vapes-in-france","17":"product_cat-disposable-vapes-in-germany","18":"product_cat-disposable-vapes-in-hungary","19":"product_cat-disposable-vapes-in-ltaly","20":"product_cat-disposable-vapes-in-netherlands","21":"product_cat-disposable-vapes-in-norway","22":"product_cat-disposable-vapes-in-poland","23":"product_cat-disposable-vapes-in-portugal","24":"product_cat-disposable-vapes-in-spain","25":"product_cat-disposable-vapes-in-sweden","26":"product_cat-disposable-vapes-in-switzerland","27":"product_cat-dual-mesh-vapes","28":"product_cat-rechargeable-vapes","29":"product_cat-smart-screen-vapes","31":"first","32":"instock","33":"shipping-taxable","34":"purchasable","35":"product-type-variable","36":"has-default-attributes"},"jetpack_sharing_enabled":true,"tiered_pricing_type":"fixed","tiered_pricing_fixed_rules":{"2000":4.62999999999999989341858963598497211933135986328125},"tiered_pricing_product_settings":{"layout":"default","base_unit_name":{"singular":null,"plural":null},"default_variation":null},"tiered_pricing_minimum_quantity":1000,"tiered_pricing_roles_data":[],"tiered_pricing_percentage_rules":[],"tiered_pricing_maximum_quantity":null,"tiered_pricing_quantity_step":"10","_links":{"self":[{"href":"https:\/\/volovape.com\/pl\/wp-json\/wp\/v2\/product\/501","targetHints":{"allow":["GET"]}}],"collection":[{"href":"https:\/\/volovape.com\/pl\/wp-json\/wp\/v2\/product"}],"about":[{"href":"https:\/\/volovape.com\/pl\/wp-json\/wp\/v2\/types\/product"}],"replies":[{"embeddable":true,"href":"https:\/\/volovape.com\/pl\/wp-json\/wp\/v2\/comments?post=501"}],"wp:featuredmedia":[{"embeddable":true,"href":"https:\/\/volovape.com\/pl\/wp-json\/wp\/v2\/media\/868"}],"wp:attachment":[{"href":"https:\/\/volovape.com\/pl\/wp-json\/wp\/v2\/media?parent=501"}],"wp:term":[{"taxonomy":"product_brand","embeddable":true,"href":"https:\/\/volovape.com\/pl\/wp-json\/wp\/v2\/product_brand?post=501"},{"taxonomy":"product_cat","embeddable":true,"href":"https:\/\/volovape.com\/pl\/wp-json\/wp\/v2\/product_cat?post=501"},{"taxonomy":"product_tag","embeddable":true,"href":"https:\/\/volovape.com\/pl\/wp-json\/wp\/v2\/product_tag?post=501"}],"curies":[{"name":"wp","href":"https:\/\/api.w.org\/{rel}","templated":true}]}}