{"id":499,"date":"2024-11-21T03:30:08","date_gmt":"2024-11-21T03:30:08","guid":{"rendered":"https:\/\/volovape.com\/?post_type=product&#038;p=499"},"modified":"2025-08-06T08:09:50","modified_gmt":"2025-08-06T08:09:50","slug":"bang-box-18000-zaciagniec","status":"publish","type":"product","link":"https:\/\/volovape.com\/pl\/product\/bang-box-18000-puffs\/","title":{"rendered":"Vape jednorazowe BANG BOX 18000 Puffs - podw\u00f3jna cewka siatkowa, wy\u015bwietlacz LED, akumulator"},"content":{"rendered":"<p><strong>BANG BOX 18000 puff\u00f3w jednorazowych Vape<\/strong> - Podw\u00f3jne cewki siatkowe zapewniaj\u0105 doskona\u0142y smak i trwa\u0142o\u015b\u0107.<\/p>\n<p>Ten <strong>BANG BOX 18000 puf\u00f3w<\/strong> oferuje niezr\u00f3wnane wra\u017cenia z waporyzacji dzi\u0119ki konstrukcji o du\u017cej pojemno\u015bci i zaawansowanej technologii podw\u00f3jnej cewki siatkowej. Ciesz si\u0119 nawet <strong>18 000 zaci\u0105gni\u0119\u0107<\/strong>masywny <strong>Zbiornik e-liquidu o pojemno\u015bci 26 ml<\/strong>oraz <strong>Akumulator 850mAh<\/strong> z \u0142adowaniem typu C. W zestawie <strong>Cewki z podw\u00f3jn\u0105 siatk\u0105 0,8\u03a9<\/strong> zapewniaj\u0105 bogaty, sp\u00f3jny smak, a cyfrowy wy\u015bwietlacz LED zapewnia aktualizacje w czasie rzeczywistym poziomu baterii i e-cieczy. Do wyboru <strong>Moc nikotyny 0%, 2%, 3% lub 5%<\/strong> i 12 pysznych smak\u00f3w. Idealny do u\u017cytku osobistego lub <strong>hurtownia vape jednorazowego u\u017cytku<\/strong>, ten <strong>BANG BOX 18000<\/strong> wyznacza nowy standard dla waporyzator\u00f3w jednorazowych. Rozwa\u017cmy <strong>zam\u00f3wienie zbiorcze<\/strong> dla konkurencyjnych cen.<\/p>\n<h3><strong>BANG BOX 18000 Puffs Cechy:<\/strong><\/h3>\n<ul>\n<li>Puffy: Do 18 000<\/li>\n<li>Pojemno\u015b\u0107 e-liquidu: 26 ml<\/li>\n<li>Bateria: 850 mAh (akumulator)<\/li>\n<li>\u0141adowanie: Typ-C<\/li>\n<li>Cewka: podw\u00f3jna siatka 0,8\u03a9<\/li>\n<li>Wy\u015bwietlacz: Cyfrowy wy\u015bwietlacz LED<\/li>\n<li>Moc nikotyny: 0%, 2%, 3%, 5%<\/li>\n<li>12 dost\u0119pnych smak\u00f3w<\/li>\n<\/ul>\n<h4>Cz\u0119sto zadawane pytania<\/h4>\n<h5>Co sprawia, \u017ce cewki z podw\u00f3jn\u0105 siatk\u0105 s\u0105 lepsze?<\/h5>\n<p>Konstrukcja z podw\u00f3jn\u0105 cewk\u0105 siatkow\u0105 zapewnia wi\u0119ksz\u0105 powierzchni\u0119 grzewcz\u0105, co skutkuje szybszym i bardziej r\u00f3wnomiernym ogrzewaniem. Zwi\u0119ksza to produkcj\u0119 aromatu, g\u0119sto\u015b\u0107 pary i og\u00f3ln\u0105 konsystencj\u0119, zapewniaj\u0105c bardziej satysfakcjonuj\u0105ce wra\u017cenia z waporyzacji.<\/p>\n<h5>Jakie metody wysy\u0142ki s\u0105 stosowane w przypadku hurtowych zam\u00f3wie\u0144 hurtowych?<\/h5>\n<p>Korzystamy z us\u0142ug zaufanych przewo\u017anik\u00f3w, takich jak UPS, DHL, FedEx i DPD, aby zapewni\u0107 bezpieczn\u0105 i sprawn\u0105 dostaw\u0119 hurtowych zam\u00f3wie\u0144 hurtowych. Najbardziej odpowiednia metoda wysy\u0142ki jest wybierana na podstawie lokalizacji i wielko\u015bci zam\u00f3wienia.<\/p>\n<h5>Jak d\u0142ugo zazwyczaj trwa wysy\u0142ka zam\u00f3wie\u0144 hurtowych?<\/h5>\n<p>Wysy\u0142ka trwa zazwyczaj od 7 do 15 dni roboczych. W szczycie sezonu lub w niesprzyjaj\u0105cych warunkach pogodowych mo\u017ce to potrwa\u0107 do 20 dni roboczych.<\/p>\n<h5>Czy s\u0105 jakie\u015b kwestie celne lub dodatkowe op\u0142aty, o kt\u00f3rych powinienem wiedzie\u0107 przy zam\u00f3wieniach hurtowych?<\/h5>\n<p>Obs\u0142ugujemy wszystkie procesy odprawy celnej, aby zapewni\u0107 sprawn\u0105 dostaw\u0119. Nie poniesiesz \u017cadnych nieoczekiwanych podatk\u00f3w ani op\u0142at, a my gwarantujemy odpraw\u0119 celn\u0105 100% dla wszystkich przesy\u0142ek.<\/p>\n<h5>Jak mog\u0119 zweryfikowa\u0107 wiarygodno\u015b\u0107 mojego zakupu hurtowego?<\/h5>\n<p>Oferujemy bezpieczne opcje p\u0142atno\u015bci i jeste\u015bmy zaanga\u017cowani w dostarczanie wysokiej jako\u015bci produkt\u00f3w i us\u0142ug. Mo\u017cesz r\u00f3wnie\u017c sprawdzi\u0107 opinie naszych klient\u00f3w na zaufanych platformach, aby potwierdzi\u0107 nasz\u0105 niezawodno\u015b\u0107.<\/p>","protected":false},"excerpt":{"rendered":"<p>Zmaksymalizuj sprzeda\u017c dzi\u0119ki BANG BOX 18000 Puffs hurtowo! Podw\u00f3jne cewki siatkowe, wy\u015bwietlacz LED, 26 ml, akumulator. Zapas waporyzator\u00f3w o du\u017cej pojemno\u015bci, bogatym smaku i zr\u00f3\u017cnicowanej zawarto\u015bci nikotyny.<\/p>","protected":false},"featured_media":840,"comment_status":"open","ping_status":"closed","template":"","meta":[],"product_brand":[],"product_cat":[61,50,21,18,39,20,23,24,22,25,26,27,28,29,30,31,32,33,34,35,36,40],"product_tag":[],"class_list":{"0":"post-499","1":"product","2":"type-product","3":"status-publish","4":"has-post-thumbnail","6":"product_cat-bang","7":"product_cat-18000-puffs-disposable-vape","8":"product_cat-big-puffs-vapes","9":"product_cat-different-puffs-of-disposable-vapes","10":"product_cat-digital-box-vapes","11":"product_cat-disposable-vape-types","12":"product_cat-disposable-vapes-in-austria","13":"product_cat-disposable-vapes-in-belgium","14":"product_cat-disposable-vapes-in-europe","15":"product_cat-disposable-vapes-in-france","16":"product_cat-disposable-vapes-in-germany","17":"product_cat-disposable-vapes-in-hungary","18":"product_cat-disposable-vapes-in-ltaly","19":"product_cat-disposable-vapes-in-netherlands","20":"product_cat-disposable-vapes-in-norway","21":"product_cat-disposable-vapes-in-poland","22":"product_cat-disposable-vapes-in-portugal","23":"product_cat-disposable-vapes-in-spain","24":"product_cat-disposable-vapes-in-sweden","25":"product_cat-disposable-vapes-in-switzerland","26":"product_cat-rechargeable-vapes","27":"product_cat-smart-screen-vapes","29":"first","30":"instock","31":"shipping-taxable","32":"purchasable","33":"product-type-variable","34":"has-default-attributes"},"jetpack_sharing_enabled":true,"tiered_pricing_type":"fixed","tiered_pricing_fixed_rules":{"2000":4.62999999999999989341858963598497211933135986328125},"tiered_pricing_product_settings":{"layout":"default","base_unit_name":{"singular":null,"plural":null},"default_variation":null},"tiered_pricing_minimum_quantity":1000,"tiered_pricing_roles_data":[],"tiered_pricing_percentage_rules":[],"tiered_pricing_maximum_quantity":null,"tiered_pricing_quantity_step":"10","_links":{"self":[{"href":"https:\/\/volovape.com\/pl\/wp-json\/wp\/v2\/product\/499","targetHints":{"allow":["GET"]}}],"collection":[{"href":"https:\/\/volovape.com\/pl\/wp-json\/wp\/v2\/product"}],"about":[{"href":"https:\/\/volovape.com\/pl\/wp-json\/wp\/v2\/types\/product"}],"replies":[{"embeddable":true,"href":"https:\/\/volovape.com\/pl\/wp-json\/wp\/v2\/comments?post=499"}],"wp:featuredmedia":[{"embeddable":true,"href":"https:\/\/volovape.com\/pl\/wp-json\/wp\/v2\/media\/840"}],"wp:attachment":[{"href":"https:\/\/volovape.com\/pl\/wp-json\/wp\/v2\/media?parent=499"}],"wp:term":[{"taxonomy":"product_brand","embeddable":true,"href":"https:\/\/volovape.com\/pl\/wp-json\/wp\/v2\/product_brand?post=499"},{"taxonomy":"product_cat","embeddable":true,"href":"https:\/\/volovape.com\/pl\/wp-json\/wp\/v2\/product_cat?post=499"},{"taxonomy":"product_tag","embeddable":true,"href":"https:\/\/volovape.com\/pl\/wp-json\/wp\/v2\/product_tag?post=499"}],"curies":[{"name":"wp","href":"https:\/\/api.w.org\/{rel}","templated":true}]}}