{"id":498,"date":"2024-11-21T03:30:08","date_gmt":"2024-11-21T03:30:08","guid":{"rendered":"https:\/\/volovape.com\/?post_type=product&#038;p=498"},"modified":"2025-07-09T09:46:30","modified_gmt":"2025-07-09T09:46:30","slug":"fluum-digital-box-tn-15000-zaciagniec","status":"publish","type":"product","link":"https:\/\/volovape.com\/pl\/product\/fluum-digital-box-tn-15000-puffs\/","title":{"rendered":"FluuM Digital Box TN 15000 Puff jednorazowy Vape - akumulator, wy\u015bwietlacz cyfrowy"},"content":{"rendered":"<p><strong>FluuM Digital Box TN 15000 Puff jednorazowy Vape<\/strong> - B\u0105d\u017a na bie\u017c\u0105co i ciesz si\u0119 d\u0142u\u017cszym wapowaniem.<\/p>\n<p>Ten <strong>FluuM Digital Box TN 15000 Puffs<\/strong> zapewnia najnowocze\u015bniejsze wra\u017cenia z waporyzacji dzi\u0119ki zintegrowanemu wy\u015bwietlaczowi cyfrowemu, umo\u017cliwiaj\u0105cemu monitorowanie poziomu baterii i e-cieczy na pierwszy rzut oka. Ciesz si\u0119 nawet <strong>15 000 zaci\u0105gni\u0119\u0107<\/strong>hojny <strong>Pojemno\u015b\u0107 25 ml e-liquidu<\/strong>i <strong>Akumulator o pojemno\u015bci 650 mAh<\/strong> z \u0142adowaniem typu C. Do wyboru <strong>Moc nikotyny 0%, 2%, 3% lub 5%<\/strong> aby dopasowa\u0107 go do swoich preferencji. Zaawansowana cewka siatkowa zapewnia g\u0142adk\u0105, aromatyczn\u0105 par\u0119, a dzi\u0119ki 12 pysznym smakom znajdziesz idealne dopasowanie. Idealny do u\u017cytku osobistego lub <strong>hurtownia vape jednorazowego u\u017cytku<\/strong>, ten <strong>FluuM Digital Box TN 15000<\/strong> \u0142\u0105czy wygod\u0119 z zaawansowanymi funkcjami. Rozwa\u017c <strong>zam\u00f3wienie zbiorcze<\/strong> dla konkurencyjnych cen.<\/p>\n<h3><strong>FluuM Digital Box TN 15000 Puffs Cechy:<\/strong><\/h3>\n<ul>\n<li>Puffy: Do 15 000<\/li>\n<li>Pojemno\u015b\u0107 e-liquidu: 25 ml<\/li>\n<li>Bateria: 650 mAh (akumulator)<\/li>\n<li>\u0141adowanie: Typ-C<\/li>\n<li>Wy\u015bwietlacz: Wy\u015bwietlacz cyfrowy (poziom na\u0142adowania baterii i poziom e-cieczy)<\/li>\n<li>Moc nikotyny: 0%, 2%, 3%, 5%<\/li>\n<li>12 dost\u0119pnych smak\u00f3w<\/li>\n<\/ul>\n<h4>Cz\u0119sto zadawane pytania<\/h4>\n<h5>Jaka jest g\u0142\u00f3wna zaleta wy\u015bwietlacza cyfrowego?<\/h5>\n<p>Cyfrowy wy\u015bwietlacz zapewnia informacje w czasie rzeczywistym na temat \u017cywotno\u015bci baterii i poziomu e-cieczy, eliminuj\u0105c zgadywanie i zapewniaj\u0105c, \u017ce zawsze jeste\u015b \u015bwiadomy stanu swojego urz\u0105dzenia. Funkcja ta zwi\u0119ksza wygod\u0119 i pozwala efektywniej zarz\u0105dza\u0107 waporyzacj\u0105.<\/p>\n<h5>Jakie metody wysy\u0142ki s\u0105 stosowane i do jakich kraj\u00f3w s\u0105 wysy\u0142ane?<\/h5>\n<p>Wsp\u00f3\u0142pracujemy z niezawodnymi przewo\u017anikami, aby zapewni\u0107 sprawn\u0105 dostaw\u0119. Wysy\u0142amy do wi\u0119kszo\u015bci kraj\u00f3w europejskich, w tym do Holandii, Niemiec, Francji, Hiszpanii i innych. Czas dostawy mo\u017ce si\u0119 r\u00f3\u017cni\u0107 w zale\u017cno\u015bci od miejsca docelowego.<\/p>\n<h5>Jak d\u0142ugo zazwyczaj trwa wysy\u0142ka?<\/h5>\n<p>Czas dostawy r\u00f3\u017cni si\u0119 w zale\u017cno\u015bci od miejsca docelowego. Prosimy o kontakt w celu uzyskania szczeg\u00f3\u0142owych informacji na temat dostawy do danej lokalizacji.<\/p>\n<h5>Czy s\u0105 jakie\u015b kwestie celne lub dodatkowe op\u0142aty, o kt\u00f3rych powinienem wiedzie\u0107 w przypadku zam\u00f3wie\u0144 europejskich?<\/h5>\n<p>Zajmujemy si\u0119 odpraw\u0105 celn\u0105 zam\u00f3wie\u0144 europejskich, aby zapewni\u0107 sprawny proces dostawy. Chocia\u017c staramy si\u0119 unika\u0107 dodatkowych op\u0142at, nale\u017cy pami\u0119ta\u0107, \u017ce polityka celna mo\u017ce si\u0119 r\u00f3\u017cni\u0107, a wszelkie potencjalne op\u0142aty s\u0105 obowi\u0105zkiem kupuj\u0105cego.<\/p>\n<h5>Jak mog\u0119 by\u0107 pewny jako\u015bci produktu i niezawodno\u015bci us\u0142ugi?<\/h5>\n<p>Priorytetowo traktujemy zadowolenie klienta i oferujemy bezpieczne opcje p\u0142atno\u015bci. Mo\u017cesz r\u00f3wnie\u017c przejrze\u0107 opinie klient\u00f3w na zaufanych platformach, aby zweryfikowa\u0107 nasze zaanga\u017cowanie w jako\u015b\u0107 i obs\u0142ug\u0119.<\/p>","protected":false},"excerpt":{"rendered":"<p>Zwi\u0119ksz swoje zapasy dzi\u0119ki FluuM Digital Box TN 15000 Puffs hurtowo! Cyfrowy wy\u015bwietlacz, 25 ml, akumulator. Oferuj wygodne, d\u0142ugotrwa\u0142e waporyzatory z r\u00f3\u017cnymi opcjami nikotyny.<\/p>","protected":false},"featured_media":827,"comment_status":"open","ping_status":"closed","template":"","meta":[],"product_brand":[],"product_cat":[66,41,21,18,39,20,23,24,22,25,26,27,28,29,30,31,32,33,34,35,36,40],"product_tag":[],"class_list":{"0":"post-498","1":"product","2":"type-product","3":"status-publish","4":"has-post-thumbnail","6":"product_cat-fluum","7":"product_cat-15000-puffs-disposable-vape","8":"product_cat-big-puffs-vapes","9":"product_cat-different-puffs-of-disposable-vapes","10":"product_cat-digital-box-vapes","11":"product_cat-disposable-vape-types","12":"product_cat-disposable-vapes-in-austria","13":"product_cat-disposable-vapes-in-belgium","14":"product_cat-disposable-vapes-in-europe","15":"product_cat-disposable-vapes-in-france","16":"product_cat-disposable-vapes-in-germany","17":"product_cat-disposable-vapes-in-hungary","18":"product_cat-disposable-vapes-in-ltaly","19":"product_cat-disposable-vapes-in-netherlands","20":"product_cat-disposable-vapes-in-norway","21":"product_cat-disposable-vapes-in-poland","22":"product_cat-disposable-vapes-in-portugal","23":"product_cat-disposable-vapes-in-spain","24":"product_cat-disposable-vapes-in-sweden","25":"product_cat-disposable-vapes-in-switzerland","26":"product_cat-rechargeable-vapes","27":"product_cat-smart-screen-vapes","29":"first","30":"instock","31":"shipping-taxable","32":"purchasable","33":"product-type-variable","34":"has-default-attributes"},"jetpack_sharing_enabled":true,"tiered_pricing_type":"fixed","tiered_pricing_fixed_rules":{"2000":6.44000000000000039079850466805510222911834716796875},"tiered_pricing_product_settings":{"layout":"default","base_unit_name":{"singular":null,"plural":null},"default_variation":null},"tiered_pricing_minimum_quantity":1000,"tiered_pricing_roles_data":[],"tiered_pricing_percentage_rules":[],"tiered_pricing_maximum_quantity":null,"tiered_pricing_quantity_step":"10","_links":{"self":[{"href":"https:\/\/volovape.com\/pl\/wp-json\/wp\/v2\/product\/498","targetHints":{"allow":["GET"]}}],"collection":[{"href":"https:\/\/volovape.com\/pl\/wp-json\/wp\/v2\/product"}],"about":[{"href":"https:\/\/volovape.com\/pl\/wp-json\/wp\/v2\/types\/product"}],"replies":[{"embeddable":true,"href":"https:\/\/volovape.com\/pl\/wp-json\/wp\/v2\/comments?post=498"}],"wp:featuredmedia":[{"embeddable":true,"href":"https:\/\/volovape.com\/pl\/wp-json\/wp\/v2\/media\/827"}],"wp:attachment":[{"href":"https:\/\/volovape.com\/pl\/wp-json\/wp\/v2\/media?parent=498"}],"wp:term":[{"taxonomy":"product_brand","embeddable":true,"href":"https:\/\/volovape.com\/pl\/wp-json\/wp\/v2\/product_brand?post=498"},{"taxonomy":"product_cat","embeddable":true,"href":"https:\/\/volovape.com\/pl\/wp-json\/wp\/v2\/product_cat?post=498"},{"taxonomy":"product_tag","embeddable":true,"href":"https:\/\/volovape.com\/pl\/wp-json\/wp\/v2\/product_tag?post=498"}],"curies":[{"name":"wp","href":"https:\/\/api.w.org\/{rel}","templated":true}]}}