{"id":496,"date":"2024-11-21T03:30:08","date_gmt":"2024-11-21T03:30:08","guid":{"rendered":"https:\/\/volovape.com\/?post_type=product&#038;p=496"},"modified":"2025-07-29T08:14:03","modified_gmt":"2025-07-29T08:14:03","slug":"vopk-cool-bar-9000-buchow","status":"publish","type":"product","link":"https:\/\/volovape.com\/pl\/product\/vopk-cool-bar-9000-puffs\/","title":{"rendered":"VOPK Cool Bar 9000 Puffs jednorazowy Vape - regulowany przep\u0142yw powietrza, cewka siatkowa 1,0\u03a9"},"content":{"rendered":"<p><strong>VOPK Cool Bar 9000 Puffs Vape jednorazowego u\u017cytku<\/strong> - Spersonalizowana waporyzacja z regulowanym przep\u0142ywem powietrza.<\/p>\n<p>Do\u015bwiadcz waporyzacji dostosowanej do swoich potrzeb dzi\u0119ki <strong>VOPK Cool Bar 9000 zaci\u0105gni\u0119\u0107<\/strong>. Ten jednorazowy vape oferuje do <strong>9000 zaci\u0105gni\u0119\u0107<\/strong>, a <strong>Pojemno\u015b\u0107 e-liquidu 15 ml<\/strong>i <strong>Akumulator o pojemno\u015bci 600 mAh<\/strong> do d\u0142ugotrwa\u0142ego u\u017cytkowania. Wyr\u00f3\u017cniaj\u0105c\u0105 si\u0119 cech\u0105 jest <strong>regulowany przep\u0142yw powietrza<\/strong>umo\u017cliwiaj\u0105c prze\u0142\u0105czanie mi\u0119dzy stylami waporyzacji MTL i DTL. Wtyczka <strong>Cewka o oczkach 1,0\u03a9<\/strong> zapewnia sp\u00f3jny smak i g\u0142adk\u0105 par\u0119. Dzi\u0119ki <strong>Moc nikotyny 3%<\/strong> i 10 orze\u017awiaj\u0105cych smak\u00f3w, urz\u0105dzenie to zapewnia satysfakcjonuj\u0105ce doznania. Idealny do u\u017cytku osobistego lub <strong>hurtownia vape jednorazowego u\u017cytku<\/strong>, ten <strong>VOPK Cool Bar 9000<\/strong> zosta\u0142 zaprojektowany z my\u015bl\u0105 o wygodzie i personalizacji. Rozwa\u017cmy <strong>zam\u00f3wienie zbiorcze<\/strong> dla konkurencyjnych cen.<\/p>\n<h3><strong>VOPK Cool Bar 9000 Puffs Cechy:<\/strong><\/h3>\n<ul>\n<li>Puffy: Do 9000<\/li>\n<li>Pojemno\u015b\u0107 e-liquidu: 15 ml<\/li>\n<li>Bateria: 600 mAh (akumulator)<\/li>\n<li>\u0141adowanie: Typ-C<\/li>\n<li>Cewka: cewka siatkowa 1,0\u03a9<\/li>\n<li>Przep\u0142yw powietrza: Regulowany<\/li>\n<li>Moc nikotyny: 3%<\/li>\n<li>10 dost\u0119pnych smak\u00f3w<\/li>\n<\/ul>\n<h4>Cz\u0119sto zadawane pytania<\/h4>\n<h5>W jaki spos\u00f3b regulowany przep\u0142yw powietrza poprawia moje wra\u017cenia z waporyzacji?<\/h5>\n<p>Regulowany przep\u0142yw powietrza pozwala dostosowa\u0107 zaci\u0105ganie, oferuj\u0105c elastyczno\u015b\u0107 mi\u0119dzy cia\u015bniejszym, papierosowym zaci\u0105ganiem MTL (usta-p\u0142uca) a bardziej otwartym, przewiewnym zaci\u0105ganiem DTL (bezpo\u015brednio-p\u0142uca). Ta personalizacja pozwala znale\u017a\u0107 idealn\u0105 r\u00f3wnowag\u0119 smaku i produkcji pary, aby dopasowa\u0107 si\u0119 do w\u0142asnych preferencji.<\/p>\n<h5>Jakie metody wysy\u0142ki s\u0105 stosowane?<\/h5>\n<p>Wsp\u00f3\u0142pracujemy z zaufanymi przewo\u017anikami, takimi jak UPS, DHL, FedEx i DPD, aby zapewni\u0107 bezpieczne i szybkie dostarczenie zam\u00f3wienia. Najbardziej odpowiednia metoda wysy\u0142ki jest wybierana na podstawie lokalizacji u\u017cytkownika.<\/p>\n<h5>Jak d\u0142ugo potrwa dostawa mojego zam\u00f3wienia?<\/h5>\n<p>Dostawa trwa zazwyczaj od 7 do 15 dni roboczych. Nale\u017cy wzi\u0105\u0107 pod uwag\u0119 potencjalne op\u00f3\u017anienia do 20 dni roboczych podczas \u015bwi\u0105t lub niekorzystnych warunk\u00f3w pogodowych.<\/p>\n<h5>Czy s\u0105 jakie\u015b op\u0142aty celne lub kwestie, o kt\u00f3rych powinienem wiedzie\u0107?<\/h5>\n<p>Zarz\u0105dzamy wszystkimi procedurami odprawy celnej, aby zagwarantowa\u0107 bezproblemow\u0105 dostaw\u0119. Nie poniesiesz \u017cadnych dodatkowych podatk\u00f3w ani op\u0142at, a my zapewniamy odpraw\u0119 celn\u0105 100% dla wszystkich przesy\u0142ek.<\/p>\n<h5>Czy m\u00f3j zakup jest bezpieczny i niezawodny?<\/h5>\n<p>Oferujemy bezpieczne opcje p\u0142atno\u015bci za po\u015brednictwem systemu PayPal, kt\u00f3ry obejmuje ochron\u0119 kupuj\u0105cych. Mo\u017cesz r\u00f3wnie\u017c zweryfikowa\u0107 nasz\u0105 wiarygodno\u015b\u0107, przegl\u0105daj\u0105c opinie klient\u00f3w na stronie <a href=\"https:\/\/www.trustpilot.com\/review\/volovape.com?utm_medium=trustbox&amp;utm_source=TrustBoxReviewCollector\">TrustPilot<\/a>.<\/p>","protected":false},"excerpt":{"rendered":"<p>Zwi\u0119ksz sprzeda\u017c vape z VOPK Cool Bar 9000 Puffs hurtowo! Regulowany przep\u0142yw powietrza, cewka siatkowa 1,0\u03a9, 15 ml, akumulator. Oferuj konfigurowalne waporyzatory o orze\u017awiaj\u0105cych smakach.<\/p>","protected":false},"featured_media":798,"comment_status":"open","ping_status":"closed","template":"","meta":[],"product_brand":[],"product_cat":[65,48,21,18,20,23,24,22,25,26,27,28,29,30,31,32,33,34,35,36],"product_tag":[],"class_list":{"0":"post-496","1":"product","2":"type-product","3":"status-publish","4":"has-post-thumbnail","6":"product_cat-vopk","7":"product_cat-9000-puffs-disposable-vape","8":"product_cat-big-puffs-vapes","9":"product_cat-different-puffs-of-disposable-vapes","10":"product_cat-disposable-vape-types","11":"product_cat-disposable-vapes-in-austria","12":"product_cat-disposable-vapes-in-belgium","13":"product_cat-disposable-vapes-in-europe","14":"product_cat-disposable-vapes-in-france","15":"product_cat-disposable-vapes-in-germany","16":"product_cat-disposable-vapes-in-hungary","17":"product_cat-disposable-vapes-in-ltaly","18":"product_cat-disposable-vapes-in-netherlands","19":"product_cat-disposable-vapes-in-norway","20":"product_cat-disposable-vapes-in-poland","21":"product_cat-disposable-vapes-in-portugal","22":"product_cat-disposable-vapes-in-spain","23":"product_cat-disposable-vapes-in-sweden","24":"product_cat-disposable-vapes-in-switzerland","25":"product_cat-rechargeable-vapes","27":"first","28":"instock","29":"shipping-taxable","30":"purchasable","31":"product-type-variable","32":"has-default-attributes"},"jetpack_sharing_enabled":true,"tiered_pricing_type":"fixed","tiered_pricing_fixed_rules":{"30":6.5,"50":6.4900000000000002131628207280300557613372802734375,"100":6.29000000000000003552713678800500929355621337890625,"200":5.78000000000000024868995751603506505489349365234375,"400":5.04000000000000003552713678800500929355621337890625},"tiered_pricing_product_settings":{"layout":"default","base_unit_name":{"singular":null,"plural":null},"default_variation":null},"tiered_pricing_minimum_quantity":10,"tiered_pricing_roles_data":[],"tiered_pricing_percentage_rules":[],"tiered_pricing_maximum_quantity":null,"tiered_pricing_quantity_step":"10","_links":{"self":[{"href":"https:\/\/volovape.com\/pl\/wp-json\/wp\/v2\/product\/496","targetHints":{"allow":["GET"]}}],"collection":[{"href":"https:\/\/volovape.com\/pl\/wp-json\/wp\/v2\/product"}],"about":[{"href":"https:\/\/volovape.com\/pl\/wp-json\/wp\/v2\/types\/product"}],"replies":[{"embeddable":true,"href":"https:\/\/volovape.com\/pl\/wp-json\/wp\/v2\/comments?post=496"}],"wp:featuredmedia":[{"embeddable":true,"href":"https:\/\/volovape.com\/pl\/wp-json\/wp\/v2\/media\/798"}],"wp:attachment":[{"href":"https:\/\/volovape.com\/pl\/wp-json\/wp\/v2\/media?parent=496"}],"wp:term":[{"taxonomy":"product_brand","embeddable":true,"href":"https:\/\/volovape.com\/pl\/wp-json\/wp\/v2\/product_brand?post=496"},{"taxonomy":"product_cat","embeddable":true,"href":"https:\/\/volovape.com\/pl\/wp-json\/wp\/v2\/product_cat?post=496"},{"taxonomy":"product_tag","embeddable":true,"href":"https:\/\/volovape.com\/pl\/wp-json\/wp\/v2\/product_tag?post=496"}],"curies":[{"name":"wp","href":"https:\/\/api.w.org\/{rel}","templated":true}]}}