{"id":495,"date":"2024-11-21T03:30:07","date_gmt":"2024-11-21T03:30:07","guid":{"rendered":"https:\/\/volovape.com\/?post_type=product&#038;p=495"},"modified":"2025-12-02T13:15:47","modified_gmt":"2025-12-02T13:15:47","slug":"huk-25000-buchow","status":"publish","type":"product","link":"https:\/\/volovape.com\/pl\/product\/bang-25000-puffs\/","title":{"rendered":"Vape jednorazowe Bang 25000 Puffs - cewka siatkowa 1,0\u03a9, akumulator, wy\u015bwietlacz"},"content":{"rendered":"<p><iframe title=\"Odtwarzacz wideo VideoPress\" aria-label='Odtwarzacz wideo VideoPress' width='500' height='281' src='https:\/\/videopress.com\/embed\/Hmr9nGsM?hd=0&amp;cover=1' frameborder='0' allowfullscreen allow='clipboard-write'><\/iframe><script src='https:\/\/v0.wordpress.com\/js\/next\/videopress-iframe.js?m=1739540970'><\/script><\/p>\n<p><strong>Bang 25000 Puffs Jednorazowy Vape<\/strong> - Do\u015bwiadcz niezr\u00f3wnanej trwa\u0142o\u015bci i smaku.<\/p>\n<p>Ten <strong>Bang 25000 Puffs<\/strong> wyznacza nowy standard dla jednorazowych waporyzator\u00f3w, dostarczaj\u0105c do <strong>25 000 zaci\u0105gni\u0119\u0107<\/strong> z ogromnym <strong>Pojemno\u015b\u0107 25 ml e-liquidu<\/strong>. Ciesz si\u0119 sta\u0142ym, bogatym smakiem dzi\u0119ki <strong>Cewka o oczkach 1,0\u03a9<\/strong>i b\u0105d\u017a na bie\u017c\u0105co dzi\u0119ki zintegrowanemu wy\u015bwietlaczowi pokazuj\u0105cemu poziom baterii i e-cieczy. Wybierz preferowan\u0105 moc nikotyny spo\u015br\u00f3d <strong>0%, 2%, 3% lub 5%<\/strong>. To urz\u0105dzenie jest zasilane przez <strong>Akumulator o pojemno\u015bci 650 mAh<\/strong> z <strong>\u0141adowanie typu C<\/strong>zapewniaj\u0105c niezawodno\u015b\u0107 i wygod\u0119. Idealny do u\u017cytku osobistego lub <strong>hurtownia vape jednorazowego u\u017cytku<\/strong>, ten <strong>Bang 25000 Puffs<\/strong> zapewnia wyj\u0105tkow\u0105 warto\u015b\u0107 i najwy\u017cszej jako\u015bci doznania podczas waporyzacji. Poznaj 12 wyj\u0105tkowych smak\u00f3w i rozwa\u017c <strong>zam\u00f3wienie zbiorcze<\/strong> na potrzeby waporyzacji.<\/p>\n<h3><strong>Bang 25000 Puffs Cechy:<\/strong><\/h3>\n<ul>\n<li>Puffy: Do 25 000<\/li>\n<li>Pojemno\u015b\u0107 e-liquidu: 25 ml<\/li>\n<li>Bateria: 650 mAh (akumulator)<\/li>\n<li>\u0141adowanie: Typ-C<\/li>\n<li>Cewka: cewka siatkowa 1,0\u03a9<\/li>\n<li>Wy\u015bwietlacz: Zintegrowany wy\u015bwietlacz (poziom na\u0142adowania baterii i poziom e-cieczy)<\/li>\n<li>Moc nikotyny: 0%, 2%, 3%, 5%<\/li>\n<li>12 dost\u0119pnych smak\u00f3w<\/li>\n<\/ul>\n<h4>Cz\u0119sto zadawane pytania<\/h4>\n<h5>Jaka jest zaleta ekranu wy\u015bwietlacza?<\/h5>\n<p>Zintegrowany wy\u015bwietlacz pozwala monitorowa\u0107 poziom na\u0142adowania baterii i poziom e-cieczy w czasie rzeczywistym, eliminuj\u0105c zgadywanie i zapewniaj\u0105c, \u017ce nigdy nie zostaniesz zaskoczony. Jest to kluczowa funkcja pozwalaj\u0105ca zmaksymalizowa\u0107 wra\u017cenia z waporyzacji i cieszy\u0107 si\u0119 ka\u017cdym zaci\u0105gni\u0119ciem.<\/p>\n<h5>Jakie metody wysy\u0142ki s\u0105 stosowane?<\/h5>\n<p>Wsp\u00f3\u0142pracujemy z wiod\u0105cymi przewo\u017anikami, takimi jak UPS, DHL, FedEx i DPD, oferuj\u0105c niezawodn\u0105 i wydajn\u0105 wysy\u0142k\u0119. Wybieramy najbardziej odpowiedniego przewo\u017anika na podstawie lokalizacji klienta, aby zapewni\u0107 szybk\u0105 dostaw\u0119.<\/p>\n<h5>Jak d\u0142ugo trwa dostawa?<\/h5>\n<p>Zazwyczaj dostawa trwa od 7 do 15 dni roboczych. W przypadku \u015bwi\u0105t lub niekorzystnych warunk\u00f3w pogodowych dostawa mo\u017ce potrwa\u0107 do 20 dni roboczych.<\/p>\n<h5>Czy napotkam problemy celne lub dodatkowe op\u0142aty?<\/h5>\n<p>Obs\u0142ugujemy wszystkie procesy odprawy celnej, gwarantuj\u0105c sprawn\u0105 dostaw\u0119 bez \u017cadnych nieoczekiwanych podatk\u00f3w lub op\u0142at. Zapewniamy, \u017ce 100% naszych przesy\u0142ek przechodzi odpraw\u0119 celn\u0105 bez \u017cadnych problem\u00f3w.<\/p>\n<h5>Czy mog\u0119 zaufa\u0107 jako\u015bci i us\u0142ugom?<\/h5>\n<p>Oferujemy bezpieczne opcje p\u0142atno\u015bci za po\u015brednictwem systemu PayPal, kt\u00f3ry obejmuje ochron\u0119 kupuj\u0105cych. Mo\u017cesz r\u00f3wnie\u017c zweryfikowa\u0107 nasz\u0105 niezawodno\u015b\u0107, czytaj\u0105c opinie klient\u00f3w na stronie <a href=\"https:\/\/www.trustpilot.com\/review\/volovape.com?utm_medium=trustbox&amp;utm_source=TrustBoxReviewCollector\">TrustPilot<\/a>.<\/p>","protected":false},"excerpt":{"rendered":"<p>Zanurz si\u0119 w d\u0142ugiej, aromatycznej waporyzacji z Bang 25000 Puffs. Przyjazny dla u\u017cytkownika wy\u015bwietlacz, oczko 1,0\u03a9, 25 ml, akumulator. Idealny do u\u017cytku osobistego lub hurtowego, z r\u00f3\u017cnymi opcjami nikotyny.<\/p>","protected":false},"featured_media":786,"comment_status":"open","ping_status":"closed","template":"","meta":[],"product_brand":[],"product_cat":[61,45,21,18,39,20,23,24,22,25,26,27,28,29,30,31,32,33,34,35,44,36,40],"product_tag":[],"class_list":{"0":"post-495","1":"product","2":"type-product","3":"status-publish","4":"has-post-thumbnail","6":"product_cat-bang","7":"product_cat-25000-puffs-disposable-vape","8":"product_cat-big-puffs-vapes","9":"product_cat-different-puffs-of-disposable-vapes","10":"product_cat-digital-box-vapes","11":"product_cat-disposable-vape-types","12":"product_cat-disposable-vapes-in-austria","13":"product_cat-disposable-vapes-in-belgium","14":"product_cat-disposable-vapes-in-europe","15":"product_cat-disposable-vapes-in-france","16":"product_cat-disposable-vapes-in-germany","17":"product_cat-disposable-vapes-in-hungary","18":"product_cat-disposable-vapes-in-ltaly","19":"product_cat-disposable-vapes-in-netherlands","20":"product_cat-disposable-vapes-in-norway","21":"product_cat-disposable-vapes-in-poland","22":"product_cat-disposable-vapes-in-portugal","23":"product_cat-disposable-vapes-in-spain","24":"product_cat-disposable-vapes-in-sweden","25":"product_cat-disposable-vapes-in-switzerland","26":"product_cat-dual-mesh-vapes","27":"product_cat-rechargeable-vapes","28":"product_cat-smart-screen-vapes","30":"first","31":"instock","32":"shipping-taxable","33":"purchasable","34":"product-type-variable","35":"has-default-attributes"},"jetpack_sharing_enabled":true,"tiered_pricing_type":"fixed","tiered_pricing_fixed_rules":{"30":7.160000000000000142108547152020037174224853515625,"50":6.910000000000000142108547152020037174224853515625,"100":6.1699999999999999289457264239899814128875732421875,"200":5.79999999999999982236431605997495353221893310546875,"400":5.30999999999999960920149533194489777088165283203125},"tiered_pricing_product_settings":{"layout":"default","base_unit_name":{"singular":null,"plural":null},"default_variation":null},"tiered_pricing_minimum_quantity":10,"tiered_pricing_roles_data":[],"tiered_pricing_percentage_rules":[],"tiered_pricing_maximum_quantity":null,"tiered_pricing_quantity_step":"10","_links":{"self":[{"href":"https:\/\/volovape.com\/pl\/wp-json\/wp\/v2\/product\/495","targetHints":{"allow":["GET"]}}],"collection":[{"href":"https:\/\/volovape.com\/pl\/wp-json\/wp\/v2\/product"}],"about":[{"href":"https:\/\/volovape.com\/pl\/wp-json\/wp\/v2\/types\/product"}],"replies":[{"embeddable":true,"href":"https:\/\/volovape.com\/pl\/wp-json\/wp\/v2\/comments?post=495"}],"wp:featuredmedia":[{"embeddable":true,"href":"https:\/\/volovape.com\/pl\/wp-json\/wp\/v2\/media\/786"}],"wp:attachment":[{"href":"https:\/\/volovape.com\/pl\/wp-json\/wp\/v2\/media?parent=495"}],"wp:term":[{"taxonomy":"product_brand","embeddable":true,"href":"https:\/\/volovape.com\/pl\/wp-json\/wp\/v2\/product_brand?post=495"},{"taxonomy":"product_cat","embeddable":true,"href":"https:\/\/volovape.com\/pl\/wp-json\/wp\/v2\/product_cat?post=495"},{"taxonomy":"product_tag","embeddable":true,"href":"https:\/\/volovape.com\/pl\/wp-json\/wp\/v2\/product_tag?post=495"}],"curies":[{"name":"wp","href":"https:\/\/api.w.org\/{rel}","templated":true}]}}