{"id":492,"date":"2024-11-21T03:30:07","date_gmt":"2024-11-21T03:30:07","guid":{"rendered":"https:\/\/volovape.com\/?post_type=product&#038;p=492"},"modified":"2025-07-26T06:14:36","modified_gmt":"2025-07-26T06:14:36","slug":"vopk-tornado-15000-zaciagniec","status":"publish","type":"product","link":"https:\/\/volovape.com\/pl\/product\/vopk-tornado-15000-puffs\/","title":{"rendered":"VOPK TORNADO 15000 Puff jednorazowy Vape - akumulator, cewka siatkowa 1,0\u03a9"},"content":{"rendered":"<p><iframe title=\"Odtwarzacz wideo VideoPress\" aria-label='Odtwarzacz wideo VideoPress' width='421' height='750' src='https:\/\/videopress.com\/embed\/IVRVhbGH?hd=0&amp;cover=1' frameborder='0' allowfullscreen allow='clipboard-write'><\/iframe><script src='https:\/\/v0.wordpress.com\/js\/next\/videopress-iframe.js?m=1739540970'><\/script><\/p>\n<p><strong>VOPK TORNADO 15000 puff\u00f3w jednorazowych Vape<\/strong> - Wyd\u0142u\u017cone wapowanie dzi\u0119ki technologii Smooth Mesh Coil.<\/p>\n<p>Ten <strong>VOPK TORNADO 15000 zaci\u0105gni\u0119\u0107<\/strong> zapewnia wyj\u0105tkowe doznania podczas waporyzacji, oferuj\u0105c do 15 000 zaci\u0105gni\u0119\u0107 i ogromny zbiornik e-liquidu o pojemno\u015bci 25 ml. Wyposa\u017cony w akumulator 850 mAh i cewk\u0119 siatkow\u0105 1,0 \u03a9, urz\u0105dzenie to zapewnia niezmiennie g\u0142adk\u0105 i aromatyczn\u0105 par\u0119. Wybierz moc nikotyny 0%, 2%, 3% lub 5% i ciesz si\u0119 10 r\u00f3\u017cnymi smakami. Jego przeno\u015bna i bezobs\u0142ugowa konstrukcja sprawia, \u017ce jest idealny do u\u017cytku osobistego i <strong>hurtownia vape jednorazowego u\u017cytku<\/strong> Lub <strong>zam\u00f3wienia zbiorcze<\/strong>.<\/p>\n<h3><strong>VOPK TORNADO 15000 Puffs Cechy:<\/strong><\/h3>\n<ul>\n<li>Puffy: Do 15 000<\/li>\n<li>Pojemno\u015b\u0107 e-liquidu: 25 ml<\/li>\n<li>Bateria: 850 mAh (akumulator)<\/li>\n<li>\u0141adowanie: Typ-C<\/li>\n<li>Cewka: cewka siatkowa 1,0\u03a9<\/li>\n<li>Moc nikotyny: 0%, 2%, 3%, 5%<\/li>\n<li>10 unikalnych smak\u00f3w<\/li>\n<\/ul>\n<h4>Cz\u0119sto zadawane pytania<\/h4>\n<h5>Jakie opcje wysy\u0142ki s\u0105 dost\u0119pne?<\/h5>\n<p>Wsp\u00f3\u0142pracujemy z r\u00f3\u017cnymi przewo\u017anikami, aby zapewni\u0107 niezawodne opcje wysy\u0142ki. Najbardziej odpowiednia metoda jest wybierana na podstawie lokalizacji klienta, aby zapewni\u0107 terminow\u0105 dostaw\u0119 przesy\u0142ki. <strong>jednorazowe vape<\/strong> produkt\u00f3w. Nale\u017cy pami\u0119ta\u0107, \u017ce ze wzgl\u0119du na przepisy wysy\u0142ka produkt\u00f3w do waporyzacji sta\u0142a si\u0119 bardziej ograniczona, a us\u0142ugi przewo\u017anik\u00f3w takich jak UPS, DHL i FedEx nie s\u0105 ju\u017c dost\u0119pne.<\/p>\n<h5>Jak d\u0142ugo zazwyczaj trwa standardowa dostawa?<\/h5>\n<p>Standardowa dostawa trwa zazwyczaj od 7 do 15 dni roboczych. Nale\u017cy wzi\u0105\u0107 pod uwag\u0119 potencjalne op\u00f3\u017anienia podczas \u015bwi\u0105t lub z powodu niekorzystnych warunk\u00f3w pogodowych, kt\u00f3re mog\u0105 wyd\u0142u\u017cy\u0107 czas dostawy do 20 dni roboczych.<\/p>\n<h5>Czy obs\u0142ugiwane s\u0105 procedury celne?<\/h5>\n<p>Zajmujemy si\u0119 wymaganymi procedurami celnymi, aby zapewni\u0107 sprawny proces dostawy. Naszym celem jest zminimalizowanie wszelkich potencjalnych problem\u00f3w, jednak nale\u017cy pami\u0119ta\u0107, \u017ce ze wzgl\u0119du na sytuacj\u0119 prawn\u0105 zwi\u0105zan\u0105 z produktami do waporyzacji, agencja celna mo\u017ce w dowolnym momencie zatrzyma\u0107 lub wstrzyma\u0107 przesy\u0142k\u0119, a sytuacja ta b\u0119dzie poza nasz\u0105 kontrol\u0105.<\/p>\n<h5>W jaki spos\u00f3b cewka siatkowa 1,0\u03a9 poprawia wra\u017cenia z waporyzacji?<\/h5>\n<p>Siatkowa cewka 1,0\u03a9 zapewnia zr\u00f3wnowa\u017con\u0105 powierzchni\u0119 grzewcz\u0105, zapewniaj\u0105c sp\u00f3jne i r\u00f3wnomierne podgrzewanie e-cieczy. Konstrukcja ta poprawia dostarczanie smaku i wytwarza g\u0142adk\u0105, satysfakcjonuj\u0105c\u0105 par\u0119, zapewniaj\u0105c najwy\u017cszej jako\u015bci doznania podczas waporyzacji o sta\u0142ym smaku i produkcji pary.<\/p>\n<h5>Czy m\u00f3j zakup jest bezpieczny?<\/h5>\n<p>Oferujemy bezpieczne opcje p\u0142atno\u015bci, zw\u0142aszcza za po\u015brednictwem platform takich jak Paypal, kt\u00f3re zapewniaj\u0105 ochron\u0119 kupuj\u0105cych. Chocia\u017c recenzje mog\u0105 pom\u00f3c w podj\u0119ciu decyzji o zakupie, nie zamieszczamy do nich bezpo\u015brednich odno\u015bnik\u00f3w.<\/p>","protected":false},"excerpt":{"rendered":"<p>VOPK TORNADO 15000 Puffs zapewnia d\u0142ugotrwa\u0142y smak. Siatka 1,0\u03a9, 25 ml, akumulator 850 mAh. Idealny do u\u017cytku osobistego lub hurtowego, z r\u00f3\u017cnymi opcjami nikotyny.<\/p>","protected":false},"featured_media":751,"comment_status":"open","ping_status":"closed","template":"","meta":[],"product_brand":[],"product_cat":[65,41,21,18,20,23,24,22,25,26,27,28,29,30,31,32,33,34,35,36,40],"product_tag":[],"class_list":{"0":"post-492","1":"product","2":"type-product","3":"status-publish","4":"has-post-thumbnail","6":"product_cat-vopk","7":"product_cat-15000-puffs-disposable-vape","8":"product_cat-big-puffs-vapes","9":"product_cat-different-puffs-of-disposable-vapes","10":"product_cat-disposable-vape-types","11":"product_cat-disposable-vapes-in-austria","12":"product_cat-disposable-vapes-in-belgium","13":"product_cat-disposable-vapes-in-europe","14":"product_cat-disposable-vapes-in-france","15":"product_cat-disposable-vapes-in-germany","16":"product_cat-disposable-vapes-in-hungary","17":"product_cat-disposable-vapes-in-ltaly","18":"product_cat-disposable-vapes-in-netherlands","19":"product_cat-disposable-vapes-in-norway","20":"product_cat-disposable-vapes-in-poland","21":"product_cat-disposable-vapes-in-portugal","22":"product_cat-disposable-vapes-in-spain","23":"product_cat-disposable-vapes-in-sweden","24":"product_cat-disposable-vapes-in-switzerland","25":"product_cat-rechargeable-vapes","26":"product_cat-smart-screen-vapes","28":"first","29":"instock","30":"shipping-taxable","31":"purchasable","32":"product-type-variable","33":"has-default-attributes"},"jetpack_sharing_enabled":true,"tiered_pricing_type":"fixed","tiered_pricing_fixed_rules":{"30":6.62000000000000010658141036401502788066864013671875,"50":6.19000000000000039079850466805510222911834716796875,"100":5.87999999999999989341858963598497211933135986328125,"200":5.67999999999999971578290569595992565155029296875,"400":4.87999999999999989341858963598497211933135986328125},"tiered_pricing_product_settings":{"layout":"default","base_unit_name":{"singular":null,"plural":null},"default_variation":null},"tiered_pricing_minimum_quantity":10,"tiered_pricing_roles_data":[],"tiered_pricing_percentage_rules":[],"tiered_pricing_maximum_quantity":null,"tiered_pricing_quantity_step":"10","_links":{"self":[{"href":"https:\/\/volovape.com\/pl\/wp-json\/wp\/v2\/product\/492","targetHints":{"allow":["GET"]}}],"collection":[{"href":"https:\/\/volovape.com\/pl\/wp-json\/wp\/v2\/product"}],"about":[{"href":"https:\/\/volovape.com\/pl\/wp-json\/wp\/v2\/types\/product"}],"replies":[{"embeddable":true,"href":"https:\/\/volovape.com\/pl\/wp-json\/wp\/v2\/comments?post=492"}],"wp:featuredmedia":[{"embeddable":true,"href":"https:\/\/volovape.com\/pl\/wp-json\/wp\/v2\/media\/751"}],"wp:attachment":[{"href":"https:\/\/volovape.com\/pl\/wp-json\/wp\/v2\/media?parent=492"}],"wp:term":[{"taxonomy":"product_brand","embeddable":true,"href":"https:\/\/volovape.com\/pl\/wp-json\/wp\/v2\/product_brand?post=492"},{"taxonomy":"product_cat","embeddable":true,"href":"https:\/\/volovape.com\/pl\/wp-json\/wp\/v2\/product_cat?post=492"},{"taxonomy":"product_tag","embeddable":true,"href":"https:\/\/volovape.com\/pl\/wp-json\/wp\/v2\/product_tag?post=492"}],"curies":[{"name":"wp","href":"https:\/\/api.w.org\/{rel}","templated":true}]}}