{"id":491,"date":"2024-11-21T03:30:07","date_gmt":"2024-11-21T03:30:07","guid":{"rendered":"https:\/\/volovape.com\/?post_type=product&#038;p=491"},"modified":"2025-07-08T04:50:17","modified_gmt":"2025-07-08T04:50:17","slug":"bang-shisha-15000-zaciagniec","status":"publish","type":"product","link":"https:\/\/volovape.com\/pl\/product\/bang-shisha-15000-puffs\/","title":{"rendered":"Vape jednorazowe Bang SHISHA 15000 Puffs XXL - cewka siatkowa 0,6\u03a9, mo\u017cliwo\u015b\u0107 \u0142adowania"},"content":{"rendered":"<p><strong>Bang SHISHA 15000 Puffs XXL jednorazowe Vape<\/strong> - Aromaty inspirowane fajk\u0105 wodn\u0105 z pot\u0119\u017cn\u0105 cewk\u0105 siatkow\u0105.<\/p>\n<p>Do\u015bwiadcz bogatych, \u0142agodnych smak\u00f3w tradycyjnej shishy w wygodnym jednorazowym formacie dzi\u0119ki <strong>Bang SHISHA 15000 zaci\u0105gni\u0119\u0107 XXL<\/strong>. Urz\u0105dzenie to mo\u017ce pochwali\u0107 si\u0119 imponuj\u0105c\u0105 pojemno\u015bci\u0105 15 000 zaci\u0105gni\u0119\u0107, zbiornikiem na e-liquid o pojemno\u015bci 25 ml i akumulatorem o pojemno\u015bci 650 mAh. Siatkowa cewka 0,6\u03a9 jest zoptymalizowana pod k\u0105tem g\u0119stych chmur i bogatego smaku, replikuj\u0105c autentyczne doznania z sziszy. Wybierz moc nikotyny 0%, 2% lub 5% i ciesz si\u0119 12 smakami inspirowanymi szisz\u0105. Idealny do u\u017cytku osobistego i <strong>hurtownia vape jednorazowego u\u017cytku<\/strong> Lub <strong>zam\u00f3wienia zbiorcze<\/strong>.<\/p>\n<h3><strong>Bang SHISHA 15000 Puffs XXL Cechy:<\/strong><\/h3>\n<ul>\n<li>Puffy: Do 15 000<\/li>\n<li>Pojemno\u015b\u0107 e-liquidu: 25 ml<\/li>\n<li>Bateria: 650 mAh (akumulator)<\/li>\n<li>\u0141adowanie: Typ-C<\/li>\n<li>Cewka: cewka siatkowa 0,6\u03a9<\/li>\n<li>Moc nikotyny: 0%, 2%, 5%<\/li>\n<li>12 smak\u00f3w inspirowanych szisz\u0105<\/li>\n<\/ul>\n<h4>Cz\u0119sto zadawane pytania<\/h4>\n<h5>Jakie opcje wysy\u0142ki s\u0105 dost\u0119pne?<\/h5>\n<p>Wsp\u00f3\u0142pracujemy z r\u00f3\u017cnymi przewo\u017anikami, aby zapewni\u0107 niezawodne opcje wysy\u0142ki. Najbardziej odpowiednia metoda jest wybierana na podstawie lokalizacji klienta, aby zapewni\u0107 terminow\u0105 dostaw\u0119 przesy\u0142ki. <strong>jednorazowe vape<\/strong> produkt\u00f3w. Nale\u017cy pami\u0119ta\u0107, \u017ce ze wzgl\u0119du na przepisy wysy\u0142ka produkt\u00f3w do waporyzacji sta\u0142a si\u0119 bardziej ograniczona, a us\u0142ugi przewo\u017anik\u00f3w takich jak UPS, DHL i FedEx nie s\u0105 ju\u017c dost\u0119pne.<\/p>\n<h5>Jak d\u0142ugo zazwyczaj trwa standardowa dostawa?<\/h5>\n<p>Standardowa dostawa trwa zazwyczaj od 7 do 15 dni roboczych. Nale\u017cy wzi\u0105\u0107 pod uwag\u0119 potencjalne op\u00f3\u017anienia podczas \u015bwi\u0105t lub z powodu niekorzystnych warunk\u00f3w pogodowych, kt\u00f3re mog\u0105 wyd\u0142u\u017cy\u0107 czas dostawy do 20 dni roboczych.<\/p>\n<h5>Czy obs\u0142ugiwane s\u0105 procedury celne?<\/h5>\n<p>Zajmujemy si\u0119 wymaganymi procedurami celnymi, aby zapewni\u0107 sprawny proces dostawy. Naszym celem jest zminimalizowanie wszelkich potencjalnych problem\u00f3w, jednak nale\u017cy pami\u0119ta\u0107, \u017ce ze wzgl\u0119du na sytuacj\u0119 prawn\u0105 zwi\u0105zan\u0105 z produktami do waporyzacji, agencja celna mo\u017ce w dowolnym momencie zatrzyma\u0107 lub wstrzyma\u0107 przesy\u0142k\u0119, a sytuacja ta b\u0119dzie poza nasz\u0105 kontrol\u0105.<\/p>\n<h5>W jaki spos\u00f3b cewka siatkowa 0,6\u03a9 zwi\u0119ksza doznania podczas waporyzacji przypominaj\u0105cej shish\u0119?<\/h5>\n<p>Siatkowa cewka 0,6\u03a9 zosta\u0142a specjalnie zaprojektowana do wytwarzania wi\u0119kszych, g\u0119stszych chmur i dostarczania bogatych, intensywnych smak\u00f3w, replikuj\u0105c p\u0142ynne i satysfakcjonuj\u0105ce zaci\u0105ganie si\u0119 tradycyjn\u0105 fajk\u0105 wodn\u0105. Cewka ta optymalizuje produkcj\u0119 pary i dostarczanie aromatu, zapewniaj\u0105c autentyczne doznania podczas palenia shishy.<\/p>\n<h5>Czy m\u00f3j zakup jest bezpieczny?<\/h5>\n<p>Oferujemy bezpieczne opcje p\u0142atno\u015bci, zw\u0142aszcza za po\u015brednictwem platform takich jak Paypal, kt\u00f3re zapewniaj\u0105 ochron\u0119 kupuj\u0105cych. Chocia\u017c recenzje mog\u0105 pom\u00f3c w podj\u0119ciu decyzji o zakupie, nie zamieszczamy do nich bezpo\u015brednich odno\u015bnik\u00f3w.<\/p>","protected":false},"excerpt":{"rendered":"<p>Rozkoszuj si\u0119 smakami shishy w podr\u00f3\u017cy dzi\u0119ki Bang SHISHA 15000 Puffs XXL. Siatka 0,6\u03a9, 25 ml, mo\u017cliwo\u015b\u0107 \u0142adowania. Idealny do u\u017cytku osobistego lub hurtowego, zapewniaj\u0105cy autentyczn\u0105 przyjemno\u015b\u0107 z palenia shishy.<\/p>","protected":false},"featured_media":734,"comment_status":"open","ping_status":"closed","template":"","meta":[],"product_brand":[],"product_cat":[41,61,21,18,20,23,24,22,25,26,27,28,29,30,31,32,33,34,35,36,47],"product_tag":[],"class_list":{"0":"post-491","1":"product","2":"type-product","3":"status-publish","4":"has-post-thumbnail","6":"product_cat-15000-puffs-disposable-vape","7":"product_cat-bang","8":"product_cat-big-puffs-vapes","9":"product_cat-different-puffs-of-disposable-vapes","10":"product_cat-disposable-vape-types","11":"product_cat-disposable-vapes-in-austria","12":"product_cat-disposable-vapes-in-belgium","13":"product_cat-disposable-vapes-in-europe","14":"product_cat-disposable-vapes-in-france","15":"product_cat-disposable-vapes-in-germany","16":"product_cat-disposable-vapes-in-hungary","17":"product_cat-disposable-vapes-in-ltaly","18":"product_cat-disposable-vapes-in-netherlands","19":"product_cat-disposable-vapes-in-norway","20":"product_cat-disposable-vapes-in-poland","21":"product_cat-disposable-vapes-in-portugal","22":"product_cat-disposable-vapes-in-spain","23":"product_cat-disposable-vapes-in-sweden","24":"product_cat-disposable-vapes-in-switzerland","25":"product_cat-rechargeable-vapes","26":"product_cat-shisha-hookah-vapes","28":"first","29":"instock","30":"shipping-taxable","31":"purchasable","32":"product-type-variable","33":"has-default-attributes"},"jetpack_sharing_enabled":true,"tiered_pricing_type":"fixed","tiered_pricing_fixed_rules":{"2000":4.9900000000000002131628207280300557613372802734375},"tiered_pricing_product_settings":{"layout":"default","base_unit_name":{"singular":null,"plural":null},"default_variation":null},"tiered_pricing_minimum_quantity":1000,"tiered_pricing_roles_data":[],"tiered_pricing_percentage_rules":[],"tiered_pricing_maximum_quantity":null,"tiered_pricing_quantity_step":"10","_links":{"self":[{"href":"https:\/\/volovape.com\/pl\/wp-json\/wp\/v2\/product\/491","targetHints":{"allow":["GET"]}}],"collection":[{"href":"https:\/\/volovape.com\/pl\/wp-json\/wp\/v2\/product"}],"about":[{"href":"https:\/\/volovape.com\/pl\/wp-json\/wp\/v2\/types\/product"}],"replies":[{"embeddable":true,"href":"https:\/\/volovape.com\/pl\/wp-json\/wp\/v2\/comments?post=491"}],"wp:featuredmedia":[{"embeddable":true,"href":"https:\/\/volovape.com\/pl\/wp-json\/wp\/v2\/media\/734"}],"wp:attachment":[{"href":"https:\/\/volovape.com\/pl\/wp-json\/wp\/v2\/media?parent=491"}],"wp:term":[{"taxonomy":"product_brand","embeddable":true,"href":"https:\/\/volovape.com\/pl\/wp-json\/wp\/v2\/product_brand?post=491"},{"taxonomy":"product_cat","embeddable":true,"href":"https:\/\/volovape.com\/pl\/wp-json\/wp\/v2\/product_cat?post=491"},{"taxonomy":"product_tag","embeddable":true,"href":"https:\/\/volovape.com\/pl\/wp-json\/wp\/v2\/product_tag?post=491"}],"curies":[{"name":"wp","href":"https:\/\/api.w.org\/{rel}","templated":true}]}}