{"id":488,"date":"2024-11-21T03:30:07","date_gmt":"2024-11-21T03:30:07","guid":{"rendered":"https:\/\/volovape.com\/?post_type=product&#038;p=488"},"modified":"2025-07-06T04:06:38","modified_gmt":"2025-07-06T04:06:38","slug":"pasek-bang-crown-18000-zaciagniec","status":"publish","type":"product","link":"https:\/\/volovape.com\/pl\/product\/bang-crown-bar-18000-puffs\/","title":{"rendered":"Bang Crown Bar 18000 puff\u00f3w jednorazowy vape hurtowo - akumulator, cewka siatkowa"},"content":{"rendered":"<p><strong>Bang Crown Bar 18000 Puffs jednorazowy Vape<\/strong> - Wyd\u0142u\u017cony czas wapowania dzi\u0119ki zaawansowanej technologii cewek siatkowych.<\/p>\n<p>Ten <strong>Bang Crown Bar 18000 zaci\u0105gni\u0119\u0107<\/strong> oferuje d\u0142ugotrwa\u0142e i satysfakcjonuj\u0105ce doznania z waporyzacji dzi\u0119ki pojemno\u015bci do 18 000 zaci\u0105gni\u0119\u0107 i zbiornikowi e-liquidu o pojemno\u015bci 24 ml. Dzi\u0119ki akumulatorowi o pojemno\u015bci 650 mAh i zaawansowanej technologii cewek siatkowych, urz\u0105dzenie to zapewnia niezmiennie g\u0142adk\u0105 i aromatyczn\u0105 par\u0119. Mo\u017cesz wybiera\u0107 spo\u015br\u00f3d mocy nikotyny 0%, 2%, 3% lub 5% i cieszy\u0107 si\u0119 15 r\u00f3\u017cnymi smakami. Jego przeno\u015bna i bezobs\u0142ugowa konstrukcja sprawia, \u017ce jest idealny do u\u017cytku osobistego i <strong>hurtownia vape jednorazowego u\u017cytku<\/strong> Lub <strong>zam\u00f3wienia zbiorcze<\/strong>.<\/p>\n<h3><strong>Bang Crown Bar 18000 Puffs Cechy:<\/strong><\/h3>\n<ul>\n<li>Puffy: Do 18 000<\/li>\n<li>Pojemno\u015b\u0107 e-liquidu: 24 ml<\/li>\n<li>Bateria: 650 mAh (akumulator)<\/li>\n<li>\u0141adowanie: Typ-C<\/li>\n<li>Cewka: Siatkowa cewka<\/li>\n<li>Moc nikotyny: 0%, 2%, 3%, 5%<\/li>\n<li>15 unikalnych smak\u00f3w<\/li>\n<\/ul>\n<h4>Cz\u0119sto zadawane pytania<\/h4>\n<h5>Jakie s\u0105 typowe opcje wysy\u0142ki?<\/h5>\n<p>Wsp\u00f3\u0142pracujemy z sieci\u0105 niezawodnych przewo\u017anik\u00f3w, aby zapewni\u0107 sprawn\u0105 dostaw\u0119 zam\u00f3wienia. Metody wysy\u0142ki s\u0105 wybierane tak, aby jak najlepiej pasowa\u0142y do Twojej lokalizacji i zapewnia\u0142y terminowe dotarcie przesy\u0142ki. <strong>jednorazowe vape<\/strong> zam\u00f3wienia. Nale\u017cy pami\u0119ta\u0107, \u017ce ze wzgl\u0119du na przepisy wysy\u0142ka produkt\u00f3w do waporyzacji sta\u0142a si\u0119 bardziej ograniczona, a us\u0142ugi przewo\u017anik\u00f3w takich jak UPS, DHL i FedEx nie s\u0105 ju\u017c dost\u0119pne.<\/p>\n<h5>Jak d\u0142ugo zazwyczaj trwa standardowa dostawa?<\/h5>\n<p>Standardowa dostawa trwa zazwyczaj od 7 do 15 dni roboczych. Nale\u017cy wzi\u0105\u0107 pod uwag\u0119 potencjalne op\u00f3\u017anienia podczas \u015bwi\u0105t lub z powodu nieprzewidzianych warunk\u00f3w pogodowych, kt\u00f3re mog\u0105 wyd\u0142u\u017cy\u0107 czas dostawy do 20 dni roboczych.<\/p>\n<h5>Czy obs\u0142ugiwane s\u0105 procedury celne?<\/h5>\n<p>Zajmujemy si\u0119 wymaganymi procedurami celnymi, aby zapewni\u0107 sprawny proces dostawy. Naszym celem jest zminimalizowanie wszelkich potencjalnych problem\u00f3w, jednak nale\u017cy pami\u0119ta\u0107, \u017ce ze wzgl\u0119du na sytuacj\u0119 prawn\u0105 zwi\u0105zan\u0105 z produktami do waporyzacji, agencja celna mo\u017ce w dowolnym momencie zatrzyma\u0107 lub wstrzyma\u0107 przesy\u0142k\u0119, a sytuacja ta b\u0119dzie poza nasz\u0105 kontrol\u0105.<\/p>\n<h5>W jaki spos\u00f3b zaawansowana technologia cewek siatkowych poprawia wra\u017cenia z waporyzacji?<\/h5>\n<p>Zaawansowana technologia cewki siatkowej zosta\u0142a zaprojektowana w celu optymalizacji zar\u00f3wno smaku, jak i produkcji pary. Ta konfiguracja cewki zapewnia bardziej sp\u00f3jne i satysfakcjonuj\u0105ce wra\u017cenia z waporyzacji, zapewniaj\u0105c wydajne ogrzewanie i r\u00f3wnomiern\u0105 dystrybucj\u0119 e-cieczy, co skutkuje bogatszymi smakami i g\u0142adsz\u0105 par\u0105.<\/p>\n<h5>Czy m\u00f3j zakup jest bezpieczny?<\/h5>\n<p>Naszym priorytetem s\u0105 bezpieczne transakcje, zw\u0142aszcza za po\u015brednictwem platform p\u0142atniczych, takich jak Paypal, kt\u00f3re zapewniaj\u0105 ochron\u0119 kupuj\u0105cych. Chocia\u017c recenzje mog\u0105 pom\u00f3c w podj\u0119ciu decyzji o zakupie, nie \u0142\u0105czymy si\u0119 z nimi bezpo\u015brednio.<\/p>","protected":false},"excerpt":{"rendered":"<p>Kr\u00f3luj dzi\u0119ki Bang Crown Bar 18000 Puffs. Siatkowa cewka, 24 ml, mo\u017cliwo\u015b\u0107 \u0142adowania. Idealny do u\u017cytku osobistego lub hurtowego, oferuj\u0105cy przed\u0142u\u017cone wapowanie i szeroki zakres mocy nikotyny.<\/p>","protected":false},"featured_media":703,"comment_status":"open","ping_status":"closed","template":"","meta":[],"product_brand":[],"product_cat":[61,50,21,18,20,23,24,22,25,26,27,28,29,30,31,32,33,34,35,47],"product_tag":[],"class_list":{"0":"post-488","1":"product","2":"type-product","3":"status-publish","4":"has-post-thumbnail","6":"product_cat-bang","7":"product_cat-18000-puffs-disposable-vape","8":"product_cat-big-puffs-vapes","9":"product_cat-different-puffs-of-disposable-vapes","10":"product_cat-disposable-vape-types","11":"product_cat-disposable-vapes-in-austria","12":"product_cat-disposable-vapes-in-belgium","13":"product_cat-disposable-vapes-in-europe","14":"product_cat-disposable-vapes-in-france","15":"product_cat-disposable-vapes-in-germany","16":"product_cat-disposable-vapes-in-hungary","17":"product_cat-disposable-vapes-in-ltaly","18":"product_cat-disposable-vapes-in-netherlands","19":"product_cat-disposable-vapes-in-norway","20":"product_cat-disposable-vapes-in-poland","21":"product_cat-disposable-vapes-in-portugal","22":"product_cat-disposable-vapes-in-spain","23":"product_cat-disposable-vapes-in-sweden","24":"product_cat-disposable-vapes-in-switzerland","25":"product_cat-shisha-hookah-vapes","27":"first","28":"instock","29":"shipping-taxable","30":"purchasable","31":"product-type-variable","32":"has-default-attributes"},"jetpack_sharing_enabled":true,"tiered_pricing_type":"fixed","tiered_pricing_fixed_rules":{"2000":4.88999999999999968025576890795491635799407958984375},"tiered_pricing_product_settings":{"layout":"default","base_unit_name":{"singular":null,"plural":null},"default_variation":null},"tiered_pricing_minimum_quantity":1000,"tiered_pricing_roles_data":[],"tiered_pricing_percentage_rules":[],"tiered_pricing_maximum_quantity":null,"tiered_pricing_quantity_step":"10","_links":{"self":[{"href":"https:\/\/volovape.com\/pl\/wp-json\/wp\/v2\/product\/488","targetHints":{"allow":["GET"]}}],"collection":[{"href":"https:\/\/volovape.com\/pl\/wp-json\/wp\/v2\/product"}],"about":[{"href":"https:\/\/volovape.com\/pl\/wp-json\/wp\/v2\/types\/product"}],"replies":[{"embeddable":true,"href":"https:\/\/volovape.com\/pl\/wp-json\/wp\/v2\/comments?post=488"}],"wp:featuredmedia":[{"embeddable":true,"href":"https:\/\/volovape.com\/pl\/wp-json\/wp\/v2\/media\/703"}],"wp:attachment":[{"href":"https:\/\/volovape.com\/pl\/wp-json\/wp\/v2\/media?parent=488"}],"wp:term":[{"taxonomy":"product_brand","embeddable":true,"href":"https:\/\/volovape.com\/pl\/wp-json\/wp\/v2\/product_brand?post=488"},{"taxonomy":"product_cat","embeddable":true,"href":"https:\/\/volovape.com\/pl\/wp-json\/wp\/v2\/product_cat?post=488"},{"taxonomy":"product_tag","embeddable":true,"href":"https:\/\/volovape.com\/pl\/wp-json\/wp\/v2\/product_tag?post=488"}],"curies":[{"name":"wp","href":"https:\/\/api.w.org\/{rel}","templated":true}]}}