{"id":423,"date":"2024-11-21T03:29:43","date_gmt":"2024-11-21T03:29:43","guid":{"rendered":"https:\/\/volovape.com\/?post_type=product&#038;p=423"},"modified":"2025-11-03T05:04:33","modified_gmt":"2025-11-03T05:04:33","slug":"bang-king-25000-buchow","status":"publish","type":"product","link":"https:\/\/volovape.com\/pl\/product\/bang-king-25000-puffs\/","title":{"rendered":"Bang King 25000 Puffs | akumulator jednorazowy vape - hurtowa sprzeda\u017c hurtowa (0%, 2%, 3%, 5% nikotyna)"},"content":{"rendered":"<p>Bang King 25000 Puffs: Akumulator jednorazowy Vape - hurtowa sprzeda\u017c (0%, 2%, 3%, 5% Nikotyna)<br \/>\n<strong>Bang King 25000 Puffs jednorazowe Vape<\/strong> - Konstrukcja Dual-Pod zapewniaj\u0105ca d\u0142u\u017csze delektowanie si\u0119 smakiem.<\/p>\n<p>Ten <strong>Bang King 25000 zaci\u0105gni\u0119\u0107<\/strong> oferuje wyj\u0105tkowe wra\u017cenia z waporyzacji dzi\u0119ki innowacyjnemu systemowi podw\u00f3jnych kapsu\u0142ek, zapewniaj\u0105c ogromn\u0105 pojemno\u015b\u0107 46 ml e-liquidu (2x23 ml kapsu\u0142ki) i do 25 000 zaci\u0105gni\u0119\u0107. Zasilane akumulatorem 650 mAh i wyposa\u017cone w cewk\u0119 siatkow\u0105 1,0 \u03a9, urz\u0105dzenie to zapewnia g\u0142adk\u0105, sp\u00f3jn\u0105 par\u0119 i bogaty smak. Wybierz moc nikotyny 0%, 2%, 3% lub 5% i ciesz si\u0119 12 pysznymi smakami. Wygodne \u0142adowanie za pomoc\u0105 z\u0142\u0105cza Type-C i podw\u00f3jna stacja dokuj\u0105ca sprawiaj\u0105, \u017ce jest to idealne urz\u0105dzenie do u\u017cytku osobistego i domowego. <strong>hurtownia vape jednorazowego u\u017cytku<\/strong> Lub <strong>zam\u00f3wienia zbiorcze<\/strong>.<\/p>\n<h3><strong>Bang King 25000 Puffs Cechy:<\/strong><\/h3>\n<ul>\n<li>Puffy: Do 25 000<\/li>\n<li>Pojemno\u015b\u0107 e-liquidu: 46 ml (2 x 23 ml w kapsu\u0142kach)<\/li>\n<li>Bateria: 650 mAh (akumulator)<\/li>\n<li>Cewka: cewka siatkowa 1,0\u03a9<\/li>\n<li>Moc nikotyny: 0%, 2%, 3%, 5%<\/li>\n<li>\u0141adowanie: Typ-C<\/li>\n<li>System Dual-Pod<\/li>\n<li>12 unikalnych smak\u00f3w<\/li>\n<\/ul>\n<h4>Cz\u0119sto zadawane pytania<\/h4>\n<h5>Jakie opcje wysy\u0142ki s\u0105 dost\u0119pne?<\/h5>\n<p>Wsp\u00f3\u0142pracujemy z r\u00f3\u017cnymi przewo\u017anikami, aby zapewni\u0107 niezawodne opcje wysy\u0142ki. Najbardziej odpowiednia metoda jest wybierana na podstawie lokalizacji klienta, aby zapewni\u0107 terminow\u0105 dostaw\u0119. <strong>jednorazowe vape<\/strong> produkt\u00f3w. Nale\u017cy pami\u0119ta\u0107, \u017ce ze wzgl\u0119du na przepisy wysy\u0142ka produkt\u00f3w do waporyzacji sta\u0142a si\u0119 bardziej ograniczona, a us\u0142ugi przewo\u017anik\u00f3w takich jak UPS, DHL i FedEx nie s\u0105 ju\u017c dost\u0119pne.<\/p>\n<h5>Jak d\u0142ugo zazwyczaj trwa standardowa dostawa?<\/h5>\n<p>Standardowa dostawa trwa zazwyczaj od 7 do 15 dni roboczych. Nale\u017cy wzi\u0105\u0107 pod uwag\u0119 potencjalne op\u00f3\u017anienia podczas \u015bwi\u0105t lub z powodu niekorzystnych warunk\u00f3w pogodowych, kt\u00f3re mog\u0105 wyd\u0142u\u017cy\u0107 czas dostawy do 20 dni roboczych.<\/p>\n<h5>Czy obs\u0142ugiwane s\u0105 procedury celne?<\/h5>\n<p>Zajmujemy si\u0119 wymaganymi procedurami celnymi, aby zapewni\u0107 sprawny proces dostawy. Naszym celem jest zminimalizowanie wszelkich potencjalnych problem\u00f3w, jednak nale\u017cy pami\u0119ta\u0107, \u017ce ze wzgl\u0119du na sytuacj\u0119 prawn\u0105 zwi\u0105zan\u0105 z produktami do waporyzacji, agencja celna mo\u017ce w dowolnym momencie zatrzyma\u0107 lub wstrzyma\u0107 przesy\u0142k\u0119, a sytuacja ta b\u0119dzie poza nasz\u0105 kontrol\u0105.<\/p>\n<h5>W jaki spos\u00f3b system dual-pod poprawia wra\u017cenia z waporyzacji?<\/h5>\n<p>System podw\u00f3jnych kapsu\u0142ek pozwala na \u0142atwe prze\u0142\u0105czanie mi\u0119dzy dwoma kapsu\u0142kami e-liquidu o pojemno\u015bci 23 ml, zapewniaj\u0105c wygod\u0119 i mo\u017cliwo\u015b\u0107 zmiany smak\u00f3w bez konieczno\u015bci korzystania z wielu urz\u0105dze\u0144. Taka konstrukcja zapewnia d\u0142u\u017cszy czas waporyzacji i pozwala na dostosowanie smaku.<\/p>\n<h5>Czy m\u00f3j zakup jest bezpieczny?<\/h5>\n<p>Oferujemy bezpieczne opcje p\u0142atno\u015bci, zw\u0142aszcza za po\u015brednictwem platform takich jak Paypal, kt\u00f3re zapewniaj\u0105 ochron\u0119 kupuj\u0105cych. Chocia\u017c recenzje mog\u0105 pom\u00f3c w podj\u0119ciu decyzji o zakupie, nie zamieszczamy do nich bezpo\u015brednich odno\u015bnik\u00f3w.<\/p>","protected":false},"excerpt":{"rendered":"<p>Zdominuj rynek jednorazowych urz\u0105dze\u0144 vape dzi\u0119ki Bang King 25000, akumulatorowi o du\u017cej pojemno\u015bci, oferuj\u0105cemu imponuj\u0105ce 25 000 zaci\u0105gni\u0119\u0107. Idealny dla hurtowych nabywc\u00f3w hurtowych poszukuj\u0105cych d\u0142ugotrwa\u0142ego i aromatycznego rozwi\u0105zania do waporyzacji.<\/p>","protected":false},"featured_media":640,"comment_status":"open","ping_status":"closed","template":"","meta":[],"product_brand":[],"product_cat":[61,45,21,18,20,23,24,22,25,26,27,28,29,30,31,32,33,34,35,44,36],"product_tag":[],"class_list":{"0":"post-423","1":"product","2":"type-product","3":"status-publish","4":"has-post-thumbnail","6":"product_cat-bang","7":"product_cat-25000-puffs-disposable-vape","8":"product_cat-big-puffs-vapes","9":"product_cat-different-puffs-of-disposable-vapes","10":"product_cat-disposable-vape-types","11":"product_cat-disposable-vapes-in-austria","12":"product_cat-disposable-vapes-in-belgium","13":"product_cat-disposable-vapes-in-europe","14":"product_cat-disposable-vapes-in-france","15":"product_cat-disposable-vapes-in-germany","16":"product_cat-disposable-vapes-in-hungary","17":"product_cat-disposable-vapes-in-ltaly","18":"product_cat-disposable-vapes-in-netherlands","19":"product_cat-disposable-vapes-in-norway","20":"product_cat-disposable-vapes-in-poland","21":"product_cat-disposable-vapes-in-portugal","22":"product_cat-disposable-vapes-in-spain","23":"product_cat-disposable-vapes-in-sweden","24":"product_cat-disposable-vapes-in-switzerland","25":"product_cat-dual-mesh-vapes","26":"product_cat-rechargeable-vapes","28":"first","29":"instock","30":"shipping-taxable","31":"purchasable","32":"product-type-variable","33":"has-default-attributes"},"jetpack_sharing_enabled":true,"tiered_pricing_type":"fixed","tiered_pricing_fixed_rules":{"30":6.63999999999999968025576890795491635799407958984375,"50":5.9900000000000002131628207280300557613372802734375,"100":5.25,"200":4.87999999999999989341858963598497211933135986328125,"400":4.32000000000000028421709430404007434844970703125},"tiered_pricing_product_settings":{"layout":"default","base_unit_name":{"singular":null,"plural":null},"default_variation":null},"tiered_pricing_minimum_quantity":10,"tiered_pricing_roles_data":[],"tiered_pricing_percentage_rules":[],"tiered_pricing_maximum_quantity":null,"tiered_pricing_quantity_step":"10","_links":{"self":[{"href":"https:\/\/volovape.com\/pl\/wp-json\/wp\/v2\/product\/423","targetHints":{"allow":["GET"]}}],"collection":[{"href":"https:\/\/volovape.com\/pl\/wp-json\/wp\/v2\/product"}],"about":[{"href":"https:\/\/volovape.com\/pl\/wp-json\/wp\/v2\/types\/product"}],"replies":[{"embeddable":true,"href":"https:\/\/volovape.com\/pl\/wp-json\/wp\/v2\/comments?post=423"}],"wp:featuredmedia":[{"embeddable":true,"href":"https:\/\/volovape.com\/pl\/wp-json\/wp\/v2\/media\/640"}],"wp:attachment":[{"href":"https:\/\/volovape.com\/pl\/wp-json\/wp\/v2\/media?parent=423"}],"wp:term":[{"taxonomy":"product_brand","embeddable":true,"href":"https:\/\/volovape.com\/pl\/wp-json\/wp\/v2\/product_brand?post=423"},{"taxonomy":"product_cat","embeddable":true,"href":"https:\/\/volovape.com\/pl\/wp-json\/wp\/v2\/product_cat?post=423"},{"taxonomy":"product_tag","embeddable":true,"href":"https:\/\/volovape.com\/pl\/wp-json\/wp\/v2\/product_tag?post=423"}],"curies":[{"name":"wp","href":"https:\/\/api.w.org\/{rel}","templated":true}]}}