{"id":422,"date":"2024-11-21T03:29:43","date_gmt":"2024-11-21T03:29:43","guid":{"rendered":"https:\/\/volovape.com\/?post_type=product&#038;p=422"},"modified":"2026-04-22T01:04:25","modified_gmt":"2026-04-22T01:04:25","slug":"bang-king-12000-buchow","status":"publish","type":"product","link":"https:\/\/volovape.com\/pl\/product\/bang-king-12000-puffs\/","title":{"rendered":"Bang King 12000 puff\u00f3w jednorazowych vape - dobry smak vape z cewk\u0105 siatkow\u0105 kup hurtowo"},"content":{"rendered":"<p><strong>Bang King 12000 Puffs Jednorazowy Vape<\/strong> - Wyd\u0142u\u017cone wapowanie dzi\u0119ki technologii Smooth Mesh Coil.<\/p>\n<p>Ten <strong>Bang King 12000 Puffs<\/strong> zapewnia d\u0142ugotrwa\u0142e i satysfakcjonuj\u0105ce doznania z waporyzacji, oferuj\u0105c do 12 000 zaci\u0105gni\u0119\u0107 i zbiornik e-liquidu o pojemno\u015bci 20 ml. Wyposa\u017cony w akumulator 650 mAh i cewk\u0119 siatkow\u0105 1,1 \u03a9, urz\u0105dzenie to zapewnia p\u0142ynn\u0105 i aromatyczn\u0105 produkcj\u0119 pary. Wybierz moc nikotyny 0%, 2%, 3% lub 5% i ciesz si\u0119 11 r\u00f3\u017cnymi smakami. Jego przeno\u015bna i wygodna konstrukcja sprawia, \u017ce jest idealny do u\u017cytku osobistego i <strong>hurtownia vape jednorazowego u\u017cytku<\/strong> Lub <strong>zam\u00f3wienie zbiorcze<\/strong> potrzeby.<\/p>\n<h3><strong>Bang King 12000 Puffs Cechy:<\/strong><\/h3>\n<ul>\n<li>Puffy: Do 12 000<\/li>\n<li>Pojemno\u015b\u0107 e-liquidu: 20 ml<\/li>\n<li>Bateria: 650 mAh (akumulator)<\/li>\n<li>\u0141adowanie: Typ-C<\/li>\n<li>Cewka: Cewka siatkowa (1,1\u03a9)<\/li>\n<li>Moc nikotyny: 0%, 2%, 3%, 5%<\/li>\n<li>11 unikalnych smak\u00f3w<\/li>\n<\/ul>\n<h4>Cz\u0119sto zadawane pytania<\/h4>\n<h5>Jakie opcje wysy\u0142ki s\u0105 oferowane?<\/h5>\n<p>Wsp\u00f3\u0142pracujemy z r\u00f3\u017cnymi przewo\u017anikami, aby zapewni\u0107 niezawodne opcje wysy\u0142ki. Najbardziej odpowiednia metoda jest wybierana na podstawie lokalizacji klienta, aby zapewni\u0107 terminow\u0105 dostaw\u0119 przesy\u0142ki. <strong>jednorazowe vape<\/strong> produkt\u00f3w. Nale\u017cy pami\u0119ta\u0107, \u017ce ze wzgl\u0119du na przepisy wysy\u0142ka produkt\u00f3w do waporyzacji sta\u0142a si\u0119 bardziej ograniczona, a us\u0142ugi przewo\u017anik\u00f3w takich jak UPS, DHL i FedEx nie s\u0105 ju\u017c dost\u0119pne.<\/p>\n<h5>Jak d\u0142ugo trwa standardowa wysy\u0142ka?<\/h5>\n<p>Standardowa wysy\u0142ka trwa zazwyczaj od 7 do 15 dni roboczych. Nale\u017cy wzi\u0105\u0107 pod uwag\u0119 potencjalne op\u00f3\u017anienia podczas \u015bwi\u0105t lub z powodu niekorzystnych warunk\u00f3w pogodowych, kt\u00f3re mog\u0105 wyd\u0142u\u017cy\u0107 czas dostawy do 20 dni roboczych.<\/p>\n<h5>Czy obs\u0142ugiwane s\u0105 procedury celne?<\/h5>\n<p>Zajmujemy si\u0119 wymaganymi procedurami celnymi, aby zapewni\u0107 sprawny proces dostawy. Naszym celem jest zminimalizowanie wszelkich potencjalnych problem\u00f3w, jednak nale\u017cy pami\u0119ta\u0107, \u017ce ze wzgl\u0119du na sytuacj\u0119 prawn\u0105 zwi\u0105zan\u0105 z produktami do waporyzacji, agencja celna mo\u017ce w dowolnym momencie zatrzyma\u0107 lub wstrzyma\u0107 przesy\u0142k\u0119, a sytuacja ta b\u0119dzie poza nasz\u0105 kontrol\u0105.<\/p>\n<h5>W jaki spos\u00f3b cewka siatkowa 1,1\u03a9 poprawia smak i produkcj\u0119 pary?<\/h5>\n<p>Siatkowa cewka 1,1\u03a9 zapewnia zr\u00f3wnowa\u017con\u0105 powierzchni\u0119 grzewcz\u0105, zapewniaj\u0105c sp\u00f3jne i r\u00f3wnomierne podgrzewanie e-cieczy. Konstrukcja ta poprawia dostarczanie smaku i wytwarza g\u0142adk\u0105, satysfakcjonuj\u0105c\u0105 par\u0119, zapewniaj\u0105c najwy\u017cszej jako\u015bci doznania podczas waporyzacji.<\/p>\n<h5>Czy m\u00f3j zakup jest bezpieczny?<\/h5>\n<p>Oferujemy bezpieczne opcje p\u0142atno\u015bci, zw\u0142aszcza za po\u015brednictwem platform takich jak Paypal, kt\u00f3re zapewniaj\u0105 ochron\u0119 kupuj\u0105cych. Chocia\u017c recenzje mog\u0105 pom\u00f3c w podj\u0119ciu decyzji o zakupie, nie zamieszczamy do nich bezpo\u015brednich odno\u015bnik\u00f3w.<\/p>","protected":false},"excerpt":{"rendered":"<p>Ciesz si\u0119 d\u0142ugotrwa\u0142ym smakiem dzi\u0119ki Bang King 12000 Puffs. Siatkowa cewka 1,1\u03a9, pojemno\u015b\u0107 20 ml, mo\u017cliwo\u015b\u0107 \u0142adowania. Idealny do u\u017cytku osobistego lub hurtowego, z r\u00f3\u017cnymi mocami nikotyny.<\/p>","protected":false},"featured_media":628,"comment_status":"open","ping_status":"closed","template":"","meta":[],"product_brand":[],"product_cat":[61,38,21,18,20,23,24,22,25,26,27,28,29,30,31,32,33,34,35,36],"product_tag":[],"class_list":{"0":"post-422","1":"product","2":"type-product","3":"status-publish","4":"has-post-thumbnail","6":"product_cat-bang","7":"product_cat-12000-puffs-disposable-vape","8":"product_cat-big-puffs-vapes","9":"product_cat-different-puffs-of-disposable-vapes","10":"product_cat-disposable-vape-types","11":"product_cat-disposable-vapes-in-austria","12":"product_cat-disposable-vapes-in-belgium","13":"product_cat-disposable-vapes-in-europe","14":"product_cat-disposable-vapes-in-france","15":"product_cat-disposable-vapes-in-germany","16":"product_cat-disposable-vapes-in-hungary","17":"product_cat-disposable-vapes-in-ltaly","18":"product_cat-disposable-vapes-in-netherlands","19":"product_cat-disposable-vapes-in-norway","20":"product_cat-disposable-vapes-in-poland","21":"product_cat-disposable-vapes-in-portugal","22":"product_cat-disposable-vapes-in-spain","23":"product_cat-disposable-vapes-in-sweden","24":"product_cat-disposable-vapes-in-switzerland","25":"product_cat-rechargeable-vapes","27":"first","28":"instock","29":"shipping-taxable","30":"purchasable","31":"product-type-variable","32":"has-default-attributes"},"jetpack_sharing_enabled":true,"tiered_pricing_type":"fixed","tiered_pricing_fixed_rules":{"30":6.07000000000000028421709430404007434844970703125,"50":6.05999999999999960920149533194489777088165283203125,"100":5.88999999999999968025576890795491635799407958984375,"200":5.38999999999999968025576890795491635799407958984375,"400":4.88999999999999968025576890795491635799407958984375},"tiered_pricing_product_settings":{"layout":"default","base_unit_name":{"singular":null,"plural":null},"default_variation":null},"tiered_pricing_minimum_quantity":10,"tiered_pricing_roles_data":[],"tiered_pricing_percentage_rules":[],"tiered_pricing_maximum_quantity":null,"tiered_pricing_quantity_step":"10","_links":{"self":[{"href":"https:\/\/volovape.com\/pl\/wp-json\/wp\/v2\/product\/422","targetHints":{"allow":["GET"]}}],"collection":[{"href":"https:\/\/volovape.com\/pl\/wp-json\/wp\/v2\/product"}],"about":[{"href":"https:\/\/volovape.com\/pl\/wp-json\/wp\/v2\/types\/product"}],"replies":[{"embeddable":true,"href":"https:\/\/volovape.com\/pl\/wp-json\/wp\/v2\/comments?post=422"}],"wp:featuredmedia":[{"embeddable":true,"href":"https:\/\/volovape.com\/pl\/wp-json\/wp\/v2\/media\/628"}],"wp:attachment":[{"href":"https:\/\/volovape.com\/pl\/wp-json\/wp\/v2\/media?parent=422"}],"wp:term":[{"taxonomy":"product_brand","embeddable":true,"href":"https:\/\/volovape.com\/pl\/wp-json\/wp\/v2\/product_brand?post=422"},{"taxonomy":"product_cat","embeddable":true,"href":"https:\/\/volovape.com\/pl\/wp-json\/wp\/v2\/product_cat?post=422"},{"taxonomy":"product_tag","embeddable":true,"href":"https:\/\/volovape.com\/pl\/wp-json\/wp\/v2\/product_tag?post=422"}],"curies":[{"name":"wp","href":"https:\/\/api.w.org\/{rel}","templated":true}]}}