{"id":419,"date":"2024-11-21T03:29:43","date_gmt":"2024-11-21T03:29:43","guid":{"rendered":"https:\/\/volovape.com\/?post_type=product&#038;p=419"},"modified":"2025-11-01T06:09:25","modified_gmt":"2025-11-01T06:09:25","slug":"mrvi-wygrywa-30-tys-bufkow","status":"publish","type":"product","link":"https:\/\/volovape.com\/pl\/product\/mrvi-winning-30k-puffs\/","title":{"rendered":"MRVI WINNING 30K Puffs Jednorazowe Vape - 30 000 zaci\u0105gni\u0119\u0107 (nikotyna 2%\/5%)"},"content":{"rendered":"<p><iframe title=\"Odtwarzacz wideo VideoPress\" aria-label='Odtwarzacz wideo VideoPress' width='500' height='281' src='https:\/\/videopress.com\/embed\/13e6MPsk?hd=0&amp;cover=1' frameborder='0' allowfullscreen allow='clipboard-write'><\/iframe><script src='https:\/\/v0.wordpress.com\/js\/next\/videopress-iframe.js?m=1739540970'><\/script><\/p>\n<p><strong>MRVI WINNING 30K Vape jednorazowego u\u017cytku<\/strong> - Do\u015bwiadcz niezr\u00f3wnanej trwa\u0142o\u015bci i smaku.<\/p>\n<p>Ten <strong>MRVI WYGRYWA 30K<\/strong> na nowo definiuje waporyzacj\u0119 jednorazow\u0105 dzi\u0119ki zdumiewaj\u0105cemu <strong>Pojemno\u015b\u0107 30 000 puff\u00f3w<\/strong> i znacz\u0105cy <strong>Zbiornik e-liquidu o pojemno\u015bci 35 ml<\/strong>. Zasilany przez <strong>Akumulator o pojemno\u015bci 800 mAh<\/strong> i zawieraj\u0105cy <em>Zaawansowana technologia cewek siatkowych<\/em>To urz\u0105dzenie zapewnia niezmiennie g\u0142adk\u0105 i aromatyczn\u0105 par\u0119. Do wyboru <strong>Moc nikotyny 2% lub 5%<\/strong> i cieszy\u0107 si\u0119 zr\u00f3\u017cnicowan\u0105 ofert\u0105 <strong>10 pysznych smak\u00f3w<\/strong>. Jego elegancka, przeno\u015bna konstrukcja sprawia, \u017ce jest idealny do waporyzacji w podr\u00f3\u017cy i idealny do <strong>hurtownia vape jednorazowego u\u017cytku<\/strong> Lub <strong>zam\u00f3wienia zbiorcze<\/strong>.<\/p>\n<h3><strong>MRVI WINNING 30K Cechy:<\/strong><\/h3>\n<ul>\n<li>Puffy: Do 30 000<\/li>\n<li>Pojemno\u015b\u0107 e-liquidu: 35 ml<\/li>\n<li>Bateria: 800 mAh (akumulator)<\/li>\n<li>\u0141adowanie: Typ-C<\/li>\n<li>Cewka: Siatkowa cewka<\/li>\n<li>Si\u0142a nikotyny: 2%, 5%<\/li>\n<li>10 unikalnych smak\u00f3w<\/li>\n<\/ul>\n<h4>Cz\u0119sto zadawane pytania<\/h4>\n<h5>Jakie metody wysy\u0142ki s\u0105 dost\u0119pne?<\/h5>\n<p>Wsp\u00f3\u0142pracujemy z zaufanymi przewo\u017anikami, takimi jak UPS, DHL, FedEx i DPD, aby oferowa\u0107 r\u00f3\u017cne opcje wysy\u0142ki. Najbardziej odpowiednia metoda jest wybierana na podstawie lokalizacji klienta, aby zapewni\u0107 szybk\u0105 dostaw\u0119 przesy\u0142ki. <strong>jednorazowe vape<\/strong> produkty.<\/p>\n<h5>Jak d\u0142ugo zazwyczaj trwa wysy\u0142ka?<\/h5>\n<p>Standardowa dostawa trwa zwykle od 7 do 15 dni roboczych. W okresie \u015bwi\u0105tecznym lub w przypadku niekorzystnych warunk\u00f3w pogodowych dostawa mo\u017ce potrwa\u0107 do 20 dni roboczych.<\/p>\n<h5>Czy napotkam jakie\u015b problemy celne?<\/h5>\n<p>Zarz\u0105dzamy wszystkimi procedurami odprawy celnej, zapewniaj\u0105c p\u0142ynne i bezproblemowe do\u015bwiadczenie. Nie poniesiesz \u017cadnych dodatkowych podatk\u00f3w ani op\u0142at. Gwarantujemy odpraw\u0119 celn\u0105 100% dla wszystkich naszych produkt\u00f3w.<\/p>\n<h5>W jaki spos\u00f3b cewka siatkowa poprawia wra\u017cenia z waporyzacji?<\/h5>\n<p>Zaawansowana technologia cewki siatkowej zapewnia wi\u0119ksz\u0105 powierzchni\u0119 grzewcz\u0105, co skutkuje bardziej r\u00f3wnomiernym ogrzewaniem i sta\u0142\u0105 produkcj\u0105 pary. Poprawia to dostarczanie smaku i wytwarza g\u0142adsze, bogatsze chmury, oferuj\u0105c lepsze wra\u017cenia z waporyzacji w por\u00f3wnaniu do tradycyjnych cewek.<\/p>\n<h5>Czy m\u00f3j zakup jest bezpieczny?<\/h5>\n<p>Oferujemy bezpieczne opcje p\u0142atno\u015bci przez PayPal, kt\u00f3re obejmuj\u0105 ochron\u0119 kupuj\u0105cego. Mo\u017cesz r\u00f3wnie\u017c zapozna\u0107 si\u0119 z opiniami naszych klient\u00f3w na <a href=\"https:\/\/www.trustpilot.com\/review\/volovape.com?utm_medium=trustbox&amp;utm_source=TrustBoxReviewCollector\">TrustPilot<\/a>.<\/p>","protected":false},"excerpt":{"rendered":"<p>Wygraj z MRVI WINNING 30K Puffs! 30 000 zaci\u0105gni\u0119\u0107, 35 ml, cewka siatkowa, akumulator. Idealny do u\u017cytku osobistego lub hurtowego, oferuj\u0105cy najwy\u017csz\u0105 trwa\u0142o\u015b\u0107 waporyzacji.<\/p>","protected":false},"featured_media":5822,"comment_status":"open","ping_status":"closed","template":"","meta":[],"product_brand":[],"product_cat":[55,63,21,18,39,20,23,24,22,25,26,27,28,29,30,31,32,33,34,35,44,36,40],"product_tag":[],"class_list":{"0":"post-419","1":"product","2":"type-product","3":"status-publish","4":"has-post-thumbnail","6":"product_cat-mrvi","7":"product_cat-30000-puffs-disposable-vape","8":"product_cat-big-puffs-vapes","9":"product_cat-different-puffs-of-disposable-vapes","10":"product_cat-digital-box-vapes","11":"product_cat-disposable-vape-types","12":"product_cat-disposable-vapes-in-austria","13":"product_cat-disposable-vapes-in-belgium","14":"product_cat-disposable-vapes-in-europe","15":"product_cat-disposable-vapes-in-france","16":"product_cat-disposable-vapes-in-germany","17":"product_cat-disposable-vapes-in-hungary","18":"product_cat-disposable-vapes-in-ltaly","19":"product_cat-disposable-vapes-in-netherlands","20":"product_cat-disposable-vapes-in-norway","21":"product_cat-disposable-vapes-in-poland","22":"product_cat-disposable-vapes-in-portugal","23":"product_cat-disposable-vapes-in-spain","24":"product_cat-disposable-vapes-in-sweden","25":"product_cat-disposable-vapes-in-switzerland","26":"product_cat-dual-mesh-vapes","27":"product_cat-rechargeable-vapes","28":"product_cat-smart-screen-vapes","30":"first","31":"instock","32":"shipping-taxable","33":"purchasable","34":"product-type-variable","35":"has-default-attributes"},"jetpack_sharing_enabled":true,"tiered_pricing_type":"fixed","tiered_pricing_fixed_rules":{"100":6.910000000000000142108547152020037174224853515625,"200":6.29999999999999982236431605997495353221893310546875,"400":5.9900000000000002131628207280300557613372802734375},"tiered_pricing_product_settings":{"layout":"default","base_unit_name":{"singular":null,"plural":null},"default_variation":null},"tiered_pricing_minimum_quantity":50,"tiered_pricing_roles_data":[],"tiered_pricing_percentage_rules":[],"tiered_pricing_maximum_quantity":null,"tiered_pricing_quantity_step":"10","_links":{"self":[{"href":"https:\/\/volovape.com\/pl\/wp-json\/wp\/v2\/product\/419","targetHints":{"allow":["GET"]}}],"collection":[{"href":"https:\/\/volovape.com\/pl\/wp-json\/wp\/v2\/product"}],"about":[{"href":"https:\/\/volovape.com\/pl\/wp-json\/wp\/v2\/types\/product"}],"replies":[{"embeddable":true,"href":"https:\/\/volovape.com\/pl\/wp-json\/wp\/v2\/comments?post=419"}],"wp:featuredmedia":[{"embeddable":true,"href":"https:\/\/volovape.com\/pl\/wp-json\/wp\/v2\/media\/5822"}],"wp:attachment":[{"href":"https:\/\/volovape.com\/pl\/wp-json\/wp\/v2\/media?parent=419"}],"wp:term":[{"taxonomy":"product_brand","embeddable":true,"href":"https:\/\/volovape.com\/pl\/wp-json\/wp\/v2\/product_brand?post=419"},{"taxonomy":"product_cat","embeddable":true,"href":"https:\/\/volovape.com\/pl\/wp-json\/wp\/v2\/product_cat?post=419"},{"taxonomy":"product_tag","embeddable":true,"href":"https:\/\/volovape.com\/pl\/wp-json\/wp\/v2\/product_tag?post=419"}],"curies":[{"name":"wp","href":"https:\/\/api.w.org\/{rel}","templated":true}]}}