{"id":417,"date":"2024-11-21T03:29:43","date_gmt":"2024-11-21T03:29:43","guid":{"rendered":"https:\/\/volovape.com\/?post_type=product&#038;p=417"},"modified":"2025-10-31T03:56:57","modified_gmt":"2025-10-31T03:56:57","slug":"poco-sl-15000-buchow","status":"publish","type":"product","link":"https:\/\/volovape.com\/pl\/product\/poco-sl-15000-puffs\/","title":{"rendered":"Jednorazowy vape Poco SL 15000 puff\u00f3w z regulacj\u0105 przep\u0142ywu powietrza - \u0142adowalny z \u0142adowaniem typu C (nikotyna 0-5%)"},"content":{"rendered":"<p>Poco SL 15000 Puffs jednorazowy Vape - regulowany przep\u0142yw powietrza i akumulator (0-5% nikotyny)<\/p>\n<p><strong>Poco SL 15000 Puffs jednorazowe Vape<\/strong> - Spersonalizowana waporyzacja z regulowanym przep\u0142ywem powietrza.<\/p>\n<p>Do\u015bwiadcz waporyzacji dostosowanej do swoich potrzeb dzi\u0119ki <strong>Poco SL 15000 Puff\u00f3w<\/strong>zawieraj\u0105cy <em>regulowany przep\u0142yw powietrza<\/em> dla spersonalizowanych ci\u0105g\u00f3w i optymalnego smaku. Ciesz si\u0119 nawet <strong>15 000 zaci\u0105gni\u0119\u0107<\/strong> z du\u017cego <strong>Pojemno\u015b\u0107 25 ml e-liquidu<\/strong>zasilany przez <strong>Akumulator o pojemno\u015bci 650 mAh<\/strong> z <strong>\u0141adowanie typu C<\/strong>. Do wyboru <strong>Moc nikotyny 0%, 2%, 3% lub 5%<\/strong>i zbada\u0107 <strong>12 unikalnych smak\u00f3w<\/strong>. To urz\u0105dzenie oferuje po\u0142\u0105czenie wygody i personalizacji, idealne zar\u00f3wno do u\u017cytku osobistego, jak i na co dzie\u0144. <strong>hurtownia vape jednorazowego u\u017cytku<\/strong> Lub <strong>zam\u00f3wienia zbiorcze<\/strong>.<\/p>\n<h3><strong>Poco SL 15000 Puffs Cechy:<\/strong><\/h3>\n<ul>\n<li>Puffy: Do 15 000<\/li>\n<li>Pojemno\u015b\u0107 e-liquidu: 25 ml<\/li>\n<li>Bateria: 650 mAh (akumulator)<\/li>\n<li>\u0141adowanie: Typ-C<\/li>\n<li>Przep\u0142yw powietrza: Regulowany<\/li>\n<li>Moc nikotyny: 0%, 2%, 3%, 5%<\/li>\n<li>12 unikalnych smak\u00f3w<\/li>\n<\/ul>\n<h4>Cz\u0119sto zadawane pytania<\/h4>\n<h5>Jakie s\u0105 typowe opcje wysy\u0142ki?<\/h5>\n<p>Korzystamy z us\u0142ug zaufanych przewo\u017anik\u00f3w, takich jak UPS, DHL, FedEx i DPD, aby zapewni\u0107 szybkie dostarczenie zam\u00f3wienia. Najskuteczniejsza metoda wysy\u0142ki jest wybierana na podstawie lokalizacji klienta, gwarantuj\u0105c terminow\u0105 dostaw\u0119. <strong>jednorazowe vape<\/strong> produkty.<\/p>\n<h5>Jak d\u0142ugo zazwyczaj trwa wysy\u0142ka?<\/h5>\n<p>Standardowa dostawa trwa zazwyczaj od 7 do 15 dni roboczych. Jednak w okresie \u015bwi\u0105tecznym lub z powodu nieprzewidzianych warunk\u00f3w pogodowych dostawa mo\u017ce potrwa\u0107 do 20 dni roboczych.<\/p>\n<h5>Czy s\u0105 jakie\u015b obawy zwi\u0105zane z c\u0142ami?<\/h5>\n<p>Zarz\u0105dzamy wszystkimi procedurami celnymi, zapewniaj\u0105c p\u0142ynn\u0105 obs\u0142ug\u0119 bez dodatkowych podatk\u00f3w i op\u0142at. Gwarantujemy odpraw\u0119 celn\u0105 100% dla wszystkich naszych produkt\u00f3w.<\/p>\n<h5>W jaki spos\u00f3b funkcja regulowanego przep\u0142ywu powietrza poprawia wra\u017cenia z waporyzacji?<\/h5>\n<p>Regulowany przep\u0142yw powietrza pozwala dostosowa\u0107 op\u00f3r zaci\u0105gania, umo\u017cliwiaj\u0105c precyzyjne dostrojenie r\u00f3wnowagi mi\u0119dzy intensywno\u015bci\u0105 smaku a produkcj\u0105 pary. Niezale\u017cnie od tego, czy preferujesz mocniejsze, bardziej skoncentrowane zaci\u0105ganie si\u0119, czy te\u017c lu\u017aniejsze, bardziej przewiewne waporyzowanie, funkcja ta pozwala spersonalizowa\u0107 doznania zgodnie z w\u0142asnymi preferencjami.<\/p>\n<h5>Czy m\u00f3j zakup jest bezpieczny?<\/h5>\n<p>Oferujemy bezpieczne opcje p\u0142atno\u015bci za po\u015brednictwem systemu PayPal, kt\u00f3ry obejmuje ochron\u0119 kupuj\u0105cych. Mo\u017cesz r\u00f3wnie\u017c zapozna\u0107 si\u0119 z opiniami i ocenami naszych klient\u00f3w na stronie <a href=\"https:\/\/www.trustpilot.com\/review\/volovape.com?utm_medium=trustbox&#038;utm_source=TrustBoxReviewCollector\">TrustPilot<\/a>.<\/p>","protected":false},"excerpt":{"rendered":"<p>Poco SL 15000 Puffs pozwala dostosowa\u0107 waporyzacj\u0119 do w\u0142asnych potrzeb. Regulowany przep\u0142yw powietrza, 25 ml, akumulator. Szybka dostawa na terenie UE! Idealny do u\u017cytku osobistego lub hurtowego. Zr\u00f3\u017cnicowana zawarto\u015b\u0107 nikotyny.<\/p>","protected":false},"featured_media":601,"comment_status":"open","ping_status":"closed","template":"","meta":[],"product_brand":[],"product_cat":[58,41,21,18,39,20,23,24,22,25,26,27,28,29,30,31,32,33,34,35,36,40],"product_tag":[],"class_list":{"0":"post-417","1":"product","2":"type-product","3":"status-publish","4":"has-post-thumbnail","6":"product_cat-poco","7":"product_cat-15000-puffs-disposable-vape","8":"product_cat-big-puffs-vapes","9":"product_cat-different-puffs-of-disposable-vapes","10":"product_cat-digital-box-vapes","11":"product_cat-disposable-vape-types","12":"product_cat-disposable-vapes-in-austria","13":"product_cat-disposable-vapes-in-belgium","14":"product_cat-disposable-vapes-in-europe","15":"product_cat-disposable-vapes-in-france","16":"product_cat-disposable-vapes-in-germany","17":"product_cat-disposable-vapes-in-hungary","18":"product_cat-disposable-vapes-in-ltaly","19":"product_cat-disposable-vapes-in-netherlands","20":"product_cat-disposable-vapes-in-norway","21":"product_cat-disposable-vapes-in-poland","22":"product_cat-disposable-vapes-in-portugal","23":"product_cat-disposable-vapes-in-spain","24":"product_cat-disposable-vapes-in-sweden","25":"product_cat-disposable-vapes-in-switzerland","26":"product_cat-rechargeable-vapes","27":"product_cat-smart-screen-vapes","29":"first","30":"instock","31":"shipping-taxable","32":"purchasable","33":"product-type-variable","34":"has-default-attributes"},"jetpack_sharing_enabled":true,"tiered_pricing_type":"fixed","tiered_pricing_fixed_rules":{"100":7.5,"400":7.0999999999999996447286321199499070644378662109375,"1000":7},"tiered_pricing_product_settings":{"layout":"default","base_unit_name":{"singular":null,"plural":null},"default_variation":null},"tiered_pricing_minimum_quantity":50,"tiered_pricing_roles_data":[],"tiered_pricing_percentage_rules":[],"tiered_pricing_maximum_quantity":null,"tiered_pricing_quantity_step":"10","_links":{"self":[{"href":"https:\/\/volovape.com\/pl\/wp-json\/wp\/v2\/product\/417","targetHints":{"allow":["GET"]}}],"collection":[{"href":"https:\/\/volovape.com\/pl\/wp-json\/wp\/v2\/product"}],"about":[{"href":"https:\/\/volovape.com\/pl\/wp-json\/wp\/v2\/types\/product"}],"replies":[{"embeddable":true,"href":"https:\/\/volovape.com\/pl\/wp-json\/wp\/v2\/comments?post=417"}],"wp:featuredmedia":[{"embeddable":true,"href":"https:\/\/volovape.com\/pl\/wp-json\/wp\/v2\/media\/601"}],"wp:attachment":[{"href":"https:\/\/volovape.com\/pl\/wp-json\/wp\/v2\/media?parent=417"}],"wp:term":[{"taxonomy":"product_brand","embeddable":true,"href":"https:\/\/volovape.com\/pl\/wp-json\/wp\/v2\/product_brand?post=417"},{"taxonomy":"product_cat","embeddable":true,"href":"https:\/\/volovape.com\/pl\/wp-json\/wp\/v2\/product_cat?post=417"},{"taxonomy":"product_tag","embeddable":true,"href":"https:\/\/volovape.com\/pl\/wp-json\/wp\/v2\/product_tag?post=417"}],"curies":[{"name":"wp","href":"https:\/\/api.w.org\/{rel}","templated":true}]}}