{"id":416,"date":"2024-11-21T03:29:43","date_gmt":"2024-11-21T03:29:43","guid":{"rendered":"https:\/\/volovape.com\/?post_type=product&#038;p=416"},"modified":"2026-04-08T01:50:51","modified_gmt":"2026-04-08T01:50:51","slug":"bang-vape-20000-zaciagniec","status":"publish","type":"product","link":"https:\/\/volovape.com\/pl\/product\/bang-vape-20000-puffs\/","title":{"rendered":"Jednorazowy vape Bang Vape 20000 puff\u00f3w - wy\u015bwietlacz LED, akumulator, cewka siatkowa"},"content":{"rendered":"<p><strong>Bang Vape 20000 Puffs jednorazowy Vape<\/strong> - Do\u015bwiadcz rozszerzonego wapowania dzi\u0119ki zaawansowanej technologii.<\/p>\n<p>Ten <strong>Bang Vape 20000 zaci\u0105gni\u0119\u0107<\/strong> wyznacza nowy standard dla jednorazowych waporyzator\u00f3w o du\u017cej pojemno\u015bci, dostarczaj\u0105c do <strong>20 000 zaci\u0105gni\u0119\u0107<\/strong> z hojnym <strong>Zbiornik e-liquidu o pojemno\u015bci 25 ml<\/strong>. Wyposa\u017cony w <strong>Cewka o oczkach 0,8\u03a9<\/strong> dla g\u0142adkiej, aromatycznej pary oraz <strong>Cyfrowy wy\u015bwietlacz LED<\/strong> do monitorowania w czasie rzeczywistym, urz\u0105dzenie to \u0142\u0105czy wygod\u0119 z najnowocze\u015bniejsz\u0105 technologi\u0105. Do wyboru <strong>Moc nikotyny 0%, 2%, 3% lub 5%<\/strong>i cieszy\u0107 si\u0119 szerok\u0105 gam\u0105 <strong>15 unikalnych smak\u00f3w<\/strong>. The <strong>Akumulator o pojemno\u015bci 650 mAh<\/strong> z <strong>\u0141adowanie typu C<\/strong> Zapewnia d\u0142ugotrwa\u0142\u0105 wydajno\u015b\u0107, dzi\u0119ki czemu idealnie nadaje si\u0119 zar\u00f3wno do u\u017cytku osobistego, jak i <strong>hurtownia vape jednorazowego u\u017cytku<\/strong> Lub <strong>zam\u00f3wienie zbiorcze<\/strong> potrzeby.<\/p>\n<h3><strong>Bang Vape 20000 Puffs Cechy:<\/strong><\/h3>\n<ul>\n<li>Puffy: Do 20 000<\/li>\n<li>Pojemno\u015b\u0107 e-liquidu: 25 ml<\/li>\n<li>Bateria: 650 mAh (akumulator)<\/li>\n<li>\u0141adowanie: Typ-C<\/li>\n<li>Cewka: cewka siatkowa 0,8\u03a9<\/li>\n<li>Wy\u015bwietlacz: Cyfrowy wy\u015bwietlacz LED<\/li>\n<li>Moc nikotyny: 0%, 2%, 3%, 5%<\/li>\n<li>15 unikalnych smak\u00f3w<\/li>\n<\/ul>\n<h4>Cz\u0119sto zadawane pytania<\/h4>\n<h5>Jakie metody wysy\u0142ki s\u0105 stosowane?<\/h5>\n<p>Wsp\u00f3\u0142pracujemy z wiod\u0105cymi przewo\u017anikami, takimi jak UPS, DHL, FedEx i DPD, aby zapewni\u0107 szybk\u0105 i niezawodn\u0105 dostaw\u0119. Najodpowiedniejsza metoda wysy\u0142ki jest wybierana na podstawie Twojej lokalizacji, gwarantuj\u0105c otrzymanie <strong>jednorazowe vape<\/strong> zam\u00f3wienie tak szybko, jak to mo\u017cliwe.<\/p>\n<h5>Jak d\u0142ugo zazwyczaj trwa dostawa?<\/h5>\n<p>Standardowa dostawa trwa zazwyczaj od 7 do 15 dni roboczych. W przypadku \u015bwi\u0105t lub niekorzystnych warunk\u00f3w pogodowych czas ten mo\u017ce jednak wynie\u015b\u0107 do 20 dni roboczych.<\/p>\n<h5>Czy napotkam jakie\u015b problemy celne?<\/h5>\n<p>Zajmujemy si\u0119 wszystkimi procedurami odprawy celnej, zapewniaj\u0105c bezproblemowe do\u015bwiadczenie. Nie poniesiesz \u017cadnych dodatkowych podatk\u00f3w ani op\u0142at. Gwarantujemy odpraw\u0119 celn\u0105 100% dla wszystkich naszych produkt\u00f3w.<\/p>\n<h5>Jak dok\u0142adna jest liczba zaci\u0105gni\u0119\u0107 i czas pracy baterii wy\u015bwietlane na ekranie LED?<\/h5>\n<p>Cyfrowy wy\u015bwietlacz LED zapewnia dok\u0142adne dane w czasie rzeczywistym dotycz\u0105ce zar\u00f3wno liczby zaci\u0105gni\u0119\u0107, jak i \u017cywotno\u015bci baterii. Pozwala to na precyzyjne monitorowanie zu\u017cycia i stanu baterii, zapewniaj\u0105c, \u017ce nigdy nie zostaniesz zaskoczony. Mo\u017cesz zaufa\u0107 dok\u0142adno\u015bci wy\u015bwietlacza, aby uzyska\u0107 sp\u00f3jne wra\u017cenia z waporyzacji.<\/p>\n<h5>Czy mog\u0119 zaufa\u0107 temu zakupowi?<\/h5>\n<p>Obs\u0142ugujemy p\u0142atno\u015bci PayPal i oferujemy ochron\u0119 kupuj\u0105cych dla bezpiecznych transakcji. Mo\u017cesz r\u00f3wnie\u017c zweryfikowa\u0107 nasz\u0105 wiarygodno\u015b\u0107, sprawdzaj\u0105c opinie naszych klient\u00f3w na stronie <a href=\"https:\/\/www.trustpilot.com\/review\/volovape.com?utm_medium=trustbox&amp;utm_source=TrustBoxReviewCollector\">TrustPilot<\/a>.<\/p>","protected":false},"excerpt":{"rendered":"<p>Ciesz si\u0119 przed\u0142u\u017conym, aromatycznym wapowaniem z Bang Vape 20000 Puffs. Wy\u015bwietlacz LED, cewka siatkowa 0,8\u03a9, 25 ml, akumulator. Idealny do u\u017cytku osobistego lub hurtowego, z r\u00f3\u017cnymi mocami nikotyny.<\/p>","protected":false},"featured_media":579,"comment_status":"open","ping_status":"closed","template":"","meta":[],"product_brand":[],"product_cat":[61,42,21,18,39,20,23,24,22,25,26,27,28,29,30,31,32,33,34,35,44,36,40],"product_tag":[],"class_list":{"0":"post-416","1":"product","2":"type-product","3":"status-publish","4":"has-post-thumbnail","6":"product_cat-bang","7":"product_cat-20000-puffs-disposable-vape","8":"product_cat-big-puffs-vapes","9":"product_cat-different-puffs-of-disposable-vapes","10":"product_cat-digital-box-vapes","11":"product_cat-disposable-vape-types","12":"product_cat-disposable-vapes-in-austria","13":"product_cat-disposable-vapes-in-belgium","14":"product_cat-disposable-vapes-in-europe","15":"product_cat-disposable-vapes-in-france","16":"product_cat-disposable-vapes-in-germany","17":"product_cat-disposable-vapes-in-hungary","18":"product_cat-disposable-vapes-in-ltaly","19":"product_cat-disposable-vapes-in-netherlands","20":"product_cat-disposable-vapes-in-norway","21":"product_cat-disposable-vapes-in-poland","22":"product_cat-disposable-vapes-in-portugal","23":"product_cat-disposable-vapes-in-spain","24":"product_cat-disposable-vapes-in-sweden","25":"product_cat-disposable-vapes-in-switzerland","26":"product_cat-dual-mesh-vapes","27":"product_cat-rechargeable-vapes","28":"product_cat-smart-screen-vapes","30":"first","31":"instock","32":"shipping-taxable","33":"purchasable","34":"product-type-variable","35":"has-default-attributes"},"jetpack_sharing_enabled":true,"tiered_pricing_type":"fixed","tiered_pricing_fixed_rules":{"30":6.36000000000000031974423109204508364200592041015625,"50":6.04999999999999982236431605997495353221893310546875,"100":5.30999999999999960920149533194489777088165283203125,"200":5.05999999999999960920149533194489777088165283203125,"400":4.5099999999999997868371792719699442386627197265625},"tiered_pricing_product_settings":{"layout":"default","base_unit_name":{"singular":null,"plural":null},"default_variation":null},"tiered_pricing_minimum_quantity":10,"tiered_pricing_roles_data":[],"tiered_pricing_percentage_rules":[],"tiered_pricing_maximum_quantity":null,"tiered_pricing_quantity_step":"10","_links":{"self":[{"href":"https:\/\/volovape.com\/pl\/wp-json\/wp\/v2\/product\/416","targetHints":{"allow":["GET"]}}],"collection":[{"href":"https:\/\/volovape.com\/pl\/wp-json\/wp\/v2\/product"}],"about":[{"href":"https:\/\/volovape.com\/pl\/wp-json\/wp\/v2\/types\/product"}],"replies":[{"embeddable":true,"href":"https:\/\/volovape.com\/pl\/wp-json\/wp\/v2\/comments?post=416"}],"wp:featuredmedia":[{"embeddable":true,"href":"https:\/\/volovape.com\/pl\/wp-json\/wp\/v2\/media\/579"}],"wp:attachment":[{"href":"https:\/\/volovape.com\/pl\/wp-json\/wp\/v2\/media?parent=416"}],"wp:term":[{"taxonomy":"product_brand","embeddable":true,"href":"https:\/\/volovape.com\/pl\/wp-json\/wp\/v2\/product_brand?post=416"},{"taxonomy":"product_cat","embeddable":true,"href":"https:\/\/volovape.com\/pl\/wp-json\/wp\/v2\/product_cat?post=416"},{"taxonomy":"product_tag","embeddable":true,"href":"https:\/\/volovape.com\/pl\/wp-json\/wp\/v2\/product_tag?post=416"}],"curies":[{"name":"wp","href":"https:\/\/api.w.org\/{rel}","templated":true}]}}