{"id":413,"date":"2024-11-21T03:29:42","date_gmt":"2024-11-21T03:29:42","guid":{"rendered":"https:\/\/volovape.com\/?post_type=product&#038;p=413"},"modified":"2025-07-07T03:41:44","modified_gmt":"2025-07-07T03:41:44","slug":"elf-box-bk12000-puffs","status":"publish","type":"product","link":"https:\/\/volovape.com\/pl\/product\/elf-box-bk12000-puffs\/","title":{"rendered":"ELF BOX BK12000 Vape jednorazowego u\u017cytku - 12 000 zaci\u0105gni\u0119\u0107, cewka siatkowa 0,8\u03a9, akumulator"},"content":{"rendered":"<p><iframe title=\"Odtwarzacz wideo VideoPress\" aria-label='Odtwarzacz wideo VideoPress' width='421' height='750' src='https:\/\/videopress.com\/embed\/E8nSg6O6?hd=0&amp;cover=1' frameborder='0' allowfullscreen allow='clipboard-write'><\/iframe><script src='https:\/\/v0.wordpress.com\/js\/next\/videopress-iframe.js?m=1739540970'><\/script><\/p>\n<h2>Jednorazowy waporyzator ELF BOX BK12000: Rozszerzone wapowanie z precyzyjn\u0105 cewk\u0105 siatkow\u0105.<\/h2>\n<p>Do\u015bwiadcz trwa\u0142ej satysfakcji z <strong>Skrzynka Elfa BK12000<\/strong>oferuj\u0105c do <strong>12 000 zaci\u0105gni\u0119\u0107<\/strong> i hojny <strong>Pojemno\u015b\u0107 e-liquidu 23 ml<\/strong>. Zasilany przez <strong>Akumulator o pojemno\u015bci 650 mAh<\/strong> z <strong>\u0141adowanie typu C<\/strong>Urz\u0105dzenie to zapewnia sta\u0142\u0105 wydajno\u015b\u0107. The <strong>Cewka o oczkach 0,8\u03a9<\/strong> zapewnia wyj\u0105tkowo g\u0142adk\u0105 i aromatyczn\u0105 par\u0119, wzmacniaj\u0105c ka\u017cde zaci\u0105gni\u0119cie. Do wyboru <strong>Moc nikotyny 0%, 2%, 3% lub 5%<\/strong> aby dostosowa\u0107 swoje do\u015bwiadczenie. Z <strong>12 r\u00f3\u017cnorodnych smak\u00f3w<\/strong>ELF BOX BK12000 jest idealny dla tych, kt\u00f3rzy szukaj\u0105 wygodnego i aromatycznego urz\u0105dzenia o du\u017cej pojemno\u015bci. <strong>hurtownia vape jednorazowego u\u017cytku<\/strong> opcja. Idealny zar\u00f3wno dla osobistej przyjemno\u015bci, jak i <strong>zam\u00f3wienie zbiorcze<\/strong> potrzeby.<\/p>\n<h3><strong>ELF BOX BK12000 Cechy:<\/strong><\/h3>\n<ul>\n<li>Puffy: Do 12 000<\/li>\n<li>Pojemno\u015b\u0107 e-liquidu: 23 ml<\/li>\n<li>Bateria: 650 mAh (akumulator)<\/li>\n<li>\u0141adowanie: Typ-C<\/li>\n<li>Cewka: cewka siatkowa 0,8\u03a9<\/li>\n<li>Moc nikotyny: 0%, 2%, 3%, 5%<\/li>\n<li>12 opcji smakowych<\/li>\n<li>Urz\u0105dzenie jednorazowego u\u017cytku<\/li>\n<\/ul>\n<h4>Cz\u0119sto zadawane pytania<\/h4>\n<h5>W jaki spos\u00f3b cewka siatkowa poprawia wra\u017cenia z waporyzacji?<\/h5>\n<p>Siatkowa cewka 0,8\u03a9 w ELF BOX BK12000 zapewnia wi\u0119ksz\u0105 powierzchni\u0119 grzewcz\u0105, co skutkuje bardziej r\u00f3wnomiernym ogrzewaniem i lepszym dostarczaniem smaku. Technologia ta zapewnia niezmiennie p\u0142ynn\u0105 i aromatyczn\u0105 produkcj\u0119 pary przez ca\u0142y okres u\u017cytkowania urz\u0105dzenia.<\/p>\n<h5>Jakie metody wysy\u0142ki s\u0105 stosowane?<\/h5>\n<p>Wsp\u00f3\u0142pracujemy z UPS\/DHL\/FEDEX\/DPD itp. Wybierzemy odpowiedni\u0105 opcj\u0119 wysy\u0142ki w zale\u017cno\u015bci od kraju dostawy, aby zapewni\u0107 jak najszybsze otrzymanie produkt\u00f3w.<\/p>\n<h5>Jak d\u0142ugo trwa dostawa?<\/h5>\n<p>Zwykle trwa to od 7 do 15 dni roboczych, a w dni wolne od pracy lub w z\u0142ych warunkach pogodowych mo\u017ce trwa\u0107 do 20 dni roboczych.<\/p>\n<h5>Czy mo\u017ce przej\u015b\u0107 przez odpraw\u0119 celn\u0105 i czy sprawi mi jakie\u015b problemy?<\/h5>\n<p>Gwarantujemy, \u017ce nie b\u0119dziesz mia\u0142 \u017cadnych k\u0142opot\u00f3w, poniewa\u017c zajmiemy si\u0119 odpraw\u0105 celn\u0105 i nie b\u0119dzie \u017cadnych podatk\u00f3w ani op\u0142at. Gwarantujemy, \u017ce 100% naszych produkt\u00f3w przejdzie odpraw\u0119 celn\u0105.<\/p>\n<h5>Czy mog\u0119 mu zaufa\u0107?<\/h5>\n<p>Obs\u0142ugujemy p\u0142atno\u015bci PayPal i us\u0142ug\u0119 ochrony kupuj\u0105cych. Mo\u017cesz r\u00f3wnie\u017c sprawdzi\u0107 nasze recenzje na <a href=\"https:\/\/www.trustpilot.com\/review\/volovape.com?utm_medium=trustbox&amp;utm_source=TrustBoxReviewCollector\">TrustPilot<\/a>.<\/p>","protected":false},"excerpt":{"rendered":"<p>Rozkoszuj si\u0119 rozszerzonym smakiem dzi\u0119ki ELF BOX BK12000. Siatka 0,8\u03a9, 23 ml, akumulator. Idealny do u\u017cytku osobistego lub hurtowego, oferuj\u0105cy g\u0142adk\u0105 par\u0119 i r\u00f3\u017cne st\u0119\u017cenia nikotyny.<\/p>","protected":false},"featured_media":545,"comment_status":"open","ping_status":"closed","template":"","meta":[],"product_brand":[],"product_cat":[54,38,21,18,20,23,24,22,25,26,27,28,29,30,31,32,33,34,35,36],"product_tag":[],"class_list":{"0":"post-413","1":"product","2":"type-product","3":"status-publish","4":"has-post-thumbnail","6":"product_cat-elf-box","7":"product_cat-12000-puffs-disposable-vape","8":"product_cat-big-puffs-vapes","9":"product_cat-different-puffs-of-disposable-vapes","10":"product_cat-disposable-vape-types","11":"product_cat-disposable-vapes-in-austria","12":"product_cat-disposable-vapes-in-belgium","13":"product_cat-disposable-vapes-in-europe","14":"product_cat-disposable-vapes-in-france","15":"product_cat-disposable-vapes-in-germany","16":"product_cat-disposable-vapes-in-hungary","17":"product_cat-disposable-vapes-in-ltaly","18":"product_cat-disposable-vapes-in-netherlands","19":"product_cat-disposable-vapes-in-norway","20":"product_cat-disposable-vapes-in-poland","21":"product_cat-disposable-vapes-in-portugal","22":"product_cat-disposable-vapes-in-spain","23":"product_cat-disposable-vapes-in-sweden","24":"product_cat-disposable-vapes-in-switzerland","25":"product_cat-rechargeable-vapes","27":"first","28":"instock","29":"shipping-taxable","30":"purchasable","31":"product-type-variable","32":"has-default-attributes"},"jetpack_sharing_enabled":true,"tiered_pricing_type":"fixed","tiered_pricing_fixed_rules":{"2000":5.9900000000000002131628207280300557613372802734375},"tiered_pricing_product_settings":{"layout":"default","base_unit_name":{"singular":null,"plural":null},"default_variation":null},"tiered_pricing_minimum_quantity":1000,"tiered_pricing_roles_data":[],"tiered_pricing_percentage_rules":[],"tiered_pricing_maximum_quantity":null,"tiered_pricing_quantity_step":"10","_links":{"self":[{"href":"https:\/\/volovape.com\/pl\/wp-json\/wp\/v2\/product\/413","targetHints":{"allow":["GET"]}}],"collection":[{"href":"https:\/\/volovape.com\/pl\/wp-json\/wp\/v2\/product"}],"about":[{"href":"https:\/\/volovape.com\/pl\/wp-json\/wp\/v2\/types\/product"}],"replies":[{"embeddable":true,"href":"https:\/\/volovape.com\/pl\/wp-json\/wp\/v2\/comments?post=413"}],"wp:featuredmedia":[{"embeddable":true,"href":"https:\/\/volovape.com\/pl\/wp-json\/wp\/v2\/media\/545"}],"wp:attachment":[{"href":"https:\/\/volovape.com\/pl\/wp-json\/wp\/v2\/media?parent=413"}],"wp:term":[{"taxonomy":"product_brand","embeddable":true,"href":"https:\/\/volovape.com\/pl\/wp-json\/wp\/v2\/product_brand?post=413"},{"taxonomy":"product_cat","embeddable":true,"href":"https:\/\/volovape.com\/pl\/wp-json\/wp\/v2\/product_cat?post=413"},{"taxonomy":"product_tag","embeddable":true,"href":"https:\/\/volovape.com\/pl\/wp-json\/wp\/v2\/product_tag?post=413"}],"curies":[{"name":"wp","href":"https:\/\/api.w.org\/{rel}","templated":true}]}}