{"id":412,"date":"2024-11-21T03:29:42","date_gmt":"2024-11-21T03:29:42","guid":{"rendered":"https:\/\/volovape.com\/?post_type=product&#038;p=412"},"modified":"2025-08-06T07:55:41","modified_gmt":"2025-08-06T07:55:41","slug":"poco-bl10000-buleczek","status":"publish","type":"product","link":"https:\/\/volovape.com\/pl\/product\/poco-bl10000-puffs\/","title":{"rendered":"Vape jednorazowe POCO BL10000 Puffs - regulowany przep\u0142yw powietrza, akumulator"},"content":{"rendered":"<p><strong>POCO BL10000 Puffs Vape jednorazowego u\u017cytku<\/strong> - Mo\u017cliwo\u015b\u0107 dostosowania waporyzacji dzi\u0119ki regulowanemu przep\u0142ywowi powietrza.<\/p>\n<p>Do\u015bwiadcz d\u0142u\u017cszych sesji waporyzacji dzi\u0119ki <strong>POCO BL10000<\/strong>oferuj\u0105c do <strong>10 000 zaci\u0105gni\u0119\u0107<\/strong> i znacz\u0105cy <strong>Pojemno\u015b\u0107 e-liquidu 20 ml<\/strong>. To urz\u0105dzenie jest wyposa\u017cone w <strong>Akumulator o pojemno\u015bci 650 mAh<\/strong> z <strong>\u0141adowanie typu C<\/strong> dla sta\u0142ej mocy. Dostosuj swoj\u0105 waporyzacj\u0119 za pomoc\u0105 <strong>regulowany przep\u0142yw powietrza<\/strong>umo\u017cliwiaj\u0105c precyzyjne dostrojenie zaci\u0105gni\u0119cia w celu uzyskania optymalnego smaku i pary. Ciesz si\u0119 satysfakcjonuj\u0105cym <strong>Moc nikotyny 5%<\/strong> w poprzek <strong>14 unikalnych smak\u00f3w<\/strong>idealny zar\u00f3wno do u\u017cytku osobistego, jak i <strong>hurtownia vape jednorazowego u\u017cytku<\/strong>. Idealne rozwi\u0105zanie dla os\u00f3b poszukuj\u0105cych wysokowydajnego, konfigurowalnego i bezproblemowego rozwi\u0105zania do waporyzacji. <strong>zam\u00f3wienie zbiorcze<\/strong> lub indywidualnej przyjemno\u015bci.<\/p>\n<h3><strong>POCO BL10000 Cechy:<\/strong><\/h3>\n<ul>\n<li>Puffy: Do 10 000<\/li>\n<li>Pojemno\u015b\u0107 e-liquidu: 20 ml<\/li>\n<li>Bateria: 650 mAh (akumulator)<\/li>\n<li>\u0141adowanie: Typ-C<\/li>\n<li>Przep\u0142yw powietrza: Regulowany<\/li>\n<li>Moc nikotyny: 5%<\/li>\n<li>14 opcji smakowych<\/li>\n<li>Urz\u0105dzenie jednorazowego u\u017cytku<\/li>\n<\/ul>\n<h4>Cz\u0119sto zadawane pytania<\/h4>\n<h5>Jak mog\u0119 spersonalizowa\u0107 swoje wra\u017cenia z waporyzacji za pomoc\u0105 tego urz\u0105dzenia?<\/h5>\n<p>POCO BL10000 posiada regulowany przep\u0142yw powietrza, umo\u017cliwiaj\u0105cy dostosowanie zaci\u0105gania si\u0119. Niezale\u017cnie od tego, czy wolisz mocniejszy, bardziej intensywny smak, czy lu\u017aniejszy, skoncentrowany na chmurze vape, mo\u017cesz \u0142atwo dostosowa\u0107 ustawienia do swoich preferencji.<\/p>\n<h5>Jakie metody wysy\u0142ki s\u0105 stosowane?<\/h5>\n<p>Wsp\u00f3\u0142pracujemy z UPS\/DHL\/FEDEX\/DPD itp. Wybierzemy odpowiedni\u0105 opcj\u0119 wysy\u0142ki w zale\u017cno\u015bci od kraju dostawy, aby zapewni\u0107 jak najszybsze otrzymanie produkt\u00f3w.<\/p>\n<h5>Jak d\u0142ugo trwa dostawa?<\/h5>\n<p>Zwykle trwa to od 7 do 15 dni roboczych, a w dni wolne od pracy lub w z\u0142ych warunkach pogodowych mo\u017ce trwa\u0107 do 20 dni roboczych.<\/p>\n<h5>Czy mo\u017ce przej\u015b\u0107 przez odpraw\u0119 celn\u0105 i czy sprawi mi jakie\u015b problemy?<\/h5>\n<p>Gwarantujemy, \u017ce nie b\u0119dziesz mia\u0142 \u017cadnych k\u0142opot\u00f3w, poniewa\u017c zajmiemy si\u0119 odpraw\u0105 celn\u0105 i nie b\u0119dzie \u017cadnych podatk\u00f3w ani op\u0142at. Gwarantujemy, \u017ce 100% naszych produkt\u00f3w przejdzie odpraw\u0119 celn\u0105.<\/p>\n<h5>Czy mog\u0119 mu zaufa\u0107?<\/h5>\n<p>Obs\u0142ugujemy p\u0142atno\u015bci PayPal i us\u0142ug\u0119 ochrony kupuj\u0105cych. Mo\u017cesz r\u00f3wnie\u017c sprawdzi\u0107 nasze recenzje na <a href=\"https:\/\/www.trustpilot.com\/review\/volovape.com?utm_medium=trustbox&amp;utm_source=TrustBoxReviewCollector\">TrustPilot<\/a>.<\/p>","protected":false},"excerpt":{"rendered":"<p>Dopracuj sw\u00f3j waporyzator dzi\u0119ki POCO BL10000 Puffs. Regulowany przep\u0142yw powietrza, 20 ml, akumulator, nikotyna 5%. Szybka dostawa na terenie UE! Idealne do u\u017cytku osobistego lub hurtowego.<\/p>","protected":false},"featured_media":536,"comment_status":"open","ping_status":"closed","template":"","meta":[],"product_brand":[],"product_cat":[36,57,21,18,20,23,24,22,25,26,27,28,29,30,31,32,33,34,35,58],"product_tag":[],"class_list":{"0":"post-412","1":"product","2":"type-product","3":"status-publish","4":"has-post-thumbnail","6":"product_cat-rechargeable-vapes","7":"product_cat-10000-puffs-disposable-vape","8":"product_cat-big-puffs-vapes","9":"product_cat-different-puffs-of-disposable-vapes","10":"product_cat-disposable-vape-types","11":"product_cat-disposable-vapes-in-austria","12":"product_cat-disposable-vapes-in-belgium","13":"product_cat-disposable-vapes-in-europe","14":"product_cat-disposable-vapes-in-france","15":"product_cat-disposable-vapes-in-germany","16":"product_cat-disposable-vapes-in-hungary","17":"product_cat-disposable-vapes-in-ltaly","18":"product_cat-disposable-vapes-in-netherlands","19":"product_cat-disposable-vapes-in-norway","20":"product_cat-disposable-vapes-in-poland","21":"product_cat-disposable-vapes-in-portugal","22":"product_cat-disposable-vapes-in-spain","23":"product_cat-disposable-vapes-in-sweden","24":"product_cat-disposable-vapes-in-switzerland","25":"product_cat-poco","27":"first","28":"instock","29":"shipping-taxable","30":"purchasable","31":"product-type-variable","32":"has-default-attributes"},"jetpack_sharing_enabled":true,"tiered_pricing_type":"fixed","tiered_pricing_fixed_rules":{"2000":5.69000000000000039079850466805510222911834716796875},"tiered_pricing_product_settings":{"layout":"default","base_unit_name":{"singular":null,"plural":null},"default_variation":null},"tiered_pricing_minimum_quantity":1000,"tiered_pricing_roles_data":[],"tiered_pricing_percentage_rules":[],"tiered_pricing_maximum_quantity":null,"tiered_pricing_quantity_step":"10","_links":{"self":[{"href":"https:\/\/volovape.com\/pl\/wp-json\/wp\/v2\/product\/412","targetHints":{"allow":["GET"]}}],"collection":[{"href":"https:\/\/volovape.com\/pl\/wp-json\/wp\/v2\/product"}],"about":[{"href":"https:\/\/volovape.com\/pl\/wp-json\/wp\/v2\/types\/product"}],"replies":[{"embeddable":true,"href":"https:\/\/volovape.com\/pl\/wp-json\/wp\/v2\/comments?post=412"}],"wp:featuredmedia":[{"embeddable":true,"href":"https:\/\/volovape.com\/pl\/wp-json\/wp\/v2\/media\/536"}],"wp:attachment":[{"href":"https:\/\/volovape.com\/pl\/wp-json\/wp\/v2\/media?parent=412"}],"wp:term":[{"taxonomy":"product_brand","embeddable":true,"href":"https:\/\/volovape.com\/pl\/wp-json\/wp\/v2\/product_brand?post=412"},{"taxonomy":"product_cat","embeddable":true,"href":"https:\/\/volovape.com\/pl\/wp-json\/wp\/v2\/product_cat?post=412"},{"taxonomy":"product_tag","embeddable":true,"href":"https:\/\/volovape.com\/pl\/wp-json\/wp\/v2\/product_tag?post=412"}],"curies":[{"name":"wp","href":"https:\/\/api.w.org\/{rel}","templated":true}]}}