{"id":410,"date":"2024-11-21T03:29:42","date_gmt":"2024-11-21T03:29:42","guid":{"rendered":"https:\/\/volovape.com\/?post_type=product&#038;p=410"},"modified":"2025-07-07T03:41:06","modified_gmt":"2025-07-07T03:41:06","slug":"batonik-mrvi-8000-buchow","status":"publish","type":"product","link":"https:\/\/volovape.com\/pl\/product\/mrvi-bar-8000-puffs\/","title":{"rendered":"MRVI Bar 8000 Puffs jednorazowy Vape - kompaktowy, \u0142adowalny, cewka siatkowa"},"content":{"rendered":"<p><strong>MRVI Bar 8000 Puffs Jednorazowy Vape<\/strong> - Kompaktowa, mocna i aromatyczna waporyzacja z precyzyjn\u0105 cewk\u0105 siatkow\u0105.<\/p>\n<p>Ten <strong>MRVI Bar 8000<\/strong> Jednorazowy vape oferuje idealne po\u0142\u0105czenie przeno\u015bno\u015bci i wydajno\u015bci, dostarczaj\u0105c do <strong>8000 zaci\u0105gni\u0119\u0107<\/strong> z <strong>Zbiornik e-liquidu o pojemno\u015bci 15 ml<\/strong>. Zasilany przez <strong>Akumulator o pojemno\u015bci 650 mAh<\/strong> i zawieraj\u0105cy <strong>\u0141adowanie typu C<\/strong>To urz\u0105dzenie zapewnia sp\u00f3jne i d\u0142ugotrwa\u0142e u\u017cytkowanie. W zestawie <strong>Zaawansowana technologia cewek siatkowych<\/strong> zapewnia g\u0142adk\u0105, bogat\u0105 i aromatyczn\u0105 par\u0119. Jego <strong>Kompaktowa i elegancka konstrukcja<\/strong> (92 x 41 x 19 mm) sprawia, \u017ce idealnie nadaje si\u0119 do waporyzacji w podr\u00f3\u017cy. Dzi\u0119ki <strong>Moc nikotyny 5%<\/strong> I <strong>10 pysznych opcji smakowych<\/strong>MRVI Bar 8000 jest idealny dla <strong>hurtownia vape jednorazowego u\u017cytku<\/strong>, <strong>zam\u00f3wienia zbiorcze<\/strong>, Lub <strong>u\u017cytek osobisty<\/strong>.<\/p>\n<h3><strong>MRVI Bar 8000 Cechy:<\/strong><\/h3>\n<ul>\n<li>Puffy: Do 8000 zaci\u0105gni\u0119\u0107<\/li>\n<li>Pojemno\u015b\u0107 e-liquidu: 15 ml<\/li>\n<li>Bateria: 650 mAh (akumulator)<\/li>\n<li>\u0141adowanie: Typ-C<\/li>\n<li>Cewka: Siatkowa cewka<\/li>\n<li>Moc nikotyny: 5%<\/li>\n<li>Wymiary: 92 x 41 x 19 mm<\/li>\n<li>Smaki: 10 unikalnych opcji<\/li>\n<li>Urz\u0105dzenie jednorazowego u\u017cytku<\/li>\n<\/ul>\n<h4>Cz\u0119sto zadawane pytania<\/h4>\n<h5>W jaki spos\u00f3b kompaktowa konstrukcja przynosi korzy\u015bci u\u017cytkownikom?<\/h5>\n<p>Kompaktowa i elegancka konstrukcja MRVI Bar 8000 sprawia, \u017ce jest on wysoce przeno\u015bny i dyskretny. Jego niewielki rozmiar pozwala na \u0142atwe przenoszenie w kieszeniach lub torbach, dzi\u0119ki czemu idealnie nadaje si\u0119 do waporyzacji w podr\u00f3\u017cy bez po\u015bwi\u0119cania wydajno\u015bci lub smaku.<\/p>\n<h5>Jakie metody wysy\u0142ki s\u0105 stosowane?<\/h5>\n<p>Wsp\u00f3\u0142pracujemy z niezawodnymi przewo\u017anikami, takimi jak UPS, DHL, FedEx i DPD, aby zapewni\u0107 szybk\u0105 i bezpieczn\u0105 dostaw\u0119 zam\u00f3wienia. Najbardziej efektywna metoda wysy\u0142ki jest wybierana na podstawie lokalizacji klienta, aby zoptymalizowa\u0107 szybko\u015b\u0107 i niezawodno\u015b\u0107 dostawy.<\/p>\n<h5>Jak d\u0142ugo trwa dostawa mojego zam\u00f3wienia?<\/h5>\n<p>Dostawa trwa zazwyczaj od 7 do 15 dni roboczych. Prosimy jednak o uwzgl\u0119dnienie do 20 dni roboczych w przypadku \u015bwi\u0105t lub niekorzystnych warunk\u00f3w pogodowych, kt\u00f3re mog\u0105 spowodowa\u0107 niewielkie op\u00f3\u017anienia w dostawie.<\/p>\n<h5>Czy napotkam jakie\u015b problemy celne lub dodatkowe op\u0142aty?<\/h5>\n<p>Zajmujemy si\u0119 wszystkimi procedurami odprawy celnej, gwarantuj\u0105c p\u0142ynne i bezproblemowe do\u015bwiadczenie. Nie poniesiesz \u017cadnych dodatkowych podatk\u00f3w ani op\u0142at. Zapewniamy, \u017ce 100% naszych produkt\u00f3w pomy\u015blnie przejdzie odpraw\u0119 celn\u0105.<\/p>\n<h5>Czy zakupy w witrynie s\u0105 bezpieczne i niezawodne?<\/h5>\n<p>Tak, oferujemy bezpieczne transakcje PayPal z ochron\u0105 kupuj\u0105cego. Mo\u017cesz r\u00f3wnie\u017c zweryfikowa\u0107 nasz\u0105 niezawodno\u015b\u0107, sprawdzaj\u0105c opinie naszych klient\u00f3w na stronie <a href=\"https:\/\/www.trustpilot.com\/review\/volovape.com?utm_medium=trustbox&amp;utm_source=TrustBoxReviewCollector\">TrustPilot<\/a>, gdzie mo\u017cna znale\u017a\u0107 opinie zadowolonych klient\u00f3w.<\/p>","protected":false},"excerpt":{"rendered":"<p>Uzyskaj kompaktowy, trwa\u0142y smak dzi\u0119ki MRVI Bar 8000 Puffs. Siatkowa cewka, 15 ml, akumulator, nikotyna 5%. Idealny do u\u017cytku osobistego lub hurtowego, zapewniaj\u0105cy wygodn\u0105, aromatyczn\u0105 waporyzacj\u0119.<\/p>","protected":false},"featured_media":512,"comment_status":"open","ping_status":"closed","template":"","meta":[],"product_brand":[],"product_cat":[55,37,21,18,20,23,24,22,25,26,27,28,29,30,31,32,33,34,35,36],"product_tag":[],"class_list":{"0":"post-410","1":"product","2":"type-product","3":"status-publish","4":"has-post-thumbnail","6":"product_cat-mrvi","7":"product_cat-8000-puffs-disposable-vape","8":"product_cat-big-puffs-vapes","9":"product_cat-different-puffs-of-disposable-vapes","10":"product_cat-disposable-vape-types","11":"product_cat-disposable-vapes-in-austria","12":"product_cat-disposable-vapes-in-belgium","13":"product_cat-disposable-vapes-in-europe","14":"product_cat-disposable-vapes-in-france","15":"product_cat-disposable-vapes-in-germany","16":"product_cat-disposable-vapes-in-hungary","17":"product_cat-disposable-vapes-in-ltaly","18":"product_cat-disposable-vapes-in-netherlands","19":"product_cat-disposable-vapes-in-norway","20":"product_cat-disposable-vapes-in-poland","21":"product_cat-disposable-vapes-in-portugal","22":"product_cat-disposable-vapes-in-spain","23":"product_cat-disposable-vapes-in-sweden","24":"product_cat-disposable-vapes-in-switzerland","25":"product_cat-rechargeable-vapes","27":"first","28":"instock","29":"shipping-taxable","30":"purchasable","31":"product-type-variable","32":"has-default-attributes"},"jetpack_sharing_enabled":true,"tiered_pricing_type":"fixed","tiered_pricing_fixed_rules":{"2000":4.9900000000000002131628207280300557613372802734375},"tiered_pricing_product_settings":{"layout":"default","base_unit_name":{"singular":null,"plural":null},"default_variation":null},"tiered_pricing_minimum_quantity":1000,"tiered_pricing_roles_data":[],"tiered_pricing_percentage_rules":[],"tiered_pricing_maximum_quantity":null,"tiered_pricing_quantity_step":"10","_links":{"self":[{"href":"https:\/\/volovape.com\/pl\/wp-json\/wp\/v2\/product\/410","targetHints":{"allow":["GET"]}}],"collection":[{"href":"https:\/\/volovape.com\/pl\/wp-json\/wp\/v2\/product"}],"about":[{"href":"https:\/\/volovape.com\/pl\/wp-json\/wp\/v2\/types\/product"}],"replies":[{"embeddable":true,"href":"https:\/\/volovape.com\/pl\/wp-json\/wp\/v2\/comments?post=410"}],"wp:featuredmedia":[{"embeddable":true,"href":"https:\/\/volovape.com\/pl\/wp-json\/wp\/v2\/media\/512"}],"wp:attachment":[{"href":"https:\/\/volovape.com\/pl\/wp-json\/wp\/v2\/media?parent=410"}],"wp:term":[{"taxonomy":"product_brand","embeddable":true,"href":"https:\/\/volovape.com\/pl\/wp-json\/wp\/v2\/product_brand?post=410"},{"taxonomy":"product_cat","embeddable":true,"href":"https:\/\/volovape.com\/pl\/wp-json\/wp\/v2\/product_cat?post=410"},{"taxonomy":"product_tag","embeddable":true,"href":"https:\/\/volovape.com\/pl\/wp-json\/wp\/v2\/product_tag?post=410"}],"curies":[{"name":"wp","href":"https:\/\/api.w.org\/{rel}","templated":true}]}}