{"id":408,"date":"2024-11-21T03:29:42","date_gmt":"2024-11-21T03:29:42","guid":{"rendered":"https:\/\/volovape.com\/?post_type=product&#038;p=408"},"modified":"2025-08-20T02:44:51","modified_gmt":"2025-08-20T02:44:51","slug":"mrvi-nadchodzi-10000-buchow","status":"publish","type":"product","link":"https:\/\/volovape.com\/pl\/product\/mrvi-coming-10000-puffs\/","title":{"rendered":"MRVI Coming 10000 puff jednorazowy vape z cewk\u0105 siatkow\u0105 0,9\u03a9 i wy\u015bwietlaczem mocy"},"content":{"rendered":"<p><strong>MRVI Coming 10000 zaci\u0105gni\u0119\u0107 Jednorazowy Vape<\/strong> - Niezawodna waporyzacja z wy\u015bwietlaczem mocy i precyzyjn\u0105 cewk\u0105 siatkow\u0105.<\/p>\n<p>Ten <strong>MRVI Nadchodzi 10000<\/strong> Jednorazowy waporyzator oferuje niezawodne i wyd\u0142u\u017cone do\u015bwiadczenie waporyzacji z maksymalnie <strong>10 000 zaci\u0105gni\u0119\u0107<\/strong> i <strong>Zbiornik e-liquidu o pojemno\u015bci 19 ml<\/strong>. Zasilany przez <strong>Akumulator o pojemno\u015bci 650 mAh<\/strong> i zawieraj\u0105cy <strong>\u0141adowanie typu C<\/strong>Urz\u0105dzenie to zapewnia sta\u0142\u0105 wydajno\u015b\u0107. The <strong>Cewka o oczkach 0,9\u03a9<\/strong> zapewnia g\u0142adk\u0105, bogat\u0105 i aromatyczn\u0105 par\u0119. Zintegrowany <strong>ekran zasilania<\/strong> zapewnia monitorowanie w czasie rzeczywistym \u017cywotno\u015bci baterii i poziomu e-liquidu dla dodatkowej wygody. Do wyboru <strong>Moc nikotyny 0%, 2%, 3% lub 5%<\/strong> aby dopasowa\u0107 je do swoich preferencji. Z <strong>8 pysznych opcji smakowych<\/strong>MRVI Coming 10000 jest idealnym rozwi\u0105zaniem dla <strong>hurtownia vape jednorazowego u\u017cytku<\/strong>, <strong>zam\u00f3wienia zbiorcze<\/strong>, Lub <strong>u\u017cytek osobisty<\/strong>.<\/p>\n<h3><strong>MRVI Coming 10000 Funkcje:<\/strong><\/h3>\n<ul>\n<li>Puffy: Do 10 000 zaci\u0105gni\u0119\u0107<\/li>\n<li>Pojemno\u015b\u0107 e-liquidu: 19 ml<\/li>\n<li>Bateria: 650 mAh (akumulator)<\/li>\n<li>\u0141adowanie: Typ-C<\/li>\n<li>Cewka: cewka siatkowa 0,9\u03a9<\/li>\n<li>Wy\u015bwietlacz: Wy\u015bwietlacz ekranu zasilania (poziom na\u0142adowania akumulatora i poziom e-cieczy)<\/li>\n<li>Moc nikotyny: 0%, 2%, 3%, 5%<\/li>\n<li>Smaki: 8 unikalnych opcji<\/li>\n<li>Urz\u0105dzenie jednorazowego u\u017cytku<\/li>\n<\/ul>\n<h4>Cz\u0119sto zadawane pytania<\/h4>\n<h5>Jakie korzy\u015bci przynosi u\u017cytkownikom ekran zasilania?<\/h5>\n<p>Ekran zasilania zapewnia natychmiastow\u0105 widoczno\u015b\u0107 \u017cywotno\u015bci baterii i poziomu e-cieczy, umo\u017cliwiaj\u0105c u\u017cytkownikom monitorowanie stanu urz\u0105dzenia i unikanie nieoczekiwanych przerw. Funkcja ta zwi\u0119ksza wygod\u0119 i zapewnia bardziej kontrolowane doznania podczas waporyzacji.<\/p>\n<h5>Jakie metody wysy\u0142ki s\u0105 stosowane?<\/h5>\n<p>Wsp\u00f3\u0142pracujemy z niezawodnymi przewo\u017anikami, takimi jak UPS, DHL, FedEx i DPD, aby zapewni\u0107 szybk\u0105 i bezpieczn\u0105 dostaw\u0119 zam\u00f3wienia. Najbardziej efektywna metoda wysy\u0142ki jest wybierana na podstawie lokalizacji klienta, aby zoptymalizowa\u0107 szybko\u015b\u0107 i niezawodno\u015b\u0107 dostawy.<\/p>\n<h5>Jak d\u0142ugo trwa dostawa mojego zam\u00f3wienia?<\/h5>\n<p>Dostawa trwa zazwyczaj od 7 do 15 dni roboczych. Prosimy jednak o uwzgl\u0119dnienie do 20 dni roboczych w przypadku \u015bwi\u0105t lub niekorzystnych warunk\u00f3w pogodowych, kt\u00f3re mog\u0105 spowodowa\u0107 niewielkie op\u00f3\u017anienia w dostawie.<\/p>\n<h5>Czy napotkam jakie\u015b problemy celne lub dodatkowe op\u0142aty?<\/h5>\n<p>Zajmujemy si\u0119 wszystkimi procedurami odprawy celnej, gwarantuj\u0105c p\u0142ynne i bezproblemowe do\u015bwiadczenie. Nie poniesiesz \u017cadnych dodatkowych podatk\u00f3w ani op\u0142at. Zapewniamy, \u017ce 100% naszych produkt\u00f3w pomy\u015blnie przejdzie odpraw\u0119 celn\u0105.<\/p>\n<h5>Czy zakupy w witrynie s\u0105 bezpieczne i niezawodne?<\/h5>\n<p>Tak, oferujemy bezpieczne transakcje PayPal z ochron\u0105 kupuj\u0105cego. Mo\u017cesz r\u00f3wnie\u017c zweryfikowa\u0107 nasz\u0105 niezawodno\u015b\u0107, sprawdzaj\u0105c opinie naszych klient\u00f3w na stronie <a href=\"https:\/\/www.trustpilot.com\/review\/volovape.com?utm_medium=trustbox&amp;utm_source=TrustBoxReviewCollector\">TrustPilot<\/a>, gdzie mo\u017cna znale\u017a\u0107 opinie zadowolonych klient\u00f3w.<\/p>","protected":false},"excerpt":{"rendered":"<p>Oczekuj d\u0142ugotrwa\u0142ego smaku dzi\u0119ki MRVI Coming 10000 Puffs. Wy\u015bwietlacz z ekranem zasilania, oczko 0,9\u03a9, 19 ml, akumulator. Idealny do u\u017cytku osobistego lub hurtowego, zapewniaj\u0105cy g\u0142adk\u0105 par\u0119 i r\u00f3\u017cnorodne opcje nikotyny.<\/p>","protected":false},"featured_media":476,"comment_status":"open","ping_status":"closed","template":"","meta":[],"product_brand":[],"product_cat":[33,57,21,43,18,39,20,23,24,22,25,26,27,28,29,30,31,32,34,35,55,36,40],"product_tag":[],"class_list":{"0":"post-408","1":"product","2":"type-product","3":"status-publish","4":"has-post-thumbnail","6":"product_cat-disposable-vapes-in-spain","7":"product_cat-10000-puffs-disposable-vape","8":"product_cat-big-puffs-vapes","9":"product_cat-crystal-vapes","10":"product_cat-different-puffs-of-disposable-vapes","11":"product_cat-digital-box-vapes","12":"product_cat-disposable-vape-types","13":"product_cat-disposable-vapes-in-austria","14":"product_cat-disposable-vapes-in-belgium","15":"product_cat-disposable-vapes-in-europe","16":"product_cat-disposable-vapes-in-france","17":"product_cat-disposable-vapes-in-germany","18":"product_cat-disposable-vapes-in-hungary","19":"product_cat-disposable-vapes-in-ltaly","20":"product_cat-disposable-vapes-in-netherlands","21":"product_cat-disposable-vapes-in-norway","22":"product_cat-disposable-vapes-in-poland","23":"product_cat-disposable-vapes-in-portugal","24":"product_cat-disposable-vapes-in-sweden","25":"product_cat-disposable-vapes-in-switzerland","26":"product_cat-mrvi","27":"product_cat-rechargeable-vapes","28":"product_cat-smart-screen-vapes","30":"first","31":"instock","32":"shipping-taxable","33":"purchasable","34":"product-type-variable","35":"has-default-attributes"},"jetpack_sharing_enabled":true,"tiered_pricing_type":"fixed","tiered_pricing_fixed_rules":{"2000":4.75},"tiered_pricing_product_settings":{"layout":"default","base_unit_name":{"singular":null,"plural":null},"default_variation":null},"tiered_pricing_minimum_quantity":1000,"tiered_pricing_roles_data":[],"tiered_pricing_percentage_rules":[],"tiered_pricing_maximum_quantity":null,"tiered_pricing_quantity_step":"10","_links":{"self":[{"href":"https:\/\/volovape.com\/pl\/wp-json\/wp\/v2\/product\/408","targetHints":{"allow":["GET"]}}],"collection":[{"href":"https:\/\/volovape.com\/pl\/wp-json\/wp\/v2\/product"}],"about":[{"href":"https:\/\/volovape.com\/pl\/wp-json\/wp\/v2\/types\/product"}],"replies":[{"embeddable":true,"href":"https:\/\/volovape.com\/pl\/wp-json\/wp\/v2\/comments?post=408"}],"wp:featuredmedia":[{"embeddable":true,"href":"https:\/\/volovape.com\/pl\/wp-json\/wp\/v2\/media\/476"}],"wp:attachment":[{"href":"https:\/\/volovape.com\/pl\/wp-json\/wp\/v2\/media?parent=408"}],"wp:term":[{"taxonomy":"product_brand","embeddable":true,"href":"https:\/\/volovape.com\/pl\/wp-json\/wp\/v2\/product_brand?post=408"},{"taxonomy":"product_cat","embeddable":true,"href":"https:\/\/volovape.com\/pl\/wp-json\/wp\/v2\/product_cat?post=408"},{"taxonomy":"product_tag","embeddable":true,"href":"https:\/\/volovape.com\/pl\/wp-json\/wp\/v2\/product_tag?post=408"}],"curies":[{"name":"wp","href":"https:\/\/api.w.org\/{rel}","templated":true}]}}