{"id":38911,"date":"2026-03-12T04:06:04","date_gmt":"2026-03-12T04:06:04","guid":{"rendered":"https:\/\/volovape.com\/?post_type=product&#038;p=38911"},"modified":"2026-04-14T02:42:58","modified_gmt":"2026-04-14T02:42:58","slug":"bang-legend-140k-potrojne-opcje-140000-zaciagniec-podwojna-siatka-akumulatorowa-luzem-jednorazowe-vape","status":"publish","type":"product","link":"https:\/\/volovape.com\/pl\/product\/bang-legend-140k-triple-options-140000-puffs-dual-mesh-rechargeable-bulk-disposable-vape\/","title":{"rendered":"BANG LEGEND 140K | potr\u00f3jne opcje 140000 zaci\u0105gni\u0119\u0107, podw\u00f3jna siatka, \u0142adowalny, jednorazowy vape luzem"},"content":{"rendered":"<h2>Dlaczego warto wybra\u0107 BANG LEGEND 140K?<\/h2>\n<ul>\n<li>Masywny <strong>Pojemno\u015b\u0107 140 000 puff\u00f3w<\/strong> - jeden z najwi\u0119kszych jednorazowych waporyzator\u00f3w na rynku<\/li>\n<li>\ud83c\udfa8 <strong>Opcje potr\u00f3jne (3 w 1)<\/strong> - prze\u0142\u0105czanie mi\u0119dzy trzema smakami w jednym urz\u0105dzeniu<\/li>\n<li>\u2601\ufe0f <strong>Podw\u00f3jna cewka siatkowa<\/strong> - P\u0142ynne uderzenia, g\u0119ste chmury i stabilny smak<\/li>\n<li>\ud83d\udd0b <strong>Akumulator o pojemno\u015bci 550 mAh<\/strong> z nowoczesnym szybkim \u0142adowaniem typu C<\/li>\n<li>\ud83d\udcb0 <strong>Idealny do zam\u00f3wie\u0144 hurtowych i hurtowych<\/strong> - Idealny dla sklep\u00f3w vape i dystrybutor\u00f3w<\/li>\n<li>Wysoka retencja klient\u00f3w - mniej wymian, wi\u0119ksza satysfakcja<\/li>\n<\/ul>\n<hr \/>\n<h3>Specyfikacja BANG LEGEND 140K<\/h3>\n<table>\n<tbody>\n<tr>\n<td><strong>Nazwa produktu<\/strong><\/td>\n<td>BANG LEGEND Potr\u00f3jne opcje jednorazowego u\u017cytku Vape<\/td>\n<\/tr>\n<tr>\n<td><strong>Total Puffs<\/strong><\/td>\n<td>Do 140 000 zaci\u0105gni\u0119\u0107<\/td>\n<\/tr>\n<tr>\n<td><strong>System aromat\u00f3w<\/strong><\/td>\n<td>Potr\u00f3jne opcje 3 w 1<\/td>\n<\/tr>\n<tr>\n<td><strong>Typ cewki<\/strong><\/td>\n<td>Cewka Dual Mesh 1,0\u03a9<\/td>\n<\/tr>\n<tr>\n<td><strong>Pojemno\u015b\u0107 baterii<\/strong><\/td>\n<td>Akumulator 550 mAh<\/td>\n<\/tr>\n<tr>\n<td><strong>Port \u0142adowania<\/strong><\/td>\n<td>Szybkie \u0142adowanie typu C<\/td>\n<\/tr>\n<tr>\n<td><strong>Moc nikotyny<\/strong><\/td>\n<td>Dost\u0119pne w wielu opcjach (z mo\u017cliwo\u015bci\u0105 dostosowania do sprzeda\u017cy hurtowej)<\/td>\n<\/tr>\n<tr>\n<td><strong>Rynek docelowy<\/strong><\/td>\n<td>Sprzeda\u017c hurtowa B2B, sklepy vape, dystrybutorzy<\/td>\n<\/tr>\n<\/tbody>\n<\/table>\n<hr \/>\n<h3>Opcje potr\u00f3jnego smaku BANG LEGEND 140K (wprowadzenie do smaku)<\/h3>\n<p><strong>Opcja pierwsza \ud83c\udf49\ud83c\udf6d<\/strong><br \/>\nS\u0142odka i figlarna mieszanka ze sch\u0142odzonym arbuzem, delikatnymi r\u00f3\u017cowymi owocami i s\u0142odycz\u0105 w stylu cukierk\u00f3w.<\/p>\n<p><strong>Opcja druga \ud83c\udf51\ud83c\udf4b<\/strong><br \/>\nRozmyty brzoskwiniowy l\u00f3d, orze\u017awiaj\u0105cy melon jagodowy i jasne cytrusy z ch\u0142odnym finiszem.<\/p>\n<p><strong>Opcja trzecia \ud83c\udf47\ud83e\udd6d<\/strong><br \/>\nL\u00f3d z ciemnych winogron, tropikalne mango i mieszane jagody zapewniaj\u0105 odwa\u017cn\u0105 owocow\u0105 podr\u00f3\u017c.<\/p>\n<p><strong>Opcja czwarta \ud83e\uded0\ud83c\udfdd\ufe0f<\/strong><br \/>\nLodowate niebieskie jagody, owoce tropikalne i s\u0142ynna mieszanka Love66.<\/p>\n<p><strong>Opcja pi\u0105ta \ud83e\udd65\ud83c\udf4d<\/strong><br \/>\nNiebiesko-czerwone jagody, tropikalne \u017c\u00f3\u0142te owoce i kremowy kokosowy ananas.<\/p>\n<p><strong>Opcja sz\u00f3sta \ud83c\udf53\ud83c\udf4d<\/strong><br \/>\nTruskawkowy melon, jagodowa brzoskwinia i g\u0142\u0119boki jagodowy l\u00f3d ananasowy.<\/p>\n<p><strong>Opcja si\u00f3dma \ud83e\udd5d\ud83c\udf52<\/strong><br \/>\nMieszanka jag\u00f3d kiwi, musuj\u0105cy melon i jagodowa fuzja wi\u015bni.<\/p>\n<p><strong>Opcja \u00f3sma \ud83d\udc09\ud83c\udf47<\/strong><br \/>\nL\u00f3d czarnego smoka, mieszane jagody i moc jag\u00f3d winogron.<\/p>\n<p><strong>Opcja dziewi\u0105ta \u26a1\ud83e\udd6d<\/strong><br \/>\nOwoce pomara\u0144czy, energetyczne niebieskie jagody i rze\u015bka zielono-fioletowa mieszanka owoc\u00f3w.<\/p>\n<p><strong>Opcja Dziesi\u0105ta \u2600\ufe0f\ud83c\udf4a<\/strong><br \/>\nPotr\u00f3jne nuty cytrusowe z jagodami i g\u0142\u0119bokimi nutami niebieskich owoc\u00f3w.<\/p>\n<p><strong>Opcja Eleven \ud83c\udf4b\ud83c\udf48<\/strong><br \/>\n\u015awie\u017ce cytrusy, zio\u0142owy melon i r\u00f3\u017cowy smoczy melon.<\/p>\n<p><strong>Opcja dwunasta \ud83c\udf4c\ud83c\udf66<\/strong><br \/>\nSch\u0142odzone \u017c\u00f3\u0142te owoce, kremowe odcienie r\u00f3\u017cowego deseru i jagodowy melon na finiszu.<\/p>\n<hr \/>\n<h3>Najcz\u0119\u015bciej zadawane pytania (FAQ) dotycz\u0105ce BANG LEGEND 140K<\/h3>\n<p><strong>P: Co sprawia, \u017ce BANG LEGEND 140K r\u00f3\u017cni si\u0119 od zwyk\u0142ych jednoraz\u00f3wek?<\/strong><br \/>\nO: Oferuje do 140 000 zaci\u0105gni\u0119\u0107 i trzy smaki w jednym urz\u0105dzeniu, podczas gdy wi\u0119kszo\u015b\u0107 jednorazowych wystarcza tylko na kilka dni.<\/p>\n<p><strong>P: Czy ten waporyzator jest odpowiedni dla os\u00f3b intensywnie korzystaj\u0105cych z urz\u0105dzenia?<\/strong><br \/>\nO: Tak \ud83d\udc4d Jest przeznaczony dla ci\u0119\u017ckich u\u017cytkownik\u00f3w, kt\u00f3rzy chc\u0105 d\u0142ugiego u\u017cytkowania bez cz\u0119stej wymiany.<\/p>\n<p><strong>P: Czy sklepy vape mog\u0105 zamawia\u0107 je hurtowo?<\/strong><br \/>\nOczywi\u015bcie. Ten produkt jest zoptymalizowany pod k\u0105tem sprzeda\u017cy hurtowej, zakup\u00f3w hurtowych i dystrybucji na du\u017c\u0105 skal\u0119.<\/p>\n<p><strong>P: Czy jest trudny w u\u017cyciu?<\/strong><br \/>\nO: Wcale nie. Wystarczy wdycha\u0107, aby waporyzowa\u0107. Gdy bateria jest roz\u0142adowana, na\u0142aduj j\u0105 za pomoc\u0105 kabla typu C.<\/p>\n<p><strong>P: Czy smaki i moc nikotyny mo\u017cna dostosowa\u0107 do zam\u00f3wie\u0144 B2B?<\/strong><br \/>\nTak. Nabywcy hurtowi mog\u0105 om\u00f3wi\u0107 opcje dostosowywania smak\u00f3w i poziom\u00f3w nikotyny.<\/p>\n<hr \/>\n<p><strong>BANG LEGEND 140K z potr\u00f3jn\u0105 opcj\u0105 jednorazowego vape<\/strong> zosta\u0142 stworzony z my\u015bl\u0105 o intensywnych u\u017cytkownikach, poszukiwaczach smak\u00f3w i profesjonalnych sprzedawcach vape. Dzi\u0119ki bardzo du\u017cej liczbie zaci\u0105gni\u0119\u0107, potr\u00f3jnej elastyczno\u015bci smakowej i wydajno\u015bci \u0142adowania, jest to dobry wyb\u00f3r dla sklep\u00f3w vape, hurtownik\u00f3w i dystrybutor\u00f3w, kt\u00f3rzy chc\u0105 zaoferowa\u0107 prawdziwe flagowe urz\u0105dzenie jednorazowe. \ud83d\udca8\ud83d\udcbc<\/p>\n<p><strong>Du\u017ce akcje. Sprzedawaj m\u0105drze. Sta\u0144 si\u0119 legend\u0105.<\/strong> \ud83c\udfc6<\/p>\n<p><img data-recalc-dims=\"1\" loading=\"lazy\" decoding=\"async\" class=\"alignnone size-full wp-image-96630\" src=\"https:\/\/i0.wp.com\/aiviouvapes.com\/wp-content\/uploads\/2025\/12\/BANG-LEGEND-140K-13.jpg?resize=1196%2C1920&#038;ssl=1\" alt=\"BANG LEGEND 140K | potr\u00f3jne opcje 140000 zaci\u0105gni\u0119\u0107 podw\u00f3jna siatka akumulatorowa luzem jednorazowe vape\" width=\"1196\" height=\"1920\" title=\"\"><\/p>","protected":false},"excerpt":{"rendered":"<p>140 000 zaci\u0105gni\u0119\u0107. 3 smaki w 1 urz\u0105dzeniu. BANG LEGEND 140K to jednorazowy vape z potr\u00f3jn\u0105 opcj\u0105, zaprojektowany z my\u015bl\u0105 o d\u0142ugotrwa\u0142ej wydajno\u015bci, bogatym smaku i wysokomar\u017cowej sprzeda\u017cy hurtowej. \ud83d\ude80<\/p>","protected":false},"featured_media":39109,"comment_status":"open","ping_status":"closed","template":"","meta":[],"product_brand":[227],"product_cat":[61],"product_tag":[376,377,378,379,326],"class_list":{"0":"post-38911","1":"product","2":"type-product","3":"status-publish","4":"has-post-thumbnail","6":"product_brand-bang","7":"product_cat-bang","8":"product_tag-140000-puffs-vape","9":"product_tag-bang-legend-140k-disposable-vape","10":"product_tag-rechargeable-bulk-disposable-vape","11":"product_tag-triple-flavor-disposable-vape","12":"product_tag-wholesale-disposable-vape","14":"first","15":"instock","16":"shipping-taxable","17":"purchasable","18":"product-type-variable","19":"has-default-attributes"},"jetpack_sharing_enabled":true,"tiered_pricing_type":"fixed","tiered_pricing_fixed_rules":{"30":8.1699999999999999289457264239899814128875732421875,"50":6.61000000000000031974423109204508364200592041015625,"100":6.089999999999999857891452847979962825775146484375,"200":5.70000000000000017763568394002504646778106689453125,"400":5.12000000000000010658141036401502788066864013671875},"tiered_pricing_product_settings":{"layout":"default","base_unit_name":{"singular":null,"plural":null},"default_variation":null},"tiered_pricing_minimum_quantity":10,"tiered_pricing_roles_data":[],"tiered_pricing_percentage_rules":[],"tiered_pricing_maximum_quantity":null,"tiered_pricing_quantity_step":"10","_links":{"self":[{"href":"https:\/\/volovape.com\/pl\/wp-json\/wp\/v2\/product\/38911","targetHints":{"allow":["GET"]}}],"collection":[{"href":"https:\/\/volovape.com\/pl\/wp-json\/wp\/v2\/product"}],"about":[{"href":"https:\/\/volovape.com\/pl\/wp-json\/wp\/v2\/types\/product"}],"replies":[{"embeddable":true,"href":"https:\/\/volovape.com\/pl\/wp-json\/wp\/v2\/comments?post=38911"}],"wp:featuredmedia":[{"embeddable":true,"href":"https:\/\/volovape.com\/pl\/wp-json\/wp\/v2\/media\/39109"}],"wp:attachment":[{"href":"https:\/\/volovape.com\/pl\/wp-json\/wp\/v2\/media?parent=38911"}],"wp:term":[{"taxonomy":"product_brand","embeddable":true,"href":"https:\/\/volovape.com\/pl\/wp-json\/wp\/v2\/product_brand?post=38911"},{"taxonomy":"product_cat","embeddable":true,"href":"https:\/\/volovape.com\/pl\/wp-json\/wp\/v2\/product_cat?post=38911"},{"taxonomy":"product_tag","embeddable":true,"href":"https:\/\/volovape.com\/pl\/wp-json\/wp\/v2\/product_tag?post=38911"}],"curies":[{"name":"wp","href":"https:\/\/api.w.org\/{rel}","templated":true}]}}