{"id":38906,"date":"2026-03-12T04:06:03","date_gmt":"2026-03-12T04:06:03","guid":{"rendered":"https:\/\/volovape.com\/?post_type=product&#038;p=38906"},"modified":"2026-04-14T02:44:42","modified_gmt":"2026-04-14T02:44:42","slug":"bang-leader-85k-3-w-1-potrojny-smak-85000-zaciagniec-70ml-luzem-jednorazowe-vape","status":"publish","type":"product","link":"https:\/\/volovape.com\/pl\/product\/bang-leader-85k-3-in-1-triple-flavor-85000-puffs-70ml-bulk-disposable-vape\/","title":{"rendered":"Bang Leader 85K | potr\u00f3jny smak 3 w 1, 85000 zaci\u0105gni\u0119\u0107, 70 ml, jednorazowy vape luzem"},"content":{"rendered":"<p>Przedstawiamy <strong>Bang Leader 85000 Puffs<\/strong>, to prze\u0142omowy jednorazowy waporyzator zaprojektowany dla tych, kt\u00f3rzy wymagaj\u0105 wi\u0119cej. To nie jest zwyk\u0142y vape; to pot\u0119\u017cna moc zbudowana z my\u015bl\u0105 o d\u0142ugowieczno\u015bci i satysfakcji. Z osza\u0142amiaj\u0105c\u0105 <strong>Zbiornik e-liquidu o pojemno\u015bci 70 ml<\/strong> i solidny <strong>Akumulator 850mAh<\/strong>, Dzi\u0119ki temu urz\u0105dzeniu mo\u017cesz sp\u0119dza\u0107 wi\u0119cej czasu na wapowaniu, a mniej na martwieniu si\u0119 o wyczerpanie zapas\u00f3w. \ud83d\udd0b\u2728<\/p>\n<p>Wyr\u00f3\u017cniaj\u0105c\u0105 si\u0119 cech\u0105 jest innowacyjno\u015b\u0107 <strong>System aromat\u00f3w 3 w 1<\/strong>. Znudzony tym samym smakiem? Wystarczy zmieni\u0107 ustawienia, aby cieszy\u0107 si\u0119 trzema r\u00f3\u017cnymi smakami premium w jednym urz\u0105dzeniu! Zaprojektowany z <strong>Cewka siatkowa 1,0\u03a9<\/strong>, Zapewnia sp\u00f3jn\u0105, g\u0142adk\u0105 i bogat\u0105 par\u0119 od pierwszego do ostatniego zaci\u0105gni\u0119cia. Idealny do <strong>w\u0142a\u015bciciele sklep\u00f3w vape<\/strong> szukaj\u0105cych gor\u0105cego produktu lub ci\u0119\u017ckich vaper\u00f3w szukaj\u0105cych warto\u015bci. \ud83c\udfc6\ud83d\udce6<\/p>\n<h3>Dlaczego warto wybra\u0107 Bang Leader 85000?<\/h3>\n<ul>\n<li><strong>Technologia smaku 3 w 1:<\/strong> Ciesz si\u0119 trzema r\u00f3\u017cnymi smakami w jednym kompaktowym urz\u0105dzeniu. Prze\u0142\u0105czaj si\u0119 natychmiast, aby dostosowa\u0107 si\u0119 do swojego nastroju!<\/li>\n<li><strong>Ogromna pojemno\u015b\u0107 70 ml:<\/strong> Jedna z najwi\u0119kszych pojemno\u015bci na rynku, obs\u0142uguj\u0105ca niewiarygodne 85 000 zaci\u0105gni\u0119\u0107.<\/li>\n<li><strong>Akumulator typu C:<\/strong> Szybkie \u0142adowanie przez port Type-C zapewnia, \u017ce bateria 850 mAh jest zawsze gotowa do pracy.<\/li>\n<li><strong>\u2601\ufe0f Advanced Mesh Coil:<\/strong> Siatkowa cewka oporowa 1,0\u03a9 gwarantuje zwi\u0119kszon\u0105 czysto\u015b\u0107 smaku i produkcj\u0119 g\u0119stej chmury.<\/li>\n<li><strong>\ud83c\udf9a\ufe0f Elastyczne opcje nikotyny:<\/strong> Dost\u0119pne w wersjach 0%, 2%, 3% i 5%, aby zaspokoi\u0107 preferencje ka\u017cdego klienta.<\/li>\n<\/ul>\n<h3>Specyfikacja Bang Leader 85K<\/h3>\n<table>\n<thead>\n<tr>\n<th align=\"left\">Cecha<\/th>\n<th align=\"left\">Szczeg\u00f3\u0142y<\/th>\n<\/tr>\n<\/thead>\n<tbody>\n<tr>\n<td><strong>Liczba zaci\u0105gni\u0119\u0107<\/strong><\/td>\n<td>Do 85 000 zaci\u0105gni\u0119\u0107<\/td>\n<\/tr>\n<tr>\n<td><strong>Pojemno\u015b\u0107 e-liquidu<\/strong><\/td>\n<td>70 ml<\/td>\n<\/tr>\n<tr>\n<td><strong>System aromat\u00f3w<\/strong><\/td>\n<td>Potr\u00f3jny prze\u0142\u0105cznik smaku 3 w 1<\/td>\n<\/tr>\n<tr>\n<td><strong>Bateria<\/strong><\/td>\n<td>850 mAh (akumulator)<\/td>\n<\/tr>\n<tr>\n<td><strong>\u0141adowanie<\/strong><\/td>\n<td>Port typu C<\/td>\n<\/tr>\n<tr>\n<td><strong>Cewka<\/strong><\/td>\n<td>Cewka siatkowa 1,0\u03a9<\/td>\n<\/tr>\n<tr>\n<td><strong>Moc nikotyny<\/strong><\/td>\n<td>0% (0 mg), 2% (20 mg), 3% (30 mg), 5% (50 mg)<\/td>\n<\/tr>\n<\/tbody>\n<\/table>\n<h3>Bang Leader 85 tys. kombinacji smakowych (3 smaki na urz\u0105dzenie)<\/h3>\n<p>Ka\u017cde urz\u0105dzenie Bang Leader jest wyposa\u017cone w trio przepysznych smak\u00f3w. Wybierz swoj\u0105 ulubion\u0105 mieszank\u0119:<\/p>\n<ul>\n<li>\ud83c\udf4c <strong>Mix 1:<\/strong> L\u00f3d bananowy \/ arbuz truskawkowy \/ \u017celki nied\u017awiedzie<\/li>\n<li>\ud83d\udc09 <strong>Mix 2:<\/strong> Black Dragon Ice \/ Marshmallow \/ Summer Dream<\/li>\n<li>\ud83e\uded0 <strong>Mix 3:<\/strong> Blueberry Ice \/ Blue Raz \/ Fragrant Pear<\/li>\n<li>\ud83c\udf4d <strong>Mix 4:<\/strong> Wi\u015bnia \u017burawina \/ Brzoskwinia Mango \/ Ananas<\/li>\n<li>\ud83e\udd64 <strong>Mix 5:<\/strong> Coke Ice \/ Apple Peach \/ Pink Lemonade<\/li>\n<li>\ud83e\udd5d <strong>Mix 6:<\/strong> Grape Ice \/ Strawberry Kiwi \/ Passion Fruit Guava<\/li>\n<li>\ud83d\udc9c <strong>Mix 7:<\/strong> Love 666 \/ Blueberry Raspberry \/ Vimto<\/li>\n<li>\ud83c\udf79 <strong>Mix 8:<\/strong> Owoce mieszane \/ Mojito Brzoskwinia \/ Jagoda Malina<\/li>\n<li>\ud83c\udf53 <strong>Mix 9:<\/strong> Ananasowy l\u00f3d \/ Truskawkowy Red Bull \/ Mieszane jagody<\/li>\n<li>\ud83c\udf4e <strong>Mix 10:<\/strong> Red Apple Ice \/ Raspberry Watermelon \/ Aloe Grape<\/li>\n<li>\ud83c\udf66 <strong>Mix 11:<\/strong> Red Bull \/ arbuz jagodowy \/ lody truskawkowe<\/li>\n<li>\ud83c\udf4a <strong>Mix 12:<\/strong> Strawberry Ice \/ Lemon Orange \/ Watermelon Bubble Gum<\/li>\n<li>\ud83c\udf4c <strong>Mix 13:<\/strong> Truskawka z malin\u0105 \/ Czarna porzeczka \/ Truskawka z bananem<\/li>\n<li>\ud83c\udf52 <strong>Mix 14:<\/strong> Arbuz truskawkowy \/ Cola wi\u015bniowa \/ Krem truskawkowy<\/li>\n<li>\ud83e\udd6d <strong>Mix 15:<\/strong> Watermelon Ice \/ Mango Peach \/ Orange Soda<\/li>\n<\/ul>\n<p><strong>Bang Leader 85000 Puffs<\/strong> wyznacza nowy standard dla waporyzator\u00f3w jednorazowych. Doskonale nadaje si\u0119 do <strong>ci\u0119\u017ccy u\u017cytkownicy<\/strong> kt\u00f3rzy chc\u0105 wygody bez kompromis\u00f3w, oraz <strong>poszukiwacze smak\u00f3w<\/strong> kt\u00f3rzy kochaj\u0105 r\u00f3\u017cnorodno\u015b\u0107. Dla <strong>detali\u015bci i hurtownicy<\/strong>, To wysokowydajne urz\u0105dzenie o wielu smakach jest pozycj\u0105 obowi\u0105zkow\u0105, kt\u00f3ra przyci\u0105ga klient\u00f3w poszukuj\u0105cych najlepszej warto\u015bci i najnowszej technologii. Uaktualnij swoje zapasy ju\u017c dzi\u015b! \ud83d\ude80\ud83d\uded2<\/p>\n<h3>Najcz\u0119\u015bciej zadawane pytania (FAQ)<\/h3>\n<p><strong>P: Jak zmieni\u0107 smaki na Bang Leader 85K?<\/strong><br \/>\nO: Urz\u0105dzenie jest wyposa\u017cone w prosty mechanizm prze\u0142\u0105czaj\u0105cy, kt\u00f3ry umo\u017cliwia prze\u0142\u0105czanie mi\u0119dzy trzema oddzielnymi zbiornikami cieczy wewn\u0105trz. \ud83d\udd00<\/p>\n<p><strong>P: Czy bateri\u0119 mo\u017cna \u0142adowa\u0107?<\/strong><br \/>\nTak! Jest wyposa\u017cony w bateri\u0119 850 mAh, kt\u00f3r\u0105 mo\u017cna \u0142atwo na\u0142adowa\u0107 za pomoc\u0105 standardowego kabla \u0142aduj\u0105cego typu C. \ud83d\udd0c<\/p>\n<p><strong>P: Czy ten produkt nadaje si\u0119 do dystrybucji hurtowej?<\/strong><br \/>\nOczywi\u015bcie. Unikalny punkt sprzeda\u017cy 3 w 1 i du\u017ca liczba zaci\u0105gni\u0119\u0107 sprawiaj\u0105, \u017ce jest to bardzo atrakcyjny produkt dla nabywc\u00f3w B2B i sklep\u00f3w vape. \ud83c\udfed<\/p>\n<p><strong>P: Jak d\u0142ugo wystarcza 85 000 zaci\u0105gni\u0119\u0107?<\/strong><br \/>\nO: Dzi\u0119ki 70 ml p\u0142ynu urz\u0105dzenie to mo\u017ce dzia\u0142a\u0107 przez kilka tygodni, w zale\u017cno\u015bci od nawyk\u00f3w u\u017cytkowania, co czyni je niezwykle op\u0142acalnym. \ud83d\uddd3\ufe0f<\/p>","protected":false},"excerpt":{"rendered":"<p>Ogromne 85 000 zaci\u0105gni\u0119\u0107, prze\u0142\u0105czanie smak\u00f3w 3 w 1 i pojemno\u015b\u0107 70 ml! Bang Leader 85K to najlepszy i najtrwalszy waporyzator wielokrotnego \u0142adowania dla hurtownik\u00f3w i poszukiwaczy smak\u00f3w. \ud83c\udf2c\ufe0f\ud83d\udca8<\/p>","protected":false},"featured_media":39057,"comment_status":"open","ping_status":"closed","template":"","meta":[],"product_brand":[227],"product_cat":[249,231,61],"product_tag":[357,358,359,360,356],"class_list":{"0":"post-38906","1":"product","2":"type-product","3":"status-publish","4":"has-post-thumbnail","6":"product_brand-bang","7":"product_cat-100k-puffs-disposable-vape","8":"product_cat-60000-puffs-disposable-vape","9":"product_cat-bang","10":"product_tag-3-in-1-flavor-vape","11":"product_tag-85000-puffs-disposable","12":"product_tag-bang-leader-85000-puffs","13":"product_tag-bang-vape-wholesale","14":"product_tag-rechargeable-vape","16":"first","17":"instock","18":"shipping-taxable","19":"purchasable","20":"product-type-variable","21":"has-default-attributes"},"jetpack_sharing_enabled":true,"tiered_pricing_type":"fixed","tiered_pricing_fixed_rules":{"30":9.07000000000000028421709430404007434844970703125,"50":7.519999999999999573674358543939888477325439453125,"100":7,"200":6.61000000000000031974423109204508364200592041015625,"400":5.8300000000000000710542735760100185871124267578125},"tiered_pricing_product_settings":{"layout":"default","base_unit_name":{"singular":null,"plural":null},"default_variation":null},"tiered_pricing_minimum_quantity":10,"tiered_pricing_roles_data":[],"tiered_pricing_percentage_rules":[],"tiered_pricing_maximum_quantity":null,"tiered_pricing_quantity_step":"10","_links":{"self":[{"href":"https:\/\/volovape.com\/pl\/wp-json\/wp\/v2\/product\/38906","targetHints":{"allow":["GET"]}}],"collection":[{"href":"https:\/\/volovape.com\/pl\/wp-json\/wp\/v2\/product"}],"about":[{"href":"https:\/\/volovape.com\/pl\/wp-json\/wp\/v2\/types\/product"}],"replies":[{"embeddable":true,"href":"https:\/\/volovape.com\/pl\/wp-json\/wp\/v2\/comments?post=38906"}],"wp:featuredmedia":[{"embeddable":true,"href":"https:\/\/volovape.com\/pl\/wp-json\/wp\/v2\/media\/39057"}],"wp:attachment":[{"href":"https:\/\/volovape.com\/pl\/wp-json\/wp\/v2\/media?parent=38906"}],"wp:term":[{"taxonomy":"product_brand","embeddable":true,"href":"https:\/\/volovape.com\/pl\/wp-json\/wp\/v2\/product_brand?post=38906"},{"taxonomy":"product_cat","embeddable":true,"href":"https:\/\/volovape.com\/pl\/wp-json\/wp\/v2\/product_cat?post=38906"},{"taxonomy":"product_tag","embeddable":true,"href":"https:\/\/volovape.com\/pl\/wp-json\/wp\/v2\/product_tag?post=38906"}],"curies":[{"name":"wp","href":"https:\/\/api.w.org\/{rel}","templated":true}]}}