{"id":37870,"date":"2025-10-21T03:02:43","date_gmt":"2025-10-21T03:02:43","guid":{"rendered":"https:\/\/volovape.com\/?post_type=product&#038;p=37870"},"modified":"2026-03-16T08:50:02","modified_gmt":"2026-03-16T08:50:02","slug":"vopk-80k-4-w-1-vape-o-regulowanym-smaku-80000-zaciagniec-do-sprzedazy-hurtowej-i-detalicznej","status":"publish","type":"product","link":"https:\/\/volovape.com\/pl\/product\/vopk-80k-4-in-1-adjustable-flavor-vape-80000-puffs-for-wholesale-retail\/","title":{"rendered":"Vopk 80K 4 w 1 | 80 000 zaci\u0105gni\u0119\u0107 vape o regulowanym smaku do sprzeda\u017cy hurtowej i detalicznej"},"content":{"rendered":"<h2>Vopk 80K 4-w-1 Regulowany smak Vape | 80 000 zaci\u0105gni\u0119\u0107 dla sprzeda\u017cy hurtowej i detalicznej<\/h2>\n<h3>Dlaczego warto wybra\u0107 Vopk 80K dla swojej firmy?<\/h3>\n<ul>\n<li>\ud83d\udce6 <strong>Wysoki popyt rynkowy:<\/strong> Pojemno\u015b\u0107 80 tys. puszek przyci\u0105ga zar\u00f3wno nowych, jak i lojalnych klient\u00f3w.<\/li>\n<li>\ud83c\udf08 <strong>Cztery regulowane smaki:<\/strong> Prze\u0142\u0105czaj si\u0119 mi\u0119dzy czterema wst\u0119pnie nape\u0142nionymi zbiornikami - jedno urz\u0105dzenie, wiele wra\u017ce\u0144.<\/li>\n<li>\ud83d\udca8 <strong>Sta\u0142a jako\u015b\u0107 opar\u00f3w:<\/strong> Siatkowa cewka 0,9\u03a9 zapewnia doskona\u0142y smak i p\u0142ynne dzia\u0142anie.<\/li>\n<li>\ud83d\udd0b <strong>Akumulator:<\/strong> Bateria 650 mAh z \u0142adowaniem przez USB typu C zapewnia trwa\u0142o\u015b\u0107 i wygod\u0119.<\/li>\n<li>\ud83d\udda5\ufe0f <strong>Inteligentny wy\u015bwietlacz LED:<\/strong> Wy\u015bwietla w czasie rzeczywistym poziom baterii i e-cieczy.<\/li>\n<li>\ud83c\udf0d <strong>Opcje nikotyny gotowe do u\u017cytku w UE:<\/strong> Dost\u0119pne w wersjach z nikotyn\u0105 2% i 5% dla r\u00f3\u017cnych region\u00f3w.<\/li>\n<li>\ud83d\ude9a <strong>Zoptymalizowany pod k\u0105tem sprzeda\u017cy hurtowej:<\/strong> 10 sztuk w pude\u0142ku, lekkie i \u0142atwe do wys\u0142ania w ca\u0142ej Europie.<\/li>\n<\/ul>\n<h3>\u2699\ufe0f Specyfikacja produktu<\/h3>\n<table>\n<tbody>\n<tr>\n<td><strong>Liczba zaci\u0105gni\u0119\u0107<\/strong><\/td>\n<td>Do 80 000<\/td>\n<\/tr>\n<tr>\n<td><strong>Moc nikotyny<\/strong><\/td>\n<td>2% \/ 5%<\/td>\n<\/tr>\n<tr>\n<td><strong>Tryby smaku<\/strong><\/td>\n<td>4 regulowane<\/td>\n<\/tr>\n<tr>\n<td><strong>Bateria<\/strong><\/td>\n<td>Akumulator 650 mAh<\/td>\n<\/tr>\n<tr>\n<td><strong>Cewka<\/strong><\/td>\n<td>Cewka o oczkach 0,9\u03a9<\/td>\n<\/tr>\n<tr>\n<td><strong>Port \u0142adowania<\/strong><\/td>\n<td>USB typu C<\/td>\n<\/tr>\n<tr>\n<td><strong>Wy\u015bwietlacz LED<\/strong><\/td>\n<td>Tak<\/td>\n<\/tr>\n<tr>\n<td><strong>Opakowanie<\/strong><\/td>\n<td>10 sztuk\/opakowanie<\/td>\n<\/tr>\n<\/tbody>\n<\/table>\n<h3>Wyb\u00f3r smak\u00f3w<\/h3>\n<ul>\n<li>Watermelon Ice \/ Triple Melon Ice \/ Blue Razz Ice \/ Strawberry Ice Cream<\/li>\n<li>Malina z jagodami \/ Fuji Ice \/ Mieszane jagody \/ Cukierki jagodowo-kokosowe<\/li>\n<li>Arbuz truskawkowy \/ Winogrono \u017curawinowe \/ Mango Ice \/ Cukierki truskawkowo-malinowe<\/li>\n<li>Red Bull Ice \/ Passion Fruit Kiwi Lime \/ Sour Apple Raspberry \/ Strawberry Watermelon Bubblegum<\/li>\n<li>Blueberry Ice \/ Peach Mango Watermelon \/ Melon Apple \/ Fizzy Cherry Ice<\/li>\n<li>Mango truskawkowe \/ Kiwi truskawkowe \/ Smoczy owoc arbuza \/ Gummy Bear<\/li>\n<li>Love 66 \/ Arbuz malinowy \/ Wi\u015bnia truskawka malina \/ Cukierki wi\u015bniowe z lodem<\/li>\n<li>Truskawka Banan \/ Ananas Kokos L\u00f3d \/ Mango Brzoskwinia Morela \/ Aloes Mango Melon<\/li>\n<li>Rainbow Candy \/ Peach Ice \/ Lemon Sour Orange \/ Cranberry Lemon<\/li>\n<li>Kiwi Passion Fruit Guava \/ Strawberry Cherry \/ Grape Ice \/ Strawberry Candy<\/li>\n<\/ul>\n<h3>Hurtowe FAQ<\/h3>\n<p><strong>Q:<\/strong> Czy dost\u0119pne s\u0105 marki w\u0142asne?<br \/>\n<strong>A:<\/strong> Tak, opcje personalizacji OEM i brandingu s\u0105 obs\u0142ugiwane w przypadku zam\u00f3wie\u0144 hurtowych.<\/p>\n<p><strong>Q:<\/strong> Ile sztuk w kartonie?<br \/>\n<strong>A:<\/strong> 10 sztuk\/pude\u0142ko, wiele pude\u0142ek w kartonie zbiorczym.<\/p>\n<p><strong>Q:<\/strong> Jakie rynki s\u0105 obs\u0142ugiwane?<br \/>\n<strong>A:<\/strong> Zoptymalizowany dla region\u00f3w europejskich, w tym Hiszpanii, Francji, Niemiec i W\u0142och.<\/p>","protected":false},"excerpt":{"rendered":"<p>Ten <strong>Vopk Four Flavors 80K<\/strong> to nowej generacji jednorazowy waporyzator 4 w 1 stworzony na rynek europejski. Dzi\u0119ki 80 000 zaci\u0105gni\u0119\u0107, akumulatorowi o pojemno\u015bci 650 mAh i cewce siatkowej 0,9 \u03a9 jest to pozycja obowi\u0105zkowa dla dystrybutor\u00f3w i sprzedawc\u00f3w detalicznych poszukuj\u0105cych niezawodnych produkt\u00f3w o du\u017cej pojemno\u015bci.<\/p>","protected":false},"featured_media":37927,"comment_status":"open","ping_status":"closed","template":"","meta":[],"product_brand":[236],"product_cat":[65,230],"product_tag":[290,291,293,289,292],"class_list":{"0":"post-37870","1":"product","2":"type-product","3":"status-publish","4":"has-post-thumbnail","6":"product_brand-vopk","7":"product_cat-vopk","8":"product_cat-new","9":"product_tag-4-in-1-adjustable-flavor-vape","10":"product_tag-80000-puffs-rechargeable-vape","11":"product_tag-mesh-coil-led-screen-vape","12":"product_tag-vopk-80k-disposable-vape","13":"product_tag-wholesale-disposable-vapes-europe","15":"first","16":"instock","17":"shipping-taxable","18":"purchasable","19":"product-type-variable","20":"has-default-attributes"},"jetpack_sharing_enabled":true,"tiered_pricing_type":"fixed","tiered_pricing_fixed_rules":{"30":9.5099999999999997868371792719699442386627197265625,"50":7.78000000000000024868995751603506505489349365234375,"100":7.160000000000000142108547152020037174224853515625,"200":6.6699999999999999289457264239899814128875732421875,"400":5.9900000000000002131628207280300557613372802734375},"tiered_pricing_product_settings":{"layout":"default","base_unit_name":{"singular":null,"plural":null},"default_variation":null},"tiered_pricing_minimum_quantity":10,"tiered_pricing_roles_data":[],"tiered_pricing_percentage_rules":[],"tiered_pricing_maximum_quantity":null,"tiered_pricing_quantity_step":"10","_links":{"self":[{"href":"https:\/\/volovape.com\/pl\/wp-json\/wp\/v2\/product\/37870","targetHints":{"allow":["GET"]}}],"collection":[{"href":"https:\/\/volovape.com\/pl\/wp-json\/wp\/v2\/product"}],"about":[{"href":"https:\/\/volovape.com\/pl\/wp-json\/wp\/v2\/types\/product"}],"replies":[{"embeddable":true,"href":"https:\/\/volovape.com\/pl\/wp-json\/wp\/v2\/comments?post=37870"}],"wp:featuredmedia":[{"embeddable":true,"href":"https:\/\/volovape.com\/pl\/wp-json\/wp\/v2\/media\/37927"}],"wp:attachment":[{"href":"https:\/\/volovape.com\/pl\/wp-json\/wp\/v2\/media?parent=37870"}],"wp:term":[{"taxonomy":"product_brand","embeddable":true,"href":"https:\/\/volovape.com\/pl\/wp-json\/wp\/v2\/product_brand?post=37870"},{"taxonomy":"product_cat","embeddable":true,"href":"https:\/\/volovape.com\/pl\/wp-json\/wp\/v2\/product_cat?post=37870"},{"taxonomy":"product_tag","embeddable":true,"href":"https:\/\/volovape.com\/pl\/wp-json\/wp\/v2\/product_tag?post=37870"}],"curies":[{"name":"wp","href":"https:\/\/api.w.org\/{rel}","templated":true}]}}