{"id":37807,"date":"2025-10-16T07:40:46","date_gmt":"2025-10-16T07:40:46","guid":{"rendered":"https:\/\/volovape.com\/?post_type=product&#038;p=37807"},"modified":"2026-04-15T03:46:09","modified_gmt":"2026-04-15T03:46:09","slug":"fihp-120k-6-w-1-120000-zaciagniec-ekran-led-wiele-smakow-64ml-duza-liczba-zaciagniec-luzem-jednorazowe-vape","status":"publish","type":"product","link":"https:\/\/volovape.com\/pl\/product\/fihp-120k-6-in-1-120000-puffs-led-screen-multi-flavor-64ml-high-puff-count-bulk-disposable-vape\/","title":{"rendered":"FiHP 120000 6-w-1 120000 Puffs | ekran led luzem jednorazowe vape"},"content":{"rendered":"<h2>FiHP 120000 6-w-1 120000 Puffs | ekran led luzem jednorazowe vape<\/h2>\n<p>Jednorazowy vape FiHP 120000 6 w 1 zosta\u0142 zaprojektowany z my\u015bl\u0105 o d\u0142ugotrwa\u0142ej wydajno\u015bci i gotowo\u015bci do sprzeda\u017cy hurtowej. Z du\u017cym <strong>64 ml<\/strong> zbiornik e-cieczy i <strong>650 mAh<\/strong> akumulator (USB Type-C), urz\u0105dzenie to obs\u0142uguje d\u0142u\u017csze sesje waporyzacji i \u0142atwe \u0142adowanie. Zintegrowany <strong>Ekran LED<\/strong> pokazuje informacje o baterii i u\u017cytkowaniu, podczas gdy <strong>podw\u00f3jna cewka siatkowa<\/strong> zapewnia sp\u00f3jny smak i par\u0119. P\u0142ynne prze\u0142\u0105czanie mi\u0119dzy sze\u015bcioma wst\u0119pnie za\u0142adowanymi smakami w jednym kompaktowym urz\u0105dzeniu.<\/p>\n<h3>Dlaczego warto wybra\u0107 FiHP 120000 6-in-1 120000 Puffs?<\/h3>\n<ul>\n<li>\ud83d\udca8 <strong>Bardzo d\u0142uga \u017cywotno\u015b\u0107:<\/strong> Do 120 000 zaci\u0105gni\u0119\u0107 na jedno urz\u0105dzenie - idealne rozwi\u0105zanie dla intensywnych u\u017cytkownik\u00f3w i d\u0142ugoterminowa atrakcyjno\u015b\u0107 detaliczna.<\/li>\n<li>\ud83d\udd01 <strong>6 w 1 o wielu smakach:<\/strong> Mo\u017cliwo\u015b\u0107 prze\u0142\u0105czania sze\u015bciu smak\u00f3w w jednym urz\u0105dzeniu - oszcz\u0119dno\u015b\u0107 miejsca na p\u00f3\u0142ce i wi\u0119kszy wyb\u00f3r dla klient\u00f3w.<\/li>\n<li>\ud83d\udcca <strong>Ekran LED:<\/strong> Informacje zwrotne dotycz\u0105ce baterii i u\u017cytkowania w czasie rzeczywistym zapewniaj\u0105 lepsze wra\u017cenia u\u017cytkownika.<\/li>\n<li>\u26a1 <strong>Akumulator:<\/strong> Bateria 650 mAh z szybkim \u0142adowaniem typu C dla wygody.<\/li>\n<li>\ud83d\udd25 <strong>Podw\u00f3jna cewka siatkowa:<\/strong> Szybsze nagrzewanie i bogatszy smak.<\/li>\n<li>\ud83d\udce6 <strong>Sprzeda\u017c hurtowa gotowa:<\/strong> 10 sztuk w pude\u0142ku - uproszczone dla dystrybutor\u00f3w i sklep\u00f3w vape.<\/li>\n<\/ul>\n<h3>Specyfikacje<\/h3>\n<table>\n<tbody>\n<tr>\n<th>Cecha<\/th>\n<th>Specyfikacja<\/th>\n<\/tr>\n<tr>\n<td>Model<\/td>\n<td>FiHP 120000 6w1 Wiele smak\u00f3w<\/td>\n<\/tr>\n<tr>\n<td>Cecha<\/td>\n<td>Z ekranem LED, oferuje 6 smak\u00f3w<\/td>\n<\/tr>\n<tr>\n<td>Bu\u0142ki<\/td>\n<td>120000 PUFFS<\/td>\n<\/tr>\n<tr>\n<td>Obj\u0119to\u015b\u0107 cieczy<\/td>\n<td>64 ml<\/td>\n<\/tr>\n<tr>\n<td>Interfejs \u0142adowania<\/td>\n<td>Typ-C<\/td>\n<\/tr>\n<tr>\n<td>Pojemno\u015b\u0107 akumulatora<\/td>\n<td>650 mAh (akumulator)<\/td>\n<\/tr>\n<tr>\n<td>Typ cewki<\/td>\n<td>Podw\u00f3jna cewka siatkowa<\/td>\n<\/tr>\n<tr>\n<td>Nikotyna<\/td>\n<td>2% \/ 5%<\/td>\n<\/tr>\n<tr>\n<td>Opakowanie<\/td>\n<td>10 sztuk \/ pude\u0142ko<\/td>\n<\/tr>\n<\/tbody>\n<\/table>\n<h3>Smaki (6 grup)<\/h3>\n<ul>\n<li><strong>Grupa 01:<\/strong> Watermelon Ice, Blueberry Ice, Red Bull, Strawberry Kiwi, Lemon Lime, Strawberry Watermelon.<\/li>\n<li><strong>Grupa 02:<\/strong> Truskawka Banan, Podw\u00f3jne Jab\u0142ko, Malina Arbuz, Kwa\u015bne Mango Ananas, Owoce Tropikalne, Cytryna Brzoskwinia.<\/li>\n<li><strong>Grupa 03:<\/strong> Kokos z ananasem, Blue Razz, Mieszane jagody, Brzoskwinia z mango, Malina z jagodami, Koksa truskawkowo-waniliowa.<\/li>\n<li><strong>Grupa 04:<\/strong> Grape Ice, Black Dragon Ice, Fizzy Cherry Ice, Peach Berry, Triple Melon, Gummy Bear.<\/li>\n<li><strong>Grupa 05:<\/strong> Cherry Cola Ice, Mango Ice, Peach Ice, Rainbow Candy, Love 666, Blueberry Cotton Candy.<\/li>\n<li><strong>Grupa 06:<\/strong> Aloe Lychee Ice, Glacier Ice, Black Currant Ice, Pink Lemon, Pine Needle Mint, Watermelon Lemon.<\/li>\n<\/ul>\n<p>FiHP 120000 6-w-1 jest idealny dla ci\u0119\u017ckich u\u017cytkownik\u00f3w, poszukiwaczy smak\u00f3w, sklep\u00f3w vape i dystrybucji hurtowej. Po\u0142\u0105czenie 120 tys. zaci\u0105gni\u0119\u0107, sze\u015bciu smak\u00f3w, informacji zwrotnej LED i akumulatora sprawia, \u017ce jest to niezawodny bestseller na rynkach europejskich. \ud83d\ude9a\ud83c\udfea<\/p>\n<h3>Cz\u0119sto zadawane pytania<\/h3>\n<ul>\n<li><strong>Q:<\/strong> Ile zaci\u0105gni\u0119\u0107 na urz\u0105dzenie? <strong>A:<\/strong> 120 000 zaci\u0105gni\u0119\u0107.<\/li>\n<li><strong>Q:<\/strong> Czy mo\u017cna go \u0142adowa\u0107? <strong>A:<\/strong> Tak - bateria 650 mAh z \u0142adowaniem przez USB typu C.<\/li>\n<li><strong>Q:<\/strong> Jak u\u017cytkownicy zmieniaj\u0105 smaki? <strong>A:<\/strong> Urz\u0105dzenie posiada system smakowy 6 w 1, umo\u017cliwiaj\u0105cy u\u017cytkownikom prze\u0142\u0105czanie si\u0119 mi\u0119dzy sze\u015bcioma wst\u0119pnie za\u0142adowanymi smakami.<\/li>\n<li><strong>Q:<\/strong> Jakie st\u0119\u017cenia nikotyny s\u0105 dost\u0119pne? <strong>A:<\/strong> Opcje soli nikotyny 2% i 5%.<\/li>\n<li><strong>Q:<\/strong> Szczeg\u00f3\u0142y dotycz\u0105ce opakowania? <strong>A:<\/strong> 10 sztuk w opakowaniu - idealne do ekspozycji hurtowej i detalicznej.<\/li>\n<\/ul>\n<p><img data-recalc-dims=\"1\" decoding=\"async\" style=\"max-width: 100%; height: auto; display: block; margin: 0 auto;\" src=\"https:\/\/i0.wp.com\/volovape.com\/wp-content\/uploads\/2025\/10\/Y76-10013.jpg?ssl=1\" alt=\"FiHP 120000 6-w-1 \" title=\"\"><\/p>","protected":false},"excerpt":{"rendered":"<p>FiHP 120K 6-w-1 zapewnia do <strong>120 000 zaci\u0105gni\u0119\u0107<\/strong> z inteligentnym <strong>Ekran LED<\/strong> i sze\u015b\u0107 prze\u0142\u0105czalnych smak\u00f3w - zaprojektowanych dla dystrybutor\u00f3w i u\u017cytkownik\u00f3w o du\u017cym zapotrzebowaniu. \ud83d\udcbc\ud83d\udca8<\/p>","protected":false},"featured_media":37836,"comment_status":"open","ping_status":"closed","template":"","meta":[],"product_brand":[238],"product_cat":[46,249,231,230],"product_tag":[250,251,252,253,254,255,256,257,258,259,260],"class_list":{"0":"post-37807","1":"product","2":"type-product","3":"status-publish","4":"has-post-thumbnail","6":"product_brand-fihp","7":"product_cat-fihp","8":"product_cat-100k-puffs-disposable-vape","9":"product_cat-60000-puffs-disposable-vape","10":"product_cat-new","11":"product_tag-120000-puffs-vape","12":"product_tag-6-in-1-flavor-vape","13":"product_tag-bulk-vape-wholesale-eu","14":"product_tag-dual-mesh-coil-vape","15":"product_tag-fihp-120k","16":"product_tag-high-puff-count-disposable-vape","17":"product_tag-led-screen-vape","18":"product_tag-long-lasting-vape-europe","19":"product_tag-multi-flavor-disposable-vape","20":"product_tag-rechargeable-disposable-vape","21":"product_tag-smart-display-vape","23":"first","24":"instock","25":"shipping-taxable","26":"purchasable","27":"product-type-variable","28":"has-default-attributes"},"jetpack_sharing_enabled":true,"tiered_pricing_type":"fixed","tiered_pricing_fixed_rules":[],"tiered_pricing_product_settings":{"layout":"default","base_unit_name":{"singular":null,"plural":null},"default_variation":null},"tiered_pricing_minimum_quantity":1000,"tiered_pricing_roles_data":[],"tiered_pricing_percentage_rules":[],"tiered_pricing_maximum_quantity":null,"tiered_pricing_quantity_step":"10","_links":{"self":[{"href":"https:\/\/volovape.com\/pl\/wp-json\/wp\/v2\/product\/37807","targetHints":{"allow":["GET"]}}],"collection":[{"href":"https:\/\/volovape.com\/pl\/wp-json\/wp\/v2\/product"}],"about":[{"href":"https:\/\/volovape.com\/pl\/wp-json\/wp\/v2\/types\/product"}],"replies":[{"embeddable":true,"href":"https:\/\/volovape.com\/pl\/wp-json\/wp\/v2\/comments?post=37807"}],"wp:featuredmedia":[{"embeddable":true,"href":"https:\/\/volovape.com\/pl\/wp-json\/wp\/v2\/media\/37836"}],"wp:attachment":[{"href":"https:\/\/volovape.com\/pl\/wp-json\/wp\/v2\/media?parent=37807"}],"wp:term":[{"taxonomy":"product_brand","embeddable":true,"href":"https:\/\/volovape.com\/pl\/wp-json\/wp\/v2\/product_brand?post=37807"},{"taxonomy":"product_cat","embeddable":true,"href":"https:\/\/volovape.com\/pl\/wp-json\/wp\/v2\/product_cat?post=37807"},{"taxonomy":"product_tag","embeddable":true,"href":"https:\/\/volovape.com\/pl\/wp-json\/wp\/v2\/product_tag?post=37807"}],"curies":[{"name":"wp","href":"https:\/\/api.w.org\/{rel}","templated":true}]}}