{"id":37432,"date":"2025-09-11T09:48:26","date_gmt":"2025-09-11T09:48:26","guid":{"rendered":"https:\/\/volovape.com\/?post_type=product&#038;p=37432"},"modified":"2026-04-14T05:55:19","modified_gmt":"2026-04-14T05:55:19","slug":"bangbox-80k-potrojny-smak-80000-zaciagniec-jednorazowe-vape-z-60-ml-e-liquidu","status":"publish","type":"product","link":"https:\/\/volovape.com\/pl\/product\/bangbox-80k-triple-flavor-80000-puffs-bulk-disposable-vape-with-60ml-e-liquid\/","title":{"rendered":"BANGBOX 80K 3-w-1 80000 Puffs | potr\u00f3jny smak jednorazowego vape luzem"},"content":{"rendered":"<h2>Dlaczego warto wybra\u0107 BANGBOX 80000?<\/h2>\n<ul>\n<li>\u26a1 <strong>80,000 Puffs<\/strong> - Ekstremalna liczba puff\u00f3w zapewnia d\u0142ugotrwa\u0142\u0105 satysfakcj\u0119<\/li>\n<li>\ud83d\udd0b <strong>Akumulator 17350-850 mAh z czystego kobaltu<\/strong> z roz\u0142adowaniem 5A - sta\u0142a moc, brak s\u0142abych uderze\u0144<\/li>\n<li>\ud83d\udca7 <strong>Wst\u0119pnie nape\u0142niony e-liquid o pojemno\u015bci 60 ml<\/strong> - Trwa\u0142y zbiornik, mniej k\u0142opot\u00f3w<\/li>\n<li>\ud83c\udf00 <strong>Cewka o potr\u00f3jnych oczkach 0,8\u03a9<\/strong> - Szybsze nagrzewanie, g\u0119sta para i wyraziste smaki<\/li>\n<li>\ud83d\udd04 <strong>Potr\u00f3jne kapsu\u0142ki smakowe 3 w 1<\/strong> - prze\u0142\u0105czanie mi\u0119dzy 3 smakami w jednym urz\u0105dzeniu<\/li>\n<li>\ud83d\udcca <strong>Wska\u017aniki baterii i e-cieczy w czasie rzeczywistym<\/strong> - koniec zgadywania<\/li>\n<li>\u26a1 <strong>Szybkie \u0142adowanie typu C<\/strong> - Szybkie i nowoczesne rozwi\u0105zanie do \u0142adowania<\/li>\n<li>\ud83c\udf1f <strong>Opcje nikotyny: 0%, 2%, 3%, 5%<\/strong> - pasuje zar\u00f3wno do zwyk\u0142ych u\u017cytkownik\u00f3w, jak i by\u0142ych palaczy<\/li>\n<li>\ud83d\udce6 <strong>Opakowania hurtowe<\/strong> - Zaprojektowany dla dystrybutor\u00f3w i p\u00f3\u0142ek sklepowych<\/li>\n<\/ul>\n<h2>Specyfikacje<\/h2>\n<table border=\"1\" cellpadding=\"6\">\n<tbody>\n<tr>\n<td><strong>Liczba zaci\u0105gni\u0119\u0107<\/strong><\/td>\n<td>Do 80 000 zaci\u0105gni\u0119\u0107<\/td>\n<\/tr>\n<tr>\n<td><strong>Bateria<\/strong><\/td>\n<td>17350-850mAh czysty kobalt, roz\u0142adowanie 5A<\/td>\n<\/tr>\n<tr>\n<td><strong>Pojemno\u015b\u0107 e-liquidu<\/strong><\/td>\n<td>Wst\u0119pnie nape\u0142niony 60 ml<\/td>\n<\/tr>\n<tr>\n<td><strong>Cewka<\/strong><\/td>\n<td>Cewka o potr\u00f3jnych oczkach 0,8\u03a9<\/td>\n<\/tr>\n<tr>\n<td><strong>System aromat\u00f3w<\/strong><\/td>\n<td>Potr\u00f3jne kapsu\u0142ki smakowe 3 w 1<\/td>\n<\/tr>\n<tr>\n<td><strong>Wska\u017aniki<\/strong><\/td>\n<td>Wska\u017anik poziomu baterii i e-cieczy<\/td>\n<\/tr>\n<tr>\n<td><strong>\u0141adowanie<\/strong><\/td>\n<td>Szybkie \u0142adowanie typu C<\/td>\n<\/tr>\n<tr>\n<td><strong>Moc nikotyny<\/strong><\/td>\n<td>0% \/ 2% \/ 3% \/ 5%<\/td>\n<\/tr>\n<tr>\n<td><strong>Opakowanie<\/strong><\/td>\n<td>Gotowo\u015b\u0107 do sprzeda\u017cy hurtowej<\/td>\n<\/tr>\n<\/tbody>\n<\/table>\n<h2>Kombinacje smakowe - potr\u00f3jna zabawa \ud83c\udf6d<\/h2>\n<ul>\n<li><strong>Truskawka Banan - Malina Arbuz - Mi\u0142o\u015b\u0107 666<\/strong> - owocowy, soczysty, odwa\u017cny<\/li>\n<li><strong>Owoce tropikalne - Truskawka Arbuz - Cytryna Brzoskwinia<\/strong> - Egzotyczny i orze\u017awiaj\u0105cy<\/li>\n<li><strong>Strawberry Vanilla Cola - Sour Apple Raspberry - Lemon Lime<\/strong> - gazowany, pikantny, s\u0142odki<\/li>\n<li><strong>Double Grape - Strawberry Mango - Blueberry Sour Raspberry Ice<\/strong> - Bogaty, warstwowy, lodowaty<\/li>\n<li><strong>Lody arbuzowe - Lody truskawkowe - Potr\u00f3jny melon<\/strong> - kremowy, ch\u0142odny i \u015bwie\u017cy<\/li>\n<li><strong>Lemon Cola Soda - Watermelon Gum - Black Dragon Ice<\/strong> - wyj\u0105tkowy, gazowany, tajemniczy<\/li>\n<li><strong>Triple Berry Ice - Mango Peach - Strawberry Kiwi<\/strong> - g\u0142adki, s\u0142odki, sch\u0142odzony<\/li>\n<li><strong>Strawberry Ice - Strawberry Watermelon - Pineapple Mango Peach<\/strong> - owocowa mieszanka z g\u0142\u0119bi\u0105<\/li>\n<li><strong>Pineapple Coconut - Strawberry Ice - Blue Razz Ice<\/strong> - tropikalny twist z ch\u0142odnym uderzeniem<\/li>\n<li><strong>Lemon Lime - Mango Peach Watermelon - Blueberry Ice<\/strong> - ostry, s\u0142odki, zr\u00f3wnowa\u017cony<\/li>\n<li><strong>Watermelon Ice - Red Bull - Strawberry Kiwi<\/strong> - energetyzuj\u0105ca owocowa fuzja<\/li>\n<li><strong>Strawberry Kiwi - Sour Mango Pineapple - Strawberry Red Bull<\/strong> - s\u0142odki, kwa\u015bny i mocny<\/li>\n<\/ul>\n<h2>FAQ \ud83e\udd14<\/h2>\n<p><strong>P: Jak d\u0142ugo dzia\u0142a BANGBOX 80000?<\/strong><br \/>\nO: Dzi\u0119ki pojemno\u015bci do 80 000 zaci\u0105gni\u0119\u0107 i 60 ml e-liquidu, urz\u0105dzenie wytrzymuje d\u0142u\u017cej ni\u017c wi\u0119kszo\u015b\u0107 jednorazowych papieros\u00f3w - od kilku tygodni do kilku miesi\u0119cy, w zale\u017cno\u015bci od sposobu u\u017cytkowania.<\/p>\n<p><strong>P: Czy mog\u0119 u\u017cywa\u0107 wielu smak\u00f3w w jednym urz\u0105dzeniu?<\/strong><br \/>\nTak! Jest dostarczany z potr\u00f3jnymi kapsu\u0142kami smakowymi 3 w 1, dzi\u0119ki czemu mo\u017cna zmienia\u0107 smaki w dowolnym momencie.<\/p>\n<p><strong>P: Czy waporyzacja bez nikotyny jest dost\u0119pna?<\/strong><br \/>\nO: Tak - wybierz opcj\u0119 nikotynow\u0105 0%, je\u015bli chcesz tylko smaku i pary.<\/p>\n<p><strong>P: Dla kogo przeznaczone jest to urz\u0105dzenie?<\/strong><br \/>\nO: Jest to idealne rozwi\u0105zanie dla intensywnych u\u017cytkownik\u00f3w, entuzjast\u00f3w aromat\u00f3w, sklep\u00f3w vape i dystrybutor\u00f3w hurtowych.<\/p>\n<p><strong>P: Czy szybko si\u0119 \u0142aduje?<\/strong><br \/>\nO: Tak, dzi\u0119ki szybkiemu \u0142adowaniu typu C b\u0119dziesz m\u00f3g\u0142 wr\u00f3ci\u0107 do waporyzacji w mgnieniu oka.<\/p>\n<h2>Perfect For You \u2705<\/h2>\n<p>Ten <strong>BANGBOX 80K<\/strong> to co\u015b wi\u0119cej ni\u017c tylko jednorazowy vape - to <em>Moc zbudowana dla ci\u0119\u017ckich vaper\u00f3w, poszukiwaczy smak\u00f3w i firm<\/em>. Dzi\u0119ki potr\u00f3jnemu prze\u0142\u0105czaniu smak\u00f3w, ogromnej liczbie zaci\u0105gni\u0119\u0107, niezawodnej baterii i gotowej do sprzeda\u017cy hurtowej konstrukcji, jest to pozycja obowi\u0105zkowa dla sklep\u00f3w vape i dystrybutor\u00f3w poszukuj\u0105cych produktu o du\u017cym popycie i zwi\u0119kszaj\u0105cego zyski \ud83c\udf1f.<\/p>","protected":false},"excerpt":{"rendered":"<p><strong>Jeden z najd\u0142u\u017cej dzia\u0142aj\u0105cych waporyzator\u00f3w jednorazowych<\/strong> z <strong>80 000 zaci\u0105gni\u0119\u0107<\/strong>, potr\u00f3jne str\u0105ki smakowe i masywne <strong>Zbiornik e-liquidu o pojemno\u015bci 60 ml<\/strong> - idealny dla sklep\u00f3w vape, dystrybutor\u00f3w i powa\u017cnych vaper\u00f3w \ud83d\ude80.<\/p>","protected":false},"featured_media":37494,"comment_status":"open","ping_status":"closed","template":"","meta":[],"product_brand":[227],"product_cat":[61,230],"product_tag":[],"class_list":{"0":"post-37432","1":"product","2":"type-product","3":"status-publish","4":"has-post-thumbnail","6":"product_brand-bang","7":"product_cat-bang","8":"product_cat-new","10":"first","11":"instock","12":"shipping-taxable","13":"purchasable","14":"product-type-variable","15":"has-default-attributes"},"jetpack_sharing_enabled":true,"tiered_pricing_type":"fixed","tiered_pricing_fixed_rules":{"30":8.6400000000000005684341886080801486968994140625,"50":6.910000000000000142108547152020037174224853515625,"100":6.6699999999999999289457264239899814128875732421875,"200":6.04999999999999982236431605997495353221893310546875,"400":5.7400000000000002131628207280300557613372802734375},"tiered_pricing_product_settings":{"layout":"default","base_unit_name":{"singular":null,"plural":null},"default_variation":null},"tiered_pricing_minimum_quantity":10,"tiered_pricing_roles_data":[],"tiered_pricing_percentage_rules":[],"tiered_pricing_maximum_quantity":null,"tiered_pricing_quantity_step":"10","_links":{"self":[{"href":"https:\/\/volovape.com\/pl\/wp-json\/wp\/v2\/product\/37432","targetHints":{"allow":["GET"]}}],"collection":[{"href":"https:\/\/volovape.com\/pl\/wp-json\/wp\/v2\/product"}],"about":[{"href":"https:\/\/volovape.com\/pl\/wp-json\/wp\/v2\/types\/product"}],"replies":[{"embeddable":true,"href":"https:\/\/volovape.com\/pl\/wp-json\/wp\/v2\/comments?post=37432"}],"wp:featuredmedia":[{"embeddable":true,"href":"https:\/\/volovape.com\/pl\/wp-json\/wp\/v2\/media\/37494"}],"wp:attachment":[{"href":"https:\/\/volovape.com\/pl\/wp-json\/wp\/v2\/media?parent=37432"}],"wp:term":[{"taxonomy":"product_brand","embeddable":true,"href":"https:\/\/volovape.com\/pl\/wp-json\/wp\/v2\/product_brand?post=37432"},{"taxonomy":"product_cat","embeddable":true,"href":"https:\/\/volovape.com\/pl\/wp-json\/wp\/v2\/product_cat?post=37432"},{"taxonomy":"product_tag","embeddable":true,"href":"https:\/\/volovape.com\/pl\/wp-json\/wp\/v2\/product_tag?post=37432"}],"curies":[{"name":"wp","href":"https:\/\/api.w.org\/{rel}","templated":true}]}}