{"id":37431,"date":"2025-09-11T09:48:26","date_gmt":"2025-09-11T09:48:26","guid":{"rendered":"https:\/\/volovape.com\/?post_type=product&#038;p=37431"},"modified":"2026-04-14T05:53:35","modified_gmt":"2026-04-14T05:53:35","slug":"bang-king-ice-cool-60k-60000-puff-jednorazowy-vape-z-regulacja-chlodzenia","status":"publish","type":"product","link":"https:\/\/volovape.com\/pl\/product\/bang-king-ice-cool-60k-60000-puffs-disposable-vape-with-adjustable-coolness\/","title":{"rendered":"BANG KING ICE COOL 60K 60000 Puffs | 5-poziomowa regulacja ch\u0142odzenia jednorazowych vape luzem"},"content":{"rendered":"<h2>Dlaczego warto wybra\u0107 Bang King Ice Cool 60K?<\/h2>\n<ul>\n<li>\ud83d\udd25 <strong>Do 60 000 zaci\u0105gni\u0119\u0107<\/strong> - Wyd\u0142u\u017cona \u017cywotno\u015b\u0107 oszcz\u0119dza uzupe\u0142nianie zapas\u00f3w i zwi\u0119ksza warto\u015b\u0107 dla klienta<\/li>\n<li>\u2744\ufe0f <strong>5 poziom\u00f3w regulowanego ch\u0142odzenia<\/strong> - Dostosuj uderzenie w gard\u0142o i uczucie ch\u0142odu dla ka\u017cdego klienta<\/li>\n<li>\ud83d\udd0b <strong>Akumulator 850mAh<\/strong> z \u0142adowaniem typu C - niezawodne zasilanie i szybkie do\u0142adowania<\/li>\n<li>\ud83c\udf00 <strong>Cewka Mesh 1,0\u03a9<\/strong> - G\u0142adka para i bogaty smak przy ka\u017cdym zaci\u0105gni\u0119ciu.<\/li>\n<li>\ud83d\udcfa <strong>Ekran LED<\/strong> Pokazuje stan baterii i e-cieczy - redukuje niespodzianki w punkcie sprzeda\u017cy<\/li>\n<li>\ud83d\udca7 <strong>Pojemno\u015b\u0107 25 ml e-liquidu<\/strong> - du\u017cy zbiornik zapewniaj\u0105cy d\u0142ugotrwa\u0142\u0105 przyjemno\u015b\u0107<\/li>\n<li>\ud83d\udce6 <strong>Gotowe do sprzeda\u017cy hurtowej: 10 szt. w opakowaniu<\/strong> - Zoptymalizowane pod k\u0105tem dystrybutor\u00f3w i p\u00f3\u0142ek sklepowych<\/li>\n<li>\ud83c\udf21\ufe0f Wiele opcji nikotyny (2%, 3%, 5%) - zar\u00f3wno dla klient\u00f3w o \u0142agodnych, jak i ostrych preferencjach.<\/li>\n<\/ul>\n<h2>Specyfikacje<\/h2>\n<table border=\"1\" cellpadding=\"6\">\n<tbody>\n<tr>\n<td><strong>Nazwa produktu<\/strong><\/td>\n<td>Bang King Ice Cool 60K<\/td>\n<\/tr>\n<tr>\n<td><strong>Liczba zaci\u0105gni\u0119\u0107<\/strong><\/td>\n<td>Do 60 000 zaci\u0105gni\u0119\u0107<\/td>\n<\/tr>\n<tr>\n<td><strong>Moc nikotyny<\/strong><\/td>\n<td>2% \/ 3% \/ 5%<\/td>\n<\/tr>\n<tr>\n<td><strong>Pojemno\u015b\u0107 e-liquidu<\/strong><\/td>\n<td>25 ml<\/td>\n<\/tr>\n<tr>\n<td><strong>Cewka<\/strong><\/td>\n<td>Mesh 1.0\u03a9<\/td>\n<\/tr>\n<tr>\n<td><strong>Bateria<\/strong><\/td>\n<td>Akumulator 850 mAh<\/td>\n<\/tr>\n<tr>\n<td><strong>Regulowany ch\u0142\u00f3d<\/strong><\/td>\n<td>5 poziom\u00f3w<\/td>\n<\/tr>\n<tr>\n<td><strong>Ekran LED<\/strong><\/td>\n<td>Tak - wska\u017aniki baterii i e-cieczy<\/td>\n<\/tr>\n<tr>\n<td><strong>Port \u0142adowania<\/strong><\/td>\n<td>Typ-C<\/td>\n<\/tr>\n<tr>\n<td><strong>Opakowanie<\/strong><\/td>\n<td>10 sztuk \/ opakowanie (gotowe do sprzeda\u017cy hurtowej)<\/td>\n<\/tr>\n<tr>\n<td><strong>Smaki<\/strong><\/td>\n<td>12 opcji premium<\/td>\n<\/tr>\n<\/tbody>\n<\/table>\n<h2>Smaki - szybki przewodnik po smakach \ud83c\udf53<\/h2>\n<ul>\n<li><strong>Niebieski Razz Ice<\/strong> - pikantna niebieska malina z ch\u0142odnym wyko\u0144czeniem \u2744\ufe0f<\/li>\n<li><strong>Truskawka Arbuz<\/strong> - s\u0142odkie truskawki spotykaj\u0105 soczystego arbuza \ud83c\udf53\ud83c\udf49<\/li>\n<li><strong>L\u00f3d arbuzowy<\/strong> - czysty, orze\u017awiaj\u0105cy arbuz z lodowymi nutami \ud83e\uddca<\/li>\n<li><strong>Brzoskwiniowy l\u00f3d<\/strong> - dojrza\u0142a s\u0142odycz brzoskwini zr\u00f3wnowa\u017cona ch\u0142odnym mentolem \ud83c\udf51<\/li>\n<li><strong>L\u00f3d winogronowy<\/strong> - wyrazisty winogronowy smak z mro\u017an\u0105 nut\u0105 \ud83c\udf47<\/li>\n<li><strong>Scary Berry<\/strong> - tajemnicze mieszane jagody dla poszukiwaczy odwa\u017cnych smak\u00f3w \ud83d\udc7b<\/li>\n<li><strong>Cherry Strazz<\/strong> - jasna wi\u015bnia z odrobin\u0105 s\u0142odyczy \ud83c\udf52<\/li>\n<li><strong>Mango Magic<\/strong> - tropikalne mango z g\u0142adkim wyko\u0144czeniem \ud83e\udd6d<\/li>\n<li><strong>Smoczy owoc truskawkowy<\/strong> - egzotyczna mieszanka, s\u0142odka i kwiatowa \ud83c\udf3a<\/li>\n<li><strong>Krew tygrysa<\/strong> - z\u0142o\u017cone po\u0142\u0105czenie owoc\u00f3w tropikalnych z odwa\u017cnymi nutami \ud83d\udc2f<\/li>\n<li><strong>Summer Splash<\/strong> - Lekka, orze\u017awiaj\u0105ca mieszanka owoc\u00f3w na ciep\u0142e dni \u2600\ufe0f<\/li>\n<li><strong>Sour Lush Gummy<\/strong> - kwa\u015bno-s\u0142odki smako\u0142yk w stylu cukierka \ud83c\udf6c<\/li>\n<\/ul>\n<h2>FAQ \ud83e\udd14<\/h2>\n<p><strong>P: Jak d\u0142ugo wystarcza jedno urz\u0105dzenie?<\/strong><br \/>\nO: Urz\u0105dzenie jest przystosowane do 60 000 zaci\u0105gni\u0119\u0107. Rzeczywista \u017cywotno\u015b\u0107 zale\u017cy od d\u0142ugo\u015bci i cz\u0119stotliwo\u015bci zaci\u0105gania si\u0119, ale urz\u0105dzenie zosta\u0142o zaprojektowane z my\u015bl\u0105 o d\u0142ugotrwa\u0142ym u\u017cytkowaniu, aby ograniczy\u0107 potrzeb\u0119 uzupe\u0142niania p\u0142yn\u00f3w.<\/p>\n<p><strong>P: Czy Bang King Ice Cool 60K mo\u017cna \u0142adowa\u0107?<\/strong><br \/>\nO: Tak - zawiera akumulator o pojemno\u015bci 850 mAh i \u0142adowanie typu C do szybkiego uzupe\u0142niania energii.<\/p>\n<p><strong>P: Czy klienci mog\u0105 regulowa\u0107 poziom ch\u0142odzenia?<\/strong><br \/>\nO: Tak - istnieje 5 regulowanych poziom\u00f3w ch\u0142odzenia, dzi\u0119ki czemu u\u017cytkownicy mog\u0105 wybra\u0107 od \u0142agodnych do lodowatych dozna\u0144.<\/p>\n<p><strong>P: Jakie st\u0119\u017cenia nikotyny s\u0105 dost\u0119pne?<\/strong><br \/>\nO: Dost\u0119pne w wersjach o mocy nikotyny 2%, 3% i 5%, aby dopasowa\u0107 si\u0119 do r\u00f3\u017cnych preferencji klient\u00f3w.<\/p>\n<p><strong>P: Czy to urz\u0105dzenie jest wielokrotnego u\u017cytku?<\/strong><br \/>\nO: Ten model zosta\u0142 zaprojektowany jako urz\u0105dzenie jednorazowe - nie wymaga uzupe\u0142niania ani wymiany cewki. Bateri\u0119 nale\u017cy \u0142adowa\u0107 w razie potrzeby, a\u017c do wyczerpania e-liquidu.<\/p>\n<p><strong>P: Jakie opakowania s\u0105 dost\u0119pne dla sprzedawc\u00f3w detalicznych?<\/strong><br \/>\nProdukt jest pakowany po 10 sztuk w opakowaniu, zoptymalizowanym pod k\u0105tem ekspozycji na p\u00f3\u0142kach i zam\u00f3wie\u0144 hurtowych.<\/p>\n<h2>Idealny dla - kto powinien zaopatrzy\u0107 si\u0119 w ten produkt? \u2705<\/h2>\n<p><strong>Bang King Ice Cool 60K<\/strong> jest idealny dla intensywnych u\u017cytkownik\u00f3w, poszukiwaczy smak\u00f3w, sklep\u00f3w vape i dystrybutor\u00f3w hurtowych. Dzi\u0119ki d\u0142ugiemu czasowi zaci\u0105gania si\u0119, regulowanemu ch\u0142odzeniu, niezawodnej baterii i 12 lubianym przez t\u0142umy smakom, jest to wysokomar\u017cowy, lubiany przez klient\u00f3w SKU, kt\u00f3ry zmniejsza cz\u0119stotliwo\u015b\u0107 uzupe\u0142niania zapas\u00f3w i zwi\u0119ksza powtarzalno\u015b\u0107 sprzeda\u017cy. \ud83c\udf1f<\/p>","protected":false},"excerpt":{"rendered":"<p><strong>Trwa\u0142o\u015b\u0107 60 000 zaci\u0105gni\u0119\u0107<\/strong> jednorazowy vape z 5-stopniow\u0105 regulacj\u0105 ch\u0142odzenia, wy\u015bwietlaczem LED i 12 smakami premium - idealny dla sklep\u00f3w vape, dystrybutor\u00f3w i intensywnych u\u017cytkownik\u00f3w. \ud83d\ude80<\/p>","protected":false},"featured_media":37482,"comment_status":"open","ping_status":"closed","template":"","meta":[],"product_brand":[227],"product_cat":[61,230],"product_tag":[],"class_list":{"0":"post-37431","1":"product","2":"type-product","3":"status-publish","4":"has-post-thumbnail","6":"product_brand-bang","7":"product_cat-bang","8":"product_cat-new","10":"first","11":"instock","12":"shipping-taxable","13":"purchasable","14":"product-type-variable","15":"has-default-attributes"},"jetpack_sharing_enabled":true,"tiered_pricing_type":"fixed","tiered_pricing_fixed_rules":{"30":8.4000000000000003552713678800500929355621337890625,"50":6.6699999999999999289457264239899814128875732421875,"100":6.4199999999999999289457264239899814128875732421875,"200":5.79999999999999982236431605997495353221893310546875,"400":5.4900000000000002131628207280300557613372802734375},"tiered_pricing_product_settings":{"layout":"default","base_unit_name":{"singular":null,"plural":null},"default_variation":null},"tiered_pricing_minimum_quantity":10,"tiered_pricing_roles_data":[],"tiered_pricing_percentage_rules":[],"tiered_pricing_maximum_quantity":null,"tiered_pricing_quantity_step":"10","_links":{"self":[{"href":"https:\/\/volovape.com\/pl\/wp-json\/wp\/v2\/product\/37431","targetHints":{"allow":["GET"]}}],"collection":[{"href":"https:\/\/volovape.com\/pl\/wp-json\/wp\/v2\/product"}],"about":[{"href":"https:\/\/volovape.com\/pl\/wp-json\/wp\/v2\/types\/product"}],"replies":[{"embeddable":true,"href":"https:\/\/volovape.com\/pl\/wp-json\/wp\/v2\/comments?post=37431"}],"wp:featuredmedia":[{"embeddable":true,"href":"https:\/\/volovape.com\/pl\/wp-json\/wp\/v2\/media\/37482"}],"wp:attachment":[{"href":"https:\/\/volovape.com\/pl\/wp-json\/wp\/v2\/media?parent=37431"}],"wp:term":[{"taxonomy":"product_brand","embeddable":true,"href":"https:\/\/volovape.com\/pl\/wp-json\/wp\/v2\/product_brand?post=37431"},{"taxonomy":"product_cat","embeddable":true,"href":"https:\/\/volovape.com\/pl\/wp-json\/wp\/v2\/product_cat?post=37431"},{"taxonomy":"product_tag","embeddable":true,"href":"https:\/\/volovape.com\/pl\/wp-json\/wp\/v2\/product_tag?post=37431"}],"curies":[{"name":"wp","href":"https:\/\/api.w.org\/{rel}","templated":true}]}}