{"id":37430,"date":"2025-09-11T09:48:26","date_gmt":"2025-09-11T09:48:26","guid":{"rendered":"https:\/\/volovape.com\/?post_type=product&#038;p=37430"},"modified":"2026-04-14T05:51:31","modified_gmt":"2026-04-14T05:51:31","slug":"bang-legend-120k-5-w-1-120000-zaciagniec-wielosmakowy-regulowany-jednorazowy-vape-luzem","status":"publish","type":"product","link":"https:\/\/volovape.com\/pl\/product\/bang-legend-120k-5-in-1-120000-puffs-multi-flavor-adjustable-bulk-disposable-vape\/","title":{"rendered":"Bang Legend 120K 5 w 1 | 120 000 zaci\u0105gni\u0119\u0107 mega jednorazowego vape z 5 trybami smaku"},"content":{"rendered":"<h2>Dlaczego warto wybra\u0107 Bang Legend 120K 5-w-1?<\/h2>\n<ul>\n<li>Masywny <strong>120 000 zaci\u0105gni\u0119\u0107<\/strong> na urz\u0105dzenie - stworzony dla u\u017cytkownik\u00f3w i dystrybutor\u00f3w.<\/li>\n<li>\ud83c\udf08 <strong>Tryby smaku 5 w 1<\/strong> z mo\u017cliwo\u015bci\u0105 zmiany smaku dla niesko\u0144czonej r\u00f3\u017cnorodno\u015bci.<\/li>\n<li>\ud83d\udd0b <strong>Akumulator 850mAh<\/strong> z szybkim \u0142adowaniem typu C.<\/li>\n<li>\ud83d\udcca <strong>Ekran LED<\/strong> Pokazuje liczb\u0119 zaci\u0105gni\u0119\u0107, \u017cywotno\u015b\u0107 baterii i tryb smaku.<\/li>\n<li>G\u0142adka i bogata para dzi\u0119ki <strong>5 zwoj\u00f3w siatki<\/strong> dla maksymalnej satysfakcji.<\/li>\n<li>Opakowanie zbiorcze przyjazne dla u\u017cytkownika: <strong>10 sztuk w opakowaniu<\/strong>idealny dla sklep\u00f3w i hurtowni.<\/li>\n<\/ul>\n<h2>Specyfikacje<\/h2>\n<table border=\"1\" cellpadding=\"5\">\n<tbody>\n<tr>\n<td><strong>Moc nikotyny<\/strong><\/td>\n<td>2% \/ 3% \/ 5%<\/td>\n<\/tr>\n<tr>\n<td><strong>Liczba zaci\u0105gni\u0119\u0107<\/strong><\/td>\n<td>Do 120 000<\/td>\n<\/tr>\n<tr>\n<td><strong>Tryby smaku<\/strong><\/td>\n<td>5 regulowanych smak\u00f3w<\/td>\n<\/tr>\n<tr>\n<td><strong>Zbiornik oleju<\/strong><\/td>\n<td>5 zbiornik\u00f3w<\/td>\n<\/tr>\n<tr>\n<td><strong>Bateria<\/strong><\/td>\n<td>Akumulator 850 mAh<\/td>\n<\/tr>\n<tr>\n<td><strong>Cewka<\/strong><\/td>\n<td>5 zwoj\u00f3w siatki<\/td>\n<\/tr>\n<tr>\n<td><strong>Ekran LED<\/strong><\/td>\n<td>Tak (bateria, liczba zaci\u0105gni\u0119\u0107, tryb smaku)<\/td>\n<\/tr>\n<tr>\n<td><strong>Port \u0142adowania<\/strong><\/td>\n<td>Typ-C<\/td>\n<\/tr>\n<tr>\n<td><strong>Opakowanie<\/strong><\/td>\n<td>10 sztuk\/opakowanie<\/td>\n<\/tr>\n<\/tbody>\n<\/table>\n<h2>Smaki<\/h2>\n<p>\ud83c\udf89 Z <strong>12 zestaw\u00f3w o r\u00f3\u017cnych smakach<\/strong>Bang Legend 120K 5-w-1 oferuje co\u015b dla ka\u017cdego:<\/p>\n<ol>\n<li>Nap\u00f3j energetyczny - jagoda - wi\u015bnia - jab\u0142ko - winogrono - arbuz - smoczy owoc - mamba<\/li>\n<li>Nap\u00f3j energetyczny - Brzoskwinia Ice - Mango Ice - \u017burawina Grape - Czarna porzeczka<\/li>\n<li>jagoda malina brzoskwinia mango arbuz wi\u015bnia cola winogrono je\u017cyna l\u00f3d mango brzoskwinia morela<\/li>\n<li>Blueberry Raspberry - Black Dragon Ice - Rainbow Candy - Fuji Ice - Watermelon Sour Peach<\/li>\n<li>Blueberry Ice - Kiwi Passion Fruit Guava - Triple Melon - Peach Pineapple - Passionate Kiss<\/li>\n<li>Blueberry Ice - Watermelon Bubble Gum - Sour Apple Raspberry - Lotus Fruit Mango Melon - Passion Fruit Kiwi Lime<\/li>\n<li>Watermelon Ice - Mixed Berries - Apple Pear - Blueberry Mint - Summer Time<\/li>\n<li>Watermelon Ice - Strawberry Mango - California Cherry - Blueberry Peach Ice - Berry Cool<\/li>\n<li>Truskawkowy Arbuz - Winogronowy L\u00f3d - Czerwone Mojito - Bananowy L\u00f3d - Cytrynowa Limonka<\/li>\n<li>Truskawkowy arbuz - Jab\u0142ko kantalupa - Cola Ice - Mango brzoskwinia - Love 66<\/li>\n<li>Strawberry Kiwi - Strawberry Banana - Lychee Ice - Watermelon Berry - Passion Fruit Mango<\/li>\n<li>Strawberry Kiwi - Blueberry Watermelon - Bear Fudge - Blueberry Bubble Gum - Sour Mango Pineapple<\/li>\n<\/ol>\n<p>\u0141\u0105cznie 60 smak\u00f3w w 12 zestawach, zaprojektowanych zar\u00f3wno dla s\u0142odkich waper\u00f3w, jak i odwa\u017cnych poszukiwaczy smak\u00f3w.<\/p>\n<h2>Cz\u0119sto zadawane pytania<\/h2>\n<p><strong>P: Jak d\u0142ugo dzia\u0142a Bang Legend 120K?<\/strong><br \/>\nO: Jedno urz\u0105dzenie mo\u017ce wytrzyma\u0107 nawet 120 000 zaci\u0105gni\u0119\u0107, co oznacza, \u017ce jest w stanie przetrwa\u0107 dziesi\u0105tki zwyk\u0142ych jednoraz\u00f3wek.<\/p>\n<p><strong>P: Czy mo\u017cna go \u0142adowa\u0107?<\/strong><br \/>\nO: \u2705 Tak, jest wyposa\u017cony w <strong>Akumulator 850mAh<\/strong> i port \u0142adowania typu C.<\/p>\n<p><strong>P: Czy mog\u0119 zmienia\u0107 smaki?<\/strong><br \/>\nAbsolutnie! The <strong>System 5 w 1<\/strong> umo\u017cliwia prze\u0142\u0105czanie si\u0119 mi\u0119dzy pi\u0119cioma wst\u0119pnie za\u0142adowanymi zbiornikami w dowolnym momencie.<\/p>\n<p><strong>P: Dla kogo przeznaczony jest ten produkt?<\/strong><br \/>\nO: Idealny dla <em>ci\u0119\u017ccy vaperzy<\/em>, <em>entuzja\u015bci smaku<\/em>, <em>sklepy vape<\/em>, I <em>dystrybutorzy hurtowi<\/em>.<\/p>\n<p>\ud83d\ude80 <strong>Bang Legend 120K 5-w-1<\/strong> to najlepszy jednorazowy waporyzator - trwa\u0142y, wszechstronny i pe\u0142en r\u00f3\u017cnorodnych smak\u00f3w. Niezale\u017cnie od tego, czy zaopatrujesz sklep vape, kupujesz hurtowo, czy szukasz urz\u0105dzenia o du\u017cej pojemno\u015bci do u\u017cytku osobistego, to pot\u0119\u017cne urz\u0105dzenie jest stworzone dla Ciebie. \ud83d\udca8<\/p>","protected":false},"excerpt":{"rendered":"<p>Mocny jednorazowy waporyzator z nawet 120 000 zaci\u0105gni\u0119\u0107, 5 regulowanymi smakami i ekranem LED - idealny dla nabywc\u00f3w hurtowych i mi\u0142o\u015bnik\u00f3w waporyzacji. \ud83d\udca8<\/p>","protected":false},"featured_media":37468,"comment_status":"open","ping_status":"closed","template":"","meta":[],"product_brand":[227],"product_cat":[249,61,230],"product_tag":[],"class_list":{"0":"post-37430","1":"product","2":"type-product","3":"status-publish","4":"has-post-thumbnail","6":"product_brand-bang","7":"product_cat-100k-puffs-disposable-vape","8":"product_cat-bang","9":"product_cat-new","11":"first","12":"instock","13":"shipping-taxable","14":"purchasable","15":"product-type-variable","16":"has-default-attributes"},"jetpack_sharing_enabled":true,"tiered_pricing_type":"fixed","tiered_pricing_fixed_rules":{"30":11.300000000000000710542735760100185871124267578125,"50":8.269999999999999573674358543939888477325439453125,"100":8.019999999999999573674358543939888477325439453125,"200":7.410000000000000142108547152020037174224853515625,"400":7.04000000000000003552713678800500929355621337890625},"tiered_pricing_product_settings":{"layout":"default","base_unit_name":{"singular":null,"plural":null},"default_variation":null},"tiered_pricing_minimum_quantity":10,"tiered_pricing_roles_data":[],"tiered_pricing_percentage_rules":[],"tiered_pricing_maximum_quantity":null,"tiered_pricing_quantity_step":"10","_links":{"self":[{"href":"https:\/\/volovape.com\/pl\/wp-json\/wp\/v2\/product\/37430","targetHints":{"allow":["GET"]}}],"collection":[{"href":"https:\/\/volovape.com\/pl\/wp-json\/wp\/v2\/product"}],"about":[{"href":"https:\/\/volovape.com\/pl\/wp-json\/wp\/v2\/types\/product"}],"replies":[{"embeddable":true,"href":"https:\/\/volovape.com\/pl\/wp-json\/wp\/v2\/comments?post=37430"}],"wp:featuredmedia":[{"embeddable":true,"href":"https:\/\/volovape.com\/pl\/wp-json\/wp\/v2\/media\/37468"}],"wp:attachment":[{"href":"https:\/\/volovape.com\/pl\/wp-json\/wp\/v2\/media?parent=37430"}],"wp:term":[{"taxonomy":"product_brand","embeddable":true,"href":"https:\/\/volovape.com\/pl\/wp-json\/wp\/v2\/product_brand?post=37430"},{"taxonomy":"product_cat","embeddable":true,"href":"https:\/\/volovape.com\/pl\/wp-json\/wp\/v2\/product_cat?post=37430"},{"taxonomy":"product_tag","embeddable":true,"href":"https:\/\/volovape.com\/pl\/wp-json\/wp\/v2\/product_tag?post=37430"}],"curies":[{"name":"wp","href":"https:\/\/api.w.org\/{rel}","templated":true}]}}