{"id":359,"date":"2024-11-21T03:29:22","date_gmt":"2024-11-21T03:29:22","guid":{"rendered":"https:\/\/volovape.com\/?post_type=product&#038;p=359"},"modified":"2025-07-07T03:40:40","modified_gmt":"2025-07-07T03:40:40","slug":"elf-box-cyfrowy-12000-zaciagniec","status":"publish","type":"product","link":"https:\/\/volovape.com\/pl\/product\/elf-box-digital-12000-puffs\/","title":{"rendered":"Vape jednorazowe ELF BOX Digital 12000 Puffs - cewka siatkowa 0,8\u03a9, akumulator, wy\u015bwietlacz"},"content":{"rendered":"<p><iframe title=\"Odtwarzacz wideo VideoPress\" aria-label='Odtwarzacz wideo VideoPress' width='500' height='281' src='https:\/\/videopress.com\/embed\/W9CpuhPq?hd=0&amp;cover=1' frameborder='0' allowfullscreen allow='clipboard-write'><\/iframe><script src='https:\/\/v0.wordpress.com\/js\/next\/videopress-iframe.js?m=1739540970'><\/script><\/p>\n<p><strong>ELF BOX Digital 12000 Puffs Jednorazowy Vape<\/strong> - Vaping o wysokiej wydajno\u015bci z cyfrowym wy\u015bwietlaczem i precyzyjn\u0105 cewk\u0105 siatkow\u0105.<\/p>\n<p>Ten <strong>ELF BOX Digital 12000<\/strong> Jednorazowy vape jest przeznaczony do d\u0142ugotrwa\u0142ego u\u017cytkowania i zapewnia kluczowe informacje na temat waporyzacji na pierwszy rzut oka. Dostarcza do <strong>12 000 zaci\u0105gni\u0119\u0107<\/strong> z hojnym <strong>Zbiornik e-liquidu o pojemno\u015bci 25 ml<\/strong> i jest zasilany przez <strong>Akumulator o pojemno\u015bci 500 mAh<\/strong>. The <strong>Cewka o oczkach 0,8\u03a9<\/strong> zapewnia g\u0142adk\u0105, bogat\u0105 i aromatyczn\u0105 par\u0119. Kluczow\u0105 cech\u0105 jest <strong>zintegrowany wy\u015bwietlacz cyfrowy<\/strong>, kt\u00f3ry pokazuje \u017cywotno\u015b\u0107 baterii i informacje o u\u017cytkowaniu. To urz\u0105dzenie oferuje szeroki wyb\u00f3r <strong>20 smak\u00f3w<\/strong> i moc nikotyny <strong>0%, 2%, 3% i 5%<\/strong>. Zosta\u0142 zaprojektowany z my\u015bl\u0105 o przeno\u015bno\u015bci i wygodzie, jest gotowy do u\u017cycia zaraz po wyj\u0119ciu z pude\u0142ka.<\/p>\n<h3><strong>ELF BOX Digital 12000 Cechy:<\/strong><\/h3>\n<ul>\n<li>Puffy: Do 12 000 zaci\u0105gni\u0119\u0107<\/li>\n<li>Pojemno\u015b\u0107 e-liquidu: 25 ml<\/li>\n<li>Bateria: 500 mAh (akumulator)<\/li>\n<li>\u0141adowanie: Typ-C<\/li>\n<li>Cewka: cewka siatkowa 0,8\u03a9<\/li>\n<li>Wy\u015bwietlacz: Wy\u015bwietlacz cyfrowy<\/li>\n<li>Moc nikotyny: 0%, 2%, 3%, 5%<\/li>\n<li>Smaki: 20 unikalnych opcji<\/li>\n<li>Urz\u0105dzenie jednorazowego u\u017cytku<\/li>\n<\/ul>\n<h4>Cz\u0119sto zadawane pytania<\/h4>\n<h5>W jaki spos\u00f3b cyfrowy wy\u015bwietlacz poprawia wra\u017cenia z waporyzacji?<\/h5>\n<p>Zintegrowany wy\u015bwietlacz cyfrowy zapewnia u\u017cytkownikom szybki dost\u0119p do informacji o \u017cywotno\u015bci baterii i zu\u017cyciu. Funkcja ta pozwala na lepsze monitorowanie i zarz\u0105dzanie urz\u0105dzeniem, zapewniaj\u0105c bardziej \u015bwiadome i wygodne korzystanie z waporyzatora.<\/p>\n<h5>Jakie metody wysy\u0142ki s\u0105 stosowane?<\/h5>\n<p>Wsp\u00f3\u0142pracujemy z niezawodnymi przewo\u017anikami, takimi jak UPS, DHL, FedEx i DPD, aby zapewni\u0107 szybk\u0105 i bezpieczn\u0105 dostaw\u0119 zam\u00f3wienia. Najbardziej efektywna metoda wysy\u0142ki jest wybierana na podstawie lokalizacji klienta, aby zoptymalizowa\u0107 szybko\u015b\u0107 i niezawodno\u015b\u0107 dostawy.<\/p>\n<h5>Jak d\u0142ugo trwa dostawa mojego zam\u00f3wienia?<\/h5>\n<p>Dostawa trwa zazwyczaj od 7 do 15 dni roboczych. Prosimy jednak o uwzgl\u0119dnienie do 20 dni roboczych w przypadku \u015bwi\u0105t lub niekorzystnych warunk\u00f3w pogodowych, kt\u00f3re mog\u0105 spowodowa\u0107 niewielkie op\u00f3\u017anienia w dostawie.<\/p>\n<h5>Czy napotkam jakie\u015b problemy celne lub dodatkowe op\u0142aty?<\/h5>\n<p>Zajmujemy si\u0119 wszystkimi procedurami odprawy celnej, gwarantuj\u0105c p\u0142ynne i bezproblemowe do\u015bwiadczenie. Nie poniesiesz \u017cadnych dodatkowych podatk\u00f3w ani op\u0142at. Zapewniamy, \u017ce 100% naszych produkt\u00f3w pomy\u015blnie przejdzie odpraw\u0119 celn\u0105.<\/p>\n<h5>Czy zakupy w witrynie s\u0105 bezpieczne i niezawodne?<\/h5>\n<p>Tak, oferujemy bezpieczne transakcje PayPal z ochron\u0105 kupuj\u0105cego. Mo\u017cesz r\u00f3wnie\u017c zweryfikowa\u0107 nasz\u0105 niezawodno\u015b\u0107, sprawdzaj\u0105c opinie naszych klient\u00f3w na stronie <a href=\"https:\/\/www.trustpilot.com\/review\/volovape.com?utm_medium=trustbox&amp;utm_source=TrustBoxReviewCollector\">Trustpilot<\/a>, gdzie mo\u017cna znale\u017a\u0107 opinie zadowolonych klient\u00f3w.<\/p>","protected":false},"excerpt":{"rendered":"<p>Ciesz si\u0119 \u015bwiadomym wapowaniem z ELF BOX Digital 12000 Puffs. Cyfrowy wy\u015bwietlacz, oczko 0,8\u03a9, 25 ml, akumulator. Idealny do osobistej przyjemno\u015bci lub sprzeda\u017cy hurtowej, oferuj\u0105cy d\u0142ugotrwa\u0142y smak i r\u00f3\u017cnorodne opcje nikotyny.<\/p>","protected":false},"featured_media":458,"comment_status":"open","ping_status":"closed","template":"","meta":[],"product_brand":[],"product_cat":[54,38,21,18,39,20,23,24,22,25,26,27,28,29,30,31,32,33,34,35,36,40],"product_tag":[],"class_list":{"0":"post-359","1":"product","2":"type-product","3":"status-publish","4":"has-post-thumbnail","6":"product_cat-elf-box","7":"product_cat-12000-puffs-disposable-vape","8":"product_cat-big-puffs-vapes","9":"product_cat-different-puffs-of-disposable-vapes","10":"product_cat-digital-box-vapes","11":"product_cat-disposable-vape-types","12":"product_cat-disposable-vapes-in-austria","13":"product_cat-disposable-vapes-in-belgium","14":"product_cat-disposable-vapes-in-europe","15":"product_cat-disposable-vapes-in-france","16":"product_cat-disposable-vapes-in-germany","17":"product_cat-disposable-vapes-in-hungary","18":"product_cat-disposable-vapes-in-ltaly","19":"product_cat-disposable-vapes-in-netherlands","20":"product_cat-disposable-vapes-in-norway","21":"product_cat-disposable-vapes-in-poland","22":"product_cat-disposable-vapes-in-portugal","23":"product_cat-disposable-vapes-in-spain","24":"product_cat-disposable-vapes-in-sweden","25":"product_cat-disposable-vapes-in-switzerland","26":"product_cat-rechargeable-vapes","27":"product_cat-smart-screen-vapes","29":"first","30":"instock","31":"shipping-taxable","32":"purchasable","33":"product-type-variable","34":"has-default-attributes"},"jetpack_sharing_enabled":true,"tiered_pricing_type":"fixed","tiered_pricing_fixed_rules":{"2000":5.589999999999999857891452847979962825775146484375},"tiered_pricing_product_settings":{"layout":"default","base_unit_name":{"singular":null,"plural":null},"default_variation":null},"tiered_pricing_minimum_quantity":1000,"tiered_pricing_roles_data":[],"tiered_pricing_percentage_rules":[],"tiered_pricing_maximum_quantity":null,"tiered_pricing_quantity_step":"10","_links":{"self":[{"href":"https:\/\/volovape.com\/pl\/wp-json\/wp\/v2\/product\/359","targetHints":{"allow":["GET"]}}],"collection":[{"href":"https:\/\/volovape.com\/pl\/wp-json\/wp\/v2\/product"}],"about":[{"href":"https:\/\/volovape.com\/pl\/wp-json\/wp\/v2\/types\/product"}],"replies":[{"embeddable":true,"href":"https:\/\/volovape.com\/pl\/wp-json\/wp\/v2\/comments?post=359"}],"wp:featuredmedia":[{"embeddable":true,"href":"https:\/\/volovape.com\/pl\/wp-json\/wp\/v2\/media\/458"}],"wp:attachment":[{"href":"https:\/\/volovape.com\/pl\/wp-json\/wp\/v2\/media?parent=359"}],"wp:term":[{"taxonomy":"product_brand","embeddable":true,"href":"https:\/\/volovape.com\/pl\/wp-json\/wp\/v2\/product_brand?post=359"},{"taxonomy":"product_cat","embeddable":true,"href":"https:\/\/volovape.com\/pl\/wp-json\/wp\/v2\/product_cat?post=359"},{"taxonomy":"product_tag","embeddable":true,"href":"https:\/\/volovape.com\/pl\/wp-json\/wp\/v2\/product_tag?post=359"}],"curies":[{"name":"wp","href":"https:\/\/api.w.org\/{rel}","templated":true}]}}