{"id":358,"date":"2024-11-21T03:29:21","date_gmt":"2024-11-21T03:29:21","guid":{"rendered":"https:\/\/volovape.com\/?post_type=product&#038;p=358"},"modified":"2025-07-06T04:24:36","modified_gmt":"2025-07-06T04:24:36","slug":"skrzynia-elfow-ls15000-15000-pufow","status":"publish","type":"product","link":"https:\/\/volovape.com\/pl\/product\/elf-box-ls15000-15000-puffs\/","title":{"rendered":"Jednorazowy vape ELF BOX LS15000 puffs z cewk\u0105 siatkow\u0105 0,6\u03a9 - akumulator z \u0142adowaniem typu C (nikotyna 0-5%)"},"content":{"rendered":"<p><iframe title=\"Odtwarzacz wideo VideoPress\" aria-label='Odtwarzacz wideo VideoPress' width='500' height='667' src='https:\/\/videopress.com\/embed\/JmE4p5tH?hd=0&amp;cover=1' frameborder='0' allowfullscreen allow='clipboard-write'><\/iframe><script src='https:\/\/v0.wordpress.com\/js\/next\/videopress-iframe.js?m=1739540970'><\/script><\/p>\n<p>Vape jednorazowe ELF BOX LS15000 Puffs - cewka siatkowa 0,6\u03a9, z mo\u017cliwo\u015bci\u0105 \u0142adowania<br \/>\n<strong>ELF BOX LS15000 Puffs Vape jednorazowego u\u017cytku<\/strong> - Vaping o du\u017cej pojemno\u015bci z ulepszon\u0105 wydajno\u015bci\u0105 cewki siatkowej 0,6\u03a9.<\/p>\n<p>Ten <strong>Skrzynka Elfa LS15000<\/strong> Jednorazowy vape zapewnia wyj\u0105tkowe doznania z waporyzacji dzi\u0119ki imponuj\u0105cym parametrom <strong>Pojemno\u015b\u0107 15 000 puff\u00f3w<\/strong> i masywny <strong>Zbiornik e-liquidu o pojemno\u015bci 26 ml<\/strong>. Zasilany przez <strong>Akumulator o pojemno\u015bci 600 mAh<\/strong> i zawieraj\u0105cy <strong>\u0141adowanie typu C<\/strong>To urz\u0105dzenie zapewnia d\u0142ugotrwa\u0142e u\u017cytkowanie i wygod\u0119. Cechy <strong>Cewka o oczkach 0,6\u03a9<\/strong> zosta\u0142 specjalnie zaprojektowany z my\u015bl\u0105 o bogatym smaku i g\u0119stej produkcji pary, zapewniaj\u0105c satysfakcjonuj\u0105c\u0105 waporyzacj\u0119 od pierwszego do ostatniego zaci\u0105gni\u0119cia. Do wyboru <strong>Moc nikotyny 0%, 2% lub 5%<\/strong> aby dopasowa\u0107 je do swoich preferencji. Z <strong>12 pysznych opcji smakowych<\/strong>ELF BOX LS15000 jest idealnym rozwi\u0105zaniem dla <strong>hurtownia vape jednorazowego u\u017cytku<\/strong>, <strong>zam\u00f3wienia zbiorcze<\/strong>, Lub <strong>u\u017cytek osobisty<\/strong>\u0141\u0105cz\u0105c w sobie wysok\u0105 wydajno\u015b\u0107 z wyj\u0105tkow\u0105 przeno\u015bno\u015bci\u0105.<\/p>\n<h3><strong>ELF BOX LS15000 Cechy:<\/strong><\/h3>\n<ul>\n<li>Puffy: Do 15 000 zaci\u0105gni\u0119\u0107<\/li>\n<li>Pojemno\u015b\u0107 e-liquidu: 26 ml<\/li>\n<li>Bateria: 600 mAh (akumulator)<\/li>\n<li>\u0141adowanie: Typ-C<\/li>\n<li>Cewka: cewka siatkowa 0,6\u03a9<\/li>\n<li>Moc nikotyny: 0%, 2%, 5%<\/li>\n<li>Smaki: 12 unikalnych opcji<\/li>\n<li>Wymiary: 91,5 x 56,5 x 28,5 mm<\/li>\n<li>Waga: 91g<\/li>\n<li>Urz\u0105dzenie jednorazowego u\u017cytku<\/li>\n<\/ul>\n<h4>Cz\u0119sto zadawane pytania<\/h4>\n<h5>W jaki spos\u00f3b cewka siatkowa 0,6\u03a9 poprawia wra\u017cenia z waporyzacji?<\/h5>\n<p>Siatkowa cewka 0,6\u03a9 zosta\u0142a zaprojektowana w celu optymalizacji produkcji pary i dostarczania aromatu. Zapewnia wi\u0119ksz\u0105 powierzchni\u0119 grzewcz\u0105, co skutkuje g\u0119stszymi chmurami i bogatszymi smakami, zapewniaj\u0105c niezmiennie satysfakcjonuj\u0105ce wra\u017cenia z waporyzacji przy ka\u017cdym zaci\u0105gni\u0119ciu.<\/p>\n<h5>Jakie metody wysy\u0142ki s\u0105 stosowane?<\/h5>\n<p>Wsp\u00f3\u0142pracujemy z niezawodnymi przewo\u017anikami, takimi jak UPS, DHL, FedEx i DPD, aby zapewni\u0107 szybk\u0105 i bezpieczn\u0105 dostaw\u0119 zam\u00f3wienia. Najbardziej efektywna metoda wysy\u0142ki jest wybierana na podstawie lokalizacji klienta, aby zoptymalizowa\u0107 szybko\u015b\u0107 i niezawodno\u015b\u0107 dostawy.<\/p>\n<h5>Jak d\u0142ugo trwa dostawa mojego zam\u00f3wienia?<\/h5>\n<p>Dostawa trwa zazwyczaj od 7 do 15 dni roboczych. Prosimy jednak o uwzgl\u0119dnienie do 20 dni roboczych w przypadku \u015bwi\u0105t lub niekorzystnych warunk\u00f3w pogodowych, kt\u00f3re mog\u0105 spowodowa\u0107 niewielkie op\u00f3\u017anienia w dostawie.<\/p>\n<h5>Czy napotkam jakie\u015b problemy celne lub dodatkowe op\u0142aty?<\/h5>\n<p>Zajmujemy si\u0119 wszystkimi procedurami odprawy celnej, gwarantuj\u0105c p\u0142ynne i bezproblemowe do\u015bwiadczenie. Nie poniesiesz \u017cadnych dodatkowych podatk\u00f3w ani op\u0142at. Zapewniamy, \u017ce 100% naszych produkt\u00f3w pomy\u015blnie przejdzie odpraw\u0119 celn\u0105.<\/p>\n<h5>Czy zakupy w witrynie s\u0105 bezpieczne i niezawodne?<\/h5>\n<p>Tak, oferujemy bezpieczne transakcje PayPal z ochron\u0105 kupuj\u0105cego. Mo\u017cesz r\u00f3wnie\u017c zweryfikowa\u0107 nasz\u0105 niezawodno\u015b\u0107, sprawdzaj\u0105c opinie naszych klient\u00f3w na stronie <a href=\"https:\/\/www.trustpilot.com\/review\/volovape.com?utm_medium=trustbox&amp;utm_source=TrustBoxReviewCollector\">TrustPilot<\/a>, gdzie mo\u017cna znale\u017a\u0107 opinie zadowolonych klient\u00f3w.<\/p>","protected":false},"excerpt":{"rendered":"<p>Ciesz si\u0119 lepsz\u0105 par\u0105 dzi\u0119ki ELF BOX LS15000 Puffs. Siatka 0,6\u03a9, 26 ml, akumulator. Idealny do u\u017cytku osobistego lub hurtowego, oferuj\u0105cy d\u0142ugotrwa\u0142y smak i r\u00f3\u017cnorodne opcje nikotyny.<\/p>","protected":false},"featured_media":445,"comment_status":"open","ping_status":"closed","template":"","meta":[],"product_brand":[],"product_cat":[54,41,21,18,20,23,24,22,25,26,27,28,29,30,31,32,33,34,35,36,47],"product_tag":[],"class_list":{"0":"post-358","1":"product","2":"type-product","3":"status-publish","4":"has-post-thumbnail","6":"product_cat-elf-box","7":"product_cat-15000-puffs-disposable-vape","8":"product_cat-big-puffs-vapes","9":"product_cat-different-puffs-of-disposable-vapes","10":"product_cat-disposable-vape-types","11":"product_cat-disposable-vapes-in-austria","12":"product_cat-disposable-vapes-in-belgium","13":"product_cat-disposable-vapes-in-europe","14":"product_cat-disposable-vapes-in-france","15":"product_cat-disposable-vapes-in-germany","16":"product_cat-disposable-vapes-in-hungary","17":"product_cat-disposable-vapes-in-ltaly","18":"product_cat-disposable-vapes-in-netherlands","19":"product_cat-disposable-vapes-in-norway","20":"product_cat-disposable-vapes-in-poland","21":"product_cat-disposable-vapes-in-portugal","22":"product_cat-disposable-vapes-in-spain","23":"product_cat-disposable-vapes-in-sweden","24":"product_cat-disposable-vapes-in-switzerland","25":"product_cat-rechargeable-vapes","26":"product_cat-shisha-hookah-vapes","28":"first","29":"instock","30":"shipping-taxable","31":"purchasable","32":"product-type-variable","33":"has-default-attributes"},"jetpack_sharing_enabled":true,"tiered_pricing_type":"fixed","tiered_pricing_fixed_rules":{"2000":5.38999999999999968025576890795491635799407958984375},"tiered_pricing_product_settings":{"layout":"default","base_unit_name":{"singular":null,"plural":null},"default_variation":null},"tiered_pricing_minimum_quantity":1000,"tiered_pricing_roles_data":[],"tiered_pricing_percentage_rules":[],"tiered_pricing_maximum_quantity":null,"tiered_pricing_quantity_step":"10","_links":{"self":[{"href":"https:\/\/volovape.com\/pl\/wp-json\/wp\/v2\/product\/358","targetHints":{"allow":["GET"]}}],"collection":[{"href":"https:\/\/volovape.com\/pl\/wp-json\/wp\/v2\/product"}],"about":[{"href":"https:\/\/volovape.com\/pl\/wp-json\/wp\/v2\/types\/product"}],"replies":[{"embeddable":true,"href":"https:\/\/volovape.com\/pl\/wp-json\/wp\/v2\/comments?post=358"}],"wp:featuredmedia":[{"embeddable":true,"href":"https:\/\/volovape.com\/pl\/wp-json\/wp\/v2\/media\/445"}],"wp:attachment":[{"href":"https:\/\/volovape.com\/pl\/wp-json\/wp\/v2\/media?parent=358"}],"wp:term":[{"taxonomy":"product_brand","embeddable":true,"href":"https:\/\/volovape.com\/pl\/wp-json\/wp\/v2\/product_brand?post=358"},{"taxonomy":"product_cat","embeddable":true,"href":"https:\/\/volovape.com\/pl\/wp-json\/wp\/v2\/product_cat?post=358"},{"taxonomy":"product_tag","embeddable":true,"href":"https:\/\/volovape.com\/pl\/wp-json\/wp\/v2\/product_tag?post=358"}],"curies":[{"name":"wp","href":"https:\/\/api.w.org\/{rel}","templated":true}]}}