{"id":357,"date":"2024-11-21T03:29:21","date_gmt":"2024-11-21T03:29:21","guid":{"rendered":"https:\/\/volovape.com\/?post_type=product&#038;p=357"},"modified":"2025-08-06T08:04:15","modified_gmt":"2025-08-06T08:04:15","slug":"mrvi-dragon-13000-buchow","status":"publish","type":"product","link":"https:\/\/volovape.com\/pl\/product\/mrvi-dragon-13000-puffs\/","title":{"rendered":"MRVI Dragon 13000 Puffs jednorazowe Vape - podw\u00f3jna siatka, podw\u00f3jny tryb, akumulator"},"content":{"rendered":"<p><strong>MRVI Dragon 13000 Puffs jednorazowe Vape<\/strong> - Konfigurowalny podw\u00f3jny tryb waporyzacji z podw\u00f3jn\u0105 precyzj\u0105 siatki.<\/p>\n<p>Ten <strong>MRVI Dragon 13000<\/strong> Jednorazowy waporyzator oferuje spersonalizowane wra\u017cenia z waporyzacji dzi\u0119ki funkcji podw\u00f3jnego trybu i technologii podw\u00f3jnej cewki siatkowej. Ciesz si\u0119 nawet <strong>13 000 zaci\u0105gni\u0119\u0107<\/strong> z hojnym <strong>Zbiornik e-liquidu o pojemno\u015bci 20 ml<\/strong> i <strong>Akumulator o pojemno\u015bci 650 mAh<\/strong>. The <strong>Zaawansowane cewki z podw\u00f3jn\u0105 siatk\u0105<\/strong> zapewniaj\u0105 niezmiennie g\u0142adk\u0105, bogat\u0105 i aromatyczn\u0105 par\u0119. Prze\u0142\u0105czanie mi\u0119dzy <strong>Tryb zwyk\u0142y<\/strong> dla sp\u00f3jnej wydajno\u015bci i <strong>Tryb impulsowy<\/strong> dla bardziej intensywnych wra\u017ce\u0144 z waporyzacji. Do wyboru <strong>Moc nikotyny 2% i 5%<\/strong> aby dopasowa\u0107 je do swoich preferencji. Z <strong>10 pysznych opcji smakowych<\/strong>MRVI Dragon 13000 jest idealny dla <strong>hurtownia vape jednorazowego u\u017cytku<\/strong>, <strong>zam\u00f3wienia zbiorcze<\/strong>, Lub <strong>u\u017cytek osobisty<\/strong>.<\/p>\n<h3><strong>MRVI Dragon 13000 Cechy:<\/strong><\/h3>\n<ul>\n<li>Puffy: Do 13 000 zaci\u0105gni\u0119\u0107<\/li>\n<li>Pojemno\u015b\u0107 e-liquidu: 20 ml<\/li>\n<li>Bateria: 650 mAh (akumulator)<\/li>\n<li>\u0141adowanie: Typ-C<\/li>\n<li>Cewka: Podw\u00f3jne cewki siatkowe<\/li>\n<li>Tryby: Tryb zwyk\u0142y, Tryb impulsowy<\/li>\n<li>Si\u0142a nikotyny: 2%, 5%<\/li>\n<li>Smaki: 10 unikalnych opcji<\/li>\n<li>Urz\u0105dzenie jednorazowego u\u017cytku<\/li>\n<\/ul>\n<h4>Cz\u0119sto zadawane pytania<\/h4>\n<h5>W jaki spos\u00f3b podw\u00f3jne tryby waporyzacji poprawiaj\u0105 wra\u017cenia u\u017cytkownika?<\/h5>\n<p>Funkcjonalno\u015b\u0107 dw\u00f3ch tryb\u00f3w umo\u017cliwia u\u017cytkownikom dostosowanie wra\u017ce\u0144 z waporyzacji. Tryb regularny zapewnia sta\u0142\u0105 moc wyj\u015bciow\u0105 dla p\u0142ynnego, stabilnego waporyzowania, podczas gdy tryb pulsacyjny zapewnia bardziej intensywne uderzenie dla tych, kt\u00f3rzy szukaj\u0105 mocniejszych wra\u017ce\u0144. Ta wszechstronno\u015b\u0107 zaspokaja r\u00f3\u017cne preferencje dotycz\u0105ce waporyzacji.<\/p>\n<h5>Jakie metody wysy\u0142ki s\u0105 stosowane?<\/h5>\n<p>Wsp\u00f3\u0142pracujemy z niezawodnymi przewo\u017anikami, takimi jak UPS, DHL, FedEx i DPD, aby zapewni\u0107 szybk\u0105 i bezpieczn\u0105 dostaw\u0119 zam\u00f3wienia. Najbardziej efektywna metoda wysy\u0142ki jest wybierana na podstawie lokalizacji klienta, aby zoptymalizowa\u0107 szybko\u015b\u0107 i niezawodno\u015b\u0107 dostawy.<\/p>\n<h5>Jak d\u0142ugo trwa dostawa mojego zam\u00f3wienia?<\/h5>\n<p>Dostawa trwa zazwyczaj od 7 do 15 dni roboczych. Prosimy jednak o uwzgl\u0119dnienie do 20 dni roboczych w przypadku \u015bwi\u0105t lub niekorzystnych warunk\u00f3w pogodowych, kt\u00f3re mog\u0105 spowodowa\u0107 niewielkie op\u00f3\u017anienia w dostawie.<\/p>\n<h5>Czy napotkam jakie\u015b problemy celne lub dodatkowe op\u0142aty?<\/h5>\n<p>Zajmujemy si\u0119 wszystkimi procedurami odprawy celnej, gwarantuj\u0105c p\u0142ynne i bezproblemowe do\u015bwiadczenie. Nie poniesiesz \u017cadnych dodatkowych podatk\u00f3w ani op\u0142at. Zapewniamy, \u017ce 100% naszych produkt\u00f3w pomy\u015blnie przejdzie odpraw\u0119 celn\u0105.<\/p>\n<h5>Czy zakupy w witrynie s\u0105 bezpieczne i niezawodne?<\/h5>\n<p>Tak, oferujemy bezpieczne transakcje PayPal z ochron\u0105 kupuj\u0105cego. Mo\u017cesz r\u00f3wnie\u017c zweryfikowa\u0107 nasz\u0105 niezawodno\u015b\u0107, sprawdzaj\u0105c opinie naszych klient\u00f3w na stronie <a href=\"https:\/\/www.trustpilot.com\/review\/volovape.com?utm_medium=trustbox&amp;utm_source=TrustBoxReviewCollector\">TrustPilot<\/a>, gdzie mo\u017cna znale\u017a\u0107 opinie zadowolonych klient\u00f3w.<\/p>","protected":false},"excerpt":{"rendered":"<p>MRVI Dragon 13000 Puffs umo\u017cliwia waporyzacj\u0119 z mo\u017cliwo\u015bci\u0105 personalizacji. Podw\u00f3jna siatka, podw\u00f3jny tryb, 20 ml, akumulator. Idealny do u\u017cytku osobistego lub hurtowego, oferuj\u0105cy doskona\u0142y smak i elastyczno\u015b\u0107.<\/p>","protected":false},"featured_media":435,"comment_status":"open","ping_status":"closed","template":"","meta":[],"product_brand":[],"product_cat":[55,56,21,18,39,20,23,24,22,25,26,27,28,29,30,31,32,33,34,35,36,40],"product_tag":[],"class_list":{"0":"post-357","1":"product","2":"type-product","3":"status-publish","4":"has-post-thumbnail","6":"product_cat-mrvi","7":"product_cat-14000-puffs-disposable-vape","8":"product_cat-big-puffs-vapes","9":"product_cat-different-puffs-of-disposable-vapes","10":"product_cat-digital-box-vapes","11":"product_cat-disposable-vape-types","12":"product_cat-disposable-vapes-in-austria","13":"product_cat-disposable-vapes-in-belgium","14":"product_cat-disposable-vapes-in-europe","15":"product_cat-disposable-vapes-in-france","16":"product_cat-disposable-vapes-in-germany","17":"product_cat-disposable-vapes-in-hungary","18":"product_cat-disposable-vapes-in-ltaly","19":"product_cat-disposable-vapes-in-netherlands","20":"product_cat-disposable-vapes-in-norway","21":"product_cat-disposable-vapes-in-poland","22":"product_cat-disposable-vapes-in-portugal","23":"product_cat-disposable-vapes-in-spain","24":"product_cat-disposable-vapes-in-sweden","25":"product_cat-disposable-vapes-in-switzerland","26":"product_cat-rechargeable-vapes","27":"product_cat-smart-screen-vapes","29":"first","30":"instock","31":"shipping-taxable","32":"purchasable","33":"product-type-variable","34":"has-default-attributes"},"jetpack_sharing_enabled":true,"tiered_pricing_type":"fixed","tiered_pricing_fixed_rules":{"2000":5.9900000000000002131628207280300557613372802734375},"tiered_pricing_product_settings":{"layout":"default","base_unit_name":{"singular":null,"plural":null},"default_variation":null},"tiered_pricing_minimum_quantity":1000,"tiered_pricing_roles_data":[],"tiered_pricing_percentage_rules":[],"tiered_pricing_maximum_quantity":null,"tiered_pricing_quantity_step":"10","_links":{"self":[{"href":"https:\/\/volovape.com\/pl\/wp-json\/wp\/v2\/product\/357","targetHints":{"allow":["GET"]}}],"collection":[{"href":"https:\/\/volovape.com\/pl\/wp-json\/wp\/v2\/product"}],"about":[{"href":"https:\/\/volovape.com\/pl\/wp-json\/wp\/v2\/types\/product"}],"replies":[{"embeddable":true,"href":"https:\/\/volovape.com\/pl\/wp-json\/wp\/v2\/comments?post=357"}],"wp:featuredmedia":[{"embeddable":true,"href":"https:\/\/volovape.com\/pl\/wp-json\/wp\/v2\/media\/435"}],"wp:attachment":[{"href":"https:\/\/volovape.com\/pl\/wp-json\/wp\/v2\/media?parent=357"}],"wp:term":[{"taxonomy":"product_brand","embeddable":true,"href":"https:\/\/volovape.com\/pl\/wp-json\/wp\/v2\/product_brand?post=357"},{"taxonomy":"product_cat","embeddable":true,"href":"https:\/\/volovape.com\/pl\/wp-json\/wp\/v2\/product_cat?post=357"},{"taxonomy":"product_tag","embeddable":true,"href":"https:\/\/volovape.com\/pl\/wp-json\/wp\/v2\/product_tag?post=357"}],"curies":[{"name":"wp","href":"https:\/\/api.w.org\/{rel}","templated":true}]}}