{"id":35613,"date":"2025-08-16T11:41:34","date_gmt":"2025-08-16T11:41:34","guid":{"rendered":"https:\/\/volovape.com\/?post_type=product&#038;p=35613"},"modified":"2026-04-14T05:57:10","modified_gmt":"2026-04-14T05:57:10","slug":"bang-king-twins-50000","status":"publish","type":"product","link":"https:\/\/volovape.com\/pl\/product\/bang-king-twins-50000\/","title":{"rendered":"Bang King Twins 50000 Puffs | podw\u00f3jny smak wy\u015bwietlacz LED jednorazowa sprzeda\u017c hurtowa vape"},"content":{"rendered":"<h2>Bang King Twins 50000 Puffs - przegl\u0105d i funkcje<\/h2>\n<p>Przygotuj si\u0119 na niezwyk\u0142e doznania z waporyzacji dzi\u0119ki <strong>Bang King Twins 50000 Puffs<\/strong> jednorazowy vape! Dzi\u0119ki pojemno\u015bci do 50 000 zaci\u0105gni\u0119\u0107 i podw\u00f3jnym smakom, urz\u0105dzenie to oferuje to, co najlepsze z obu \u015bwiat\u00f3w. Elegancka konstrukcja, cewki siatkowe i akumulator typu C sprawiaj\u0105, \u017ce jest to najlepszy wyb\u00f3r dla tych, kt\u00f3rzy pragn\u0105 intensywnych smak\u00f3w i d\u0142ugotrwa\u0142ej satysfakcji. Cechy <strong>Bang King Twins<\/strong> \u0142\u0105czy w sobie 56 ml e-liquidu (28 ml + 28 ml) i oferuje wiele opcji nikotyny, aby zaspokoi\u0107 wszystkie gusta i preferencje. Wyposa\u017cony w cyfrowy wy\u015bwietlacz LED, \u0142atwo jest \u015bledzi\u0107 swoje wra\u017cenia z waporyzacji i d\u0142u\u017cej cieszy\u0107 si\u0119 zabaw\u0105. Niezale\u017cnie od tego, czy jeste\u015b zapalonym waperem, czy dystrybutorem, kt\u00f3ry chce zaopatrywa\u0107 si\u0119 w produkty premium. <strong>Bang King Twins<\/strong> zapewnia ochron\u0119.<\/p>\n<h4>Specyfikacje<\/h4>\n<table>\n<tbody>\n<tr>\n<td><strong>Pojemno\u015b\u0107 zaci\u0105gni\u0119cia:<\/strong><\/td>\n<td>Do 50000 zaci\u0105gni\u0119\u0107<\/td>\n<\/tr>\n<tr>\n<td><strong>Pojemno\u015b\u0107 e-liquidu:<\/strong><\/td>\n<td>56 ml (28 ml + 28 ml)<\/td>\n<\/tr>\n<tr>\n<td><strong>Bateria:<\/strong><\/td>\n<td>650 mAh, akumulator typu C<\/td>\n<\/tr>\n<tr>\n<td><strong>Typ cewki:<\/strong><\/td>\n<td>Cewka siatkowa 1,0\u03a9<\/td>\n<\/tr>\n<tr>\n<td><strong>Opcje nikotynowe:<\/strong><\/td>\n<td>2%, 3%, 5%<\/td>\n<\/tr>\n<tr>\n<td><strong>Wy\u015bwietlacz:<\/strong><\/td>\n<td>Wy\u015bwietlacz cyfrowy LED<\/td>\n<\/tr>\n<tr>\n<td><strong>Projekt:<\/strong><\/td>\n<td>Stylowy, elegancki i ergonomiczny<\/td>\n<\/tr>\n<\/tbody>\n<\/table>\n<h4>Dost\u0119pne smaki<\/h4>\n<ul>\n<li>Love 66 &amp; Lemon Passion Fruit<\/li>\n<li>Brzoskwinia Guawa Truskawka &amp; Winogrono Sakura<\/li>\n<li>Strawberry Banana &amp; Heisenberg<\/li>\n<li>Blue Razz Ice &amp; Blue Razz Cherry<\/li>\n<li>Arbuz truskawkowy i lody truskawkowe<\/li>\n<li>Arbuzowy l\u00f3d i arbuzowy Hubba Bubba<\/li>\n<li>Podw\u00f3jna limonka i lodowy aloes<\/li>\n<li>Mix Berry &amp; Strawberry Kiwi<\/li>\n<li>Super Cool Lychee &amp; Pink Man<\/li>\n<li>Sok brzoskwiniowy z lodem i truskawka z mango<\/li>\n<li>Cola Lemon &amp; Strawberry Skittles<\/li>\n<li>Brzoskwinia Mango Arbuz &amp; Niebieska Wi\u015bnia Razz<\/li>\n<\/ul>\n<h4>Dlaczego warto wybra\u0107 Bang King Twins 50000 Puffs?<\/h4>\n<ul>\n<li><strong>D\u0142ugotrwa\u0142e dzia\u0142anie:<\/strong> 50 000 zaci\u0105gni\u0119\u0107 zapewniaj\u0105cych nieprzerwan\u0105 przyjemno\u015b\u0107<\/li>\n<li><strong>Podw\u00f3jne doznania smakowe:<\/strong> Ciesz si\u0119 dwoma unikalnymi smakami z ka\u017cdym zaci\u0105gni\u0119ciem<\/li>\n<li><strong>Wygoda \u0142adowania:<\/strong> \u0141adowanie typu C zapewnia, \u017ce zawsze jeste\u015b gotowy do pracy<\/li>\n<li><strong>Wysokiej jako\u015bci cewki siatkowe:<\/strong> P\u0142ynniejsze uderzenia i lepszy smak<\/li>\n<li><strong>Szeroki wyb\u00f3r nikotyny:<\/strong> Do wyboru s\u0105 wersje o mocy nikotyny 2%, 3% lub 5%.<\/li>\n<li><strong>Wy\u015bwietlacz cyfrowy LED:<\/strong> \u015aled\u017a swoje post\u0119py w waporyzacji<\/li>\n<li><strong>Idealny do dystrybucji:<\/strong> Idealny dla hurtowni i sklep\u00f3w vape<\/li>\n<\/ul>\n<p>Ten <strong>Bang King Twins 50000 Puffs<\/strong> to najlepszy wyb\u00f3r dla sklep\u00f3w vape i dystrybutor\u00f3w hurtowych, kt\u00f3rzy chc\u0105 oferowa\u0107 wysokiej jako\u015bci, trwa\u0142y produkt. Dzi\u0119ki dw\u00f3m smakom, akumulatorowi i technologii cewki siatkowej, jest przeznaczony zar\u00f3wno dla ci\u0119\u017ckich vaper\u00f3w, jak i poszukiwaczy smak\u00f3w. Zaopatrz si\u0119 ju\u017c teraz i zaoferuj swoim klientom najwy\u017cszej jako\u015bci doznania z waporyzacji, kt\u00f3re pokochaj\u0105!<\/p>\n<p><img decoding=\"async\" class=\"alignnone wp-image-35622 size-full\" src=\"https:\/\/volovape.com\/wp-content\/uploads\/2025\/08\/Bang-King-Twins-50000-flavor-chart.avif\" alt=\"\" title=\"\"><\/p>\n<p><img data-recalc-dims=\"1\" loading=\"lazy\" decoding=\"async\" class=\"alignnone wp-image-35632 size-full\" src=\"https:\/\/i0.wp.com\/volovape.com\/wp-content\/uploads\/2025\/08\/imgi_2_Bang_King_Twins_50K_11.webp?resize=800%2C800&#038;ssl=1\" alt=\"\" width=\"800\" height=\"800\" title=\"\" srcset=\"https:\/\/i0.wp.com\/volovape.com\/wp-content\/uploads\/2025\/08\/imgi_2_Bang_King_Twins_50K_11.webp?w=800&amp;ssl=1 800w, https:\/\/i0.wp.com\/volovape.com\/wp-content\/uploads\/2025\/08\/imgi_2_Bang_King_Twins_50K_11.webp?resize=300%2C300&amp;ssl=1 300w, https:\/\/i0.wp.com\/volovape.com\/wp-content\/uploads\/2025\/08\/imgi_2_Bang_King_Twins_50K_11.webp?resize=150%2C150&amp;ssl=1 150w, https:\/\/i0.wp.com\/volovape.com\/wp-content\/uploads\/2025\/08\/imgi_2_Bang_King_Twins_50K_11.webp?resize=768%2C768&amp;ssl=1 768w, https:\/\/i0.wp.com\/volovape.com\/wp-content\/uploads\/2025\/08\/imgi_2_Bang_King_Twins_50K_11.webp?resize=12%2C12&amp;ssl=1 12w, https:\/\/i0.wp.com\/volovape.com\/wp-content\/uploads\/2025\/08\/imgi_2_Bang_King_Twins_50K_11.webp?resize=510%2C510&amp;ssl=1 510w, https:\/\/i0.wp.com\/volovape.com\/wp-content\/uploads\/2025\/08\/imgi_2_Bang_King_Twins_50K_11.webp?resize=100%2C100&amp;ssl=1 100w, https:\/\/i0.wp.com\/volovape.com\/wp-content\/uploads\/2025\/08\/imgi_2_Bang_King_Twins_50K_11.webp?resize=50%2C50&amp;ssl=1 50w\" sizes=\"auto, (max-width: 800px) 100vw, 800px\" \/><\/p>","protected":false},"excerpt":{"rendered":"<p>Odkryj jednorazowy waporyzator Bang King Twins 50000 Puffs z dwoma smakami, cewkami siatkowymi, 56 ml e-liquidu i akumulatorem typu C. Idealny dla entuzjast\u00f3w smak\u00f3w i nabywc\u00f3w hurtowych!<\/p>","protected":false},"featured_media":35672,"comment_status":"open","ping_status":"closed","template":"","meta":[],"product_brand":[227],"product_cat":[61,230],"product_tag":[],"class_list":{"0":"post-35613","1":"product","2":"type-product","3":"status-publish","4":"has-post-thumbnail","6":"product_brand-bang","7":"product_cat-bang","8":"product_cat-new","10":"first","11":"instock","12":"shipping-taxable","13":"purchasable","14":"product-type-variable","15":"has-default-attributes"},"jetpack_sharing_enabled":true,"tiered_pricing_type":"fixed","tiered_pricing_fixed_rules":{"30":7.29999999999999982236431605997495353221893310546875,"50":6.0999999999999996447286321199499070644378662109375,"100":5.4000000000000003552713678800500929355621337890625,"200":4.9900000000000002131628207280300557613372802734375,"400":4.37999999999999989341858963598497211933135986328125},"tiered_pricing_product_settings":{"layout":"default","base_unit_name":{"singular":null,"plural":null},"default_variation":null},"tiered_pricing_minimum_quantity":10,"tiered_pricing_roles_data":[],"tiered_pricing_percentage_rules":[],"tiered_pricing_maximum_quantity":null,"tiered_pricing_quantity_step":"10","_links":{"self":[{"href":"https:\/\/volovape.com\/pl\/wp-json\/wp\/v2\/product\/35613","targetHints":{"allow":["GET"]}}],"collection":[{"href":"https:\/\/volovape.com\/pl\/wp-json\/wp\/v2\/product"}],"about":[{"href":"https:\/\/volovape.com\/pl\/wp-json\/wp\/v2\/types\/product"}],"replies":[{"embeddable":true,"href":"https:\/\/volovape.com\/pl\/wp-json\/wp\/v2\/comments?post=35613"}],"wp:featuredmedia":[{"embeddable":true,"href":"https:\/\/volovape.com\/pl\/wp-json\/wp\/v2\/media\/35672"}],"wp:attachment":[{"href":"https:\/\/volovape.com\/pl\/wp-json\/wp\/v2\/media?parent=35613"}],"wp:term":[{"taxonomy":"product_brand","embeddable":true,"href":"https:\/\/volovape.com\/pl\/wp-json\/wp\/v2\/product_brand?post=35613"},{"taxonomy":"product_cat","embeddable":true,"href":"https:\/\/volovape.com\/pl\/wp-json\/wp\/v2\/product_cat?post=35613"},{"taxonomy":"product_tag","embeddable":true,"href":"https:\/\/volovape.com\/pl\/wp-json\/wp\/v2\/product_tag?post=35613"}],"curies":[{"name":"wp","href":"https:\/\/api.w.org\/{rel}","templated":true}]}}