{"id":34627,"date":"2025-08-16T11:41:20","date_gmt":"2025-08-16T11:41:20","guid":{"rendered":"https:\/\/volovape.com\/?post_type=product&#038;p=34627"},"modified":"2026-05-06T12:42:57","modified_gmt":"2026-05-06T12:42:57","slug":"waspe-100000puffs-4-w-1","status":"publish","type":"product","link":"https:\/\/volovape.com\/pl\/product\/waspe-100000puffs-4-in-1\/","title":{"rendered":"WASPE 4-w-1 Flavor 100K Puffs | 100,000 puff jednorazowy vape z 4 smakami i hurtow\u0105 sprzeda\u017c\u0105 hurtow\u0105"},"content":{"rendered":"<h3>Dlaczego warto wybra\u0107 WASPE 4in1 Flavor 100000 Puffs?<\/h3>\n<ul>\n<li>System prze\u0142\u0105czania smak\u00f3w 4 w 1: Ciesz si\u0119 czterema r\u00f3\u017cnymi smakami w jednym urz\u0105dzeniu bez konieczno\u015bci wymiany kapsu\u0142ek.<\/li>\n<li>Pojemno\u015b\u0107 100 000 zaci\u0105gni\u0119\u0107: Zaprojektowany z my\u015bl\u0105 o d\u0142u\u017cszym u\u017cytkowaniu, zapewniaj\u0105c d\u0142ugotrwa\u0142e doznania podczas waporyzacji.<\/li>\n<li>Akumulator o pojemno\u015bci 650 mAh: Szybkie i wydajne \u0142adowanie za pomoc\u0105 Type-C dla wygody.<\/li>\n<li>Cewki Quad Mesh: Wytwarza g\u0142adk\u0105 par\u0119 i bogaty smak przy ka\u017cdym zaci\u0105gni\u0119ciu.<\/li>\n<li>Pojemno\u015b\u0107 56 ml e-liquidu: D\u0142u\u017csze wapowanie przy mniejszej liczbie uzupe\u0142nie\u0144.<\/li>\n<li>Idealny do sprzeda\u017cy hurtowej: Kompaktowy i trwa\u0142y, zaprojektowany do zam\u00f3wie\u0144 hurtowych, z elastycznymi opcjami smakowymi.<\/li>\n<\/ul>\n<p>Ten waporyzator jest idealny dla intensywnych u\u017cytkownik\u00f3w i poszukiwaczy smak\u00f3w, oferuj\u0105c wszystko, czego potrzebujesz w jednym eleganckim urz\u0105dzeniu. Idealny dla sklep\u00f3w vape, dystrybutor\u00f3w i zam\u00f3wie\u0144 hurtowych, WASPE 4in1 Flavor 100000 Puffs zapewnia niezr\u00f3wnan\u0105 r\u00f3\u017cnorodno\u015b\u0107, niezawodno\u015b\u0107 i wydajno\u015b\u0107. Zam\u00f3w hurtowo i ciesz si\u0119 obni\u017conymi cenami!<\/p>\n<h3>WASPE 4in1 Flavor 100000 Puffs | Przegl\u0105d i funkcje<\/h3>\n<p>WASPE 4in1 Flavor 100000 Puffs zosta\u0142 zaprojektowany z my\u015bl\u0105 o zapewnieniu najlepszych wra\u017ce\u0144 z waporyzacji. Dzi\u0119ki mo\u017cliwo\u015bci prze\u0142\u0105czania mi\u0119dzy czterema wst\u0119pnie nape\u0142nionymi smakami, akumulatorowi 650 mAh i ogromnej liczbie 100 000 zaci\u0105gni\u0119\u0107, urz\u0105dzenie to jest idealne dla tych, kt\u00f3rzy pragn\u0105 r\u00f3\u017cnorodno\u015bci i d\u0142ugotrwa\u0142ej wydajno\u015bci. Niezale\u017cnie od tego, czy jeste\u015b entuzjast\u0105 smak\u00f3w, czy intensywnym waperem, WASPE 4in1 Flavor to idealny wyb\u00f3r dla tych, kt\u00f3rzy wymagaj\u0105 jako\u015bci i wygody. Dost\u0119pny dla hurtowych zam\u00f3wie\u0144 hurtowych w Gleevape, zaufanym europejskim dostawcy vape o niskiej zawarto\u015bci nikotyny. \ud83d\udd25\ud83d\udca8<\/p>\n<h3>Specyfikacja:<\/h3>\n<table>\n<tbody>\n<tr>\n<th>Cecha<\/th>\n<th>Szczeg\u00f3\u0142y<\/th>\n<\/tr>\n<tr>\n<td>Pojemno\u015b\u0107 zaci\u0105gni\u0119cia<\/td>\n<td>100 000 zaci\u0105gni\u0119\u0107<\/td>\n<\/tr>\n<tr>\n<td>Pojemno\u015b\u0107 e-liquidu<\/td>\n<td>56 ml<\/td>\n<\/tr>\n<tr>\n<td>Bateria<\/td>\n<td>Akumulator 650 mAh, typ C<\/td>\n<\/tr>\n<tr>\n<td>Typ cewki<\/td>\n<td>1.0\u03a9 Quad Mesh<\/td>\n<\/tr>\n<tr>\n<td>Opcje nikotynowe<\/td>\n<td>0%, 2%, 5%<\/td>\n<\/tr>\n<tr>\n<td>Port \u0142adowania<\/td>\n<td>Typ-C<\/td>\n<\/tr>\n<tr>\n<td>Rozmiar produktu<\/td>\n<td>47 \u00d7 47 \u00d7 118 mm<\/td>\n<\/tr>\n<tr>\n<td>Waga urz\u0105dzenia<\/td>\n<td>142g<\/td>\n<\/tr>\n<\/tbody>\n<\/table>\n<h3>Smaki w magazynie:<\/h3>\n<p>Watermelon Ice &amp; Strawberry Kiwi &amp; Raspberry Watermelon &amp; Lemon Lime<\/p>\n<p>Truskawkowy arbuz &amp; Pan Niebieski &amp; L\u00f3d winogronowy &amp; T\u0119czowe cukierki<\/p>\n<p>Red Bull Ice &amp; Banana Ice &amp; Pineapple Coconut Ice &amp; Triple Mango Ice<\/p>\n<p>Strawberry Raspberry Cherry &amp; Crazy Cherry Ice &amp; Blue Cherry Ice &amp; Cola Ice<\/p>\n<p>Strawberry Banana &amp; Strawberry Red Bull &amp; Strawberry Mango &amp; Pink Lemonade<\/p>\n<p>Blueberry Ice &amp; Black Knight &amp; Strawberry Ice &amp; Strawberry Watermelon<\/p>\n<p>Cherry Cola Ice &amp; Strawberry Cherry Ice &amp; Strawberry Cola Ice &amp; Strawberry Watermelon Bubblegum<\/p>\n<p>Juicy Peach Ice &amp; Tropical Fruit &amp; Fruit Blast &amp; Peach Berry<\/p>\n<p>Grape Ice &amp; Strawberry Kiwi &amp; Strawberry Raspberry Cherry &amp; Black Knight<\/p>\n<p>Mieszane jagody i podw\u00f3jne jab\u0142ko z lodem i jagodami z malinami i jagodami z miodem<\/p>\n<p>Strawberry Red Bull &amp; Strawberry Watermelon Bubblegum &amp; Red Bull Ice &amp; Cherry Cola Ice<\/p>\n<p>Malina z jagodami &amp; Lemoniada z jagodami &amp; Mieszane jagody &amp; L\u00f3d miodowo-winogronowy<\/p>","protected":false},"excerpt":{"rendered":"<p>Odkryj jednorazowy waporyzator WASPE 4in1 Flavor 100000 Puffs. Wyposa\u017cony w 4 prze\u0142\u0105czane smaki, ogromn\u0105 pojemno\u015b\u0107 100 000 zaci\u0105gni\u0119\u0107 i mo\u017cliwo\u015b\u0107 \u0142adowania w celu zapewnienia d\u0142ugotrwa\u0142ej wydajno\u015bci. Idealny do zakup\u00f3w hurtowych!<\/p>","protected":false},"featured_media":35714,"comment_status":"open","ping_status":"closed","template":"","meta":[],"product_brand":[245],"product_cat":[17,249,230],"product_tag":[],"class_list":{"0":"post-34627","1":"product","2":"type-product","3":"status-publish","4":"has-post-thumbnail","6":"product_brand-waspe","7":"product_cat-waspe","8":"product_cat-100k-puffs-disposable-vape","9":"product_cat-new","11":"first","12":"instock","13":"shipping-taxable","14":"purchasable","15":"product-type-variable","16":"has-default-attributes"},"jetpack_sharing_enabled":true,"tiered_pricing_type":"fixed","tiered_pricing_fixed_rules":{"30":9.6300000000000007815970093361102044582366943359375,"50":7.9000000000000003552713678800500929355621337890625,"100":7.6500000000000003552713678800500929355621337890625,"200":6.9900000000000002131628207280300557613372802734375,"400":6.54000000000000003552713678800500929355621337890625},"tiered_pricing_product_settings":{"layout":"default","base_unit_name":{"singular":null,"plural":null},"default_variation":null},"tiered_pricing_minimum_quantity":10,"tiered_pricing_roles_data":[],"tiered_pricing_percentage_rules":[],"tiered_pricing_maximum_quantity":null,"tiered_pricing_quantity_step":"10","_links":{"self":[{"href":"https:\/\/volovape.com\/pl\/wp-json\/wp\/v2\/product\/34627","targetHints":{"allow":["GET"]}}],"collection":[{"href":"https:\/\/volovape.com\/pl\/wp-json\/wp\/v2\/product"}],"about":[{"href":"https:\/\/volovape.com\/pl\/wp-json\/wp\/v2\/types\/product"}],"replies":[{"embeddable":true,"href":"https:\/\/volovape.com\/pl\/wp-json\/wp\/v2\/comments?post=34627"}],"wp:featuredmedia":[{"embeddable":true,"href":"https:\/\/volovape.com\/pl\/wp-json\/wp\/v2\/media\/35714"}],"wp:attachment":[{"href":"https:\/\/volovape.com\/pl\/wp-json\/wp\/v2\/media?parent=34627"}],"wp:term":[{"taxonomy":"product_brand","embeddable":true,"href":"https:\/\/volovape.com\/pl\/wp-json\/wp\/v2\/product_brand?post=34627"},{"taxonomy":"product_cat","embeddable":true,"href":"https:\/\/volovape.com\/pl\/wp-json\/wp\/v2\/product_cat?post=34627"},{"taxonomy":"product_tag","embeddable":true,"href":"https:\/\/volovape.com\/pl\/wp-json\/wp\/v2\/product_tag?post=34627"}],"curies":[{"name":"wp","href":"https:\/\/api.w.org\/{rel}","templated":true}]}}