{"id":34425,"date":"2025-07-27T04:55:40","date_gmt":"2025-07-27T04:55:40","guid":{"rendered":"https:\/\/volovape.com\/?post_type=product&#038;p=34425"},"modified":"2025-10-16T07:29:52","modified_gmt":"2025-10-16T07:29:52","slug":"bang-de-60k","status":"publish","type":"product","link":"https:\/\/volovape.com\/pl\/product\/bang-de-60k\/","title":{"rendered":"Bang DE 60K | prze\u0142\u0105cznik smaku 3 w 1 60000 zaci\u0105gni\u0119\u0107 jednorazowa sprzeda\u017c hurtowa vape"},"content":{"rendered":"<h3>Dlaczego warto wybra\u0107 Bang DE 60K?<\/h3>\n<ul>\n<li>\ud83c\udf00 <strong>Tryb smaku 3 w 1<\/strong> - Prze\u0142\u0105czanie mi\u0119dzy komor\u0105 A, B lub trybem combo za pomoc\u0105 jednego urz\u0105dzenia.<\/li>\n<li>\ud83d\udd25 <strong>60,000 Pojemno\u015b\u0107 zaci\u0105gni\u0119cia<\/strong> - Stworzony z my\u015bl\u0105 o d\u0142ugotrwa\u0142ej satysfakcji.<\/li>\n<li>\ud83d\udd0b <strong>Akumulator 850mAh<\/strong> - Obs\u0142uga szybkiego \u0142adowania typu C.<\/li>\n<li>\ud83e\udde0 <strong>Inteligentny wy\u015bwietlacz zasilania i oleju<\/strong> - Nigdy wi\u0119cej nie zgaduj poziomu na\u0142adowania lub e-liquidu.<\/li>\n<li>\ud83e\ude84 <strong>Technologia podw\u00f3jnej cewki<\/strong> - G\u0142adki, bogaty smak w ka\u017cdym zaci\u0105gni\u0119ciu.<\/li>\n<li>\ud83d\udce6 <strong>Idealny do zastosowa\u0144 masowych<\/strong> - Zaprojektowany z my\u015bl\u0105 o odsprzedawcach i hurtownikach.<\/li>\n<li>\ud83c\udfaf <strong>R\u00f3\u017cne st\u0119\u017cenia nikotyny<\/strong> - Od beznikotynowego do 5%, ka\u017cdy u\u017cytkownik jest obj\u0119ty ochron\u0105.<\/li>\n<\/ul>\n<p>Niezale\u017cnie od tego, czy jeste\u015b intensywnym u\u017cytkownikiem poszukuj\u0105cym niezawodnego codziennego waporyzatora, czy te\u017c sklepem z waporyzatorami zaopatruj\u0105cym si\u0119 w produkty premium o wysokiej mar\u017cy - <strong>Bang DE 60K<\/strong> dostarcza na wszystkich frontach. Dzi\u0119ki najnowocze\u015bniejszym funkcjom, najwy\u017cszej jako\u015bci opcjom smakowym i eleganckiemu wy\u015bwietlaczowi, jest to oczywiste zar\u00f3wno dla klient\u00f3w detalicznych, jak i hurtowych. \ud83d\udcbc\ud83d\udca8<\/p>\n<h2>Potr\u00f3jny smak. Podw\u00f3jna cewka. Jedno epickie urz\u0105dzenie - poznaj Bang DE 60K!<\/h2>\n<p>Przenie\u015b swoj\u0105 gr\u0119 vape na wy\u017cszy poziom dzi\u0119ki <strong>Bang DE 60K<\/strong> - Pot\u0119\u017cny jednorazowy produkt przeznaczony dla powa\u017cnych palaczy i do\u015bwiadczonych sprzedawc\u00f3w detalicznych. Z wydajno\u015bci\u0105 do <strong>60 000 zaci\u0105gni\u0119\u0107<\/strong>, <strong>Prze\u0142\u0105czanie smak\u00f3w 3 w 1<\/strong>Dzi\u0119ki inteligentnym wska\u017anikom zar\u00f3wno oleju, jak i baterii, to urz\u0105dzenie jest besti\u0105 pod wzgl\u0119dem wydajno\u015bci i pi\u0119kna pod wzgl\u0119dem wzornictwa. Niezale\u017cnie od tego, czy jeste\u015b poszukiwaczem smaku, czy zaopatrujesz swoje p\u00f3\u0142ki, jest to urz\u0105dzenie, kt\u00f3re nie przestaje dawa\u0107. \ud83d\udd04\ud83d\udd25<\/p>\n<h3>Specyfikacje<\/h3>\n<table>\n<tbody>\n<tr>\n<td><strong>Pojemno\u015b\u0107 zaci\u0105gni\u0119cia<\/strong><\/td>\n<td>Do 60 000 zaci\u0105gni\u0119\u0107<\/td>\n<\/tr>\n<tr>\n<td><strong>Pojemno\u015b\u0107 e-liquidu<\/strong><\/td>\n<td>Nie okre\u015blono<\/td>\n<\/tr>\n<tr>\n<td><strong>Bateria<\/strong><\/td>\n<td>Akumulator 850 mAh (typ C)<\/td>\n<\/tr>\n<tr>\n<td><strong>Typ cewki<\/strong><\/td>\n<td>Podw\u00f3jna cewka<\/td>\n<\/tr>\n<tr>\n<td><strong>Opcje nikotynowe<\/strong><\/td>\n<td>0%, 2%, 3%, 5%<\/td>\n<\/tr>\n<tr>\n<td><strong>Wy\u015bwietlacz<\/strong><\/td>\n<td>Inteligentny wska\u017anik zasilania i oleju<\/td>\n<\/tr>\n<tr>\n<td><strong>Projekt<\/strong><\/td>\n<td>Elegancka obudowa z wy\u015bwietlaczem LED<\/td>\n<\/tr>\n<\/tbody>\n<\/table>\n<h3>Kombinacje smak\u00f3w<\/h3>\n<table>\n<tbody>\n<tr>\n<th>Komora A<\/th>\n<th>Komora B<\/th>\n<\/tr>\n<tr>\n<td>L\u00f3d arbuzowy<\/td>\n<td>Bor\u00f3wka Mi\u0119ta<\/td>\n<\/tr>\n<tr>\n<td>L\u00f3d arbuzowy<\/td>\n<td>Blueberry Cherry<\/td>\n<\/tr>\n<tr>\n<td>L\u00f3d jagodowy<\/td>\n<td>Brzoskwinia, mango i arbuz<\/td>\n<\/tr>\n<tr>\n<td>L\u00f3d jagodowy<\/td>\n<td>Brzoskwiniowy l\u00f3d<\/td>\n<\/tr>\n<tr>\n<td>Bor\u00f3wka Malina<\/td>\n<td>Mieszane jagody<\/td>\n<\/tr>\n<tr>\n<td>Bor\u00f3wka Malina<\/td>\n<td>L\u00f3d winogronowy<\/td>\n<\/tr>\n<tr>\n<td>Czerwony Byk<\/td>\n<td>Truskawka Banan<\/td>\n<\/tr>\n<tr>\n<td>Czerwony Byk<\/td>\n<td>Bor\u00f3wka Arbuz<\/td>\n<\/tr>\n<tr>\n<td>Truskawka Mango<\/td>\n<td>Guma balonowa o smaku arbuza<\/td>\n<\/tr>\n<tr>\n<td>Truskawka Mango<\/td>\n<td>Truskawka Kiwi<\/td>\n<\/tr>\n<tr>\n<td>Truskawka Arbuz<\/td>\n<td>Czarny Smok L\u00f3d<\/td>\n<\/tr>\n<tr>\n<td>Truskawka Arbuz<\/td>\n<td>Kiwi, Marakuja, Guawa<\/td>\n<\/tr>\n<\/tbody>\n<\/table>\n<h2>Najcz\u0119\u015bciej zadawane pytania dotycz\u0105ce jednorazowych urz\u0105dze\u0144 Vape Bang DE 60K 3 w 1<\/h2>\n<p><strong>P1: Jak go u\u017cywa\u0107? Czy jest jaki\u015b przycisk?<\/strong><br \/>\nO: \u017badne przyciski nie s\u0105 potrzebne! To <strong>aktywacja losowania<\/strong>wi\u0119c po prostu wdychaj i wapuj.<\/p>\n<p><strong>Q2: Co oznacza \"3 w 1\"?<\/strong><br \/>\nO: Oznacza to, \u017ce urz\u0105dzenie ma <strong>trzy opcje smakowe<\/strong>: Smak A, Smak B i po\u0142\u0105czenie obu. Mo\u017cesz \u0142atwo prze\u0142\u0105cza\u0107 si\u0119 mi\u0119dzy nimi w dowolnym momencie.<\/p>\n<p><strong>P3: Jak prze\u0142\u0105cza\u0107 si\u0119 mi\u0119dzy smakami?<\/strong><br \/>\nO: Wystarczy u\u017cy\u0107 wbudowanego <strong>prze\u0142\u0105cznik smaku<\/strong> aby wybra\u0107 smak A, smak B lub oba zmieszane razem.<\/p>\n<p><strong>P4: Czy mog\u0119 go na\u0142adowa\u0107?<\/strong><br \/>\nTak! Posiada wbudowany <strong>Akumulator 850 mAh<\/strong> i <strong>Port \u0142adowania typu C<\/strong> dla szybkiego i \u0142atwego \u0142adowania.<\/p>\n<p><strong>P5: Jak mog\u0119 sprawdzi\u0107 stan baterii lub liczb\u0119 zaci\u0105gni\u0119\u0107?<\/strong><br \/>\nO: Inteligentny <strong>Ekran LED<\/strong> pokazuje poziom na\u0142adowania baterii i liczb\u0119 zaci\u0105gni\u0119\u0107.<\/p>\n<p><strong>P6: Ile zaci\u0105gni\u0119\u0107 daje Bang DE 60K?<\/strong><br \/>\nO: Mo\u017cesz cieszy\u0107 si\u0119 do <strong>60 000 zaci\u0105gni\u0119\u0107<\/strong> \u0142\u0105cznie. Mo\u017cesz wybra\u0107 smaki z komory A, komory B lub wymiesza\u0107 oba, aby uzyska\u0107 po\u0142\u0105czony smak.<\/p>\n<p><strong>P7: Ile e-liquidu znajduje si\u0119 w \u015brodku?<\/strong><br \/>\nO: Posiada <strong>60 ml<\/strong> e-liquidu, podzielonego mi\u0119dzy dwie komory smakowe.<\/p>\n<p><strong>P8: Czy zawiera nikotyn\u0119?<\/strong><br \/>\nTak. Mo\u017cesz wybra\u0107 spo\u015br\u00f3d <strong>0%, 2%, 3% lub 5% nikotyna<\/strong>w zale\u017cno\u015bci od preferencji.<\/p>\n<p><strong>P9: Jaki rodzaj cewki znajduje si\u0119 w \u015brodku?<\/strong><br \/>\nO: U\u017cywa <strong>Wysokiej jako\u015bci cewka siatkowa<\/strong> dla p\u0142ynniejszych uderze\u0144 i pe\u0142nego smaku przy ka\u017cdym zaci\u0105gni\u0119ciu.<\/p>\n<p><strong>Q10: Czy mog\u0119 ponownie nape\u0142ni\u0107 go wi\u0119ksz\u0105 ilo\u015bci\u0105 e-liquidu?<\/strong><br \/>\nO: Nie, to jest <strong>jednorazowe vape<\/strong>. Gdy sko\u0144czy si\u0119 e-liquid, wystarczy wymieni\u0107 ca\u0142e urz\u0105dzenie.<\/p>","protected":false},"excerpt":{"rendered":"<p>Kup jednorazowy waporyzator Bang DE 60K z technologi\u0105 smakow\u0105 3 w 1, 60 000 zaci\u0105gni\u0119\u0107 i inteligentnymi wska\u017anikami - idealny do sprzeda\u017cy hurtowej.<\/p>","protected":false},"featured_media":34455,"comment_status":"open","ping_status":"closed","template":"","meta":[],"product_brand":[227],"product_cat":[61],"product_tag":[],"class_list":{"0":"post-34425","1":"product","2":"type-product","3":"status-publish","4":"has-post-thumbnail","6":"product_brand-bang","7":"product_cat-bang","9":"first","10":"instock","11":"shipping-taxable","12":"purchasable","13":"product-type-variable","14":"has-default-attributes"},"jetpack_sharing_enabled":true,"tiered_pricing_type":"fixed","tiered_pricing_fixed_rules":{"2000":4.5},"tiered_pricing_product_settings":{"layout":"default","base_unit_name":{"singular":null,"plural":null},"default_variation":null},"tiered_pricing_minimum_quantity":1000,"tiered_pricing_roles_data":[],"tiered_pricing_percentage_rules":[],"tiered_pricing_maximum_quantity":null,"tiered_pricing_quantity_step":"10","_links":{"self":[{"href":"https:\/\/volovape.com\/pl\/wp-json\/wp\/v2\/product\/34425","targetHints":{"allow":["GET"]}}],"collection":[{"href":"https:\/\/volovape.com\/pl\/wp-json\/wp\/v2\/product"}],"about":[{"href":"https:\/\/volovape.com\/pl\/wp-json\/wp\/v2\/types\/product"}],"replies":[{"embeddable":true,"href":"https:\/\/volovape.com\/pl\/wp-json\/wp\/v2\/comments?post=34425"}],"wp:featuredmedia":[{"embeddable":true,"href":"https:\/\/volovape.com\/pl\/wp-json\/wp\/v2\/media\/34455"}],"wp:attachment":[{"href":"https:\/\/volovape.com\/pl\/wp-json\/wp\/v2\/media?parent=34425"}],"wp:term":[{"taxonomy":"product_brand","embeddable":true,"href":"https:\/\/volovape.com\/pl\/wp-json\/wp\/v2\/product_brand?post=34425"},{"taxonomy":"product_cat","embeddable":true,"href":"https:\/\/volovape.com\/pl\/wp-json\/wp\/v2\/product_cat?post=34425"},{"taxonomy":"product_tag","embeddable":true,"href":"https:\/\/volovape.com\/pl\/wp-json\/wp\/v2\/product_tag?post=34425"}],"curies":[{"name":"wp","href":"https:\/\/api.w.org\/{rel}","templated":true}]}}