{"id":34356,"date":"2025-07-27T04:21:56","date_gmt":"2025-07-27T04:21:56","guid":{"rendered":"https:\/\/volovape.com\/?post_type=product&#038;p=34356"},"modified":"2025-10-16T07:27:33","modified_gmt":"2025-10-16T07:27:33","slug":"bang-de-80000","status":"publish","type":"product","link":"https:\/\/volovape.com\/pl\/product\/bang-de-80000\/","title":{"rendered":"Bang DE 80K Triple Flavor 80000 Puffs | jednorazowy vape o regulowanym smaku z wy\u015bwietlaczem LCD i cewkami z potr\u00f3jn\u0105 siatk\u0105"},"content":{"rendered":"<h3>Dlaczego warto wybra\u0107 Bang DE 80000?<\/h3>\n<ul>\n<li>\ud83c\udf00 <strong>System potr\u00f3jnego smaku<\/strong> pozwala zmienia\u0107 smaki w dowolnym momencie, zapewniaj\u0105c nieprzerwan\u0105 ekscytacj\u0119<\/li>\n<li>\ud83d\udca8 <strong>Ogromna pojemno\u015b\u0107 80000 puff\u00f3w<\/strong> - Idealny do d\u0142ugotrwa\u0142ego u\u017cytkowania<\/li>\n<li>\ud83d\udd0b <strong>Akumulator 650 mAh<\/strong> z szybkim \u0142adowaniem typu C<\/li>\n<li>\ud83d\udc40 <strong>Inteligentny wy\u015bwietlacz LCD<\/strong> Pokazuje poziom e-cieczy i baterii w czasie rzeczywistym<\/li>\n<li>\ud83d\udd25 <strong>Potr\u00f3jne zwoje siatki 1,0\u03a9<\/strong> dla ultra g\u0142adkiego smaku i produkcji pary<\/li>\n<li>\ud83d\udcbc <strong>Opakowanie gotowe do sprzeda\u017cy hurtowej<\/strong> - 10 sztuk w opakowaniu<\/li>\n<li>\ud83c\udf08 <strong>12 opcji kombinacji smakowych<\/strong> dla niezr\u00f3wnanej r\u00f3\u017cnorodno\u015bci<\/li>\n<\/ul>\n<p>Niezale\u017cnie od tego, czy jeste\u015b fanatykiem smaku, ci\u0119\u017ckim uderzeniem, czy w\u0142a\u015bcicielem sklepu szukaj\u0105cym najlepiej sprzedaj\u0105cych si\u0119 zapas\u00f3w, <strong>Bang DE 80000<\/strong> zosta\u0142 stworzony z my\u015bl\u0105 o powa\u017cnej satysfakcji. Dzi\u0119ki potr\u00f3jnemu zestawowi smak\u00f3w, odwa\u017cnemu wzornictwu i wysokowydajnej in\u017cynierii, jest to najlepszy jednorazowy waporyzator zar\u00f3wno dla profesjonalist\u00f3w, jak i mi\u0142o\u015bnik\u00f3w puff\u00f3w. \ud83d\udca5<\/p>\n<h2>Poznaj Bang DE 80000 - smakow\u0105 besti\u0119 w\u015br\u00f3d jednorazowych waporyzator\u00f3w! \ud83d\udd25<\/h2>\n<p>Przywitaj si\u0119 z <strong>Bang DE 80000<\/strong> - najlepszy jednorazowy waporyzator 3 w 1 zaprojektowany dla tych, kt\u00f3rzy chc\u0105 mie\u0107 wszystko. Wyposa\u017cony w <strong>3 regulowane smaki<\/strong>, a\u017c <strong>Wydajno\u015b\u0107 80000 zaci\u0105gni\u0119\u0107<\/strong>i krystalicznie czysty <strong>Ekran LCD<\/strong> aby by\u0107 na bie\u017c\u0105co, to urz\u0105dzenie jest prze\u0142omem dla powa\u017cnych waper\u00f3w. Niezale\u017cnie od tego, czy gonisz za chmurami, czy za smakiem, Bang DE zapewni Ci ochron\u0119. \ud83c\udf2c\ufe0f\ud83c\udf53\ud83c\udf49<\/p>\n<h3>Specyfikacja<\/h3>\n<table>\n<tbody>\n<tr>\n<td><strong>Pojemno\u015b\u0107 zaci\u0105gni\u0119cia<\/strong><\/td>\n<td>Do 80000 zaci\u0105gni\u0119\u0107<\/td>\n<\/tr>\n<tr>\n<td><strong>Pojemno\u015b\u0107 e-liquidu<\/strong><\/td>\n<td>20 ml \u00d7 3 (\u0142\u0105cznie 60 ml)<\/td>\n<\/tr>\n<tr>\n<td><strong>Bateria<\/strong><\/td>\n<td>Akumulator 650 mAh (typ C)<\/td>\n<\/tr>\n<tr>\n<td><strong>Typ cewki<\/strong><\/td>\n<td>Potr\u00f3jna siatka 1,0\u03a9 \u00d7 3<\/td>\n<\/tr>\n<tr>\n<td><strong>Opcje nikotynowe<\/strong><\/td>\n<td>2%, 3%, 5%<\/td>\n<\/tr>\n<tr>\n<td><strong>Wy\u015bwietlacz<\/strong><\/td>\n<td>Wy\u015bwietlacz LCD<\/td>\n<\/tr>\n<tr>\n<td><strong>Opakowanie<\/strong><\/td>\n<td>10 sztuk\/opakowanie<\/td>\n<\/tr>\n<\/tbody>\n<\/table>\n<h3>Kombinacje smakowe<\/h3>\n<table>\n<tbody>\n<tr>\n<th>Komora A<\/th>\n<th>Komora B<\/th>\n<th>Komora C<\/th>\n<\/tr>\n<tr>\n<td>L\u00f3d arbuzowy<\/td>\n<td>Czerwony Byk<\/td>\n<td>Truskawka Kiwi<\/td>\n<\/tr>\n<tr>\n<td>L\u00f3d jagodowy<\/td>\n<td>Truskawka Arbuz<\/td>\n<td>Cytryna i limonka<\/td>\n<\/tr>\n<tr>\n<td>Bor\u00f3wka Arbuz<\/td>\n<td>Kiwi, Marakuja, Guawa<\/td>\n<td>Guma balonowa o smaku arbuza<\/td>\n<\/tr>\n<tr>\n<td>Czarny Smok L\u00f3d<\/td>\n<td>Kwa\u015bny mango i ananas<\/td>\n<td>Czerwony Byk<\/td>\n<\/tr>\n<tr>\n<td>Truskawka Arbuz<\/td>\n<td>Mieszane jagody<\/td>\n<td>Cytryna Brzoskwinia<\/td>\n<\/tr>\n<tr>\n<td>Blueberry Razz<\/td>\n<td>Truskawka Banan<\/td>\n<td>Ananas Kokos<\/td>\n<\/tr>\n<tr>\n<td>L\u00f3d jagodowy<\/td>\n<td>Potr\u00f3jny Melon<\/td>\n<td>Jab\u0142ko Winogrono<\/td>\n<\/tr>\n<tr>\n<td>Arbuz Smoczy Owoc<\/td>\n<td>Mango brzoskwinia<\/td>\n<td>Truskawka Kiwi<\/td>\n<\/tr>\n<tr>\n<td>Bor\u00f3wka Malina<\/td>\n<td>Truskawkowo-waniliowa cola<\/td>\n<td>Mieszane jagody<\/td>\n<\/tr>\n<tr>\n<td>L\u00f3d arbuzowy<\/td>\n<td>Lody Truskawkowe<\/td>\n<td>Kiwi, Marakuja, Guawa<\/td>\n<\/tr>\n<tr>\n<td>Blueberry Razz<\/td>\n<td>Czarny Smok L\u00f3d<\/td>\n<td>Fizzy Cherry Ice<\/td>\n<\/tr>\n<tr>\n<td>Wi\u015bnia Cola Ice<\/td>\n<td>Bor\u00f3wka Arbuz<\/td>\n<td>Truskawka Mango<\/td>\n<\/tr>\n<\/tbody>\n<\/table>","protected":false},"excerpt":{"rendered":"<p>Bang DE 80000 Puffs Disposable Vape posiada 3 regulowane smaki, 60 ml e-liquidu, ekran LCD i potr\u00f3jne cewki siatkowe zapewniaj\u0105ce najwy\u017csz\u0105 satysfakcj\u0119.<\/p>","protected":false},"featured_media":34366,"comment_status":"open","ping_status":"closed","template":"","meta":[],"product_brand":[227],"product_cat":[230,61],"product_tag":[],"class_list":{"0":"post-34356","1":"product","2":"type-product","3":"status-publish","4":"has-post-thumbnail","6":"product_brand-bang","7":"product_cat-new","8":"product_cat-bang","10":"first","11":"instock","12":"shipping-taxable","13":"purchasable","14":"product-type-variable","15":"has-default-attributes"},"jetpack_sharing_enabled":true,"tiered_pricing_type":"fixed","tiered_pricing_fixed_rules":{"2000":4.9000000000000003552713678800500929355621337890625},"tiered_pricing_product_settings":{"layout":"default","base_unit_name":{"singular":null,"plural":null},"default_variation":null},"tiered_pricing_minimum_quantity":1000,"tiered_pricing_roles_data":[],"tiered_pricing_percentage_rules":[],"tiered_pricing_maximum_quantity":null,"tiered_pricing_quantity_step":"10","_links":{"self":[{"href":"https:\/\/volovape.com\/pl\/wp-json\/wp\/v2\/product\/34356","targetHints":{"allow":["GET"]}}],"collection":[{"href":"https:\/\/volovape.com\/pl\/wp-json\/wp\/v2\/product"}],"about":[{"href":"https:\/\/volovape.com\/pl\/wp-json\/wp\/v2\/types\/product"}],"replies":[{"embeddable":true,"href":"https:\/\/volovape.com\/pl\/wp-json\/wp\/v2\/comments?post=34356"}],"wp:featuredmedia":[{"embeddable":true,"href":"https:\/\/volovape.com\/pl\/wp-json\/wp\/v2\/media\/34366"}],"wp:attachment":[{"href":"https:\/\/volovape.com\/pl\/wp-json\/wp\/v2\/media?parent=34356"}],"wp:term":[{"taxonomy":"product_brand","embeddable":true,"href":"https:\/\/volovape.com\/pl\/wp-json\/wp\/v2\/product_brand?post=34356"},{"taxonomy":"product_cat","embeddable":true,"href":"https:\/\/volovape.com\/pl\/wp-json\/wp\/v2\/product_cat?post=34356"},{"taxonomy":"product_tag","embeddable":true,"href":"https:\/\/volovape.com\/pl\/wp-json\/wp\/v2\/product_tag?post=34356"}],"curies":[{"name":"wp","href":"https:\/\/api.w.org\/{rel}","templated":true}]}}