{"id":34320,"date":"2025-07-27T04:37:43","date_gmt":"2025-07-27T04:37:43","guid":{"rendered":"https:\/\/volovape.com\/?post_type=product&#038;p=34320"},"modified":"2025-11-26T06:12:27","modified_gmt":"2025-11-26T06:12:27","slug":"mr-goodie-60k","status":"publish","type":"product","link":"https:\/\/volovape.com\/pl\/product\/mr-goodie-60k\/","title":{"rendered":"Mr.Goodie Adjust Flavor King 60K | potr\u00f3jny smak 60000 zaci\u0105gni\u0119\u0107 jednorazowy vape z iDuomesh i 3 wy\u015bwietlaczami LCD"},"content":{"rendered":"<h3><strong>Dlaczego warto wybra\u0107 Mr.Goodie Adjust Flavor King 60K?<\/strong><\/h3>\n<ul>\n<li>Potr\u00f3jna regulacja smaku dla maksymalnej personalizacji<\/li>\n<li>Do 60 000 zaci\u0105gni\u0119\u0107 w trybie pojedynczego smaku<\/li>\n<li>Inteligentny 3-ekranowy wy\u015bwietlacz do \u015bledzenia zu\u017cycia energii, baterii i zaci\u0105gni\u0119\u0107.<\/li>\n<li>Technologia cewki iDuomesh zapewniaj\u0105ca sp\u00f3jne, mocne uderzenia pary<\/li>\n<li>Akumulator o pojemno\u015bci 950 mAh z funkcj\u0105 szybkiego \u0142adowania Type-C<\/li>\n<li>Idealny dla nabywc\u00f3w hurtowych B2B i p\u00f3\u0142ek sklep\u00f3w vape<\/li>\n<li>10 unikalnych kombinacji smakowych<\/li>\n<\/ul>\n<p>Niezale\u017cnie od tego, czy jeste\u015b koneserem chmury, odkrywc\u0105 smak\u00f3w, czy hurtownikiem poszukuj\u0105cym kolejnego wielkiego ruchu-....<strong>Mr.Goodie Adjust Flavor King 60K<\/strong> jest stworzony do dzia\u0142ania. Dzi\u0119ki inteligentnej technologii, odwa\u017cnym komorom o potr\u00f3jnym smaku i ogromnej pojemno\u015bci, urz\u0105dzenie to zapewnia zar\u00f3wno luksus, jak i warto\u015b\u0107 w ka\u017cdym zaci\u0105gni\u0119ciu. Zaopatrz si\u0119 i podnie\u015b swoje zapasy dzi\u0119ki kr\u00f3lowi jednorazowych papieros\u00f3w o potr\u00f3jnym smaku!<\/p>\n<h3>Przygotuj si\u0119 do rz\u0105dzenia swoim kr\u00f3lestwem smaku z <strong>Mr.Goodie Adjust Flavor King 60K<\/strong>! \ud83d\udc51<\/h3>\n<p>To nie jest zwyk\u0142y baton ptysiowy - to jest <strong>Tr\u00f3jkomorowa bestia z regulacj\u0105 smaku<\/strong> kt\u00f3ry zapewnia do <strong>60 000 zaci\u0105gni\u0119\u0107<\/strong> g\u0142adkiej, bogatej pary. Niezale\u017cnie od tego, czy lubisz owocowe bomby lodowe, czy twisty inspirowane napojami gazowanymi, ten waporyzator jest idealnym wyborem. <strong>10 szalonych, potr\u00f3jnych kombinacji smakowych<\/strong> do zbadania. Zaawansowany <strong>iDuomesh tech<\/strong> i inteligentny potr\u00f3jny wy\u015bwietlacz LCD zapewniaj\u0105 kontrol\u0119, styl i fuzj\u0119 smak\u00f3w, o kt\u00f3rych marzy\u0142e\u015b. Idealny do <strong>dystrybutorzy, ci\u0119\u017ccy vaperzy i poszukiwacze smak\u00f3w<\/strong>.<\/p>\n<p><strong>Specyfikacja:<\/strong><\/p>\n<table>\n<tbody>\n<tr>\n<td><strong>Pojemno\u015b\u0107 zaci\u0105gni\u0119cia<\/strong><\/td>\n<td>60000 zaci\u0105gni\u0119\u0107 (tryb pojedynczy), 30000 zaci\u0105gni\u0119\u0107 (tryb mieszany)<\/td>\n<\/tr>\n<tr>\n<td><strong>Pojemno\u015b\u0107 e-liquidu<\/strong><\/td>\n<td>20 ml + 20 ml<\/td>\n<\/tr>\n<tr>\n<td><strong>Bateria<\/strong><\/td>\n<td>950 mAh, \u0142adowanie przez Type-C<\/td>\n<\/tr>\n<tr>\n<td><strong>Typ cewki<\/strong><\/td>\n<td>Podw\u00f3jna cewka siatkowa (technologia iDuomesh)<\/td>\n<\/tr>\n<tr>\n<td><strong>Opcje nikotynowe<\/strong><\/td>\n<td>2%, 5%<\/td>\n<\/tr>\n<tr>\n<td><strong>Wy\u015bwietlacz<\/strong><\/td>\n<td>3 ekrany LCD<\/td>\n<\/tr>\n<tr>\n<td><strong>Projekt<\/strong><\/td>\n<td>Potr\u00f3jna komora z regulacj\u0105 smaku<\/td>\n<\/tr>\n<\/tbody>\n<\/table>\n<p><strong>Kombinacje smak\u00f3w:<\/strong><\/p>\n<table>\n<tbody>\n<tr>\n<th>Komora A<\/th>\n<th>Komora B<\/th>\n<th>Komora C<\/th>\n<\/tr>\n<tr>\n<td>L\u00f3d arbuzowy<\/td>\n<td>Guma balonowa<\/td>\n<td>Guma balonowa o smaku arbuza<\/td>\n<\/tr>\n<tr>\n<td>Soczysty l\u00f3d brzoskwiniowy<\/td>\n<td>Cola L\u00f3d<\/td>\n<td>Peach Cola Ice<\/td>\n<\/tr>\n<tr>\n<td>Niebieska malina<\/td>\n<td>Wi\u015bnia Cytryna<\/td>\n<td>Blue Raspberry Cherry Lemon<\/td>\n<\/tr>\n<tr>\n<td>Truskawka<\/td>\n<td>Arbuz<\/td>\n<td>Truskawka Arbuz<\/td>\n<\/tr>\n<tr>\n<td>Zielone Jab\u0142ko<\/td>\n<td>Winogrono<\/td>\n<td>Zielone Jab\u0142ko Winogrono<\/td>\n<\/tr>\n<tr>\n<td>Cytryna<\/td>\n<td>T\u0119czowe cukierki<\/td>\n<td>Cytrynowe t\u0119czowe cukierki<\/td>\n<\/tr>\n<tr>\n<td>Mi\u0119ta Miami<\/td>\n<td>Cytryna<\/td>\n<td>Mi\u0119ta cytrynowa<\/td>\n<\/tr>\n<tr>\n<td>Ananas Kokos<\/td>\n<td>Energy Ice<\/td>\n<td>Kokosowy nap\u00f3j energetyczny<\/td>\n<\/tr>\n<tr>\n<td>Winogrono<\/td>\n<td>Malina<\/td>\n<td>Winogrono Malina<\/td>\n<\/tr>\n<tr>\n<td>Pomara\u0144cza Mango Guawa<\/td>\n<td>Mi\u015b \u017celowy<\/td>\n<td>OMG Blow-Pop<\/td>\n<\/tr>\n<\/tbody>\n<\/table>\n<p><img data-recalc-dims=\"1\" loading=\"lazy\" decoding=\"async\" class=\"alignnone wp-image-34324 size-full\" src=\"https:\/\/i0.wp.com\/volovape.com\/wp-content\/uploads\/2025\/07\/24h-vape-mr.-goodie-adjust-flavor-king-60000-puffs-flavor-list.jpg.webp?resize=1000%2C1000&#038;ssl=1\" alt=\"\" width=\"1000\" height=\"1000\" title=\"\" srcset=\"https:\/\/i0.wp.com\/volovape.com\/wp-content\/uploads\/2025\/07\/24h-vape-mr.-goodie-adjust-flavor-king-60000-puffs-flavor-list.jpg.webp?w=1000&amp;ssl=1 1000w, https:\/\/i0.wp.com\/volovape.com\/wp-content\/uploads\/2025\/07\/24h-vape-mr.-goodie-adjust-flavor-king-60000-puffs-flavor-list.jpg.webp?resize=300%2C300&amp;ssl=1 300w, https:\/\/i0.wp.com\/volovape.com\/wp-content\/uploads\/2025\/07\/24h-vape-mr.-goodie-adjust-flavor-king-60000-puffs-flavor-list.jpg.webp?resize=150%2C150&amp;ssl=1 150w, https:\/\/i0.wp.com\/volovape.com\/wp-content\/uploads\/2025\/07\/24h-vape-mr.-goodie-adjust-flavor-king-60000-puffs-flavor-list.jpg.webp?resize=768%2C768&amp;ssl=1 768w, https:\/\/i0.wp.com\/volovape.com\/wp-content\/uploads\/2025\/07\/24h-vape-mr.-goodie-adjust-flavor-king-60000-puffs-flavor-list.jpg.webp?resize=12%2C12&amp;ssl=1 12w, https:\/\/i0.wp.com\/volovape.com\/wp-content\/uploads\/2025\/07\/24h-vape-mr.-goodie-adjust-flavor-king-60000-puffs-flavor-list.jpg.webp?resize=500%2C500&amp;ssl=1 500w, https:\/\/i0.wp.com\/volovape.com\/wp-content\/uploads\/2025\/07\/24h-vape-mr.-goodie-adjust-flavor-king-60000-puffs-flavor-list.jpg.webp?resize=800%2C800&amp;ssl=1 800w, https:\/\/i0.wp.com\/volovape.com\/wp-content\/uploads\/2025\/07\/24h-vape-mr.-goodie-adjust-flavor-king-60000-puffs-flavor-list.jpg.webp?resize=100%2C100&amp;ssl=1 100w\" sizes=\"auto, (max-width: 1000px) 100vw, 1000px\" \/><\/p>","protected":false},"excerpt":{"rendered":"<p>Jednorazowy waporyzator Mr.Goodie Adjust Flavor King 60K oferuje potr\u00f3jne smaki, 60000 zaci\u0105gni\u0119\u0107, podw\u00f3jne cewki siatkowe i \u017cywe ekrany LCD - idealne dla hurtownik\u00f3w.<\/p>","protected":false},"featured_media":34327,"comment_status":"open","ping_status":"closed","template":"","meta":[],"product_brand":[243],"product_cat":[230,242],"product_tag":[],"class_list":{"0":"post-34320","1":"product","2":"type-product","3":"status-publish","4":"has-post-thumbnail","6":"product_brand-mr-goodie","7":"product_cat-new","8":"product_cat-mr-goodie","10":"first","11":"instock","12":"shipping-taxable","13":"purchasable","14":"product-type-variable","15":"has-default-attributes"},"jetpack_sharing_enabled":true,"tiered_pricing_type":"fixed","tiered_pricing_fixed_rules":{"30":8.199999999999999289457264239899814128875732421875,"50":6.5999999999999996447286321199499070644378662109375,"100":6.0999999999999996447286321199499070644378662109375,"200":5.70000000000000017763568394002504646778106689453125,"400":5.29999999999999982236431605997495353221893310546875},"tiered_pricing_product_settings":{"layout":"default","base_unit_name":{"singular":null,"plural":null},"default_variation":null},"tiered_pricing_minimum_quantity":10,"tiered_pricing_roles_data":[],"tiered_pricing_percentage_rules":[],"tiered_pricing_maximum_quantity":null,"tiered_pricing_quantity_step":"10","_links":{"self":[{"href":"https:\/\/volovape.com\/pl\/wp-json\/wp\/v2\/product\/34320","targetHints":{"allow":["GET"]}}],"collection":[{"href":"https:\/\/volovape.com\/pl\/wp-json\/wp\/v2\/product"}],"about":[{"href":"https:\/\/volovape.com\/pl\/wp-json\/wp\/v2\/types\/product"}],"replies":[{"embeddable":true,"href":"https:\/\/volovape.com\/pl\/wp-json\/wp\/v2\/comments?post=34320"}],"wp:featuredmedia":[{"embeddable":true,"href":"https:\/\/volovape.com\/pl\/wp-json\/wp\/v2\/media\/34327"}],"wp:attachment":[{"href":"https:\/\/volovape.com\/pl\/wp-json\/wp\/v2\/media?parent=34320"}],"wp:term":[{"taxonomy":"product_brand","embeddable":true,"href":"https:\/\/volovape.com\/pl\/wp-json\/wp\/v2\/product_brand?post=34320"},{"taxonomy":"product_cat","embeddable":true,"href":"https:\/\/volovape.com\/pl\/wp-json\/wp\/v2\/product_cat?post=34320"},{"taxonomy":"product_tag","embeddable":true,"href":"https:\/\/volovape.com\/pl\/wp-json\/wp\/v2\/product_tag?post=34320"}],"curies":[{"name":"wp","href":"https:\/\/api.w.org\/{rel}","templated":true}]}}