{"id":33440,"date":"2025-07-04T02:30:49","date_gmt":"2025-07-04T02:30:49","guid":{"rendered":"https:\/\/volovape.com\/?post_type=product&#038;p=33440"},"modified":"2025-11-20T09:02:31","modified_gmt":"2025-11-20T09:02:31","slug":"randm-fumot-tornado-20k","status":"publish","type":"product","link":"https:\/\/volovape.com\/pl\/product\/randm-fumot-tornado-20k\/","title":{"rendered":"RandM Fumot Tornado 20K | podw\u00f3jna siatka 20000 zaci\u0105gni\u0119\u0107 jednorazowa sprzeda\u017c hurtowa vape"},"content":{"rendered":"<p>\ud83c\udf2a\ufe0f\ud83d\udca8 Do\u015bwiadcz najwy\u017cszej jako\u015bci waporyzacji dzi\u0119ki <strong>RandM Fumot Tornado 20K<\/strong>! Ten jednorazowy vape zosta\u0142 zaprojektowany dla entuzjast\u00f3w smaku i intensywnych u\u017cytkownik\u00f3w, oferuj\u0105c do <strong>20 000 niezmiennie obfitych zaci\u0105gni\u0119\u0107<\/strong>. Jego zaawansowany <strong>podw\u00f3jne cewki siatkowe<\/strong> zapewniaj\u0105 niezr\u00f3wnane doznania smakowe. \ud83d\ude80<\/p>\n<p>\u2728 <strong>Dlaczego warto wybra\u0107 Tornado 20K?<\/strong><\/p>\n<ul>\n<li>\ud83d\udee2\ufe0f <strong>Ogromna pojemno\u015b\u0107 20 ml e-liquidu<\/strong> dla d\u0142u\u017cszej przyjemno\u015bci z waporyzacji.<\/li>\n<li>D\u0142ugotrwa\u0142y <strong>Akumulator 850mAh<\/strong> z wygodnym szybkim \u0142adowaniem typu C.<\/li>\n<li>Krystalicznie czysta konstrukcja z \u0142atwym odczytem <strong>wska\u017aniki oleju i akumulatora<\/strong>.<\/li>\n<li>Eksploruj <strong>39 niesamowitych smak\u00f3w<\/strong>od owocowych po lodowato ch\u0142odne.<\/li>\n<li>Idealny dla odbiorc\u00f3w hurtowych i hurtowych poszukuj\u0105cych produktu o wysokim popycie.<\/li>\n<\/ul>\n<h3>\ud83d\udee0\ufe0f Specyfikacje:<\/h3>\n<table>\n<tbody>\n<tr>\n<th>Cecha<\/th>\n<th>Szczeg\u00f3\u0142y<\/th>\n<\/tr>\n<tr>\n<td>\ud83c\udf2c\ufe0f Puff Count<\/td>\n<td>Do 20 000<\/td>\n<\/tr>\n<tr>\n<td>\ud83d\udee2\ufe0f Obj\u0119to\u015b\u0107 e-liquidu<\/td>\n<td>20 ml<\/td>\n<\/tr>\n<tr>\n<td>Pojemno\u015b\u0107 baterii<\/td>\n<td>850 mAh (akumulator typu C)<\/td>\n<\/tr>\n<tr>\n<td>Typ cewki<\/td>\n<td>Podw\u00f3jna siatka<\/td>\n<\/tr>\n<tr>\n<td>Opcje nikotynowe<\/td>\n<td>2%, 3%, 5%<\/td>\n<\/tr>\n<tr>\n<td>\ud83d\udda5\ufe0f Wy\u015bwietlacz<\/td>\n<td>Wska\u017anik oleju i akumulatora<\/td>\n<\/tr>\n<tr>\n<td>Design<\/td>\n<td>Krystalicznie czysta obudowa<\/td>\n<\/tr>\n<\/tbody>\n<\/table>\n<h3>Lista najwa\u017cniejszych smak\u00f3w:<\/h3>\n<ul>\n<li>Twarde cukierki jagodowo-malinowe<\/li>\n<li>Truskawka Kiwi<\/li>\n<li>Brzoskwinia, mango i arbuz<\/li>\n<li>Kr\u0119gle<\/li>\n<li>Wata cukrowa<\/li>\n<li>\u017belki<\/li>\n<li>Mi\u0119ta ch\u0142odna<\/li>\n<li>Kiwi, Marakuja, Guawa<\/li>\n<li>Blue Razz Gummy Bear<\/li>\n<li>Cola wi\u015bniowa<\/li>\n<li>Melon liczi<\/li>\n<li>Lemoniada og\u00f3rkowa<\/li>\n<li>...plus 27 innych ekscytuj\u0105cych smak\u00f3w!<\/li>\n<\/ul>","protected":false},"excerpt":{"rendered":"<p>RandM Fumot Tornado 20K zapewnia do 20 000 zaci\u0105gni\u0119\u0107 o g\u0142adkim, intensywnym smaku. Podw\u00f3jne cewki siatkowe, krystalicznie czysty korpus i 39 smak\u00f3w sprawiaj\u0105, \u017ce jest to najlepszy waporyzator hurtowy.<\/p>","protected":false},"featured_media":33470,"comment_status":"open","ping_status":"closed","template":"","meta":[],"product_brand":[237],"product_cat":[230,52],"product_tag":[],"class_list":{"0":"post-33440","1":"product","2":"type-product","3":"status-publish","4":"has-post-thumbnail","6":"product_brand-randm","7":"product_cat-new","8":"product_cat-randm","10":"first","11":"instock","12":"shipping-taxable","13":"purchasable","14":"product-type-variable","15":"has-default-attributes"},"jetpack_sharing_enabled":true,"tiered_pricing_type":"fixed","tiered_pricing_fixed_rules":{"30":8.6099999999999994315658113919198513031005859375,"50":7.839999999999999857891452847979962825775146484375,"100":7.21999999999999975131004248396493494510650634765625,"200":6.8499999999999996447286321199499070644378662109375,"400":6.4199999999999999289457264239899814128875732421875},"tiered_pricing_product_settings":{"layout":"default","base_unit_name":{"singular":null,"plural":null},"default_variation":null},"tiered_pricing_minimum_quantity":10,"tiered_pricing_roles_data":[],"tiered_pricing_percentage_rules":[],"tiered_pricing_maximum_quantity":null,"tiered_pricing_quantity_step":"10","_links":{"self":[{"href":"https:\/\/volovape.com\/pl\/wp-json\/wp\/v2\/product\/33440","targetHints":{"allow":["GET"]}}],"collection":[{"href":"https:\/\/volovape.com\/pl\/wp-json\/wp\/v2\/product"}],"about":[{"href":"https:\/\/volovape.com\/pl\/wp-json\/wp\/v2\/types\/product"}],"replies":[{"embeddable":true,"href":"https:\/\/volovape.com\/pl\/wp-json\/wp\/v2\/comments?post=33440"}],"wp:featuredmedia":[{"embeddable":true,"href":"https:\/\/volovape.com\/pl\/wp-json\/wp\/v2\/media\/33470"}],"wp:attachment":[{"href":"https:\/\/volovape.com\/pl\/wp-json\/wp\/v2\/media?parent=33440"}],"wp:term":[{"taxonomy":"product_brand","embeddable":true,"href":"https:\/\/volovape.com\/pl\/wp-json\/wp\/v2\/product_brand?post=33440"},{"taxonomy":"product_cat","embeddable":true,"href":"https:\/\/volovape.com\/pl\/wp-json\/wp\/v2\/product_cat?post=33440"},{"taxonomy":"product_tag","embeddable":true,"href":"https:\/\/volovape.com\/pl\/wp-json\/wp\/v2\/product_tag?post=33440"}],"curies":[{"name":"wp","href":"https:\/\/api.w.org\/{rel}","templated":true}]}}