{"id":31960,"date":"2025-07-02T03:29:00","date_gmt":"2025-07-02T03:29:00","guid":{"rendered":"https:\/\/volovape.com\/?post_type=product&#038;p=31960"},"modified":"2026-05-06T12:43:09","modified_gmt":"2026-05-06T12:43:09","slug":"bang-king-85k","status":"publish","type":"product","link":"https:\/\/volovape.com\/pl\/product\/bang-king-85k\/","title":{"rendered":"Bang King 85K 3-w-1 85000 Puffs | potr\u00f3jny smak d\u0142ugotrwa\u0142y jednorazowy vape hurtownia"},"content":{"rendered":"<h2>Bang King 85K 3 w 1 | jednorazowy vape o potr\u00f3jnym smaku<\/h2>\n<p><strong>Potr\u00f3jny smak. 85 000 zaci\u0105gni\u0119\u0107. Zero kompromis\u00f3w.<\/strong><\/p>\n<p>Poznaj <strong>Bang King 85K<\/strong>to najlepszy jednorazowy waporyzator typu \"wszystko w jednym\" stworzony dla powa\u017cnych poszukiwaczy smaku i ci\u0119\u017ckich uderze\u0144. Z ogromnym <strong>Pojemno\u015b\u0107 85 000 puff\u00f3w<\/strong> i niesamowity <strong>Zbiornik e-liquidu o pojemno\u015bci 63 ml<\/strong>, do\u015bwiadczysz nieprzerwanej satysfakcji z ka\u017cdego zaci\u0105gni\u0119cia. Dzi\u0119ki potr\u00f3jnej cewce siatkowej i regulowanemu systemowi 3 smak\u00f3w, mo\u017cesz obraca\u0107 si\u0119 mi\u0119dzy smakami owocowymi, sodowymi i lodowymi, gdy tylko nadejdzie nastr\u00f3j - bez konieczno\u015bci wymiany urz\u0105dze\u0144.<\/p>\n<ul>\n<li>85 000 zaci\u0105gni\u0119\u0107 dla bardzo d\u0142ugiego u\u017cytkowania<\/li>\n<li>Regulowany smak 3 w 1 dla pe\u0142nej elastyczno\u015bci<\/li>\n<li>Pojemno\u015b\u0107 63 ml e-liquidu (21 ml \u00d7 3 komory)<\/li>\n<li>Akumulator o pojemno\u015bci 600 mAh z szybkim \u0142adowaniem Type-C<\/li>\n<li>Ekran LED do \u0142atwego monitorowania zasilania i zu\u017cycia energii<\/li>\n<li>Cewka z potr\u00f3jn\u0105 siatk\u0105 dla g\u0142adkich, sp\u00f3jnych chmur<\/li>\n<li>Opakowania zbiorcze po 10 sztuk, idealne dla sprzedawc\u00f3w.<\/li>\n<\/ul>\n<p>Wybierz z <strong>16 przepysznych kombinacji o potr\u00f3jnym smaku<\/strong> kt\u00f3re zaspokoj\u0105 ka\u017cdy g\u0142\u00f3d, od orze\u017awiaj\u0105cego arbuza po s\u0142odk\u0105 waniliow\u0105 col\u0119. Je\u015bli szukasz pot\u0119\u017cnej wydajno\u015bci, niesko\u0144czonego wyboru smak\u00f3w i powa\u017cnej warto\u015bci waporyzacji, Bang King 85K 3-w-1 nie zawiedzie. Zaopatrz si\u0119 ju\u017c dzi\u015b i rozpocznij rotacj\u0119 smak\u00f3w!<\/p>","protected":false},"excerpt":{"rendered":"<p>Przygotuj si\u0119 na potr\u00f3jn\u0105 moc smaku! Nowy Bang King 85K zapewnia 85 000 zaci\u0105gni\u0119\u0107, 3 regulowane smaki i ogromn\u0105 pojemno\u015b\u0107 w jednym odwa\u017cnym, jednorazowym waporyzatorze wielokrotnego \u0142adowania.<\/p>","protected":false},"featured_media":32289,"comment_status":"open","ping_status":"closed","template":"","meta":[],"product_brand":[227],"product_cat":[61,230],"product_tag":[],"class_list":{"0":"post-31960","1":"product","2":"type-product","3":"status-publish","4":"has-post-thumbnail","6":"product_brand-bang","7":"product_cat-bang","8":"product_cat-new","10":"first","11":"instock","12":"shipping-taxable","13":"purchasable","14":"product-type-variable","15":"has-default-attributes"},"jetpack_sharing_enabled":true,"tiered_pricing_type":"fixed","tiered_pricing_fixed_rules":[],"tiered_pricing_product_settings":{"layout":"default","base_unit_name":{"singular":null,"plural":null},"default_variation":null},"tiered_pricing_minimum_quantity":1000,"tiered_pricing_roles_data":[],"tiered_pricing_percentage_rules":[],"tiered_pricing_maximum_quantity":null,"tiered_pricing_quantity_step":"10","_links":{"self":[{"href":"https:\/\/volovape.com\/pl\/wp-json\/wp\/v2\/product\/31960","targetHints":{"allow":["GET"]}}],"collection":[{"href":"https:\/\/volovape.com\/pl\/wp-json\/wp\/v2\/product"}],"about":[{"href":"https:\/\/volovape.com\/pl\/wp-json\/wp\/v2\/types\/product"}],"replies":[{"embeddable":true,"href":"https:\/\/volovape.com\/pl\/wp-json\/wp\/v2\/comments?post=31960"}],"wp:featuredmedia":[{"embeddable":true,"href":"https:\/\/volovape.com\/pl\/wp-json\/wp\/v2\/media\/32289"}],"wp:attachment":[{"href":"https:\/\/volovape.com\/pl\/wp-json\/wp\/v2\/media?parent=31960"}],"wp:term":[{"taxonomy":"product_brand","embeddable":true,"href":"https:\/\/volovape.com\/pl\/wp-json\/wp\/v2\/product_brand?post=31960"},{"taxonomy":"product_cat","embeddable":true,"href":"https:\/\/volovape.com\/pl\/wp-json\/wp\/v2\/product_cat?post=31960"},{"taxonomy":"product_tag","embeddable":true,"href":"https:\/\/volovape.com\/pl\/wp-json\/wp\/v2\/product_tag?post=31960"}],"curies":[{"name":"wp","href":"https:\/\/api.w.org\/{rel}","templated":true}]}}